{"id":1090,"date":"2024-09-11T03:01:04","date_gmt":"2024-09-11T03:01:04","guid":{"rendered":"https:\/\/keweicorten.com\/?post_type=product&#038;p=1090"},"modified":"2025-01-15T06:18:33","modified_gmt":"2025-01-15T06:18:33","slug":"\u0623\u0648\u0627\u0646\u064a-\u0627\u0644\u0632\u0647\u0648\u0631-\u0627\u0644\u062e\u0627\u0631\u062c\u064a\u0629-\u0627\u0644\u0643\u0628\u064a\u0631\u0629","status":"publish","type":"product","link":"https:\/\/keweicorten.com\/ar\/\u0623\u0648\u0627\u0646\u064a-\u0627\u0644\u0632\u0647\u0648\u0631-\u0627\u0644\u062e\u0627\u0631\u062c\u064a\u0629-\u0627\u0644\u0643\u0628\u064a\u0631\u0629\/","title":{"rendered":"\u0623\u0648\u0627\u0646\u064a \u0627\u0644\u0632\u0647\u0648\u0631 \u0627\u0644\u062e\u0627\u0631\u062c\u064a\u0629 \u0627\u0644\u0643\u0628\u064a\u0631\u0629"},"content":{"rendered":"<h2>\u0645\u0632\u0627\u064a\u0627 \u0648\u062a\u0637\u0628\u064a\u0642\u0627\u062a \u0632\u0647\u0631\u064a\u0629 \u0627\u0644\u0632\u0647\u0648\u0631 \u0627\u0644\u062e\u0627\u0631\u062c\u064a\u0629 \u0627\u0644\u0645\u0635\u0646\u0648\u0639\u0629 \u0645\u0646 \u0627\u0644\u0641\u0648\u0644\u0627\u0630 \u0627\u0644\u0645\u0642\u0627\u0648\u0645 \u0644\u0644\u0639\u0648\u0627\u0645\u0644 \u0627\u0644\u062c\u0648\u064a\u0629 \uff1a<\/h2>\n<hr \/>\n<p>\u064a\u062a\u0645\u064a\u0651\u0632 \u0627\u0644\u0641\u0648\u0644\u0627\u0630 \u0627\u0644\u0645\u0642\u0627\u0648\u0645 \u0644\u0644\u0639\u0648\u0627\u0645\u0644 \u0627\u0644\u062c\u0648\u064a\u0629 \u0628\u0645\u0642\u0627\u0648\u0645\u0629 \u0645\u0645\u062a\u0627\u0632\u0629 \u0644\u0644\u062a\u0622\u0643\u0644 \u0648\u0645\u0642\u0627\u0648\u0645\u0629 \u0627\u0644\u0637\u0642\u0633\u060c \u0648\u064a\u0645\u0643\u0646\u0647 \u0627\u0644\u062d\u0641\u0627\u0638 \u0639\u0644\u0649 \u0623\u062f\u0627\u0621 \u0645\u0633\u062a\u0642\u0631 \u0641\u064a \u0638\u0644 \u0627\u0644\u0638\u0631\u0648\u0641 \u0627\u0644\u0645\u0646\u0627\u062e\u064a\u0629 \u0627\u0644\u0645\u062e\u062a\u0644\u0641\u0629. \u0648\u0628\u0627\u0644\u0625\u0636\u0627\u0641\u0629 \u0625\u0644\u0649 \u0630\u0644\u0643\u060c \u0644\u0627 \u064a\u0632\u064a\u062f \u0645\u0638\u0647\u0631\u0647 \u0627\u0644\u0635\u062f\u0626 \u0627\u0644\u0641\u0631\u064a\u062f \u0645\u0646 \u0646\u0648\u0639\u0647 \u0645\u0646 \u0627\u0644\u0646\u0627\u062d\u064a\u0629 \u0627\u0644\u062c\u0645\u0627\u0644\u064a\u0629 \u0641\u062d\u0633\u0628\u060c \u0628\u0644 \u064a\u0645\u062a\u0632\u062c \u0623\u064a\u0636\u064b\u0627 \u0628\u0634\u0643\u0644 \u0645\u062a\u0646\u0627\u063a\u0645 \u0645\u0639 \u0627\u0644\u0628\u064a\u0626\u0629 \u0627\u0644\u0637\u0628\u064a\u0639\u064a\u0629.<\/p>\n<p>&nbsp;<\/p>\n<figure id=\"attachment_1091\" aria-describedby=\"caption-attachment-1091\" style=\"width: 794px\" class=\"wp-caption alignleft\"><img fetchpriority=\"high\" decoding=\"async\" class=\"wp-image-1091\" src=\"https:\/\/keweicorten.com\/wp-content\/uploads\/2024\/09\/\u5fae\u4fe1\u56fe\u7247_20230707144213-300x300.jpg\" alt=\"\" width=\"794\" height=\"794\" srcset=\"https:\/\/keweicorten.com\/wp-content\/uploads\/2024\/09\/\u5fae\u4fe1\u56fe\u7247_20230707144213-300x300.jpg 300w, https:\/\/keweicorten.com\/wp-content\/uploads\/2024\/09\/\u5fae\u4fe1\u56fe\u7247_20230707144213-150x150.jpg 150w, https:\/\/keweicorten.com\/wp-content\/uploads\/2024\/09\/\u5fae\u4fe1\u56fe\u7247_20230707144213-12x12.jpg 12w, https:\/\/keweicorten.com\/wp-content\/uploads\/2024\/09\/\u5fae\u4fe1\u56fe\u7247_20230707144213-600x600.jpg 600w, https:\/\/keweicorten.com\/wp-content\/uploads\/2024\/09\/\u5fae\u4fe1\u56fe\u7247_20230707144213-100x100.jpg 100w, https:\/\/keweicorten.com\/wp-content\/uploads\/2024\/09\/\u5fae\u4fe1\u56fe\u7247_20230707144213.jpg 750w\" sizes=\"(max-width: 794px) 100vw, 794px\" \/><figcaption id=\"caption-attachment-1091\" class=\"wp-caption-text\">\u0632\u0647\u0631\u0629 \u0627\u0644\u0643\u0648\u0631\u062a\u064a\u0646 \u0628\u0648\u0631<\/figcaption><\/figure>\n<h3><\/h3>\n<h3><\/h3>\n<h3><\/h3>\n<h3><\/h3>\n<h3><\/h3>\n<h3><\/h3>\n<h3><\/h3>\n<h3><\/h3>\n<h3><\/h3>\n<h3><\/h3>\n<h3><\/h3>\n<h3><\/h3>\n<h3><\/h3>\n<h3><\/h3>\n<h3><\/h3>\n<h3><\/h3>\n<h3><\/h3>\n<h3><\/h3>\n<h3><\/h3>\n<h3>\u0645\u0632\u0627\u064a\u0627 \u0623\u0648\u0627\u0646\u064a \u0627\u0644\u0632\u0647\u0648\u0631 \u0627\u0644\u062e\u0627\u0631\u062c\u064a\u0629 \u0627\u0644\u0643\u0628\u064a\u0631\u0629 \uff1a<\/h3>\n<ul>\n<li>\u0627\u0644\u0645\u062a\u0627\u0646\u0629: \u0625\u0646\u0627\u0621 \u0632\u0647\u0648\u0631 \u0641\u0648\u0644\u0627\u0630\u064a \u0645\u0642\u0627\u0648\u0645 \u0644\u0644\u0639\u0648\u0627\u0645\u0644 \u0627\u0644\u062c\u0648\u064a\u0629 \u064a\u0645\u0643\u0646 \u0623\u0646 \u064a\u062a\u062d\u0645\u0644 \u0627\u0644\u0638\u0631\u0648\u0641 \u0627\u0644\u062c\u0648\u064a\u0629 \u0627\u0644\u0642\u0627\u0633\u064a\u0629\u060c \u0648\u0639\u0645\u0631 \u062e\u062f\u0645\u0629 \u0637\u0648\u064a\u0644.<br \/>\n\u062a\u0643\u0644\u0641\u0629 \u0635\u064a\u0627\u0646\u0629 \u0645\u0646\u062e\u0641\u0636\u0629: \u0646\u0638\u0631\u064b\u0627 \u0644\u0645\u0642\u0627\u0648\u0645\u062a\u0647 \u0644\u0644\u062a\u0622\u0643\u0644\u060c \u064a\u062a\u0645 \u062a\u0642\u0644\u064a\u0644 \u062a\u0643\u0631\u0627\u0631 \u0627\u0644\u0635\u064a\u0627\u0646\u0629 \u0648\u0627\u0644\u0627\u0633\u062a\u0628\u062f\u0627\u0644.<br \/>\n\u0627\u0644\u062c\u0645\u0627\u0644\u064a\u0627\u062a: \u062a\u0635\u0645\u064a\u0645 \u0627\u0644\u0645\u0638\u0647\u0631 \u0627\u0644\u0641\u0631\u064a\u062f \u0645\u0646 \u0646\u0648\u0639\u0647 \u064a\u062c\u0639\u0644\u0647\u0627 \u0645\u0646 \u0623\u0628\u0631\u0632 \u0627\u0644\u0632\u062e\u0627\u0631\u0641 \u0627\u0644\u0628\u0633\u062a\u0627\u0646\u064a\u0629.<br \/>\n\u062d\u0645\u0627\u064a\u0629 \u0627\u0644\u0628\u064a\u0626\u0629: \u064a\u0645\u0643\u0646 \u0625\u0639\u0627\u062f\u0629 \u062a\u062f\u0648\u064a\u0631 \u0627\u0644\u0641\u0648\u0644\u0627\u0630 \u0627\u0644\u0642\u0627\u0628\u0644 \u0644\u0644\u0639\u0648\u0627\u0645\u0644 \u0627\u0644\u062c\u0648\u064a\u0629 \u0628\u0645\u0627 \u064a\u062a\u0645\u0627\u0634\u0649 \u0645\u0639 \u0645\u0641\u0647\u0648\u0645 \u0627\u0644\u062a\u0646\u0645\u064a\u0629 \u0627\u0644\u0645\u0633\u062a\u062f\u0627\u0645\u0629.<\/li>\n<\/ul>\n<h3>\u0633\u064a\u0646\u0627\u0631\u064a\u0648 \u062a\u0637\u0628\u064a\u0642 \u0623\u0648\u0627\u0646\u064a \u0627\u0644\u0632\u0647\u0648\u0631 \u0627\u0644\u0643\u0628\u064a\u0631\u0629 \u0641\u064a \u0627\u0644\u0647\u0648\u0627\u0621 \u0627\u0644\u0637\u0644\u0642\uff1a<\/h3>\n<ul>\n<li>\u0625\u0646 \u0625\u0646\u0627\u0621 \u0627\u0644\u0632\u0647\u0648\u0631 \u0627\u0644\u0641\u0648\u0644\u0627\u0630\u064a \u0645\u0646\u0627\u0633\u0628 \u0644\u0644\u0639\u062f\u064a\u062f \u0645\u0646 \u0627\u0644\u0645\u0646\u0627\u0633\u0628\u0627\u062a\u060c \u0628\u0645\u0627 \u0641\u064a \u0630\u0644\u0643 \u0627\u0644\u062d\u062f\u0627\u0626\u0642 \u0627\u0644\u062d\u0636\u0631\u064a\u0629 \u0648\u0627\u0644\u0633\u0627\u062d\u0627\u062a \u0627\u0644\u062a\u062c\u0627\u0631\u064a\u0629 \u0648\u0627\u0644\u062d\u062f\u0627\u0626\u0642 \u0627\u0644\u062e\u0627\u0635\u0629 \u0648\u0645\u0627 \u0625\u0644\u0649 \u0630\u0644\u0643. \u062e\u064a\u0627\u0631\u0627\u062a \u0627\u0644\u062a\u0635\u0645\u064a\u0645 \u0648\u0627\u0644\u062d\u062c\u0645 \u0627\u0644\u0645\u062a\u0646\u0648\u0639\u0629 \u062a\u0645\u0643\u0646\u0647\u0627 \u0645\u0646 \u062a\u0644\u0628\u064a\u0629 \u0645\u062a\u0637\u0644\u0628\u0627\u062a \u0627\u0644\u0628\u064a\u0626\u0627\u062a \u0648\u0627\u0644\u0627\u062d\u062a\u064a\u0627\u062c\u0627\u062a \u0627\u0644\u0645\u062e\u062a\u0644\u0641\u0629.<\/li>\n<li>\u0623\u0635\u0628\u062d\u062a \u0623\u0648\u0627\u0646\u064a \u0627\u0644\u0632\u0647\u0648\u0631 \u0627\u0644\u062e\u0627\u0631\u062c\u064a\u0629 \u0627\u0644\u0645\u0635\u0646\u0648\u0639\u0629 \u0645\u0646 \u0627\u0644\u0641\u0648\u0644\u0627\u0630 \u0627\u0644\u0645\u0642\u0627\u0648\u0645 \u0644\u0644\u0639\u0648\u0627\u0645\u0644 \u0627\u0644\u062c\u0648\u064a\u0629 \u062e\u064a\u0627\u0631\u064b\u0627 \u0645\u0647\u0645\u064b\u0627 \u0641\u064a \u062a\u0635\u0645\u064a\u0645 \u0627\u0644\u0628\u0633\u062a\u0646\u0629 \u0627\u0644\u062d\u062f\u064a\u062b\u0629 \u0646\u0638\u0631\u064b\u0627 \u0644\u0623\u062f\u0627\u0626\u0647\u0627 \u0627\u0644\u0645\u0645\u062a\u0627\u0632 \u0648\u0645\u0638\u0647\u0631\u0647\u0627 \u0627\u0644\u062c\u0645\u064a\u0644. \u0645\u0639 \u0627\u0647\u062a\u0645\u0627\u0645 \u0627\u0644\u0646\u0627\u0633 \u0628\u0627\u0644\u062a\u062c\u0645\u064a\u0644 \u0627\u0644\u0628\u064a\u0626\u064a \u0648\u0627\u0644\u062a\u0646\u0645\u064a\u0629 \u0627\u0644\u0645\u0633\u062a\u062f\u0627\u0645\u0629\u060c \u0641\u0625\u0646 \u0622\u0641\u0627\u0642 \u062a\u0637\u0628\u064a\u0642 \u0623\u0648\u0627\u0646\u064a \u0627\u0644\u0632\u0647\u0648\u0631 \u0627\u0644\u0641\u0648\u0644\u0627\u0630\u064a\u0629 \u0627\u0644\u0645\u0642\u0627\u0648\u0645\u0629 \u0644\u0644\u0639\u0648\u0627\u0645\u0644 \u0627\u0644\u062c\u0648\u064a\u0629 \u0633\u062a\u0643\u0648\u0646 \u0623\u0648\u0633\u0639.<\/li>\n<\/ul>\n<table border=\"1\">\n<tbody>\n<tr>\n<td><span data-spm-anchor-id=\"a2700.details.0.i39.14133542hOt861\">\u0627\u0633\u0645 \u0627\u0644\u0645\u0646\u062a\u062c<\/span><\/td>\n<td data-spm-anchor-id=\"a2700.details.0.i43.14133542hOt861\">\u0635\u0646\u062f\u0648\u0642 \u0627\u0644\u0646\u0628\u0627\u062a\u0627\u062a \u0627\u0644\u062e\u0627\u0631\u062c\u064a\u0629 \u0627\u0644\u0645\u0635\u0646\u0648\u0639 \u0645\u0646 \u0641\u0648\u0644\u0627\u0630 \u0627\u0644\u0643\u0648\u0631\u062a\u064a\u0646 \u0627\u0644\u0641\u0648\u0644\u0627\u0630\u064a \u0627\u0644\u0645\u062e\u0635\u0635 \u0644\u0646\u0628\u0627\u062a\u0627\u062a \u0627\u0644\u062d\u062f\u0627\u0626\u0642 \u0623\u0648\u0627\u0646\u064a \u0627\u0644\u0632\u0647\u0648\u0631 \u0627\u0644\u062e\u0627\u0631\u062c\u064a\u0629 \u0635\u0646\u062f\u0648\u0642 \u0646\u0628\u0627\u062a\u0627\u062a \u0645\u0643\u0639\u0628\u0627\u062a \u0627\u0644\u0643\u0648\u0631\u062a\u064a\u0646 \u0627\u0644\u0641\u0648\u0644\u0627\u0630\u064a\u0629<\/td>\n<\/tr>\n<tr>\n<td data-spm-anchor-id=\"a2700.details.0.i40.14133542hOt861\">\u0627\u0644\u0645\u0648\u0627\u062f<\/td>\n<td data-spm-anchor-id=\"a2700.details.0.i42.14133542hOt861\">\u0627\u0644\u0641\u0648\u0644\u0627\u0630 \u0627\u0644\u0643\u0631\u0628\u0648\u0646\u064a \u0627\u0644\u0641\u0648\u0644\u0627\u0630 \u0627\u0644\u0643\u0631\u0628\u0648\u0646\u064a \u0627\u0644\u0641\u0648\u0644\u0627\u0630 \u0627\u0644\u0645\u0642\u0627\u0648\u0645 \u0644\u0644\u0635\u062f\u0623<\/td>\n<\/tr>\n<tr>\n<td>\u0627\u0644\u0625\u0646\u0647\u0627\u0621<\/td>\n<td>\u0635\u062f\u0626 \u0623\u0648 \u0645\u0637\u0644\u064a \u0628\u0627\u0644\u0645\u0633\u062d\u0648\u0642<\/td>\n<\/tr>\n<tr>\n<td>\u0645\u0642\u0627\u0633 \u0639\u0627\u062f\u064a<\/td>\n<td>100 \u00d7 45 \u00d7 45 \u0633\u0645 . 120x50x60 \u0633\u0645 . 150 \u00d7 50 \u00d7 50 \u00d7 60 \u0633\u0645 . 200 \u00d7 50 \u00d7 50 \u00d7 60 \u0633\u0645<\/td>\n<\/tr>\n<tr>\n<td>\u0627\u0644\u062a\u0635\u0645\u064a\u0645<\/td>\n<td>\u0642\u0628\u0648\u0644 \u0627\u0644\u062a\u062e\u0635\u064a\u0635<\/td>\n<\/tr>\n<tr>\n<td>\u0627\u0644\u062a\u0637\u0628\u064a\u0642<\/td>\n<td>\u062f\u064a\u0643\u0648\u0631 \u062f\u0627\u062e\u0644\u064a \u0648\u062e\u0627\u0631\u062c\u064a<\/td>\n<\/tr>\n<\/tbody>\n<\/table>\n<p><a href=\"https:\/\/keweicorten.com\/ar\/\u0627\u062a\u0635\u0644-\u0628\u0646\u0627\/\"><img decoding=\"async\" class=\"alignnone\" title=\" \u0635\u0646\u062f\u0648\u0642 \u0627\u0644\u0646\u0628\u0627\u062a\u0627\u062a\" src=\"https:\/\/sc04.alicdn.com\/kf\/H0b0c474c4364463c955113ae286e19faM\/223026859\/H0b0c474c4364463c955113ae286e19faM.png\" alt=\"\u0635\u0646\u062f\u0648\u0642 \u0627\u0644\u0646\u0628\u0627\u062a\u0627\u062a \u0627\u0644\u062e\u0627\u0631\u062c\u064a\u0629 \u0627\u0644\u0645\u0635\u0646\u0648\u0639 \u0645\u0646 \u0641\u0648\u0644\u0627\u0630 \u0627\u0644\u0643\u0648\u0631\u062a\u064a\u0646 \u0627\u0644\u0641\u0648\u0644\u0627\u0630\u064a \u0627\u0644\u0645\u062e\u0635\u0635 \u0644\u0646\u0628\u0627\u062a\u0627\u062a \u0627\u0644\u062d\u062f\u0627\u0626\u0642 \u0623\u0648\u0627\u0646\u064a \u0627\u0644\u0632\u0647\u0648\u0631 \u0627\u0644\u062e\u0627\u0631\u062c\u064a\u0629 \u0635\u0646\u062f\u0648\u0642 \u0646\u0628\u0627\u062a\u0627\u062a \u0645\u0643\u0639\u0628\u0627\u062a \u0627\u0644\u0643\u0648\u0631\u062a\u064a\u0646 \u0627\u0644\u0641\u0648\u0644\u0627\u0630\u064a\u0629\" width=\"881\" height=\"292\" \/><\/a><\/p>\n<p>1- \u0633\u0624\u0627\u0644: \u0647\u0644 \u0633\u064a\u0624\u062f\u064a \u0627\u0644\u0635\u062f\u0623 \u0625\u0644\u0649 \u062a\u0644\u0637\u064a\u062e \u0627\u0644\u0633\u0637\u062d \u0627\u0644\u0630\u064a \u064a\u0648\u0636\u0639 \u0639\u0644\u064a\u0647\u061f<\/p>\n<p>\u0627\u0644\u0625\u062c\u0627\u0628\u0629: \u0633\u0646\u0642\u0648\u0645 \u0628\u0631\u0634 \u0633\u0627\u0626\u0644 \u0643\u064a\u0645\u064a\u0627\u0626\u064a \u0644\u0644\u062d\u0641\u0627\u0638 \u0639\u0644\u0649 \u0627\u0644\u0635\u062f\u0623 \u0641\u064a<\/p>\n<p>&nbsp;<\/p>\n<p>2. \u0633\u0624\u0627\u0644: \u0643\u0645 \u062a\u0632\u0646 \u0647\u0630\u0647\u061f<br \/>\n\u0627\u0644\u0625\u062c\u0627\u0628\u0629: \u064a\u0631\u062c\u0649 \u0645\u0631\u0627\u062c\u0639\u0629 \u0627\u0644\u0634\u0631\u0643\u0629 \u0627\u0644\u0645\u0635\u0646\u0639\u0629 \u062d\u064a\u062b \u062a\u0648\u062c\u062f \u0623\u062d\u062c\u0627\u0645 \u0645\u062a\u0639\u062f\u062f\u0629.<\/p>\n<p>&nbsp;<\/p>\n<p>3. \u0633\u0624\u0627\u0644: \u0643\u0645 \u064a\u0632\u0646 L88*W30*H75 CM\u061f<\/p>\n<p>\u0625\u062c\u0627\u0628\u0629 36 \u0643\u062c\u0645<\/p>\n<p>&nbsp;<\/p>\n<p>4. \u0633\u0624\u0627\u0644: \u0647\u0644 \u064a\u0645\u0643\u0646 \u062f\u0647\u0627\u0646\u0647\u0627 \u0648\u0637\u0644\u0627\u0626\u0647\u0627 \u0642\u0628\u0644 \u0623\u0646 \u062a\u0628\u062f\u0623 \u0641\u064a \u0627\u0644\u0635\u062f\u0623\u061f<br \/>\n\u0623\u062c\u0628: \u0644\u0627\u060c \u062c\u0645\u0627\u0644 \u0627\u0644\u063a\u0631\u0627\u0633 \u0647\u0648 \u0639\u0646\u062f\u0645\u0627 \u064a\u0628\u062f\u0623 \u0628\u0627\u0644\u0635\u062f\u0623. \u0644\u064a\u0633 \u0645\u0646 \u0627\u0644\u0645\u0641\u062a\u0631\u0636 \u0623\u0646 \u064a\u062a\u0645 \u0637\u0644\u0627\u0624\u0647\u0627.<\/p>\n<p>&nbsp;<\/p>\n<p>5. \u0633\u0624\u0627\u0644: \u0647\u0644 \u064a\u062a\u0648\u0641\u0631 \u0627\u0644\u0645\u0642\u0644\u0627\u0629 \u0627\u0644\u0645\u0642\u0644\u0627\u0629 \u0645\u062a\u0648\u0641\u0631\u0629\u061f<\/p>\n<p>\u0623\u062c\u0628: \u0628\u0627\u0644\u0637\u0628\u0639\u060c \u0644\u064a\u0633 \u0644\u062f\u064a\u0646\u0627 \u0641\u0642\u0637 \u0627\u0644\u063a\u0631\u0627\u0633 \u0627\u0644\u0633\u0637\u062d\u064a \u0627\u0644\u0635\u062f\u0626 \u0641\u0642\u0637\u060c \u0628\u0644 \u0644\u062f\u064a\u0646\u0627 \u0623\u064a\u0636\u064b\u0627 \u0627\u0644\u063a\u0631\u0627\u0633 \u0627\u0644\u0645\u0637\u0644\u064a \u0628\u0627\u0644\u0645\u0633\u062d\u0648\u0642.<\/p>","protected":false},"excerpt":{"rendered":"<p>\u0622\u0646\u064a\u0629 \u0627\u0644\u0632\u0647\u0648\u0631 \u0627\u0644\u0645\u0635\u0646\u0648\u0639\u0629 \u0645\u0646 \u0627\u0644\u0641\u0648\u0644\u0627\u0630 \u0627\u0644\u0645\u0642\u0627\u0648\u0645 \u0644\u0644\u0639\u0648\u0627\u0645\u0644 \u0627\u0644\u062c\u0648\u064a\u0629 \u0647\u064a \u0645\u0627\u062f\u0629 \u0634\u0627\u0626\u0639\u0629 \u062c\u062f\u0627\u064b \u0641\u064a \u0632\u0631\u0627\u0639\u0629 \u0627\u0644\u0632\u0647\u0648\u0631 \u0627\u0644\u062d\u062f\u064a\u062b\u0629. \u0625\u0646\u0647 \u0645\u0635\u0646\u0648\u0639 \u0645\u0646 \u0627\u0644\u0641\u0648\u0644\u0627\u0630 \u0639\u0627\u0644\u064a \u0627\u0644\u062c\u0648\u062f\u0629 \u0645\u0639 \u0645\u062a\u0627\u0646\u0629 \u0639\u0627\u0644\u064a\u0629 \u0644\u0644\u063a\u0627\u064a\u0629 \u0648\u0645\u0642\u0627\u0648\u0645\u0629 \u0644\u0644\u062a\u0622\u0643\u0644 \u0648\u0645\u0642\u0627\u0648\u0645\u0629 \u0644\u0644\u0639\u0648\u0627\u0645\u0644 \u0627\u0644\u062c\u0648\u064a\u0629. \u0641\u064a \u0632\u0631\u0627\u0639\u0629 \u0627\u0644\u0632\u0647\u0648\u0631\u060c \u0645\u0632\u0627\u064a\u0627 \u0623\u0648\u0627\u0646\u064a \u0627\u0644\u0632\u0647\u0648\u0631 \u0627\u0644\u0641\u0648\u0644\u0627\u0630\u064a\u0629 \u0627\u0644\u0645\u0642\u0627\u0648\u0645\u0629 \u0644\u0644\u0639\u0648\u0627\u0645\u0644 \u0627\u0644\u062c\u0648\u064a\u0629 \u0648\u0627\u0636\u062d\u0629<\/p>","protected":false},"featured_media":1092,"comment_status":"open","ping_status":"closed","template":"","meta":{"_eb_attr":"","_monsterinsights_skip_tracking":false,"_monsterinsights_sitenote_active":false,"_monsterinsights_sitenote_note":"","_monsterinsights_sitenote_category":0,"_uf_show_specific_survey":0,"_uf_disable_surveys":false},"product_brand":[],"product_cat":[59],"product_tag":[],"class_list":{"0":"post-1090","1":"product","2":"type-product","3":"status-publish","4":"has-post-thumbnail","6":"product_cat-flower-pot","8":"first","9":"instock","10":"shipping-taxable","11":"product-type-simple"},"_links":{"self":[{"href":"https:\/\/keweicorten.com\/ar\/wp-json\/wp\/v2\/product\/1090"}],"collection":[{"href":"https:\/\/keweicorten.com\/ar\/wp-json\/wp\/v2\/product"}],"about":[{"href":"https:\/\/keweicorten.com\/ar\/wp-json\/wp\/v2\/types\/product"}],"replies":[{"embeddable":true,"href":"https:\/\/keweicorten.com\/ar\/wp-json\/wp\/v2\/comments?post=1090"}],"version-history":[{"count":7,"href":"https:\/\/keweicorten.com\/ar\/wp-json\/wp\/v2\/product\/1090\/revisions"}],"predecessor-version":[{"id":1099,"href":"https:\/\/keweicorten.com\/ar\/wp-json\/wp\/v2\/product\/1090\/revisions\/1099"}],"wp:featuredmedia":[{"embeddable":true,"href":"https:\/\/keweicorten.com\/ar\/wp-json\/wp\/v2\/media\/1092"}],"wp:attachment":[{"href":"https:\/\/keweicorten.com\/ar\/wp-json\/wp\/v2\/media?parent=1090"}],"wp:term":[{"taxonomy":"product_brand","embeddable":true,"href":"https:\/\/keweicorten.com\/ar\/wp-json\/wp\/v2\/product_brand?post=1090"},{"taxonomy":"product_cat","embeddable":true,"href":"https:\/\/keweicorten.com\/ar\/wp-json\/wp\/v2\/product_cat?post=1090"},{"taxonomy":"product_tag","embeddable":true,"href":"https:\/\/keweicorten.com\/ar\/wp-json\/wp\/v2\/product_tag?post=1090"}],"curies":[{"name":"wp","href":"https:\/\/api.w.org\/{rel}","templated":true}]}}