{"id":1006,"date":"2024-09-10T06:29:40","date_gmt":"2024-09-10T06:29:40","guid":{"rendered":"https:\/\/keweicorten.com\/?post_type=product&#038;p=1006"},"modified":"2025-01-15T06:28:19","modified_gmt":"2025-01-15T06:28:19","slug":"panzerlampe","status":"publish","type":"product","link":"https:\/\/keweicorten.com\/de\/panzerlampe\/","title":{"rendered":"Panzerlampe"},"content":{"rendered":"<h3>Entwurf und Anwendung von Corten-Licht:<\/h3>\n<h4>Entwurf<\/h4>\n<p>1. Materialeigenschaften :<br \/>\nWitterungsbest\u00e4ndigkeit: Witterungsbest\u00e4ndiger Stahl hat eine ausgezeichnete Korrosions- und Oxidationsbest\u00e4ndigkeit und kann lange Zeit ohne h\u00e4ufige Wartung im Freien verwendet werden.<br \/>\nFarbver\u00e4nderung: Wenn wetterfester Stahl der nat\u00fcrlichen Umgebung ausgesetzt ist, bildet sich allm\u00e4hlich eine sch\u00fctzende Rostschicht, die ihm eine einzigartige r\u00f6tlich-braune Farbe verleiht, die eine gute \u00e4sthetische Wirkung hat.<\/p>\n<p>2. Form und Struktur :<br \/>\n- Sie k\u00f6nnen in einer Vielzahl von Formen und Gr\u00f6\u00dfen gestaltet werden, um verschiedenen Umgebungen und Bed\u00fcrfnissen gerecht zu werden. \u00dcblich sind rechteckige, runde und unregelm\u00e4\u00dfige Formen.<br \/>\n- Was die Darstellung des Inhalts des Leuchtkastens betrifft, so kann dieser dreidimensional, flach, mit Hintergrundbeleuchtung und in anderen Formen gestaltet werden.<\/p>\n<p>3.  Lichteffekt:<br \/>\n- Das Innere der Corten-Leuchte kann mit LED-Lampen best\u00fcckt werden, um eine effiziente und umweltfreundliche Beleuchtung zu gew\u00e4hrleisten und gleichzeitig verschiedene Helligkeits- und Farbeffekte zu erzielen, die den optischen Reiz erh\u00f6hen.<\/p>\n<p>4.  Funktionelles Design :<br \/>\n- In Anbetracht der Witterungsbedingungen muss die Konstruktion sicherstellen, dass der Leuchtkasten wasser- und winddicht ist, um die Sicherheit der elektrischen Komponenten zu gew\u00e4hrleisten.<\/p>\n<h4>Anmeldung<\/h4>\n<p>1. Stadtansicht :<br \/>\nLeuchtk\u00e4sten aus wetterfestem Stahl werden h\u00e4ufig in der st\u00e4dtischen Kunst- und Landschaftsgestaltung eingesetzt, um die kulturelle Atmosph\u00e4re und Sch\u00f6nheit der St\u00e4dte zu verbessern.<\/p>\n<p>2. Kommerziell:<br \/>\nAufgrund des einzigartigen Aussehens von wetterfestem Stahl wird er oft als kommerzieller Leuchtkasten verwendet, um die Aufmerksamkeit der Passanten zu erregen.<\/p>\n<p>3. Verkehrshinweise :<br \/>\nWird f\u00fcr Verkehrsschilder, Informationstafeln und andere Orte verwendet, die sowohl sch\u00f6n als auch praktisch sind.<\/p>\n<p>4. Gemeinschaftseinrichtungen:<br \/>\nDie Installation von Leuchtk\u00e4sten aus wetterfestem Stahl in \u00f6ffentlichen R\u00e4umen wie Parks und Pl\u00e4tzen kann sowohl f\u00fcr Lichteffekte sorgen als auch als Tr\u00e4ger f\u00fcr Informationsvermittlung und Werbung dienen.<\/p>\n<table class=\"table\" border=\"1\" cellspacing=\"1\" cellpadding=\"1\">\n<tbody>\n<tr>\n<td colspan=\"1\" rowspan=\"1\">Name des Produkts<\/td>\n<td colspan=\"1\" rowspan=\"1\">Gartenweg-Lichter<\/td>\n<\/tr>\n<tr>\n<td colspan=\"1\" rowspan=\"1\">Material<\/td>\n<td colspan=\"1\" rowspan=\"1\">Cortenstahl<\/td>\n<\/tr>\n<tr>\n<td colspan=\"1\" rowspan=\"1\">Verwendung<\/td>\n<td colspan=\"1\" rowspan=\"1\">Au\u00dfenbereich Innenhof Weg Landschaft Garten<\/td>\n<\/tr>\n<tr>\n<td colspan=\"1\" rowspan=\"1\">Oberirdische H\u00f6he (mm)<\/td>\n<td colspan=\"1\" rowspan=\"1\">800 mm, 600 mm<\/td>\n<\/tr>\n<tr>\n<td colspan=\"1\" rowspan=\"1\">Durchmesser \/ Breite (mm)<\/td>\n<td colspan=\"1\" rowspan=\"1\">120mm,150mm<\/td>\n<\/tr>\n<tr>\n<td colspan=\"1\" rowspan=\"1\">Befestigung von<\/td>\n<td colspan=\"1\" rowspan=\"1\">Oberfl\u00e4che \/ Grundplatte befestigt<\/td>\n<\/tr>\n<tr>\n<td colspan=\"1\" rowspan=\"1\">Stil<\/td>\n<td colspan=\"1\" rowspan=\"1\">Modern - Rasenlampe f\u00fcr drau\u00dfen<\/td>\n<\/tr>\n<tr>\n<td colspan=\"1\" rowspan=\"1\">Oberfl\u00e4chenbehandlung<\/td>\n<td colspan=\"1\" rowspan=\"1\">Corten-Rost<\/td>\n<\/tr>\n<tr>\n<td colspan=\"1\" rowspan=\"1\">Gestaltung<\/td>\n<td colspan=\"1\" rowspan=\"1\">Kunstwerk<\/td>\n<\/tr>\n<tr>\n<td colspan=\"1\" rowspan=\"1\">Muster<\/td>\n<td colspan=\"1\" rowspan=\"1\">7 Tage<\/td>\n<\/tr>\n<\/tbody>\n<\/table>\n<div class=\"kche-t104-item\">\n<div class=\"kche-t104-item-img\"><img fetchpriority=\"high\" decoding=\"async\" title=\"Landschaft Garten Solar Poller Licht\" src=\"https:\/\/www.keweistove.com\/uploads\/39684\/products\/202403291605106e6cb.jpg?size=750x0\" alt=\"Landschaft Garten Solar Poller Licht\" width=\"750\" height=\"750\" \/><\/div>\n<\/div>\n<div class=\"kche-t104-item\">\n<div class=\"kche-t104-item-img\"><img decoding=\"async\" title=\"Gartenweg-Lichter\" src=\"https:\/\/www.keweistove.com\/uploads\/39684\/products\/2024032916052398d2c.jpg?size=750x0\" alt=\"Gartenweg-Lichter\" width=\"750\" height=\"750\" \/><\/div>\n<\/div>\n<div class=\"kche-t104-item\">\n<div class=\"kche-t104-item-img\"><img decoding=\"async\" class=\"alignnone\" title=\"Beste witterungsbest\u00e4ndige Au\u00dfenbeleuchtung\" src=\"https:\/\/www.keweistove.com\/uploads\/39684\/products\/20240329160540ec715.jpg?size=600x0\" alt=\"Beste witterungsbest\u00e4ndige Au\u00dfenbeleuchtung\" width=\"751\" height=\"751\" \/><\/div>\n<div class=\"kche-t104-item-text\">\n<p class=\"kche-t94-tit\">FAQ<\/p>\n<div class=\"kche-t94-bottom\">\n<div class=\"kche-t94-bottom-r\">\n<div id=\"kchet94Accordion\">\n<div class=\"kche-t94-bottom-item\">\n<p class=\"kche-t94-item-tit\">Frage: Wie k\u00f6nnen Au\u00dfenlampen wasserdicht sein?<\/p>\n<div class=\"kche-t94-bottom-item\">\n<div class=\"kche-t94-item-box\">Antwort: Au\u00dfenbeleuchtung ist in der Regel wasserdicht Design, wie IP65 wasserdicht Rating, um sicherzustellen, dass es nicht in regnerischem Wetter betroffen ist.<\/div>\n<\/div>\n<div class=\"kche-t94-bottom-item\"><\/div>\n<\/div>\n<div class=\"kche-t94-bottom-item\">\n<p class=\"kche-t94-item-tit\">Frage: Welche Lichtquelle wird f\u00fcr Au\u00dfenleuchten verwendet, um Energie zu sparen?<\/p>\n<div class=\"kche-t94-bottom-item\">\n<div class=\"kche-t94-item-box\">Antwort: LED-Lampen sind eine energiesparende Wahl, niedriger Energieverbrauch, lange Lebensdauer, hohe Helligkeit.<\/div>\n<\/div>\n<div class=\"kche-t94-bottom-item\"><\/div>\n<\/div>\n<div class=\"kche-t94-bottom-item\">\n<p class=\"kche-t94-item-tit\">Frage: Wie reinigt man die Au\u00dfenbeleuchtung?<\/p>\n<div class=\"kche-t94-bottom-item\">\n<div class=\"kche-t94-item-box\">Antwort: Verwenden Sie ein sauberes, weiches Tuch, um die Oberfl\u00e4che abzuwischen, und stellen Sie sicher, dass die Lampe ausgeschaltet ist und abk\u00fchlen kann, bevor Sie sie reinigen.<\/div>\n<\/div>\n<div class=\"kche-t94-bottom-item\"><\/div>\n<\/div>\n<div class=\"kche-t94-bottom-item\">\n<p class=\"kche-t94-item-tit\">Frage: Was ist der Grund f\u00fcr das h\u00e4ufige Flackern von Au\u00dfenlampen?<\/p>\n<div class=\"kche-wrap-width\">\n<div class=\"kche-t94\">\n<div class=\"kche-t94-content\">\n<div class=\"kche-t94-bottom\">\n<div class=\"kche-t94-bottom-r\">\n<div id=\"kchet94Accordion\">\n<div class=\"kche-t94-bottom-item\">\n<div class=\"kche-t94-item-box\">Antwort: Die Ursache kann ein schlechter Kontakt, ein Leitungsdefekt, eine veraltete Lichtquelle oder andere Gr\u00fcnde sein und sollte rechtzeitig repariert werden.<\/div>\n<\/div>\n<\/div>\n<\/div>\n<\/div>\n<\/div>\n<\/div>\n<\/div>\n<\/div>\n<\/div>\n<\/div>\n<\/div>\n<\/div>\n<\/div>","protected":false},"excerpt":{"rendered":"<p>Leuchtk\u00e4sten aus wetterfestem Stahl haben sich aufgrund ihrer Langlebigkeit, ihres einzigartigen Aussehens und ihrer vielf\u00e4ltigen Anwendungsszenarien allm\u00e4hlich zu einer beliebten Wahl in der Stadtgestaltung und Werbung entwickelt. In der Konstruktion und Anwendung, betrachten seine Wetterbest\u00e4ndigkeit, \u00c4sthetik und Praktikabilit\u00e4t, kann besser die Marktnachfrage zu erf\u00fcllen.<\/p>","protected":false},"featured_media":1007,"comment_status":"open","ping_status":"closed","template":"","meta":{"_eb_attr":"","_monsterinsights_skip_tracking":false,"_monsterinsights_sitenote_active":false,"_monsterinsights_sitenote_note":"","_monsterinsights_sitenote_category":0,"_uf_show_specific_survey":0,"_uf_disable_surveys":false},"product_brand":[],"product_cat":[61],"product_tag":[],"class_list":{"0":"post-1006","1":"product","2":"type-product","3":"status-publish","4":"has-post-thumbnail","6":"product_cat-light-post","8":"first","9":"instock","10":"shipping-taxable","11":"product-type-simple"},"_links":{"self":[{"href":"https:\/\/keweicorten.com\/de\/wp-json\/wp\/v2\/product\/1006"}],"collection":[{"href":"https:\/\/keweicorten.com\/de\/wp-json\/wp\/v2\/product"}],"about":[{"href":"https:\/\/keweicorten.com\/de\/wp-json\/wp\/v2\/types\/product"}],"replies":[{"embeddable":true,"href":"https:\/\/keweicorten.com\/de\/wp-json\/wp\/v2\/comments?post=1006"}],"version-history":[{"count":2,"href":"https:\/\/keweicorten.com\/de\/wp-json\/wp\/v2\/product\/1006\/revisions"}],"predecessor-version":[{"id":1013,"href":"https:\/\/keweicorten.com\/de\/wp-json\/wp\/v2\/product\/1006\/revisions\/1013"}],"wp:featuredmedia":[{"embeddable":true,"href":"https:\/\/keweicorten.com\/de\/wp-json\/wp\/v2\/media\/1007"}],"wp:attachment":[{"href":"https:\/\/keweicorten.com\/de\/wp-json\/wp\/v2\/media?parent=1006"}],"wp:term":[{"taxonomy":"product_brand","embeddable":true,"href":"https:\/\/keweicorten.com\/de\/wp-json\/wp\/v2\/product_brand?post=1006"},{"taxonomy":"product_cat","embeddable":true,"href":"https:\/\/keweicorten.com\/de\/wp-json\/wp\/v2\/product_cat?post=1006"},{"taxonomy":"product_tag","embeddable":true,"href":"https:\/\/keweicorten.com\/de\/wp-json\/wp\/v2\/product_tag?post=1006"}],"curies":[{"name":"wp","href":"https:\/\/api.w.org\/{rel}","templated":true}]}}