{"id":1017,"date":"2024-09-11T02:32:17","date_gmt":"2024-09-11T02:32:17","guid":{"rendered":"https:\/\/keweicorten.com\/?post_type=product&#038;p=1017"},"modified":"2025-01-15T06:28:01","modified_gmt":"2025-01-15T06:28:01","slug":"cortenstahl-leuchten","status":"publish","type":"product","link":"https:\/\/keweicorten.com\/de\/cortenstahl-leuchten\/","title":{"rendered":"Cortenstahl-Leuchten"},"content":{"rendered":"<h2>Anwendung von Cortenstahl-Leuchten im modernen Haus<\/h2>\n<ol>\n<li>Innenbeleuchtung: Cortenstahl-Leuchten k\u00f6nnen als Teil der Inneneinrichtung verwendet werden, um einen einzigartigen industriellen Stil zu schaffen, geeignet f\u00fcr Wohnzimmer, K\u00fcche oder Esszimmer und andere R\u00e4ume. Seine einzigartige metallische Textur verleiht modernen H\u00e4usern einen Hauch von Mode.<\/li>\n<li>Au\u00dfenbeleuchtung: Da wetterfester Stahl eine gute Korrosionsbest\u00e4ndigkeit aufweist, eignen sich Lampen aus wetterfestem Stahl sehr gut f\u00fcr den Au\u00dfenbereich, z. B. f\u00fcr die Beleuchtung von H\u00f6fen, Balkonen und Terrassen. Sie k\u00f6nnen allen Wetterbedingungen standhalten und haben eine lange Lebensdauer.<\/li>\n<li>Kunstinstallation: Viele Designer verwenden Cortenstahl-Leuchten als Kunstinstallationen, um die visuelle Wirkung des Raums durch einzigartige Formen und Licht- und Schatteneffekte zu verst\u00e4rken. Dieses Design, das in die Wand oder die Decke eingelassen ist, wird oft zum Mittelpunkt des Innenraums.<\/li>\n<li>Funktionelle Arbeitsbeleuchtung: Im Arbeitsbereich zu Hause k\u00f6nnen Cortenstahl-Leuchten auch als funktionelle Beleuchtung eingesetzt werden, die ausreichend Helligkeit f\u00fcr die Arbeit bietet. Ihr schlichtes Design l\u00e4sst sich in eine Vielzahl von Einrichtungsstilen integrieren.<\/li>\n<li>\u00a0Umweltschutz und nachhaltiges Design.<\/li>\n<\/ol>\n<figure style=\"width: 750px\" class=\"wp-caption alignnone\"><a href=\"https:\/\/keweicorten.com\/de\/kontaktieren-sie-uns\/\"><img fetchpriority=\"high\" decoding=\"async\" title=\"Panzerlampe\" src=\"https:\/\/sc04.alicdn.com\/kf\/A4a230982885047639f8ccbda507af4993\/276435419\/A4a230982885047639f8ccbda507af4993.jpg\" alt=\"\" width=\"750\" height=\"454\" \/><\/a><figcaption class=\"wp-caption-text\">Panzerlampe<\/figcaption><\/figure>\n<table class=\"has-title all magic-7\" style=\"height: 293px;\" width=\"668\">\n<tbody>\n<tr>\n<td colspan=\"1\" rowspan=\"1\">\n<div class=\"magic-8\" data-spm-anchor-id=\"a2700.details.0.i42.4bb41cbbhIX01D\">Artikel<\/div>\n<\/td>\n<td colspan=\"1\" rowspan=\"1\">\n<div class=\"magic-9\">Wert<\/div>\n<\/td>\n<\/tr>\n<tr>\n<td colspan=\"1\" rowspan=\"1\">\n<div class=\"magic-8\">Typ<\/div>\n<\/td>\n<td colspan=\"1\" rowspan=\"1\">\n<div class=\"magic-9\">Garten Licht<\/div>\n<\/td>\n<\/tr>\n<tr>\n<td colspan=\"1\" rowspan=\"1\">\n<div class=\"magic-8\">Ort der Herkunft<\/div>\n<\/td>\n<td colspan=\"1\" rowspan=\"1\">\n<div class=\"magic-9\">Henan, China<\/div>\n<\/td>\n<\/tr>\n<tr>\n<td colspan=\"1\" rowspan=\"1\">\n<div class=\"magic-8\">Markenname<\/div>\n<\/td>\n<td colspan=\"1\" rowspan=\"1\">\n<div class=\"magic-9\">shkw<\/div>\n<\/td>\n<\/tr>\n<tr>\n<td colspan=\"1\" rowspan=\"1\">\n<div class=\"magic-8\">Modellnummer<\/div>\n<\/td>\n<td colspan=\"1\" rowspan=\"1\">\n<div class=\"magic-9\">shkw-CL-111<\/div>\n<\/td>\n<\/tr>\n<tr>\n<td colspan=\"1\" rowspan=\"1\">\n<div class=\"magic-8\">Material<\/div>\n<\/td>\n<td colspan=\"1\" rowspan=\"1\">\n<div class=\"magic-9\">Cortenstahl<\/div>\n<\/td>\n<\/tr>\n<tr>\n<td colspan=\"1\" rowspan=\"1\">\n<div class=\"magic-8\">Verwendung<\/div>\n<\/td>\n<td colspan=\"1\" rowspan=\"1\">\n<div class=\"magic-9\">Dekoration im Freien<\/div>\n<\/td>\n<\/tr>\n<tr>\n<td colspan=\"1\" rowspan=\"1\">\n<div class=\"magic-8\">Farbe<\/div>\n<\/td>\n<td colspan=\"1\" rowspan=\"1\">\n<div class=\"magic-9\">Rostrot<\/div>\n<\/td>\n<\/tr>\n<tr>\n<td colspan=\"1\" rowspan=\"1\">\n<div class=\"magic-8\">Verwendung<\/div>\n<\/td>\n<td colspan=\"1\" rowspan=\"1\">\n<div class=\"magic-9\">Haus Garten Dekoration Licht<\/div>\n<\/td>\n<\/tr>\n<tr>\n<td colspan=\"1\" rowspan=\"1\">\n<div class=\"magic-8\">Gr\u00f6\u00dfe<\/div>\n<\/td>\n<td colspan=\"1\" rowspan=\"1\">\n<div class=\"magic-9\">150mm, 300mm, etc.<\/div>\n<\/td>\n<\/tr>\n<tr>\n<td colspan=\"1\" rowspan=\"1\">\n<div class=\"magic-8\">Form<\/div>\n<\/td>\n<td colspan=\"1\" rowspan=\"1\">\n<div class=\"magic-9\">Quadratisch<\/div>\n<\/td>\n<\/tr>\n<tr>\n<td colspan=\"1\" rowspan=\"1\">\n<div class=\"magic-8\">Anzug f\u00fcr (Umwelt)<\/div>\n<\/td>\n<td colspan=\"1\" rowspan=\"1\">\n<div class=\"magic-9\">Garten im Hinterhof<\/div>\n<\/td>\n<\/tr>\n<\/tbody>\n<\/table>\n<h2>Warum sollten Sie sich f\u00fcr Lampen aus hochwertigem Cortenstahl entscheiden?<\/h2>\n<ul>\n<li>Witterungsbest\u00e4ndigkeit: Corten-Stahl, auch wetterfester Stahl genannt, hat einen hohen Grad an Korrosions- und Witterungsbest\u00e4ndigkeit. Nachdem seine Oberfl\u00e4che Luft und Wasser ausgesetzt wurde, bildet sich eine sch\u00fctzende Oxidschicht, die eine weitere Korrosion verhindert und daf\u00fcr sorgt, dass die Lampe lange Zeit unter verschiedenen klimatischen Bedingungen verwendet werden kann.<\/li>\n<li>Einzigartige \u00c4sthetik: Die nat\u00fcrliche Oxidationsfarbe des Cortenstahls (rostrot) ist einzigartig und kann einem modernen Haus oder Garten ein Gef\u00fchl von Kunst und industriellem Stil verleihen, was ihn zu einer dekorativen und praktischen Wahl macht.<\/li>\n<li>Niedrige Wartungskosten : Aufgrund seiner Materialeigenschaften und Corten-Stahl-Lampen erfordern wenig Wartung, im Vergleich zu herk\u00f6mmlichen Metall-Lampen, ist es nicht erforderlich, regelm\u00e4\u00dfige Malerei oder Rostschutzbehandlung, wodurch die Wartungskosten der langfristigen Nutzung.<\/li>\n<li>Umweltschutz: Cortenstahl ist ein erneuerbares, recycelbares Material, das den Anforderungen der heutigen Gesellschaft an Umweltschutz und nachhaltige Entwicklung entspricht und eine ideale Wahl f\u00fcr umweltbewusste Verbraucher darstellt.<\/li>\n<li>Vielseitigkeit: Lampen aus Cortenstahl eignen sich f\u00fcr verschiedene Umgebungen, wie Innenr\u00e4ume, H\u00f6fe oder \u00f6ffentliche Pl\u00e4tze. Sie k\u00f6nnen entweder als funktionale Beleuchtung oder als Kunstinstallation verwendet werden und bieten eine Vielzahl von Gestaltungsm\u00f6glichkeiten.<\/li>\n<li>Festigkeit und Haltbarkeit: Lampen aus hochwertigem Corten-Stahl sind nicht nur \u00e4sthetisch hervorragend, sondern auch aufgrund ihrer starken physikalischen Eigenschaften in der Lage, rauen Umgebungen und Ersch\u00fctterungen zu widerstehen, um eine langfristige stabile Nutzung zu gew\u00e4hrleisten.<\/li>\n<\/ul>\n<figure style=\"width: 571px\" class=\"wp-caption alignleft\"><a href=\"https:\/\/keweicorten.com\/de\/kontaktieren-sie-uns\/\"><img decoding=\"async\" class=\"\" title=\"Panzerlampe\" src=\"https:\/\/sc04.alicdn.com\/kf\/Hf1c5940816064e23ad3e6f0628593234c\/276435419\/Hf1c5940816064e23ad3e6f0628593234c.jpg\" alt=\"\" width=\"571\" height=\"571\" \/><\/a><figcaption class=\"wp-caption-text\">Cortenstahl leicht<\/figcaption><\/figure>\n<ul>\n<li><span data-spm-anchor-id=\"a2700.details.0.i39.746b59567TvLlT\">Der Poller leuchtet aus dem rostigen Erscheinungsbild und verleiht dem Au\u00dfenraum eine besondere Bedeutung.<\/span><\/li>\n<\/ul>\n<p>Das warme, rostige Aussehen wird durch eine spezielle chemische Behandlung des verwendeten CORTEN-Stahls erreicht.<\/p>\n<p>&nbsp;<\/p>\n<ul>\n<li><span data-spm-anchor-id=\"a2700.details.0.i41.746b59567TvLlT\">Bei der Dekoration von Cortenstahl f\u00fcr den Au\u00dfenbereich werden neue Technologien zur nachhaltigen Entwicklung und Innovation eingesetzt,<\/span>Sie macht die Gartenpoller zu Unikaten und zu einer Besonderheit, wo immer sie aufgestellt werden.<\/li>\n<\/ul>","protected":false},"excerpt":{"rendered":"<p>Im Allgemeinen sind Lampen aus wetterfestem Stahl nicht nur langlebig und \u00e4sthetisch, sondern lassen sich auch mit dem Designkonzept moderner H\u00e4user kombinieren und werden so zu einem wichtigen Element der Wohnumgebung.<\/p>","protected":false},"featured_media":1087,"comment_status":"open","ping_status":"closed","template":"","meta":{"_eb_attr":"","_monsterinsights_skip_tracking":false,"_monsterinsights_sitenote_active":false,"_monsterinsights_sitenote_note":"","_monsterinsights_sitenote_category":0,"_uf_show_specific_survey":0,"_uf_disable_surveys":false},"product_brand":[],"product_cat":[61],"product_tag":[],"class_list":{"0":"post-1017","1":"product","2":"type-product","3":"status-publish","4":"has-post-thumbnail","6":"product_cat-light-post","8":"first","9":"instock","10":"shipping-taxable","11":"product-type-simple"},"_links":{"self":[{"href":"https:\/\/keweicorten.com\/de\/wp-json\/wp\/v2\/product\/1017"}],"collection":[{"href":"https:\/\/keweicorten.com\/de\/wp-json\/wp\/v2\/product"}],"about":[{"href":"https:\/\/keweicorten.com\/de\/wp-json\/wp\/v2\/types\/product"}],"replies":[{"embeddable":true,"href":"https:\/\/keweicorten.com\/de\/wp-json\/wp\/v2\/comments?post=1017"}],"version-history":[{"count":2,"href":"https:\/\/keweicorten.com\/de\/wp-json\/wp\/v2\/product\/1017\/revisions"}],"predecessor-version":[{"id":1089,"href":"https:\/\/keweicorten.com\/de\/wp-json\/wp\/v2\/product\/1017\/revisions\/1089"}],"wp:featuredmedia":[{"embeddable":true,"href":"https:\/\/keweicorten.com\/de\/wp-json\/wp\/v2\/media\/1087"}],"wp:attachment":[{"href":"https:\/\/keweicorten.com\/de\/wp-json\/wp\/v2\/media?parent=1017"}],"wp:term":[{"taxonomy":"product_brand","embeddable":true,"href":"https:\/\/keweicorten.com\/de\/wp-json\/wp\/v2\/product_brand?post=1017"},{"taxonomy":"product_cat","embeddable":true,"href":"https:\/\/keweicorten.com\/de\/wp-json\/wp\/v2\/product_cat?post=1017"},{"taxonomy":"product_tag","embeddable":true,"href":"https:\/\/keweicorten.com\/de\/wp-json\/wp\/v2\/product_tag?post=1017"}],"curies":[{"name":"wp","href":"https:\/\/api.w.org\/{rel}","templated":true}]}}