{"id":1090,"date":"2024-09-11T03:01:04","date_gmt":"2024-09-11T03:01:04","guid":{"rendered":"https:\/\/keweicorten.com\/?post_type=product&#038;p=1090"},"modified":"2025-01-15T06:18:33","modified_gmt":"2025-01-15T06:18:33","slug":"grose-blumentopfe-fur-den-ausenbereich","status":"publish","type":"product","link":"https:\/\/keweicorten.com\/de\/grose-blumentopfe-fur-den-ausenbereich\/","title":{"rendered":"gro\u00dfe Blument\u00f6pfe f\u00fcr den Au\u00dfenbereich"},"content":{"rendered":"<h2>Vorteile und Anwendungen von Blument\u00f6pfen aus wetterfestem Stahl f\u00fcr den Au\u00dfenbereich\uff1a<\/h2>\n<hr \/>\n<p>Wetterfester Stahl hat eine ausgezeichnete Korrosions- und Witterungsbest\u00e4ndigkeit und kann unter verschiedenen klimatischen Bedingungen eine stabile Leistung beibehalten. Dar\u00fcber hinaus erh\u00f6ht sein einzigartiges rostiges Aussehen nicht nur die \u00c4sthetik, sondern f\u00fcgt sich auch harmonisch in die nat\u00fcrliche Umgebung ein.<\/p>\n<p>&nbsp;<\/p>\n<figure id=\"attachment_1091\" aria-describedby=\"caption-attachment-1091\" style=\"width: 794px\" class=\"wp-caption alignleft\"><img fetchpriority=\"high\" decoding=\"async\" class=\"wp-image-1091\" src=\"https:\/\/keweicorten.com\/wp-content\/uploads\/2024\/09\/\u5fae\u4fe1\u56fe\u7247_20230707144213-300x300.jpg\" alt=\"\" width=\"794\" height=\"794\" srcset=\"https:\/\/keweicorten.com\/wp-content\/uploads\/2024\/09\/\u5fae\u4fe1\u56fe\u7247_20230707144213-300x300.jpg 300w, https:\/\/keweicorten.com\/wp-content\/uploads\/2024\/09\/\u5fae\u4fe1\u56fe\u7247_20230707144213-150x150.jpg 150w, https:\/\/keweicorten.com\/wp-content\/uploads\/2024\/09\/\u5fae\u4fe1\u56fe\u7247_20230707144213-12x12.jpg 12w, https:\/\/keweicorten.com\/wp-content\/uploads\/2024\/09\/\u5fae\u4fe1\u56fe\u7247_20230707144213-600x600.jpg 600w, https:\/\/keweicorten.com\/wp-content\/uploads\/2024\/09\/\u5fae\u4fe1\u56fe\u7247_20230707144213-100x100.jpg 100w, https:\/\/keweicorten.com\/wp-content\/uploads\/2024\/09\/\u5fae\u4fe1\u56fe\u7247_20230707144213.jpg 750w\" sizes=\"(max-width: 794px) 100vw, 794px\" \/><figcaption id=\"caption-attachment-1091\" class=\"wp-caption-text\">corten blume por<\/figcaption><\/figure>\n<h3><\/h3>\n<h3><\/h3>\n<h3><\/h3>\n<h3><\/h3>\n<h3><\/h3>\n<h3><\/h3>\n<h3><\/h3>\n<h3><\/h3>\n<h3><\/h3>\n<h3><\/h3>\n<h3><\/h3>\n<h3><\/h3>\n<h3><\/h3>\n<h3><\/h3>\n<h3><\/h3>\n<h3><\/h3>\n<h3><\/h3>\n<h3><\/h3>\n<h3><\/h3>\n<h3>die Vorteile von gro\u00dfen Blument\u00f6pfen f\u00fcr den Au\u00dfenbereich\uff1a<\/h3>\n<ul>\n<li>Langlebigkeit: Wetterfester Stahl Blumentopf kann extreme Wetterbedingungen, lange Lebensdauer widerstehen.<br \/>\nGeringe Wartungskosten: Aufgrund seiner Korrosionsbest\u00e4ndigkeit ist die H\u00e4ufigkeit der Wartung und des Austauschs geringer.<br \/>\n\u00c4sthetik: Das einzigartige Design macht sie zu einem Highlight der Gartendekoration.<br \/>\nSchutz der Umwelt: Verwitternder Stahl kann im Einklang mit dem Konzept der nachhaltigen Entwicklung recycelt werden.<\/li>\n<\/ul>\n<h3>das Anwendungsszenario f\u00fcr gro\u00dfe Blumenk\u00fcbel im Freien\uff1a<\/h3>\n<ul>\n<li>Der Blumentopf aus Stahl eignet sich f\u00fcr viele Gelegenheiten, darunter st\u00e4dtische Parks, kommerzielle Pl\u00e4tze, private G\u00e4rten usw. Seine vielf\u00e4ltigen Design- und Gr\u00f6\u00dfenoptionen erm\u00f6glichen es ihm, den Anforderungen unterschiedlicher Umgebungen und Bed\u00fcrfnisse gerecht zu werden.<\/li>\n<li>Blument\u00f6pfe aus wetterfestem Stahl f\u00fcr den Au\u00dfenbereich sind aufgrund ihrer hervorragenden Leistung und ihres sch\u00f6nen Aussehens zu einer wichtigen Wahl im modernen Gartenbau geworden. Mit der Aufmerksamkeit der Menschen f\u00fcr Umweltversch\u00f6nerung und nachhaltige Entwicklung, werden die Anwendungsperspektiven von wetterfesten Stahl Blumen POTS breiter sein.<\/li>\n<\/ul>\n<table border=\"1\">\n<tbody>\n<tr>\n<td><span data-spm-anchor-id=\"a2700.details.0.i39.14133542hOt861\">Name des Produkts<\/span><\/td>\n<td data-spm-anchor-id=\"a2700.details.0.i43.14133542hOt861\">Corten Steel Outdoor Plant Box Custom Garten Pflanze Blument\u00f6pfe Outdoor Box Corten Steel Cube Planter<\/td>\n<\/tr>\n<tr>\n<td data-spm-anchor-id=\"a2700.details.0.i40.14133542hOt861\">Material<\/td>\n<td data-spm-anchor-id=\"a2700.details.0.i42.14133542hOt861\">Cor-ten-Stahl Kohlenstoffstahl . rostfrei<\/td>\n<\/tr>\n<tr>\n<td>Oberfl\u00e4che<\/td>\n<td>Verrostet oder pulverbeschichtet<\/td>\n<\/tr>\n<tr>\n<td>Normale Gr\u00f6\u00dfe<\/td>\n<td>100x45x45cm . 120x50x60cm . 150x50x60cm . 200x50x60cm<\/td>\n<\/tr>\n<tr>\n<td>Gestaltung<\/td>\n<td>Benutzerdefiniert akzeptieren<\/td>\n<\/tr>\n<tr>\n<td>Anmeldung<\/td>\n<td>Innen- und Au\u00dfendekoration<\/td>\n<\/tr>\n<\/tbody>\n<\/table>\n<p><a href=\"https:\/\/keweicorten.com\/de\/kontaktieren-sie-uns\/\"><img decoding=\"async\" class=\"alignnone\" title=\" Pflanzkasten\" src=\"https:\/\/sc04.alicdn.com\/kf\/H0b0c474c4364463c955113ae286e19faM\/223026859\/H0b0c474c4364463c955113ae286e19faM.png\" alt=\"Corten Steel Outdoor Plant Box Custom Garten Pflanze Blument\u00f6pfe Outdoor Box Corten Steel Cube Planter\" width=\"881\" height=\"292\" \/><\/a><\/p>\n<p>1.Frage: Wird der Rost die Oberfl\u00e4che, auf der er sitzt, verf\u00e4rben?<\/p>\n<p>Antwort: Wir spr\u00fchen eine chemische Fl\u00fcssigkeit, um den Rost einzud\u00e4mmen.<\/p>\n<p>&nbsp;<\/p>\n<p>2. Frage: Wie viel wiegen diese?<br \/>\nAntwort: Bitte fragen Sie beim Hersteller nach, da es mehrere Gr\u00f6\u00dfen gibt.<\/p>\n<p>&nbsp;<\/p>\n<p>3. Frage: Wie viel wiegt der L88*B30*H75 CM?<\/p>\n<p>Antwort: 36KG<\/p>\n<p>&nbsp;<\/p>\n<p>4. Frage: Kann es grundiert und gestrichen werden, bevor es zu rosten beginnt?<br \/>\nAntwort: Nein: Nein, das Sch\u00f6ne am Pflanzgef\u00e4\u00df ist, wenn es anf\u00e4ngt zu rosten. Er ist nicht daf\u00fcr gedacht, gestrichen zu werden.<\/p>\n<p>&nbsp;<\/p>\n<p>5. Frage: Ist das Panitierger\u00e4t verf\u00fcgbar?<\/p>\n<p>Antwort: Nat\u00fcrlich haben wir nicht nur die rostigen Pflanzgef\u00e4\u00dfe, sondern auch die pulverbeschichteten.<\/p>","protected":false},"excerpt":{"rendered":"<p>Der Blumentopf aus wetterfestem Stahl ist ein in der modernen Blumenzucht sehr verbreitetes Material. Er besteht aus hochwertigem Stahl mit extrem hoher Haltbarkeit, Korrosionsbest\u00e4ndigkeit und Witterungsbest\u00e4ndigkeit. Im Blumenanbau sind die Vorteile von wetterfesten Stahlblument\u00f6pfen offensichtlich<\/p>","protected":false},"featured_media":1092,"comment_status":"open","ping_status":"closed","template":"","meta":{"_eb_attr":"","_monsterinsights_skip_tracking":false,"_monsterinsights_sitenote_active":false,"_monsterinsights_sitenote_note":"","_monsterinsights_sitenote_category":0,"_uf_show_specific_survey":0,"_uf_disable_surveys":false},"product_brand":[],"product_cat":[59],"product_tag":[],"class_list":{"0":"post-1090","1":"product","2":"type-product","3":"status-publish","4":"has-post-thumbnail","6":"product_cat-flower-pot","8":"first","9":"instock","10":"shipping-taxable","11":"product-type-simple"},"_links":{"self":[{"href":"https:\/\/keweicorten.com\/de\/wp-json\/wp\/v2\/product\/1090"}],"collection":[{"href":"https:\/\/keweicorten.com\/de\/wp-json\/wp\/v2\/product"}],"about":[{"href":"https:\/\/keweicorten.com\/de\/wp-json\/wp\/v2\/types\/product"}],"replies":[{"embeddable":true,"href":"https:\/\/keweicorten.com\/de\/wp-json\/wp\/v2\/comments?post=1090"}],"version-history":[{"count":7,"href":"https:\/\/keweicorten.com\/de\/wp-json\/wp\/v2\/product\/1090\/revisions"}],"predecessor-version":[{"id":1099,"href":"https:\/\/keweicorten.com\/de\/wp-json\/wp\/v2\/product\/1090\/revisions\/1099"}],"wp:featuredmedia":[{"embeddable":true,"href":"https:\/\/keweicorten.com\/de\/wp-json\/wp\/v2\/media\/1092"}],"wp:attachment":[{"href":"https:\/\/keweicorten.com\/de\/wp-json\/wp\/v2\/media?parent=1090"}],"wp:term":[{"taxonomy":"product_brand","embeddable":true,"href":"https:\/\/keweicorten.com\/de\/wp-json\/wp\/v2\/product_brand?post=1090"},{"taxonomy":"product_cat","embeddable":true,"href":"https:\/\/keweicorten.com\/de\/wp-json\/wp\/v2\/product_cat?post=1090"},{"taxonomy":"product_tag","embeddable":true,"href":"https:\/\/keweicorten.com\/de\/wp-json\/wp\/v2\/product_tag?post=1090"}],"curies":[{"name":"wp","href":"https:\/\/api.w.org\/{rel}","templated":true}]}}