{"id":1110,"date":"2024-09-11T07:19:01","date_gmt":"2024-09-11T07:19:01","guid":{"rendered":"https:\/\/keweicorten.com\/?post_type=product&#038;p=1110"},"modified":"2025-01-15T06:16:12","modified_gmt":"2025-01-15T06:16:12","slug":"skulptur","status":"publish","type":"product","link":"https:\/\/keweicorten.com\/de\/skulptur\/","title":{"rendered":"moderne Wandskulptur"},"content":{"rendered":"<table class=\"table\" border=\"1\" cellspacing=\"1\" cellpadding=\"1\">\n<tbody>\n<tr>\n<td>Produktname<\/td>\n<td>Outdoor Modernes Metallhandwerk Cortenstahl Skulptur Gartenblatt<\/td>\n<\/tr>\n<tr>\n<td>Material<\/td>\n<td>Cortenstahl, Baustahl, usw.<\/td>\n<\/tr>\n<tr>\n<td>Farbe<\/td>\n<td>Pulverbeschichtet oder Rot verrostet<\/td>\n<\/tr>\n<tr>\n<td><strong>VERPACKUNG:<\/strong><\/td>\n<td>HOLZK\u00c4STCHEN<\/td>\n<\/tr>\n<tr>\n<td>Gebraucht<\/td>\n<td>Heimdekoration<\/td>\n<\/tr>\n<\/tbody>\n<\/table>\n<p>Warum sollten Sie sich f\u00fcr eine moderne Wandskulptur entscheiden?<\/p>\n<p>Moderne Wandskulpturen sind sehr langlebig. Sie sind aus hochwertigem, witterungsbest\u00e4ndigem Stahl gefertigt und halten einer Vielzahl von klimatischen Bedingungen stand, darunter Regen, Sonne, K\u00e4lte und Hitzewellen. Dieses dekorative Material ist eine ausgezeichnete Wahl f\u00fcr diejenigen, die eine Gartendekoration ben\u00f6tigen, die ihre \u00c4sthetik \u00fcber viele Jahre hinweg beibeh\u00e4lt.<\/p>\n<p>Die moderne Wandskulptur ist wundersch\u00f6n verziert. Dieses dekorative Material hat eine sehr einzigartige Form und helle Farben, die die Sch\u00f6nheit des Gartens verbessern k\u00f6nnen. Viele Menschen m\u00f6gen auch verwitternden Stahl Gartendekoration, weil es ein modernes Gef\u00fchl bringt und eine stilvolle Note in den Garten hinzuf\u00fcgen k\u00f6nnen.<\/p>\n<p>Dieses Dekorationsmaterial ist sehr umweltfreundlich. Aufgrund seiner langen Lebensdauer produziert es nicht zu viel Abfall und M\u00fcll. Da es sich bei dem Material um Stahl handelt, kann es au\u00dferdem zweimal verwendet werden und verursacht keine Umweltverschmutzung.<\/p>\n<p>Moderne Wandskulpturen sind auch sehr einfach zu installieren. Viele Marken bieten vorgefertigte Module und Komponenten f\u00fcr verschiedene Szenarien an, die der Nutzer je nach Bedarf frei kombinieren kann.<\/p>\n<p>Die Wahl einer Gartendekoration aus verwittertem Stahl ist eine positive, umweltfreundliche, sch\u00f6ne und dauerhafte Wahl. Sie kann grenzenlose Inspiration bringen und Ihren Garten noch bunter machen.<\/p>\n<p>Gartendekoration aus verwitterndem Stahl ist ein Material mit breitem Anwendungswert, das als dekorativer und versch\u00f6nernder Raum verwendet werden kann.<\/p>\n<div class=\"J_module\">\n<figure id=\"attachment_1112\" aria-describedby=\"caption-attachment-1112\" style=\"width: 500px\" class=\"wp-caption alignnone\"><a href=\"https:\/\/keweicorten.com\/de\/?attachment_id=1112\"><img fetchpriority=\"high\" decoding=\"async\" class=\"wp-image-1112\" title=\"gro\u00dfe Wandskulpturen\" src=\"https:\/\/keweicorten.com\/wp-content\/uploads\/2024\/09\/photobank-52-300x300.jpg\" alt=\"\" width=\"500\" height=\"500\" srcset=\"https:\/\/keweicorten.com\/wp-content\/uploads\/2024\/09\/photobank-52-300x300.jpg 300w, https:\/\/keweicorten.com\/wp-content\/uploads\/2024\/09\/photobank-52-150x150.jpg 150w, https:\/\/keweicorten.com\/wp-content\/uploads\/2024\/09\/photobank-52-12x12.jpg 12w, https:\/\/keweicorten.com\/wp-content\/uploads\/2024\/09\/photobank-52-600x600.jpg 600w, https:\/\/keweicorten.com\/wp-content\/uploads\/2024\/09\/photobank-52-100x100.jpg 100w, https:\/\/keweicorten.com\/wp-content\/uploads\/2024\/09\/photobank-52.jpg 700w\" sizes=\"(max-width: 500px) 100vw, 500px\" \/><\/a><figcaption id=\"caption-attachment-1112\" class=\"wp-caption-text\">gro\u00dfe Wandskulpturen<\/figcaption><\/figure>\n<div data-section=\"AliMagic-1caf3d\" data-section-title=\"Our Services\" data-spm-anchor-id=\"a2700.details.0.i38.5f3c554eic1XgH\">\n<figure id=\"attachment_1111\" aria-describedby=\"caption-attachment-1111\" style=\"width: 502px\" class=\"wp-caption alignnone\"><a href=\"https:\/\/keweicorten.com\/de\"><img decoding=\"async\" class=\"wp-image-1111\" title=\"Skulpturen zu verkaufen\" src=\"https:\/\/keweicorten.com\/wp-content\/uploads\/2024\/09\/photobank-109-300x300.jpg\" alt=\"\" width=\"502\" height=\"502\" srcset=\"https:\/\/keweicorten.com\/wp-content\/uploads\/2024\/09\/photobank-109-300x300.jpg 300w, https:\/\/keweicorten.com\/wp-content\/uploads\/2024\/09\/photobank-109-150x150.jpg 150w, https:\/\/keweicorten.com\/wp-content\/uploads\/2024\/09\/photobank-109-12x12.jpg 12w, https:\/\/keweicorten.com\/wp-content\/uploads\/2024\/09\/photobank-109-600x600.jpg 600w, https:\/\/keweicorten.com\/wp-content\/uploads\/2024\/09\/photobank-109-100x100.jpg 100w, https:\/\/keweicorten.com\/wp-content\/uploads\/2024\/09\/photobank-109.jpg 700w\" sizes=\"(max-width: 502px) 100vw, 502px\" \/><\/a><figcaption id=\"caption-attachment-1111\" class=\"wp-caption-text\">. Skulpturen zu verkaufen<\/figcaption><\/figure>\n<\/div>\n<div id=\"ali-anchor-AliMagic-1caf3d\" class=\"magic-7\" data-section=\"AliMagic-1caf3d\" data-section-title=\"Our Services\" data-spm-anchor-id=\"a2700.details.0.i38.5f3c554eic1XgH\">Unsere Dienstleistungen<\/div>\n<\/div>\n<div class=\"J_module\">\n<div class=\"detail-decorate-json-renderer-container\">\n<div class=\"magic-0\">\n<div class=\"magic-1\">\n<div class=\"magic-2\">\n<div class=\"magic-3\"><span class=\"magic-24\">Wir werden uns innerhalb einer Stunde bei Ihnen melden.<\/span><\/div>\n<div class=\"magic-3\"><span class=\"magic-24\">Sie k\u00f6nnen uns eine E-Mail schicken oder uns per Whatsapp kontaktieren, dann werden wir Ihnen so schnell wie m\u00f6glich antworten.<br \/>\n<\/span><\/div>\n<div><\/div>\n<div class=\"magic-3\"><span class=\"magic-24\">2. Customized Service kostenlos.<br \/>\nWenn Sie es nicht entworfen haben, wenden Sie sich bitte an uns, es wird ein professionelles Designer-Team zu Ihren Diensten sein.<br \/>\nWir k\u00f6nnen es genau so anpassen, wie Sie es w\u00fcnschen.<br \/>\n<\/span><\/div>\n<div><\/div>\n<div class=\"magic-3\"><span class=\"magic-24\">3. Wir werden den Kunden jeden Schritt im Prozess der Produktion erz\u00e4hlen. Wir k\u00f6nnen Bilder \u00fcber jeden Schritt in der Produktion, Verpackung nehmen.<br \/>\nWir k\u00f6nnen Ihnen die Bilder zur Best\u00e4tigung zusenden.<br \/>\n<\/span><\/div>\n<div><\/div>\n<div class=\"magic-3\"><span class=\"magic-24\">4. Wir k\u00f6nnen die besten Produkte und den aufmerksamsten Service anbieten.<br \/>\n<\/span><\/div>\n<div class=\"magic-3\"><\/div>\n<\/div>\n<\/div>\n<\/div>\n<\/div>\n<\/div>","protected":false},"excerpt":{"rendered":"<p>Moderne Wandskulpturen sind eine wunderbare M\u00f6glichkeit, jedem Raum Sch\u00f6nheit und Interesse zu verleihen. Ob Sie ein Haus oder ein Gesch\u00e4ft dekorieren, diese Art von Kunst kann Ihnen helfen, eine Atmosph\u00e4re zu schaffen, die einladend, inspirierend und aufbauend ist.<\/p>","protected":false},"featured_media":1113,"comment_status":"open","ping_status":"closed","template":"","meta":{"_eb_attr":"","_monsterinsights_skip_tracking":false,"_monsterinsights_sitenote_active":false,"_monsterinsights_sitenote_note":"","_monsterinsights_sitenote_category":0,"_uf_show_specific_survey":0,"_uf_disable_surveys":false},"product_brand":[],"product_cat":[62],"product_tag":[],"class_list":{"0":"post-1110","1":"product","2":"type-product","3":"status-publish","4":"has-post-thumbnail","6":"product_cat-corten-sculpture","8":"first","9":"instock","10":"shipping-taxable","11":"product-type-simple"},"_links":{"self":[{"href":"https:\/\/keweicorten.com\/de\/wp-json\/wp\/v2\/product\/1110"}],"collection":[{"href":"https:\/\/keweicorten.com\/de\/wp-json\/wp\/v2\/product"}],"about":[{"href":"https:\/\/keweicorten.com\/de\/wp-json\/wp\/v2\/types\/product"}],"replies":[{"embeddable":true,"href":"https:\/\/keweicorten.com\/de\/wp-json\/wp\/v2\/comments?post=1110"}],"version-history":[{"count":1,"href":"https:\/\/keweicorten.com\/de\/wp-json\/wp\/v2\/product\/1110\/revisions"}],"predecessor-version":[{"id":1114,"href":"https:\/\/keweicorten.com\/de\/wp-json\/wp\/v2\/product\/1110\/revisions\/1114"}],"wp:featuredmedia":[{"embeddable":true,"href":"https:\/\/keweicorten.com\/de\/wp-json\/wp\/v2\/media\/1113"}],"wp:attachment":[{"href":"https:\/\/keweicorten.com\/de\/wp-json\/wp\/v2\/media?parent=1110"}],"wp:term":[{"taxonomy":"product_brand","embeddable":true,"href":"https:\/\/keweicorten.com\/de\/wp-json\/wp\/v2\/product_brand?post=1110"},{"taxonomy":"product_cat","embeddable":true,"href":"https:\/\/keweicorten.com\/de\/wp-json\/wp\/v2\/product_cat?post=1110"},{"taxonomy":"product_tag","embeddable":true,"href":"https:\/\/keweicorten.com\/de\/wp-json\/wp\/v2\/product_tag?post=1110"}],"curies":[{"name":"wp","href":"https:\/\/api.w.org\/{rel}","templated":true}]}}