{"id":1131,"date":"2024-09-12T02:07:38","date_gmt":"2024-09-12T02:07:38","guid":{"rendered":"https:\/\/keweicorten.com\/?post_type=product&#038;p=1131"},"modified":"2025-01-15T06:15:32","modified_gmt":"2025-01-15T06:15:32","slug":"wasserspiel-aus-cortenstahl","status":"publish","type":"product","link":"https:\/\/keweicorten.com\/de\/wasserspiel-aus-cortenstahl\/","title":{"rendered":"Wasserspiel aus Cortenstahl"},"content":{"rendered":"<table>\n<tbody>\n<tr>\n<td valign=\"center\" width=\"223\"><a>Name<\/a><\/td>\n<td valign=\"center\" width=\"517\">Outdoor-Metall-Wasserfall-Brunnen gro\u00dfe Corten Stahl Wasser-Funktion Brunnen f\u00fcr Garten-Dekor<\/td>\n<\/tr>\n<tr>\n<td valign=\"center\" width=\"223\">Material<\/td>\n<td valign=\"center\" width=\"517\">\u00a0Rostfreier Stahl 304\/316,CORTEN<\/td>\n<\/tr>\n<tr>\n<td valign=\"center\" width=\"223\">Verwendung<\/td>\n<td valign=\"center\" width=\"517\">Garten, Parkdekoration<\/td>\n<\/tr>\n<tr>\n<td valign=\"center\" width=\"223\">Farbe<\/td>\n<td valign=\"center\" width=\"517\">Silber ,RUSTY<\/td>\n<\/tr>\n<tr>\n<td valign=\"center\" width=\"223\">Entw\u00fcrfe<\/td>\n<td valign=\"center\" width=\"517\">Alle Designs k\u00f6nnen angepasst werden<\/td>\n<\/tr>\n<tr>\n<td valign=\"center\" width=\"223\">MOQ<\/td>\n<td valign=\"center\" width=\"517\">1 St\u00fcck<\/td>\n<\/tr>\n<tr>\n<td rowspan=\"6\" valign=\"center\" width=\"223\">Vorteil<\/td>\n<td valign=\"center\" width=\"517\">Wir sind das Gesicht<\/td>\n<\/tr>\n<tr>\n<td valign=\"center\" width=\"517\">viele Erfahrungen in Herstellung und Export<\/td>\n<\/tr>\n<tr>\n<td valign=\"center\" width=\"517\">wir k\u00f6nnen den konkurrenzf\u00e4higen Preis anbieten<\/td>\n<\/tr>\n<tr>\n<td valign=\"center\" width=\"517\">Professionelles Design-Team<\/td>\n<\/tr>\n<tr>\n<td valign=\"center\" width=\"517\">Reiche Erfahrung als Spediteur f\u00fcr Luft, See oder Zug<\/td>\n<\/tr>\n<tr>\n<td valign=\"center\" width=\"517\">\u00a0Verkauf und Kundendienst<\/td>\n<\/tr>\n<tr>\n<td valign=\"center\" width=\"223\">Zahlungsbedingungen<\/td>\n<td valign=\"center\" width=\"517\">T\/T, Trade Assurance, Paypal, Western Union, Kreditkarte<\/td>\n<\/tr>\n<tr>\n<td valign=\"center\" width=\"223\">Verpacken<\/td>\n<td valign=\"center\" width=\"517\">Starke Holzkiste mit wasserdichtem und sto\u00dffestem Schaumstoff im Inneren<\/td>\n<\/tr>\n<tr>\n<td valign=\"center\" width=\"223\">Lieferfrist<\/td>\n<td valign=\"center\" width=\"517\">35-40 Tage nach Ablagerung nicht einschlie\u00dflich der Ton moud fix und best\u00e4tigen Zeit<\/td>\n<\/tr>\n<\/tbody>\n<\/table>\n<h2>Vorteile des Wasserspiels aus Cortenstahl<\/h2>\n<p>Dieses Cortenstahl-Wasserspiel aus Edelstahl\/Cortenstahl mit silberner oder rostiger Farbe ist absolut eine ideale Dekoration f\u00fcr Ihren privaten Garten. Einzigartige und atmosph\u00e4rische Struktur bringt Ihnen einen k\u00fchlen und komfortablen Sommer, Sie k\u00f6nnen sch\u00f6ne Gartenzeit mit Ihrer Familie und Freunden genie\u00dfen. Wir liefern veries von Stilen, Gr\u00f6\u00dfen und Material, die Sie f\u00fcr Sie wollen, Wir empfehlen Edelstahl oder wetterfesten Stahl.<\/p>\n<p><img fetchpriority=\"high\" decoding=\"async\" class=\"\" src=\"https:\/\/sc04.alicdn.com\/kf\/H48150a6b46654a21b8eb4ef77a3b7107X\/255157415\/H48150a6b46654a21b8eb4ef77a3b7107X.png\" width=\"587\" height=\"587\" \/><\/p>\n<h3>Ausgezeichnete Korrosionsbest\u00e4ndigkeit<\/h3>\n<p>Witterungsbest\u00e4ndiges Stahlmaterial nach spezieller Behandlung, hat eine starke Korrosionsbest\u00e4ndigkeit, kann einer Vielzahl von chemischen Substanzen und Umweltfaktoren widerstehen, besonders geeignet f\u00fcr raue industrielle Umgebung und chemische Standorte.<\/p>\n<h3>Witterungsbest\u00e4ndigkeit und Haltbarkeit<\/h3>\n<p>Wetterbest\u00e4ndiger Stahl hat eine gute Witterungsbest\u00e4ndigkeit, kann Wind und Regen, ultravioletten und anderen klimatischen Faktoren wirksam widerstehen, die Lebensdauer verl\u00e4ngern und die Wartungskosten erheblich reduzieren.<\/p>\n<p>Thermische Schutzleistung<br \/>\nWitterungsbest\u00e4ndiger Stahl kann die W\u00e4rmestrahlung wirksam isolieren und eignet sich f\u00fcr metallurgische und Hochtemperaturumgebungen im Arbeitsbereich, um Arbeiter und Ausr\u00fcstung vor Schaden zu sch\u00fctzen.<\/p>\n<h3>Staub- und L\u00e4rmminderung<\/h3>\n<p>Die Struktur des Wasservorhangs kann die Verbreitung von Staub, Rauch und anderen Partikeln wirksam verhindern, eine saubere Arbeitsumgebung schaffen und eine gewisse l\u00e4rmmindernde Wirkung haben.<\/p>\n<h3>\u00c4sthetik<\/h3>\n<p>Das Erscheinungsbild von wetterfestem Stahl ist modern und optisch ansprechend und kann in eine Vielzahl von architektonischen Stilen integriert werden, um die Gesamtsch\u00f6nheit des Geb\u00e4udes zu verbessern.<\/p>\n<h3>Geringe Wartungskosten<\/h3>\n<p>Aufgrund der Langlebigkeit und Korrosionsbest\u00e4ndigkeit von wetterfestem Stahl sind die Wartungs- und Ersatzteilkosten insgesamt sehr niedrig, und bei langfristiger Nutzung kann viel Geld gespart werden.<\/p>\n<h3>Schutz der Umwelt<\/h3>\n<p>Der witterungsbest\u00e4ndige Stahlvorhang kann Schadstoffe wirksam isolieren, die Ausbreitung von Schadstoffen verringern und die Anforderungen des Umweltschutzes w\u00e4hrend der Produktion und Nutzung erf\u00fcllen.<\/p>\n<h3>Hohe Sicherheit<\/h3>\n<p>Der Einsatz von witterungsbest\u00e4ndigen Stahlvorh\u00e4ngen kann die Sicherheit der Mitarbeiter und der Ausr\u00fcstung wirksam sch\u00fctzen, das Unfallrisiko verringern und eine sicherere Arbeitsumgebung f\u00fcr die Mitarbeiter schaffen.<\/p>\n<h3>Flexibilit\u00e4t der Anwendung<\/h3>\n<p>Der witterungsbest\u00e4ndige Stahlvorhang kann je nach Bedarf angepasst werden und eignet sich f\u00fcr eine Vielzahl von Orten, sei es in der Industrie, im Bauwesen oder im Umweltschutz, Sie k\u00f6nnen die entsprechende Anwendung finden.<\/p>\n<figure style=\"width: 750px\" class=\"wp-caption alignnone\"><a href=\"https:\/\/keweicorten.com\/de\"><img decoding=\"async\" title=\"Metall Corten Stahl Regenvorhang\" src=\"https:\/\/www.keweistove.com\/uploads\/39684\/products\/20240604160439b3453.jpg?size=750x0\" alt=\"Wasserfont\u00e4ne\" width=\"750\" height=\"535\" \/><\/a><figcaption class=\"wp-caption-text\">Metall Corten Stahl Regenvorhang<\/figcaption><\/figure>\n<table class=\"has-title hight-light-first-column all magic-29\" style=\"height: 148px;\" width=\"749\">\n<tbody>\n<tr>\n<td colspan=\"1\" rowspan=\"1\">\n<div class=\"magic-30\" data-spm-anchor-id=\"a2700.details.0.i43.43c8614cX0B5cl\">Name<\/div>\n<\/td>\n<td colspan=\"4\" rowspan=\"1\">\n<div class=\"magic-31\">Cortenstahl Gartenkunst Wassertisch Garten Wasserspiel Outdoor-Brunnen<\/div>\n<\/td>\n<\/tr>\n<tr>\n<td colspan=\"1\" rowspan=\"1\">\n<div class=\"magic-30\">Material<\/div>\n<\/td>\n<td colspan=\"4\" rowspan=\"1\">\n<div class=\"magic-31\">Cortenstahl<\/div>\n<\/td>\n<\/tr>\n<tr>\n<td colspan=\"1\" rowspan=\"1\">\n<div class=\"magic-30\">hei\u00df begehrte Typen<\/div>\n<\/td>\n<td colspan=\"4\" rowspan=\"1\">\n<div class=\"magic-31\">Wasserfont\u00e4ne, Regenvorhang, Wassertisch<\/div>\n<\/td>\n<\/tr>\n<tr>\n<td colspan=\"1\" rowspan=\"1\">\n<div class=\"magic-30\">angepasst<\/div>\n<\/td>\n<td colspan=\"4\" rowspan=\"1\">\n<div class=\"magic-34\">verf\u00fcgbar<\/div>\n<\/td>\n<\/tr>\n<\/tbody>\n<\/table>\n<figure style=\"width: 750px\" class=\"wp-caption alignnone\"><a href=\"https:\/\/keweicorten.com\/de\"><img decoding=\"async\" title=\"Metall Corten Stahl Regenvorhang\" src=\"https:\/\/www.keweistove.com\/uploads\/39684\/products\/p2024060415530822cfb.png?size=750x0\" alt=\"Metall Corten Stahl Regenvorhang\" width=\"750\" height=\"386\" \/><\/a><figcaption class=\"wp-caption-text\">Metall Corten Stahl Regenvorhang<\/figcaption><\/figure>\n<div class=\"J_module\">\n<div data-section=\"AliMagic-0xfsiv\" data-section-title=\"FAQ\" data-spm-anchor-id=\"a2700.details.0.i39.35342bacfqBWEo\"><\/div>\n<div id=\"ali-anchor-AliMagic-0xfsiv\" class=\"magic-0\" data-section=\"AliMagic-0xfsiv\" data-section-title=\"FAQ\" data-spm-anchor-id=\"a2700.details.0.i39.35342bacfqBWEo\">FAQ<\/div>\n<\/div>\n<div class=\"J_module\">\n<div class=\"detail-decorate-json-renderer-container\">\n<div class=\"magic-20\">\n<div class=\"magic-23\">\n<div class=\"magic-24\">\n<div class=\"magic-25\">\n<div class=\"magic-11\"><span class=\"magic-6\" style=\"font-family: Arial;\">F: Fertigen Sie ma\u00dfgeschneiderte Produkte auf der Grundlage unserer Konstruktionszeichnungen oder Ideen?<\/span><\/div>\n<div class=\"magic-11\" data-spm-anchor-id=\"a2700.details.0.i38.35342bacfqBWEo\">A: Ja.<\/div>\n<div><\/div>\n<div class=\"magic-11\">F: Wie hoch ist das MOQ?<\/div>\n<div class=\"magic-11\" data-spm-anchor-id=\"a2700.details.0.i37.35342bacfqBWEo\">A: Normalerweise legen wir kein MOQ fest, aber je mehr, desto billiger. Au\u00dferdem sind wir gl\u00fccklich, Prototyp oder Probe f\u00fcr Kunden zu machen, um Qualit\u00e4tsstandard zu gew\u00e4hrleisten.<\/div>\n<div class=\"magic-11\"><\/div>\n<div class=\"magic-11\">F: K\u00fcmmern Sie sich selbst um die Pulverbeschichtung?<\/div>\n<div class=\"magic-11\" data-spm-anchor-id=\"a2700.details.0.i40.35342bacfqBWEo\">A: Ja, wir sind ein professionelles Blechverarbeitungsunternehmen, das einen umfassenden Fertigungsservice einschlie\u00dflich Laserschneiden anbietet.<\/div>\n<div class=\"magic-11\"><\/div>\n<div class=\"magic-11\">F: K\u00f6nnen Sie uns bei der Lagerhaltung helfen?<\/div>\n<div class=\"magic-11\"><span class=\"magic-22\">A: Sicher.<\/span><\/div>\n<\/div>\n<\/div>\n<\/div>\n<\/div>\n<\/div>\n<\/div>","protected":false},"excerpt":{"rendered":"<p>Wir haben uns darauf spezialisiert, qualitativ hochwertige wetterfeste Stahlvorh\u00e4nge f\u00fcr eine Vielzahl von industriellen Umgebungen zu liefern, um Sicherheit und Haltbarkeit zu gew\u00e4hrleisten.<\/p>","protected":false},"featured_media":1132,"comment_status":"open","ping_status":"closed","template":"","meta":{"_eb_attr":"","_monsterinsights_skip_tracking":false,"_monsterinsights_sitenote_active":false,"_monsterinsights_sitenote_note":"","_monsterinsights_sitenote_category":0,"_uf_show_specific_survey":0,"_uf_disable_surveys":false},"product_brand":[],"product_cat":[56],"product_tag":[],"class_list":{"0":"post-1131","1":"product","2":"type-product","3":"status-publish","4":"has-post-thumbnail","6":"product_cat-water-feature","8":"first","9":"instock","10":"shipping-taxable","11":"product-type-simple"},"_links":{"self":[{"href":"https:\/\/keweicorten.com\/de\/wp-json\/wp\/v2\/product\/1131"}],"collection":[{"href":"https:\/\/keweicorten.com\/de\/wp-json\/wp\/v2\/product"}],"about":[{"href":"https:\/\/keweicorten.com\/de\/wp-json\/wp\/v2\/types\/product"}],"replies":[{"embeddable":true,"href":"https:\/\/keweicorten.com\/de\/wp-json\/wp\/v2\/comments?post=1131"}],"version-history":[{"count":4,"href":"https:\/\/keweicorten.com\/de\/wp-json\/wp\/v2\/product\/1131\/revisions"}],"predecessor-version":[{"id":1136,"href":"https:\/\/keweicorten.com\/de\/wp-json\/wp\/v2\/product\/1131\/revisions\/1136"}],"wp:featuredmedia":[{"embeddable":true,"href":"https:\/\/keweicorten.com\/de\/wp-json\/wp\/v2\/media\/1132"}],"wp:attachment":[{"href":"https:\/\/keweicorten.com\/de\/wp-json\/wp\/v2\/media?parent=1131"}],"wp:term":[{"taxonomy":"product_brand","embeddable":true,"href":"https:\/\/keweicorten.com\/de\/wp-json\/wp\/v2\/product_brand?post=1131"},{"taxonomy":"product_cat","embeddable":true,"href":"https:\/\/keweicorten.com\/de\/wp-json\/wp\/v2\/product_cat?post=1131"},{"taxonomy":"product_tag","embeddable":true,"href":"https:\/\/keweicorten.com\/de\/wp-json\/wp\/v2\/product_tag?post=1131"}],"curies":[{"name":"wp","href":"https:\/\/api.w.org\/{rel}","templated":true}]}}