{"id":1143,"date":"2024-09-12T03:32:05","date_gmt":"2024-09-12T03:32:05","guid":{"rendered":"https:\/\/keweicorten.com\/?post_type=product&#038;p=1143"},"modified":"2025-01-15T06:15:15","modified_gmt":"2025-01-15T06:15:15","slug":"garteneinfassung","status":"publish","type":"product","link":"https:\/\/keweicorten.com\/de\/garteneinfassung\/","title":{"rendered":"Landschaftseinfassungen aus Corten"},"content":{"rendered":"<div class=\"text-title\">\n<figure style=\"width: 750px\" class=\"wp-caption alignnone\"><a href=\"https:\/\/keweicorten.com\/de\/kontaktieren-sie-uns\/\"><img fetchpriority=\"high\" decoding=\"async\" title=\"Landschaftseinfassungen aus Corten\" src=\"https:\/\/sc04.alicdn.com\/kf\/A4a230982885047639f8ccbda507af4993\/276435419\/A4a230982885047639f8ccbda507af4993.jpg\" alt=\"Landschaftseinfassungen aus Corten\" width=\"750\" height=\"454\" \/><\/a><figcaption class=\"wp-caption-text\">Landschaftseinfassungen aus Corten<\/figcaption><\/figure>\n<h2 class=\"magic-9\"><b class=\"magic-22\"><span class=\"magic-10\" style=\"color: #000000;\" data-spm-anchor-id=\"a2700.details.0.i40.6227b6fedKS63A\">Cortenstahl Anwendung:<\/span><\/b><\/h2>\n<\/div>\n<div class=\"text-content\">\n<p><span class=\"magic-15\" style=\"color: #000000;\" data-spm-anchor-id=\"a2700.details.0.i49.6227b6fedKS63A\">Cortenstahl ist wetterfester Stahl, ein korrosionsbest\u00e4ndiger Stahl, der im unbeschichteten Zustand eine Patina entwickelt.\u00a0<\/span><\/p>\n<div><span style=\"color: #000000;\"><br \/>\n<\/span><\/p>\n<div><span style=\"color: #000000;\">Es handelt sich um eine hochfeste Stahllegierung, die \u00fcberall dort eingesetzt wird, wo eine h\u00f6here Festigkeit und eine l\u00e4ngere Lebensdauer des Materials gew\u00fcnscht wird.<\/span><\/div>\n<div>\n<table style=\"height: 212px;\" width=\"746\">\n<tbody>\n<tr>\n<td colspan=\"1\" rowspan=\"1\">\n<div data-spm-anchor-id=\"a2700.details.0.i42.448a13b5E0l0Oz\">Produktname<\/div>\n<\/td>\n<td colspan=\"1\" rowspan=\"1\">\n<div>Verzinkt&amp;CORTEN Stahl Schwarz pulverbeschichtet Stahl Landschaftseinfassung<\/div>\n<\/td>\n<\/tr>\n<tr>\n<td colspan=\"1\" rowspan=\"1\">\n<div>Material<\/div>\n<\/td>\n<td colspan=\"1\" rowspan=\"1\">\n<div>Cortenstahl, verzinkter Stahl, etc.<\/div>\n<\/td>\n<\/tr>\n<tr>\n<td colspan=\"1\" rowspan=\"1\">\n<div data-spm-anchor-id=\"a2700.details.0.i41.448a13b5E0l0Oz\">Gr\u00f6\u00dfe<\/div>\n<\/td>\n<td colspan=\"1\" rowspan=\"1\">\n<div>100mm, 150mm Fl\u00e4che oder kundenspezifisch gefertigt<\/div>\n<\/td>\n<\/tr>\n<tr>\n<td colspan=\"1\" rowspan=\"1\">\n<div>Spikes<\/div>\n<\/td>\n<td colspan=\"1\" rowspan=\"1\">\n<div>Mit oder ohne<\/div>\n<\/td>\n<\/tr>\n<tr>\n<td colspan=\"1\" rowspan=\"1\">\n<div>Farbe<\/div>\n<\/td>\n<td colspan=\"1\" rowspan=\"1\">\n<div>Naturstahl, verschiedene Farben<\/div>\n<\/td>\n<\/tr>\n<tr>\n<td colspan=\"1\" rowspan=\"1\">\n<div>Pflanzen<\/div>\n<\/td>\n<td colspan=\"1\" rowspan=\"1\">\n<div>Gr\u00fcnpflanzen, Kunstpflanzen<\/div>\n<\/td>\n<\/tr>\n<\/tbody>\n<\/table>\n<\/div>\n<div>\n<figure style=\"width: 750px\" class=\"wp-caption alignnone\"><a href=\"https:\/\/keweicorten.com\/de\/kontaktieren-sie-uns\/\"><img decoding=\"async\" title=\"Landschaftseinfassungen aus Cortenstahl\" src=\"https:\/\/sc02.alicdn.com\/kf\/H650f0e63dacb4e35bd6d646fd2d0975cK\/235950374\/H650f0e63dacb4e35bd6d646fd2d0975cK.jpg\" alt=\"Landschaftseinfassungen aus Cortenstahl\" width=\"750\" height=\"404\" \/><\/a><figcaption class=\"wp-caption-text\">Landschaftseinfassungen aus Cortenstahl<\/figcaption><\/figure>\n<\/div>\n<h2>WIE MAN INSTALLIERT<\/h2>\n<p>Die Spike auf Corten Landschaft Kanten schneiden durch Schmutz mit Leichtigkeit. Jeder Streifen kann in weniger als 1 Minute installiert werden und h\u00e4lt sich selbst fest an Ort und Stelle, Es ist unglaublich einfach zu installieren - in der Tat, die einzigen Werkzeuge, die Sie ben\u00f6tigen, sind ein Block von 4\u2033 x 2\u2033 Holz und Hammer.<\/p>\n<figure style=\"width: 635px\" class=\"wp-caption alignnone\"><a href=\"https:\/\/keweicorten.com\/de\/kontaktieren-sie-uns\/\"><img decoding=\"async\" title=\"Corten-Rasenkanten\" src=\"https:\/\/sc04.alicdn.com\/kf\/HTB1kC8LQFXXXXcTXFXXq6xXFXXX5\/223026859\/HTB1kC8LQFXXXXcTXFXXq6xXFXXX5.jpg\" alt=\"Corten-Rasenkanten\" width=\"635\" height=\"477\" \/><\/a><figcaption class=\"wp-caption-text\">Corten-Rasenkanten<\/figcaption><\/figure>\n<p>Das Set aus Cortenstahl f\u00fcr den Au\u00dfenbereich ist ein einladender Blickfang f\u00fcr Ihren Lebensraum im Freien. Die Einfassungen aus haltbarem Stahl mit rostiger Oberfl\u00e4che haben ein einfaches Design mit Stacheln. Die Einfassungen vermitteln eine moderne, rustikale Ausstrahlung, die Ihre Terrasse und Ihren Terrassenbereich aufwertet. Nutzen Sie diese Einfassungen und Pflanzgef\u00e4\u00dfe, um Ihre Str\u00e4ucher oder Blumen unterzubringen. Perfekt als Set und noch besser, wenn Sie sie zu mehreren verwenden.<\/p>\n<h2>Einige Vorteile von <span class=\"keyword _ngcontent-dwf-109\" aria-hidden=\"false\">Cortenstahlkanten <\/span>im Gartenbau:<\/h2>\n<p>Korrosionsbest\u00e4ndigkeit<br \/>\nCortenstahl hat eine gute Korrosionsbest\u00e4ndigkeit und bildet einen sch\u00fctzenden Korrosionsfilm auf seiner Oberfl\u00e4che, der weitere Korrosion wirksam verhindern und seine langfristige Stabilit\u00e4t gew\u00e4hrleisten kann, auch im Umgang mit feuchten Umgebungen und Chemikalien im Boden.<\/p>\n<p>\u00c4sthetik<\/p>\n<p>Strukturelle Stabilit\u00e4t<br \/>\nAufgrund ihrer hohen Festigkeit und Steifigkeit st\u00fctzen Corten-St\u00fctzplatten den Boden wirksam, verhindern Bodenerosion und -abtrag und gew\u00e4hrleisten die langfristige Stabilit\u00e4t von Gartenbauprojekten.<\/p>\n<p>Geringe Wartungskosten<br \/>\nCortenstahl hat einen geringeren Wartungsbedarf als andere Materialien.<\/p>\n<p>Schutz der Umwelt<\/p>\n<p>Vielseitigkeit<br \/>\nGrenzen und Abgrenzungen oder Landschaftsgebiete.<br \/>\nVerst\u00e4rkte Entlastung<br \/>\nBlumenbeete oder Gem\u00fcseg\u00e4rten<\/p>\n<p>Einfach zu installieren<br \/>\nCortenstahl kann je nach Bedarf in verschiedene Formen und Gr\u00f6\u00dfen geschnitten werden.<\/p>\n<\/div>\n<\/div>","protected":false},"excerpt":{"rendered":"<p>Entdecken Sie unsere Corten-Randprodukte f\u00fcr langlebige und \u00e4sthetisch ansprechende Gartenl\u00f6sungen. Versch\u00f6nern Sie Ihren Au\u00dfenbereich und genie\u00dfen Sie dauerhafte Qualit\u00e4t mit einzigartigem Design.<\/p>","protected":false},"featured_media":1144,"comment_status":"open","ping_status":"closed","template":"","meta":{"_eb_attr":"","_monsterinsights_skip_tracking":false,"_monsterinsights_sitenote_active":false,"_monsterinsights_sitenote_note":"","_monsterinsights_sitenote_category":0,"_uf_show_specific_survey":0,"_uf_disable_surveys":false},"product_brand":[],"product_cat":[58],"product_tag":[],"class_list":{"0":"post-1143","1":"product","2":"type-product","3":"status-publish","4":"has-post-thumbnail","6":"product_cat-garden-edging","8":"first","9":"instock","10":"shipping-taxable","11":"product-type-simple"},"_links":{"self":[{"href":"https:\/\/keweicorten.com\/de\/wp-json\/wp\/v2\/product\/1143"}],"collection":[{"href":"https:\/\/keweicorten.com\/de\/wp-json\/wp\/v2\/product"}],"about":[{"href":"https:\/\/keweicorten.com\/de\/wp-json\/wp\/v2\/types\/product"}],"replies":[{"embeddable":true,"href":"https:\/\/keweicorten.com\/de\/wp-json\/wp\/v2\/comments?post=1143"}],"version-history":[{"count":2,"href":"https:\/\/keweicorten.com\/de\/wp-json\/wp\/v2\/product\/1143\/revisions"}],"predecessor-version":[{"id":1878,"href":"https:\/\/keweicorten.com\/de\/wp-json\/wp\/v2\/product\/1143\/revisions\/1878"}],"wp:featuredmedia":[{"embeddable":true,"href":"https:\/\/keweicorten.com\/de\/wp-json\/wp\/v2\/media\/1144"}],"wp:attachment":[{"href":"https:\/\/keweicorten.com\/de\/wp-json\/wp\/v2\/media?parent=1143"}],"wp:term":[{"taxonomy":"product_brand","embeddable":true,"href":"https:\/\/keweicorten.com\/de\/wp-json\/wp\/v2\/product_brand?post=1143"},{"taxonomy":"product_cat","embeddable":true,"href":"https:\/\/keweicorten.com\/de\/wp-json\/wp\/v2\/product_cat?post=1143"},{"taxonomy":"product_tag","embeddable":true,"href":"https:\/\/keweicorten.com\/de\/wp-json\/wp\/v2\/product_tag?post=1143"}],"curies":[{"name":"wp","href":"https:\/\/api.w.org\/{rel}","templated":true}]}}