{"id":1159,"date":"2024-09-12T08:59:48","date_gmt":"2024-09-12T08:59:48","guid":{"rendered":"https:\/\/keweicorten.com\/?post_type=product&#038;p=1159"},"modified":"2025-01-15T06:27:40","modified_gmt":"2025-01-15T06:27:40","slug":"feuerschale-aus-cortenstahl","status":"publish","type":"product","link":"https:\/\/keweicorten.com\/de\/feuerschale-aus-cortenstahl\/","title":{"rendered":"Feuerschale aus Cortenstahl"},"content":{"rendered":"<h2><strong>Vorteile einer Cortenstahl-Feuerschale<\/strong><\/h2>\n<ol>\n<li><strong>Dauerhaftigkeit<\/strong>: Cortenstahl ist \u00e4u\u00dferst langlebig und korrosionsbest\u00e4ndig, da er eine sch\u00fctzende Rostschicht bildet. Diese Patina sch\u00fctzt den Stahl vor weiteren Witterungssch\u00e4den, so dass die Feuerschale rauen Witterungsbedingungen standhalten kann, ohne Schaden zu nehmen.<\/li>\n<li><strong>\u00c4sthetische Anziehungskraft<\/strong>: Die satten, erdigen T\u00f6ne der rostigen Oberfl\u00e4che erzeugen ein warmes, rustikales Aussehen, das sich gut in die nat\u00fcrliche Umgebung einf\u00fcgt. Mit der Zeit nimmt die Feuerschale ein reiferes und strukturierteres Aussehen an und wird so zu einem Blickfang in G\u00e4rten, auf Terrassen oder Terrassen.<\/li>\n<li><strong>Geringe Wartung<\/strong>: Im Gegensatz zu herk\u00f6mmlichen Feuerstellen aus Stahl, die h\u00e4ufig neu gestrichen oder gegen Korrosion behandelt werden m\u00fcssen, sind Corten-Feuerschalen praktisch wartungsfrei. Die Rostschicht dient als Schutz und reduziert die Notwendigkeit der Instandhaltung.<\/li>\n<li><strong>Hitzebest\u00e4ndigkeit<\/strong>: Cortenstahl hat eine ausgezeichnete Hitzebest\u00e4ndigkeit und ist daher ideal f\u00fcr Feuerstellen. Er kann hohen Temperaturen standhalten, ohne sich zu verformen oder zu brechen, und ist somit langfristig einsetzbar.<\/li>\n<li><strong>Nachhaltigkeit<\/strong>: Corten-Feuerschalen sind umweltfreundlich, da sie aus recycelbarem Stahl hergestellt werden und eine lange Lebensdauer haben, wodurch weniger Abfall anf\u00e4llt und weniger Ersatz ben\u00f6tigt wird.<\/li>\n<\/ol>\n<figure style=\"width: 750px\" class=\"wp-caption alignnone\"><a href=\"https:\/\/keweicorten.com\/de\/kontaktieren-sie-uns\/\"><img fetchpriority=\"high\" decoding=\"async\" title=\"Cortenholz-Kamin\" src=\"http:\/\/sc04.alicdn.com\/kf\/H77c1eb0f864d442bafb1efb104310746P\/252624420\/H77c1eb0f864d442bafb1efb104310746P.jpg\" alt=\"Cortenholz-Kamin\" width=\"750\" height=\"321\" \/><\/a><figcaption class=\"wp-caption-text\">Cortenholz-Kamin<\/figcaption><\/figure>\n<h2><strong>Anwendungen einer Corten-Feuerschale<\/strong><\/h2>\n<ol>\n<li><strong>Feuerstellen im Freien<\/strong>: Feuerschalen aus Corten eignen sich perfekt f\u00fcr den Au\u00dfenbereich und bieten W\u00e4rme und einen Treffpunkt f\u00fcr Freunde und Familie. Ihr zeitloses Design passt zu modernen, rustikalen und industriell gepr\u00e4gten Landschaften.<\/li>\n<li><strong>Garten- oder Terrassendekoration<\/strong>: Diese Feuerschalen k\u00f6nnen als dekorative Elemente verwendet werden, auch wenn sie nicht in Gebrauch sind. Ihr nat\u00fcrliches, verrostetes Aussehen verleiht G\u00e4rten, Terrassen oder H\u00f6fen Charakter und dient sowohl als funktionales als auch als \u00e4sthetisches Element.<\/li>\n<li><strong>Kommerzielle R\u00e4ume<\/strong>: Corten-Feuerschalen werden auch in gewerblichen R\u00e4umen wie Restaurants, Hotels und \u00f6ffentlichen Parks verwendet. Aufgrund ihrer auff\u00e4lligen Optik und ihrer Langlebigkeit eignen sie sich f\u00fcr die Gestaltung von Feuerelementen im Au\u00dfenbereich.<\/li>\n<\/ol>\n<figure style=\"width: 743px\" class=\"wp-caption alignnone\"><a href=\"https:\/\/keweicorten.com\/de\"><img decoding=\"async\" title=\"Cortenstahl-Kaminsch\u00fcssel\" src=\"https:\/\/sc04.alicdn.com\/kf\/H14ba7ae6c2fc4278a692757a35209734O\/268101461\/H14ba7ae6c2fc4278a692757a35209734O.jpg\" alt=\"Cortenstahl-Kaminsch\u00fcssel\" width=\"743\" height=\"507\" \/><\/a><figcaption class=\"wp-caption-text\">Cortenstahl-Kaminsch\u00fcssel<\/figcaption><\/figure>\n<h2><strong>Pflege und Wartung<\/strong><\/h2>\n<p>Corten-Feuerschalen sind zwar wartungsarm, aber es ist wichtig, sie zu pflegen:<\/p>\n<ul>\n<li>Stellen Sie sie an einen gut bel\u00fcfteten Ort, damit sich die Patina gleichm\u00e4\u00dfig entwickeln kann.<\/li>\n<li>Vermeiden Sie es, die Sch\u00fcssel mit scharfen Chemikalien zu reinigen, da dies die Rostschutzschicht besch\u00e4digen kann.<\/li>\n<li>Entfernen Sie regelm\u00e4\u00dfig Asche und Ablagerungen, um Ablagerungen zu vermeiden und den Luftstrom w\u00e4hrend des Betriebs zu verbessern.<\/li>\n<\/ul>","protected":false},"excerpt":{"rendered":"<p>Eine Feuerstelle ist eine sichere und solide Methode, um das rustikale Gef\u00fchl eines Lagerfeuers in Ihren Garten, auf Ihre Terrasse oder Ihren Innenhof zu bringen, und bietet das ganze Jahr \u00fcber einen magischen Mittelpunkt, um den sich Freunde und Familienmitglieder versammeln k\u00f6nnen.<\/p>","protected":false},"featured_media":1160,"comment_status":"open","ping_status":"closed","template":"","meta":{"_eb_attr":"","_monsterinsights_skip_tracking":false,"_monsterinsights_sitenote_active":false,"_monsterinsights_sitenote_note":"","_monsterinsights_sitenote_category":0,"_uf_show_specific_survey":0,"_uf_disable_surveys":false},"product_brand":[],"product_cat":[54],"product_tag":[],"class_list":{"0":"post-1159","1":"product","2":"type-product","3":"status-publish","4":"has-post-thumbnail","6":"product_cat-wood-fire-pit","8":"first","9":"instock","10":"shipping-taxable","11":"product-type-simple"},"_links":{"self":[{"href":"https:\/\/keweicorten.com\/de\/wp-json\/wp\/v2\/product\/1159"}],"collection":[{"href":"https:\/\/keweicorten.com\/de\/wp-json\/wp\/v2\/product"}],"about":[{"href":"https:\/\/keweicorten.com\/de\/wp-json\/wp\/v2\/types\/product"}],"replies":[{"embeddable":true,"href":"https:\/\/keweicorten.com\/de\/wp-json\/wp\/v2\/comments?post=1159"}],"version-history":[{"count":1,"href":"https:\/\/keweicorten.com\/de\/wp-json\/wp\/v2\/product\/1159\/revisions"}],"predecessor-version":[{"id":1161,"href":"https:\/\/keweicorten.com\/de\/wp-json\/wp\/v2\/product\/1159\/revisions\/1161"}],"wp:featuredmedia":[{"embeddable":true,"href":"https:\/\/keweicorten.com\/de\/wp-json\/wp\/v2\/media\/1160"}],"wp:attachment":[{"href":"https:\/\/keweicorten.com\/de\/wp-json\/wp\/v2\/media?parent=1159"}],"wp:term":[{"taxonomy":"product_brand","embeddable":true,"href":"https:\/\/keweicorten.com\/de\/wp-json\/wp\/v2\/product_brand?post=1159"},{"taxonomy":"product_cat","embeddable":true,"href":"https:\/\/keweicorten.com\/de\/wp-json\/wp\/v2\/product_cat?post=1159"},{"taxonomy":"product_tag","embeddable":true,"href":"https:\/\/keweicorten.com\/de\/wp-json\/wp\/v2\/product_tag?post=1159"}],"curies":[{"name":"wp","href":"https:\/\/api.w.org\/{rel}","templated":true}]}}