{"id":1181,"date":"2024-09-13T02:01:10","date_gmt":"2024-09-13T02:01:10","guid":{"rendered":"https:\/\/keweicorten.com\/?post_type=product&#038;p=1181"},"modified":"2025-01-15T06:27:31","modified_gmt":"2025-01-15T06:27:31","slug":"gas-feuerstelle-im-freien","status":"publish","type":"product","link":"https:\/\/keweicorten.com\/de\/gas-feuerstelle-im-freien\/","title":{"rendered":"Gas-Feuerstelle im Freien"},"content":{"rendered":"<h2>Vorteile der Corten-Gas-Feuerstelle\uff1a<\/h2>\n<ul>\n<li>\u00a0Korrosionsbest\u00e4ndigkeit: Cortenstahl (auch korrodierter Stahl genannt) bildet eine sch\u00fctzende Rostschicht, wenn er Luft und Wasser ausgesetzt wird, und verhindert so eine weitere Korrosion des inneren Stahls. Dadurch haben Corten-Feuerstellen eine l\u00e4ngere Lebensdauer in Au\u00dfenbereichen.<\/li>\n<li>\u00a0Einzigartiges Erscheinungsbild: Die Rostfarbe des Cortenstahls verleiht der Feuerstelle eine einzigartige Sch\u00f6nheit, und dieser nat\u00fcrliche Rosteffekt verleiht einer Terrasse oder einem Innenhof eine k\u00fcnstlerische Note.<\/li>\n<li>\u00a0Hohe Temperaturbest\u00e4ndigkeit: Cortenstahl kann hohen Temperaturen standhalten, so dass er sich bei der Verwendung von Gasflammen nicht leicht verformt oder besch\u00e4digt wird.<\/li>\n<li>\u00a0Geringe Wartung: Im Vergleich zu anderen Materialien, Corten Feuerstelle erfordert nicht viel Wartung, nur regelm\u00e4\u00dfige Reinigung und Inspektion k\u00f6nnen Wartungskosten und Zeit sparen.<\/li>\n<li>\u00a0Umweltfreundliches Material: Cortenstahl ist ein recycelbares Material, und die Feuerstelle aus diesem Material ist umweltfreundlicher.<\/li>\n<li>Vielseitigkeit: Die Corten-Gas-Feuerstelle kann nicht nur W\u00e4rme spenden, sondern auch als Treffpunkt und soziales Zentrum im Freien dienen und so den Nutzwert des Au\u00dfenbereichs erh\u00f6hen.<\/li>\n<li>Einfach zu entz\u00fcnden und zu kontrollieren: Im Vergleich zum Holzkamin z\u00fcndet der Gaskamin schneller, die Flammenintensit\u00e4t ist besser kontrollierbar und der Benutzer kann die Flammengr\u00f6\u00dfe nach Bedarf einstellen.<\/li>\n<\/ul>\n<table style=\"height: 213px;\" border=\"1\" width=\"648\">\n<tbody>\n<tr>\n<td><span data-spm-anchor-id=\"a2700.details.0.i39.19b054e3u6wk7f\">Name des Produkts<\/span><\/td>\n<td>Vintage Rechteckige Outdoor Corten Stahl Feuerstelle<\/td>\n<\/tr>\n<tr>\n<td>Material<\/td>\n<td>Cortenstahl<\/td>\n<\/tr>\n<tr>\n<td>Gr\u00f6\u00dfe<\/td>\n<td>600-1500mm oder kundenspezifisch<\/td>\n<\/tr>\n<tr>\n<td>Oberfl\u00e4che<\/td>\n<td data-spm-anchor-id=\"a2700.details.0.i40.19b054e3u6wk7f\">Rostig rot<\/td>\n<\/tr>\n<tr>\n<td>Technologie<\/td>\n<td>Laserschneiden, Biegen, Stanzen, Schwei\u00dfen.<\/td>\n<\/tr>\n<tr>\n<td>Anmeldung<\/td>\n<td>Dekoration von Au\u00dfenanlagen und Gartenh\u00f6fen<\/td>\n<\/tr>\n<tr>\n<td>Bemerkungen<\/td>\n<td>Jede Feuerstelle kann in Farbe, Gr\u00f6\u00dfe und Muster angepasst werden.<\/td>\n<\/tr>\n<\/tbody>\n<\/table>\n<figure style=\"width: 647px\" class=\"wp-caption alignnone\"><a href=\"https:\/\/keweicorten.com\/de\/kontaktieren-sie-uns\/\"><img fetchpriority=\"high\" decoding=\"async\" title=\"Gas-Feuerstelle\" src=\"https:\/\/sc04.alicdn.com\/kf\/H55b70dd04cc642b2b0d4458090f7b11eF\/268101461\/H55b70dd04cc642b2b0d4458090f7b11eF.jpg\" alt=\"\" width=\"647\" height=\"555\" \/><\/a><figcaption class=\"wp-caption-text\">Gas-Feuerstelle<\/figcaption><\/figure>\n<figure style=\"width: 648px\" class=\"wp-caption alignnone\"><a href=\"https:\/\/keweicorten.com\/de\"><img decoding=\"async\" title=\"Cortengas-Kamin\" src=\"https:\/\/sc04.alicdn.com\/kf\/He746143a3b404a47a119dab8bba07fc1n\/268101461\/He746143a3b404a47a119dab8bba07fc1n.jpg\" alt=\"\" width=\"648\" height=\"486\" \/><\/a><figcaption class=\"wp-caption-text\">Cortengas-Kamin<\/figcaption><\/figure>\n<div class=\"J_module\">\n<div class=\"detail-decorate-json-renderer-container\">\n<div class=\"magic-0\">\n<div class=\"magic-1\">\n<div class=\"magic-2\">\n<h2 class=\"magic-3\"><b data-spm-anchor-id=\"a2700.details.0.i40.33572cfbTrBe22\">Was ist eine Rostbehandlung (Cortenstahl-Verwitterungsprozess) f\u00fcr Cortenstahl? <\/b><\/h2>\n<div class=\"magic-3\">Es dauert in der Regel lange, bis sich die stabile Rostschicht von Natur aus bildet. Dies beeintr\u00e4chtigt die Verwendung des wetterfesten Stahls erheblich.<\/div>\n<\/div>\n<\/div>\n<\/div>\n<\/div>\n<\/div>\n<div class=\"J_module\">\n<div class=\"icbu-pc-images magic-4\">\n<div>\n<div class=\"flex-layout-v\">\n<div class=\"flex-layout-h magic-4\">\n<div class=\"magic-22\">\n<figure style=\"width: 667px\" class=\"wp-caption alignnone\"><a href=\"https:\/\/keweicorten.com\/de\"><img decoding=\"async\" class=\"magic-23\" title=\"Corten\" src=\"https:\/\/sc04.alicdn.com\/kf\/H495922a4f0e344cc829e873e73ac2f33N\/268101461\/H495922a4f0e344cc829e873e73ac2f33N.jpg\" alt=\"\" width=\"667\" height=\"750\" data-src=\"\/\/sc04.alicdn.com\/kf\/H495922a4f0e344cc829e873e73ac2f33N\/268101461\/H495922a4f0e344cc829e873e73ac2f33N.jpg\" \/><\/a><figcaption class=\"wp-caption-text\">Corten<\/figcaption><\/figure>\n<\/div>\n<\/div>\n<\/div>\n<\/div>\n<\/div>\n<\/div>","protected":false},"excerpt":{"rendered":"<p>Diese Vorteile machen die Corten-Gas-Feuerstelle zu einer beliebten Wahl f\u00fcr moderne Outdoor-Spaces.<\/p>","protected":false},"featured_media":1182,"comment_status":"open","ping_status":"closed","template":"","meta":{"_eb_attr":"","_monsterinsights_skip_tracking":false,"_monsterinsights_sitenote_active":false,"_monsterinsights_sitenote_note":"","_monsterinsights_sitenote_category":0,"_uf_show_specific_survey":0,"_uf_disable_surveys":false},"product_brand":[],"product_cat":[55],"product_tag":[],"class_list":{"0":"post-1181","1":"product","2":"type-product","3":"status-publish","4":"has-post-thumbnail","6":"product_cat-gas-fire-pit","8":"first","9":"instock","10":"shipping-taxable","11":"product-type-simple"},"_links":{"self":[{"href":"https:\/\/keweicorten.com\/de\/wp-json\/wp\/v2\/product\/1181"}],"collection":[{"href":"https:\/\/keweicorten.com\/de\/wp-json\/wp\/v2\/product"}],"about":[{"href":"https:\/\/keweicorten.com\/de\/wp-json\/wp\/v2\/types\/product"}],"replies":[{"embeddable":true,"href":"https:\/\/keweicorten.com\/de\/wp-json\/wp\/v2\/comments?post=1181"}],"version-history":[{"count":1,"href":"https:\/\/keweicorten.com\/de\/wp-json\/wp\/v2\/product\/1181\/revisions"}],"predecessor-version":[{"id":1184,"href":"https:\/\/keweicorten.com\/de\/wp-json\/wp\/v2\/product\/1181\/revisions\/1184"}],"wp:featuredmedia":[{"embeddable":true,"href":"https:\/\/keweicorten.com\/de\/wp-json\/wp\/v2\/media\/1182"}],"wp:attachment":[{"href":"https:\/\/keweicorten.com\/de\/wp-json\/wp\/v2\/media?parent=1181"}],"wp:term":[{"taxonomy":"product_brand","embeddable":true,"href":"https:\/\/keweicorten.com\/de\/wp-json\/wp\/v2\/product_brand?post=1181"},{"taxonomy":"product_cat","embeddable":true,"href":"https:\/\/keweicorten.com\/de\/wp-json\/wp\/v2\/product_cat?post=1181"},{"taxonomy":"product_tag","embeddable":true,"href":"https:\/\/keweicorten.com\/de\/wp-json\/wp\/v2\/product_tag?post=1181"}],"curies":[{"name":"wp","href":"https:\/\/api.w.org\/{rel}","templated":true}]}}