{"id":1185,"date":"2024-09-13T02:16:19","date_gmt":"2024-09-13T02:16:19","guid":{"rendered":"https:\/\/keweicorten.com\/?post_type=product&#038;p=1185"},"modified":"2025-01-15T06:27:24","modified_gmt":"2025-01-15T06:27:24","slug":"rechteckige-feuerstelle","status":"publish","type":"product","link":"https:\/\/keweicorten.com\/de\/rechteckige-feuerstelle\/","title":{"rendered":"rechteckige Feuerstelle"},"content":{"rendered":"<h2>Rechteckige Feuerstelle aus Cortenstahl f\u00fcr lange Haltbarkeit:<\/h2>\n<p>Cortenstahl (auch als wetterfester Stahl bekannt) ist ein legierter Stahl mit guter Korrosionsbest\u00e4ndigkeit, der h\u00e4ufig f\u00fcr Produkte wie Au\u00dfenm\u00f6bel, Bauwerke und Feuerstellen verwendet wird. Die Haltbarkeit der rechteckigen Feuerstelle aus Cortenstahl zeigt sich vor allem in den folgenden Aspekten:<\/p>\n<p>Korrosionsbest\u00e4ndigkeit: Die Korrosionsschicht, die sich auf der Oberfl\u00e4che von Cortenstahl bildet, kann das innere Metall wirksam sch\u00fctzen und weitere Korrosion verhindern. Dadurch eignet sich das Material hervorragend f\u00fcr den Einsatz im Freien, insbesondere in feuchten oder regnerischen Klimazonen.<\/p>\n<p>Hohe Temperaturbest\u00e4ndigkeit: Cortenstahl kann hohen Temperaturen standhalten und eignet sich daher f\u00fcr die Verwendung als Material f\u00fcr Feuerstellen. In einer Umgebung mit hohen Temperaturen werden seine physikalischen Eigenschaften nicht wesentlich beeintr\u00e4chtigt.<\/p>\n<p>Sch\u00f6nes Aussehen: Corten-Stahl wird im Laufe der Zeit eine einzigartige Rostfarbe bilden, die der Feuerstelle eine nat\u00fcrliche Sch\u00f6nheit verleiht, und im Laufe der Zeit wird sich dieses Aussehen allm\u00e4hlich vertiefen, anders als bei anderen Materialien der Feuerstelle.<\/p>\n<p>Festigkeit und Z\u00e4higkeit: Cortenstahl hat eine hohe Festigkeit, gute Z\u00e4higkeit und kann gro\u00dfes Gewicht und St\u00f6\u00dfe aushalten, so dass er im t\u00e4glichen Gebrauch nicht leicht zu besch\u00e4digen ist.<\/p>\n<p>Einfache Wartung: Obwohl Cortenstahl rostet, ben\u00f6tigt er im Allgemeinen keine besondere Wartung. Gelegentliche Reinigung und Inspektion k\u00f6nnen ihn in gutem Zustand halten.<\/p>\n<figure style=\"width: 560px\" class=\"wp-caption alignnone\"><a href=\"https:\/\/keweicorten.com\/de\/kontaktieren-sie-uns\/\"><img fetchpriority=\"high\" decoding=\"async\" class=\"\" title=\"Feuerstelle\" src=\"https:\/\/sc04.alicdn.com\/kf\/H60df13f6dc9647ea9a7650652491828df\/253038816\/H60df13f6dc9647ea9a7650652491828df.jpg\" alt=\"\" width=\"560\" height=\"560\" \/><\/a><figcaption class=\"wp-caption-text\">Feuerstelle<\/figcaption><\/figure>\n<p>Diese Feuerstelle f\u00fcr den Au\u00dfenbereich ist perfekt, um eine gem\u00fctliche und einladende Atmosph\u00e4re in Ihrem Au\u00dfenbereich zu schaffen, egal ob es sich um eine Terrasse, ein Deck oder einen Hinterhof handelt. Er sorgt f\u00fcr W\u00e4rme und Atmosph\u00e4re, sodass Sie auch in der k\u00e4lteren Jahreszeit den Aufenthalt im Freien genie\u00dfen k\u00f6nnen.<\/p>\n<figure style=\"width: 557px\" class=\"wp-caption alignnone\"><a href=\"https:\/\/keweicorten.com\/de\"><img decoding=\"async\" class=\"\" title=\"GAS-Feuerstelle\" src=\"https:\/\/sc04.alicdn.com\/kf\/Hc231db4a5b974aa583a6dbafea6de497j\/253038816\/Hc231db4a5b974aa583a6dbafea6de497j.jpg\" alt=\"\" width=\"557\" height=\"557\" \/><\/a><figcaption class=\"wp-caption-text\">GAS-Feuerstelle<\/figcaption><\/figure>\n<div class=\"J_module\">\n<div class=\"detail-decorate-json-renderer-container\">\n<div class=\"magic-8\">\n<div class=\"magic-9\">\n<div class=\"magic-10\" data-spm-anchor-id=\"a2700.details.0.i44.15a8483bWMzzev\">\n<div class=\"magic-11\"><span data-spm-anchor-id=\"a2700.details.0.i43.15a8483bWMzzev\">Mit seiner robusten Konstruktion, dem effizienten Brennstoffsystem und dem nat\u00fcrlichen Feuererlebnis ist diese Feuerstelle f\u00fcr den Au\u00dfenbereich eine gro\u00dfartige<br \/>\neine Bereicherung f\u00fcr jeden Au\u00dfenbereich. Er bietet sowohl Funktionalit\u00e4t als auch \u00c4sthetik, was ihn zu einer vielseitigen und langlebigen Investition macht.<\/span><\/div>\n<\/div>\n<\/div>\n<\/div>\n<\/div>\n<\/div>\n<div class=\"J_module\">\n<div class=\"J_module\">\n<p id=\"ali-anchor-AliMagic-c3jg5w\" class=\"magic-3\" data-section=\"AliMagic-c3jg5w\" data-section-title=\"Exhibition\" data-spm-anchor-id=\"a2700.details.0.i45.15a8483bWMzzev\">Ausstellung<\/p>\n<\/div>\n<div class=\"J_module\">\n<div class=\"icbu-pc-images magic-0\">\n<div>\n<div class=\"flex-layout-v\">\n<div class=\"flex-layout-h magic-0\">\n<div class=\"magic-39\">\n<figure style=\"width: 700px\" class=\"wp-caption alignnone\"><a href=\"https:\/\/keweicorten.com\/de\"><img decoding=\"async\" class=\"magic-40\" title=\"Tisch mit Feuer\" src=\"https:\/\/sc04.alicdn.com\/kf\/H9226ec0116f94907a0411307640a9146o\/253038816\/H9226ec0116f94907a0411307640a9146o.jpg\" alt=\"\" width=\"700\" height=\"200\" data-src=\"\/\/sc04.alicdn.com\/kf\/H9226ec0116f94907a0411307640a9146o\/253038816\/H9226ec0116f94907a0411307640a9146o.jpg\" \/><\/a><figcaption class=\"wp-caption-text\">Tisch mit Feuer<\/figcaption><\/figure>\n<\/div>\n<\/div>\n<\/div>\n<\/div>\n<\/div>\n<\/div>\n<div class=\"J_module\">\n<div class=\"icbu-pc-images magic-0\">\n<div>\n<div class=\"flex-layout-v\">\n<div class=\"flex-layout-h magic-0\">\n<div class=\"magic-39\">\n<figure style=\"width: 700px\" class=\"wp-caption alignnone\"><a href=\"https:\/\/keweicorten.com\/de\"><img loading=\"lazy\" decoding=\"async\" class=\"magic-40\" title=\"FEUERGRUBE \" src=\"https:\/\/sc04.alicdn.com\/kf\/H4ed416c0efba48138a0d71bfbaf9f14dF\/253038816\/H4ed416c0efba48138a0d71bfbaf9f14dF.jpg\" alt=\"\" width=\"700\" height=\"200\" data-src=\"\/\/sc04.alicdn.com\/kf\/H4ed416c0efba48138a0d71bfbaf9f14dF\/253038816\/H4ed416c0efba48138a0d71bfbaf9f14dF.jpg\" \/><\/a><figcaption class=\"wp-caption-text\">FEUERGRUBE<\/figcaption><\/figure>\n<\/div>\n<\/div>\n<\/div>\n<\/div>\n<\/div>\n<\/div>\n<\/div>","protected":false},"excerpt":{"rendered":"<p>Die Haltbarkeit von rechteckigen Feuerstellen aus Cortenstahl ist sehr gut, aber um ihre Lebensdauer zu verl\u00e4ngern, wird in der Regel empfohlen, lange Wassereinlagerungen zu vermeiden und daf\u00fcr zu sorgen, dass die Feuerstelle bei Nichtgebrauch gut bel\u00fcftet werden kann.<\/p>\n<table class=\"has-title all magic-30\">\n<tbody>\n<tr>\n<td colspan=\"1\" rowspan=\"1\">\n<div class=\"magic-31\" data-spm-anchor-id=\"a2700.details.0.i47.15a8483bWMzzev\">Artikel<\/div>\n<\/td>\n<td colspan=\"1\" rowspan=\"1\">\n<div class=\"magic-32\">Wert<\/div>\n<\/td>\n<\/tr>\n<tr>\n<td colspan=\"1\" rowspan=\"1\">\n<div class=\"magic-33\">Farbe<\/div>\n<\/td>\n<td colspan=\"1\" rowspan=\"1\">\n<div class=\"magic-34\">Rostrot\/schwarz<\/div>\n<\/td>\n<\/tr>\n<tr>\n<td colspan=\"1\" rowspan=\"1\">\n<div class=\"magic-33\">Material<\/div>\n<\/td>\n<td colspan=\"1\" rowspan=\"1\">\n<div class=\"magic-34\">Cortenstahl<\/div>\n<\/td>\n<\/tr>\n<tr>\n<td colspan=\"1\" rowspan=\"1\">\n<div class=\"magic-33\">Fertigstellung<\/div>\n<\/td>\n<td colspan=\"1\" rowspan=\"1\">\n<div class=\"magic-34\">Pulverbeschichtung, Lackierung, Verzinkt<\/div>\n<\/td>\n<\/tr>\n<\/tbody>\n<\/table>","protected":false},"featured_media":1191,"comment_status":"open","ping_status":"closed","template":"","meta":{"_eb_attr":"","_monsterinsights_skip_tracking":false,"_monsterinsights_sitenote_active":false,"_monsterinsights_sitenote_note":"","_monsterinsights_sitenote_category":0,"_uf_show_specific_survey":0,"_uf_disable_surveys":false},"product_brand":[],"product_cat":[55],"product_tag":[],"class_list":{"0":"post-1185","1":"product","2":"type-product","3":"status-publish","4":"has-post-thumbnail","6":"product_cat-gas-fire-pit","8":"first","9":"instock","10":"shipping-taxable","11":"product-type-simple"},"_links":{"self":[{"href":"https:\/\/keweicorten.com\/de\/wp-json\/wp\/v2\/product\/1185"}],"collection":[{"href":"https:\/\/keweicorten.com\/de\/wp-json\/wp\/v2\/product"}],"about":[{"href":"https:\/\/keweicorten.com\/de\/wp-json\/wp\/v2\/types\/product"}],"replies":[{"embeddable":true,"href":"https:\/\/keweicorten.com\/de\/wp-json\/wp\/v2\/comments?post=1185"}],"version-history":[{"count":1,"href":"https:\/\/keweicorten.com\/de\/wp-json\/wp\/v2\/product\/1185\/revisions"}],"predecessor-version":[{"id":1190,"href":"https:\/\/keweicorten.com\/de\/wp-json\/wp\/v2\/product\/1185\/revisions\/1190"}],"wp:featuredmedia":[{"embeddable":true,"href":"https:\/\/keweicorten.com\/de\/wp-json\/wp\/v2\/media\/1191"}],"wp:attachment":[{"href":"https:\/\/keweicorten.com\/de\/wp-json\/wp\/v2\/media?parent=1185"}],"wp:term":[{"taxonomy":"product_brand","embeddable":true,"href":"https:\/\/keweicorten.com\/de\/wp-json\/wp\/v2\/product_brand?post=1185"},{"taxonomy":"product_cat","embeddable":true,"href":"https:\/\/keweicorten.com\/de\/wp-json\/wp\/v2\/product_cat?post=1185"},{"taxonomy":"product_tag","embeddable":true,"href":"https:\/\/keweicorten.com\/de\/wp-json\/wp\/v2\/product_tag?post=1185"}],"curies":[{"name":"wp","href":"https:\/\/api.w.org\/{rel}","templated":true}]}}