{"id":1192,"date":"2024-09-13T03:01:53","date_gmt":"2024-09-13T03:01:53","guid":{"rendered":"https:\/\/keweicorten.com\/?post_type=product&#038;p=1192"},"modified":"2025-01-15T06:27:15","modified_gmt":"2025-01-15T06:27:15","slug":"bbq-grill","status":"publish","type":"product","link":"https:\/\/keweicorten.com\/de\/bbq-grill\/","title":{"rendered":"Feuerstelle aus Cortenstahl"},"content":{"rendered":"<h2>Vorteile der Cortenstahl-Feuerstelle:<\/h2>\n<ul>\n<li>Korrosionsbest\u00e4ndigkeit: Bessere Haltbarkeit bei Verwendung im Freien.<\/li>\n<li>\u00a0Sch\u00f6n: Cortenstahl hat ein einzigartiges Rostaussehen, das im Laufe der Zeit einen wunderbaren Kontrast zur Umgebung bildet und eine nat\u00fcrliche, k\u00fcnstlerische Atmosph\u00e4re schafft, die sich f\u00fcr eine Vielzahl von Au\u00dfenlandschaften eignet.<\/li>\n<li>Niedrige Wartungskosten : Aufgrund seiner Witterungsbest\u00e4ndigkeit, Corten Stahl Feuerstelle erfordert keine h\u00e4ufige Wartung und Lackierung, im Vergleich zu herk\u00f6mmlichen Stahl, langfristige Nutzung k\u00f6nnen Kosten sparen.<\/li>\n<li>Umweltschutz: Die Herstellung und das Recycling von Cortenstahl sind relativ umweltfreundlich, und bei der Verwendung werden keine sch\u00e4dlichen Stoffe freigesetzt, was dem Streben der modernen Menschen nach gr\u00fcnem Umweltschutz entgegenkommt.<\/li>\n<li>W\u00e4rmespeicherung: Cortenstahl hat eine gute W\u00e4rmeleitf\u00e4higkeit, kann die W\u00e4rme effektiv speichern, sorgt f\u00fcr l\u00e4ngere W\u00e4rme und Komfort und ist sehr gut f\u00fcr den Einsatz im Herbst und Winter geeignet.<\/li>\n<li>Vielf\u00e4ltiges Design: Cortenstahl kann in einer Vielzahl von Formen und Gr\u00f6\u00dfen verarbeitet werden, geeignet f\u00fcr verschiedene Arten von Hof oder Terrasse Design, Flexibilit\u00e4t.<\/li>\n<li>Sicherheit: Bei der Konstruktion von Cortenstahl-Feuerstellen werden in der Regel Sicherheitsfaktoren wie Stabilit\u00e4t und Schutzma\u00dfnahmen ber\u00fccksichtigt, so dass sie relativ sicher zu verwenden sind.<\/li>\n<\/ul>\n<table class=\"has-title all magic-7\" style=\"height: 242px;\" width=\"717\">\n<tbody>\n<tr>\n<td colspan=\"1\" rowspan=\"1\">\n<div class=\"magic-12\" data-spm-anchor-id=\"a2700.details.0.i40.236d4d79eIl29B\"><span class=\"magic-13\" style=\"color: #000000;\">Produktname<\/span><\/div>\n<\/td>\n<td colspan=\"1\" rowspan=\"1\">\n<div class=\"magic-14\"><span class=\"magic-13\" style=\"color: #000000;\">Verwitterung Cortenstahl tragbare Feuerstelle BBQ Grill<\/span><\/div>\n<\/td>\n<\/tr>\n<tr>\n<td colspan=\"1\" rowspan=\"1\">\n<div class=\"magic-12\"><span class=\"magic-13\" style=\"color: #000000;\">Markenname<\/span><\/div>\n<\/td>\n<td colspan=\"1\" rowspan=\"1\"><span class=\"magic-13\" style=\"color: #000000;\">SHKW<\/span><\/td>\n<\/tr>\n<tr>\n<td colspan=\"1\" rowspan=\"1\">\n<div class=\"magic-12\"><span class=\"magic-13\" style=\"color: #000000;\">Modellnummer<\/span><\/div>\n<\/td>\n<td colspan=\"1\" rowspan=\"1\">\n<div class=\"magic-14\"><span class=\"magic-13\" style=\"color: #000000;\">SHKW-BBQ<\/span><span class=\"magic-15\" data-spm-anchor-id=\"a2700.pc-decorate.0.i3.5c623333VNk22J\">07<\/span><\/div>\n<\/td>\n<\/tr>\n<tr>\n<td colspan=\"1\" rowspan=\"1\">\n<div class=\"magic-12\"><span class=\"magic-13\" style=\"color: #000000;\">Material<\/span><\/div>\n<\/td>\n<td colspan=\"1\" rowspan=\"1\">\n<div class=\"magic-14\"><span class=\"magic-13\" style=\"color: #000000;\">Cortenstahl \/ wetterfester Stahl<\/span><\/div>\n<\/td>\n<\/tr>\n<tr>\n<td colspan=\"1\" rowspan=\"1\">\n<div class=\"magic-12\"><span class=\"magic-13\" style=\"color: #000000;\">Gr\u00f6\u00dfe<\/span><\/div>\n<\/td>\n<td colspan=\"1\" rowspan=\"1\">\n<div class=\"magic-14\"><span class=\"magic-13\" style=\"color: #000000;\">Durchmesser: 600\/800\/900\/1000mm, Dicke: 2mm<\/span><\/div>\n<\/td>\n<\/tr>\n<tr>\n<td colspan=\"1\" rowspan=\"1\">\n<div class=\"magic-12\"><span class=\"magic-13\" style=\"color: #000000;\">Paket<\/span><\/div>\n<\/td>\n<td colspan=\"1\" rowspan=\"1\">\n<div class=\"magic-14\"><span class=\"magic-13\" style=\"color: #000000;\">Innen: Verschlei\u00dffestes Schaumstoffpapier, Au\u00dfen: Karton Schachtel<\/span><\/div>\n<\/td>\n<\/tr>\n<tr>\n<td colspan=\"1\" rowspan=\"1\">\n<div class=\"magic-12\"><span class=\"magic-13\" style=\"color: #000000;\">Oberfl\u00e4chenbehandlung<\/span><\/div>\n<\/td>\n<td colspan=\"1\" rowspan=\"1\">\n<div class=\"magic-14\"><span class=\"magic-13\" style=\"color: #000000;\">Vorgerostet, kann individuell angepasst werden<\/span><\/div>\n<\/td>\n<\/tr>\n<tr>\n<td colspan=\"1\" rowspan=\"1\">\n<div class=\"magic-12\"><span class=\"magic-13\" style=\"color: #000000;\">MOQ<\/span><\/div>\n<\/td>\n<td colspan=\"1\" rowspan=\"1\">\n<div class=\"magic-14\"><span class=\"magic-13\" style=\"color: #000000;\">10 St\u00fcck<\/span><\/div>\n<\/td>\n<\/tr>\n<\/tbody>\n<\/table>\n<figure style=\"width: 550px\" class=\"wp-caption alignnone\"><a href=\"https:\/\/keweicorten.com\/de\/kontaktieren-sie-uns\/\"><img fetchpriority=\"high\" decoding=\"async\" title=\"Feuerstelle im Hinterhof\" src=\"https:\/\/sc04.alicdn.com\/kf\/H642e390ca630457fb4af493b00d4798fV\/235950374\/H642e390ca630457fb4af493b00d4798fV.jpg\" alt=\"\" width=\"550\" height=\"550\" \/><\/a><figcaption class=\"wp-caption-text\">Feuerstelle im Hinterhof<\/figcaption><\/figure>\n<h2>Anwendung von wetterfesten Stahlgittern\uff1a<\/h2>\n<h3>Anwenden\uff1a<\/h3>\n<p>Grillen im Freien : Grills aus wetterfestem Stahl eignen sich sehr gut f\u00fcr den Einsatz im Freien, z. B. in Hinterh\u00f6fen, auf Balkonen und Terrassen, und bieten ein bequemes Grillerlebnis f\u00fcr Familienfeiern und Freunde.<\/p>\n<p>Landschaftsgestaltung: Das einzigartige rostige Aussehen von verwittertem Stahl macht ihn zu einer beliebten Wahl in der modernen Garten- und Landschaftsgestaltung, die sich perfekt in die Umgebung einf\u00fcgt und die Sch\u00f6nheit des Innenhofs betont.<\/p>\n<p>Orte, an denen im Freien gegessen wird: Restaurants, Caf\u00e9s und andere gastronomische Einrichtungen im Freien k\u00f6nnen mit Grills aus wetterfestem Stahl Kunden anlocken, die im Freien kochen und essen m\u00f6chten.<\/p>\n<p>Camping \uff1a Die Langlebigkeit und Korrosionsbest\u00e4ndigkeit von wetterfestem Stahl machen ihn zur idealen Wahl f\u00fcr das Campen in der Wildnis, wo er auch schlechtem Wetter standh\u00e4lt.<\/p>\n<p>Veranstaltungen und Feste: Geeignet f\u00fcr M\u00e4rkte, Musikfestivals, Open-Air-Partys und andere Anl\u00e4sse, wobei der Grillservice vor Ort f\u00fcr eine aktive Atmosph\u00e4re sorgt.<\/p>\n<figure style=\"width: 695px\" class=\"wp-caption alignnone\"><a href=\"https:\/\/keweicorten.com\/de\/kontaktieren-sie-uns\/\"><img decoding=\"async\" title=\"BBQ-Grill\" src=\"https:\/\/sc04.alicdn.com\/kf\/H813aeec6354044c9964495c20d84b311D\/235950374\/H813aeec6354044c9964495c20d84b311D.png\" alt=\"\" width=\"695\" height=\"295\" \/><\/a><figcaption class=\"wp-caption-text\">BBQ-Grill<\/figcaption><\/figure>\n<h3>Vorteil\uff1a<\/h3>\n<ul>\n<li>Hohe Witterungsbest\u00e4ndigkeit<\/li>\n<li>\u00c4sthetik<\/li>\n<li>Hohe Temperaturbest\u00e4ndigkeit<\/li>\n<li>Geringe Wartungsanforderungen<\/li>\n<li>Hohe Festigkeit<\/li>\n<li>Schutz der Umwelt<\/li>\n<li>Multifunktionales Design<\/li>\n<\/ul>\n<div class=\"J_module\">\n<div id=\"ali-anchor-AliMagic-4f9wm2\" class=\"magic-3\" data-section=\"AliMagic-4f9wm2\" data-section-title=\"More Details\">Mehr Details<\/div>\n<\/div>\n<div class=\"J_module\">\n<div class=\"icbu-pc-images magic-0\">\n<div class=\"flex-layout-h\">\n<div class=\"flex-layout-v magic-18\">\n<div class=\"magic-19\"><\/div>\n<\/div>\n<div class=\"text-wrapper magic-21\">\n<div class=\"text-wrapper-right text-theme-light text-align-left\">\n<div class=\"text-content\">\n<div><span class=\"magic-13\"><a href=\"https:\/\/keweicorten.com\/de\"><img decoding=\"async\" class=\"alignnone\" src=\"https:\/\/keweicorten.com\/wp-content\/uploads\/2024\/09\/%E5%BE%AE%E4%BF%A1%E5%9B%BE%E7%89%87_20240219150940-300x232.jpg\" alt=\"\" width=\"413\" height=\"319\" \/><\/a><\/span>- 5mm dicker Cortenstahl- Min Flat Pack Feuerstelle\/Brenner- Leicht zerlegbar und in 5 Teilen gelagert<\/div>\n<\/div>\n<\/div>\n<\/div>\n<\/div>\n<\/div>\n<\/div>","protected":false},"excerpt":{"rendered":"<p>Grills aus wetterfestem Stahl bieten nicht nur ein hervorragendes Kocherlebnis, sondern verleihen der Umgebung auch einen Hauch von nat\u00fcrlicher Sch\u00f6nheit, was sie ideal f\u00fcr das Leben im Freien macht.<\/p>","protected":false},"featured_media":1202,"comment_status":"open","ping_status":"closed","template":"","meta":{"_eb_attr":"","_monsterinsights_skip_tracking":false,"_monsterinsights_sitenote_active":false,"_monsterinsights_sitenote_note":"","_monsterinsights_sitenote_category":0,"_uf_show_specific_survey":0,"_uf_disable_surveys":false},"product_brand":[],"product_cat":[63],"product_tag":[],"class_list":{"0":"post-1192","1":"product","2":"type-product","3":"status-publish","4":"has-post-thumbnail","6":"product_cat-steel-bbq-grill","8":"first","9":"instock","10":"shipping-taxable","11":"product-type-simple"},"_links":{"self":[{"href":"https:\/\/keweicorten.com\/de\/wp-json\/wp\/v2\/product\/1192"}],"collection":[{"href":"https:\/\/keweicorten.com\/de\/wp-json\/wp\/v2\/product"}],"about":[{"href":"https:\/\/keweicorten.com\/de\/wp-json\/wp\/v2\/types\/product"}],"replies":[{"embeddable":true,"href":"https:\/\/keweicorten.com\/de\/wp-json\/wp\/v2\/comments?post=1192"}],"version-history":[{"count":3,"href":"https:\/\/keweicorten.com\/de\/wp-json\/wp\/v2\/product\/1192\/revisions"}],"predecessor-version":[{"id":1203,"href":"https:\/\/keweicorten.com\/de\/wp-json\/wp\/v2\/product\/1192\/revisions\/1203"}],"wp:featuredmedia":[{"embeddable":true,"href":"https:\/\/keweicorten.com\/de\/wp-json\/wp\/v2\/media\/1202"}],"wp:attachment":[{"href":"https:\/\/keweicorten.com\/de\/wp-json\/wp\/v2\/media?parent=1192"}],"wp:term":[{"taxonomy":"product_brand","embeddable":true,"href":"https:\/\/keweicorten.com\/de\/wp-json\/wp\/v2\/product_brand?post=1192"},{"taxonomy":"product_cat","embeddable":true,"href":"https:\/\/keweicorten.com\/de\/wp-json\/wp\/v2\/product_cat?post=1192"},{"taxonomy":"product_tag","embeddable":true,"href":"https:\/\/keweicorten.com\/de\/wp-json\/wp\/v2\/product_tag?post=1192"}],"curies":[{"name":"wp","href":"https:\/\/api.w.org\/{rel}","templated":true}]}}