{"id":1205,"date":"2024-09-13T06:47:14","date_gmt":"2024-09-13T06:47:14","guid":{"rendered":"https:\/\/keweicorten.com\/?post_type=product&#038;p=1205"},"modified":"2024-09-13T06:47:14","modified_gmt":"2024-09-13T06:47:14","slug":"cortenplatte","status":"publish","type":"product","link":"https:\/\/keweicorten.com\/de\/cortenplatte\/","title":{"rendered":"wetterfestes Stahlblech"},"content":{"rendered":"<h2>Eigenschaften von wetterfestem Stahlblech:<\/h2>\n<ol>\n<li>Korrosionsbest\u00e4ndigkeit<\/li>\n<li>Hohe Festigkeit<\/li>\n<li>Selbstheilungsf\u00e4higkeit<\/li>\n<li>Einzigartige \u00e4sthetische Wirkung<\/li>\n<li>Geringe Wartungskosten<\/li>\n<li>\u00a0Umweltschutz und Nachhaltigkeit<\/li>\n<li>Gute Verarbeitungsleistung\n<p><figure style=\"width: 750px\" class=\"wp-caption alignnone\"><a href=\"https:\/\/keweicorten.com\/de\"><img fetchpriority=\"high\" decoding=\"async\" title=\"Stahlplatte\" src=\"https:\/\/sc04.alicdn.com\/kf\/H9a942ed341824d248078e5b222d679c6J\/267682295\/H9a942ed341824d248078e5b222d679c6J.jpg\" alt=\"\" width=\"750\" height=\"450\" \/><\/a><figcaption class=\"wp-caption-text\">Stahlplatte<\/figcaption><\/figure><\/li>\n<\/ol>\n<p>Hochwertige Corten A Stahlplatte Wand<\/p>\n<p style=\"font-weight: 400;\">Wir sind Verified Gold Plus Supplier.<br \/>\nWir haben die Alibaba-Zertifizierung und die SGS-Zertifizierung als dritte internationale Beh\u00f6rde erhalten.<\/p>\n<p><img decoding=\"async\" src=\"https:\/\/sc04.alicdn.com\/kf\/He64b67f42a244bae9a265e0734b2e8e1G\/267682295\/He64b67f42a244bae9a265e0734b2e8e1G.png\" \/><\/p>\n<p>Cortenstahlblech<\/p>\n<table class=\"all magic-1\">\n<tbody>\n<tr>\n<td colspan=\"1\" rowspan=\"1\">\n<div class=\"magic-7\"><b data-spm-anchor-id=\"a2700.details.0.i39.23134a74t3vukJ\">Stahlsorte<\/b><\/div>\n<\/td>\n<td colspan=\"1\" rowspan=\"1\">\n<div class=\"magic-8\"><b>Standard<\/b><\/div>\n<\/td>\n<td colspan=\"1\" rowspan=\"1\">\n<div class=\"magic-8\"><b>Streckgrenze N\/mm\u00b2<\/b><\/div>\n<\/td>\n<td colspan=\"1\" rowspan=\"1\">\n<div class=\"magic-8\"><b>Zugfestigkeit N\/mm\u00b2<\/b><\/div>\n<\/td>\n<td colspan=\"1\" rowspan=\"1\">\n<div class=\"magic-7\"><b>Dehnung %<\/b><\/div>\n<\/td>\n<\/tr>\n<tr>\n<td colspan=\"1\" rowspan=\"1\">\n<div class=\"magic-7\">Corten A<\/div>\n<\/td>\n<td colspan=\"1\" rowspan=\"1\">\n<div class=\"magic-8\">ASTM<\/div>\n<\/td>\n<td colspan=\"1\" rowspan=\"1\">\n<div class=\"magic-8\">\u2265345<\/div>\n<\/td>\n<td colspan=\"1\" rowspan=\"1\">\n<div class=\"magic-8\">\u2265480<\/div>\n<\/td>\n<td colspan=\"1\" rowspan=\"1\">\n<div class=\"magic-7\">\u226522<\/div>\n<\/td>\n<\/tr>\n<tr>\n<td colspan=\"1\" rowspan=\"1\">\n<div class=\"magic-7\">Corten B<\/div>\n<\/td>\n<td colspan=\"1\" rowspan=\"1\">\n<div class=\"magic-8\"><\/div>\n<\/td>\n<td colspan=\"1\" rowspan=\"1\">\n<div class=\"magic-8\">\u2265345<\/div>\n<\/td>\n<td colspan=\"1\" rowspan=\"1\">\n<div class=\"magic-8\">\u2265480<\/div>\n<\/td>\n<td colspan=\"1\" rowspan=\"1\">\n<div class=\"magic-7\">\u226522<\/div>\n<\/td>\n<\/tr>\n<tr>\n<td colspan=\"1\" rowspan=\"1\">\n<div class=\"magic-7\">A588 GR.A<\/div>\n<\/td>\n<td colspan=\"1\" rowspan=\"1\">\n<div class=\"magic-8\"><\/div>\n<\/td>\n<td colspan=\"1\" rowspan=\"1\">\n<div class=\"magic-8\">\u2265345<\/div>\n<\/td>\n<td colspan=\"1\" rowspan=\"1\">\n<div class=\"magic-8\">\u2265485<\/div>\n<\/td>\n<td colspan=\"1\" rowspan=\"1\">\n<div class=\"magic-7\">\u226521<\/div>\n<\/td>\n<\/tr>\n<tr>\n<td colspan=\"1\" rowspan=\"1\">\n<div class=\"magic-7\">A588 GR.B<\/div>\n<\/td>\n<td colspan=\"1\" rowspan=\"1\">\n<div class=\"magic-8\"><\/div>\n<\/td>\n<td colspan=\"1\" rowspan=\"1\">\n<div class=\"magic-8\">\u2265345<\/div>\n<\/td>\n<td colspan=\"1\" rowspan=\"1\">\n<div class=\"magic-8\">\u2265485<\/div>\n<\/td>\n<td colspan=\"1\" rowspan=\"1\">\n<div class=\"magic-7\">\u226521<\/div>\n<\/td>\n<\/tr>\n<tr>\n<td colspan=\"1\" rowspan=\"1\">\n<div class=\"magic-7\">A242<\/div>\n<\/td>\n<td colspan=\"1\" rowspan=\"1\">\n<div class=\"magic-8\"><\/div>\n<\/td>\n<td colspan=\"1\" rowspan=\"1\">\n<div class=\"magic-8\">\u2265345<\/div>\n<\/td>\n<td colspan=\"1\" rowspan=\"1\">\n<div class=\"magic-8\">\u2265480<\/div>\n<\/td>\n<td colspan=\"1\" rowspan=\"1\">\n<div class=\"magic-7\">\u226521<\/div>\n<\/td>\n<\/tr>\n<tr>\n<td colspan=\"1\" rowspan=\"1\">\n<div class=\"magic-7\">S355J0W<\/div>\n<\/td>\n<td colspan=\"1\" rowspan=\"1\">\n<div class=\"magic-8\">DE<\/div>\n<\/td>\n<td colspan=\"1\" rowspan=\"1\">\n<div class=\"magic-8\">\u2265355<\/div>\n<\/td>\n<td colspan=\"1\" rowspan=\"1\">\n<div class=\"magic-8\">490-630<\/div>\n<\/td>\n<td colspan=\"1\" rowspan=\"1\">\n<div class=\"magic-7\">\u226527<\/div>\n<\/td>\n<\/tr>\n<tr>\n<td colspan=\"1\" rowspan=\"1\">\n<div class=\"magic-7\">S355J0WP<\/div>\n<\/td>\n<td colspan=\"1\" rowspan=\"1\">\n<div class=\"magic-8\"><\/div>\n<\/td>\n<td colspan=\"1\" rowspan=\"1\">\n<div class=\"magic-8\">\u2265355<\/div>\n<\/td>\n<td colspan=\"1\" rowspan=\"1\">\n<div class=\"magic-8\">490-630<\/div>\n<\/td>\n<td colspan=\"1\" rowspan=\"1\">\n<div class=\"magic-7\">\u226527<\/div>\n<\/td>\n<\/tr>\n<tr>\n<td colspan=\"1\" rowspan=\"1\">\n<div class=\"magic-7\">S355J2W<\/div>\n<\/td>\n<td colspan=\"1\" rowspan=\"1\">\n<div class=\"magic-8\"><\/div>\n<\/td>\n<td colspan=\"1\" rowspan=\"1\">\n<div class=\"magic-8\">\u2265355<\/div>\n<\/td>\n<td colspan=\"1\" rowspan=\"1\">\n<div class=\"magic-8\">490-630<\/div>\n<\/td>\n<td colspan=\"1\" rowspan=\"1\">\n<div class=\"magic-7\">\u226527<\/div>\n<\/td>\n<\/tr>\n<tr>\n<td colspan=\"1\" rowspan=\"1\">\n<div class=\"magic-7\">S355J2WP<\/div>\n<\/td>\n<td colspan=\"1\" rowspan=\"1\">\n<div class=\"magic-8\"><\/div>\n<\/td>\n<td colspan=\"1\" rowspan=\"1\">\n<div class=\"magic-8\">\u2265355<\/div>\n<\/td>\n<td colspan=\"1\" rowspan=\"1\">\n<div class=\"magic-8\">490-630<\/div>\n<\/td>\n<td colspan=\"1\" rowspan=\"1\">\n<div class=\"magic-7\">\u226527<\/div>\n<\/td>\n<\/tr>\n<tr>\n<td colspan=\"1\" rowspan=\"1\">\n<div class=\"magic-7\">SPA-H<\/div>\n<\/td>\n<td colspan=\"1\" rowspan=\"1\">\n<div class=\"magic-8\">JIS<\/div>\n<\/td>\n<td colspan=\"1\" rowspan=\"1\">\n<div class=\"magic-8\">\u2265355<\/div>\n<\/td>\n<td colspan=\"1\" rowspan=\"1\">\n<div class=\"magic-8\">\u2265490<\/div>\n<\/td>\n<td colspan=\"1\" rowspan=\"1\">\n<div class=\"magic-7\">\u226521<\/div>\n<\/td>\n<\/tr>\n<tr>\n<td colspan=\"1\" rowspan=\"1\">\n<div class=\"magic-7\">SPA-C<\/div>\n<\/td>\n<td colspan=\"1\" rowspan=\"1\">\n<div class=\"magic-8\"><\/div>\n<\/td>\n<td colspan=\"1\" rowspan=\"1\">\n<div class=\"magic-8\">\u2265355<\/div>\n<\/td>\n<td colspan=\"1\" rowspan=\"1\">\n<div class=\"magic-8\">\u2265490<\/div>\n<\/td>\n<td colspan=\"1\" rowspan=\"1\">\n<div class=\"magic-7\">\u226521<\/div>\n<\/td>\n<\/tr>\n<tr>\n<td colspan=\"1\" rowspan=\"1\">\n<div class=\"magic-7\">SMA400AW<\/div>\n<\/td>\n<td colspan=\"1\" rowspan=\"1\">\n<div class=\"magic-8\"><\/div>\n<\/td>\n<td colspan=\"1\" rowspan=\"1\">\n<div class=\"magic-8\">\u2265355<\/div>\n<\/td>\n<td colspan=\"1\" rowspan=\"1\">\n<div class=\"magic-8\">\u2265490<\/div>\n<\/td>\n<td colspan=\"1\" rowspan=\"1\">\n<div class=\"magic-7\">\u226521<\/div>\n<\/td>\n<\/tr>\n<tr>\n<td colspan=\"1\" rowspan=\"1\">\n<div class=\"magic-7\">09CuPCrNi-A<\/div>\n<\/td>\n<td colspan=\"1\" rowspan=\"1\">\n<div class=\"magic-8\">GB<\/div>\n<\/td>\n<td colspan=\"1\" rowspan=\"1\">\n<div class=\"magic-8\">\u2265345<\/div>\n<\/td>\n<td colspan=\"1\" rowspan=\"1\">\n<div class=\"magic-8\">490-630<\/div>\n<\/td>\n<td colspan=\"1\" rowspan=\"1\">\n<div class=\"magic-7\">\u226522<\/div>\n<\/td>\n<\/tr>\n<tr>\n<td colspan=\"1\" rowspan=\"1\">\n<div class=\"magic-7\">B480GNQR<\/div>\n<\/td>\n<td colspan=\"1\" rowspan=\"1\">\n<div class=\"magic-8\"><\/div>\n<\/td>\n<td colspan=\"1\" rowspan=\"1\">\n<div class=\"magic-8\">\u2265355<\/div>\n<\/td>\n<td colspan=\"1\" rowspan=\"1\">\n<div class=\"magic-8\">\u2265490<\/div>\n<\/td>\n<td colspan=\"1\" rowspan=\"1\">\n<div class=\"magic-7\">\u226521<\/div>\n<\/td>\n<\/tr>\n<tr>\n<td colspan=\"1\" rowspan=\"1\">\n<div class=\"magic-7\">Q355NH<\/div>\n<\/td>\n<td colspan=\"1\" rowspan=\"1\">\n<div class=\"magic-8\"><\/div>\n<\/td>\n<td colspan=\"1\" rowspan=\"1\">\n<div class=\"magic-8\">\u2265355<\/div>\n<\/td>\n<td colspan=\"1\" rowspan=\"1\">\n<div class=\"magic-8\">\u2265490<\/div>\n<\/td>\n<td colspan=\"1\" rowspan=\"1\">\n<div class=\"magic-7\">\u226521<\/div>\n<\/td>\n<\/tr>\n<tr>\n<td colspan=\"1\" rowspan=\"1\">\n<div class=\"magic-7\">Q355GNH<\/div>\n<\/td>\n<td colspan=\"1\" rowspan=\"1\">\n<div class=\"magic-8\"><\/div>\n<\/td>\n<td colspan=\"1\" rowspan=\"1\">\n<div class=\"magic-8\">\u2265355<\/div>\n<\/td>\n<td colspan=\"1\" rowspan=\"1\">\n<div class=\"magic-8\">\u2265490<\/div>\n<\/td>\n<td colspan=\"1\" rowspan=\"1\">\n<div class=\"magic-7\">\u226521<\/div>\n<\/td>\n<\/tr>\n<tr>\n<td colspan=\"1\" rowspan=\"1\">\n<div class=\"magic-7\">Q460NH<\/div>\n<\/td>\n<td colspan=\"1\" rowspan=\"1\">\n<div class=\"magic-8\"><\/div>\n<\/td>\n<td colspan=\"1\" rowspan=\"1\">\n<div class=\"magic-8\">\u2265355<\/div>\n<\/td>\n<td colspan=\"1\" rowspan=\"1\">\n<div class=\"magic-8\">\u2265490<\/div>\n<\/td>\n<td colspan=\"1\" rowspan=\"1\">\n<div class=\"magic-7\">\u226521<\/div>\n<\/td>\n<\/tr>\n<\/tbody>\n<\/table>\n<div class=\"J_module\">\n<div data-section=\"AliMagic-77pv43\" data-section-title=\"Product Use\" data-spm-anchor-id=\"a2700.details.0.i41.23134a74t3vukJ\">Corten-Stahlblech ist ein wetterfester Baustahl. Die Korrosionsschutzeigenschaften von wetterfestem Stahl sind bei vielen Anwendungen besser als die anderer Baust\u00e4hle. Der Stahl ist selbstsch\u00fctzend: Die Rostschicht auf der Oberfl\u00e4che wird zu einer dichten Oxidschicht, die das Fortschreiten der Korrosion verlangsamt.<\/div>\n<div data-section=\"AliMagic-77pv43\" data-section-title=\"Product Use\" data-spm-anchor-id=\"a2700.details.0.i41.23134a74t3vukJ\"><\/div>\n<div id=\"ali-anchor-AliMagic-77pv43\" class=\"magic-0\" data-section=\"AliMagic-77pv43\" data-section-title=\"Product Use\" data-spm-anchor-id=\"a2700.details.0.i41.23134a74t3vukJ\">Produkt Verwendung<\/div>\n<\/div>\n<div class=\"J_module\">\n<div class=\"detail-decorate-json-renderer-container\">\n<div class=\"magic-18\">\n<div class=\"magic-19\">\n<div class=\"magic-20\">\n<ul>\n<li><b>Weit verbreitet in einer Vielzahl von architektonischen und technischen Strukturen, wie z. B.<\/b><br \/>\nMetallkonstruktionen wie Geb\u00e4ude, Br\u00fccken und Schiffe;<br \/>\nSendemast, Reaktionsturm;<br \/>\nMaschinen f\u00fcr den Hebetransport;<br \/>\nIndustrie\u00f6fen;Kessel<br \/>\nContainerrahmen, Regale f\u00fcr Lagerware usw.<\/li>\n<\/ul>\n<\/div>\n<\/div>\n<\/div>\n<\/div>\n<\/div>\n<p style=\"font-style: inherit; font-weight: inherit;\" data-spm-anchor-id=\"a2700.details.0.i43.3c821e92Me12OP\">Herstellungstechnik<\/p>\n<div class=\"J_module\">\n<div class=\"icbu-pc-images magic-1\">\n<div class=\"flex-layout-v\">\n<div class=\"flex-layout-h magic-1\">\n<div class=\"magic-36\">\n<figure style=\"width: 750px\" class=\"wp-caption alignnone\"><a href=\"https:\/\/keweicorten.com\/de\"><img decoding=\"async\" class=\"magic-37\" title=\"Cortenplatte\" src=\"https:\/\/sc04.alicdn.com\/kf\/Hbd874fc7436b482f904fb05aba081bceB\/267682295\/Hbd874fc7436b482f904fb05aba081bceB.jpg\" alt=\"\" width=\"750\" height=\"510\" data-src=\"\/\/sc04.alicdn.com\/kf\/Hbd874fc7436b482f904fb05aba081bceB\/267682295\/Hbd874fc7436b482f904fb05aba081bceB.jpg\" \/><\/a><figcaption class=\"wp-caption-text\">Cortenplatte<\/figcaption><\/figure>\n<\/div>\n<div class=\"magic-38\">\n<table class=\"all magic-1\">\n<tbody>\n<tr>\n<td colspan=\"1\" rowspan=\"1\">\n<div class=\"magic-2\" data-spm-anchor-id=\"a2700.details.0.i39.244b6930rbmoij\"><b>Produkte Name<\/b><\/div>\n<\/td>\n<td colspan=\"3\" rowspan=\"1\">\n<div class=\"magic-3\">Standardgr\u00f6\u00dfen 22 gauge astm a588 q235nh corten carbon sheet wetterfestes Stahlblech<\/div>\n<\/td>\n<\/tr>\n<tr>\n<td colspan=\"1\" rowspan=\"1\">\n<div class=\"magic-2\"><b>Klasse<\/b><\/div>\n<\/td>\n<td colspan=\"3\" rowspan=\"1\">\n<div class=\"magic-3\">a588, q235nh<\/div>\n<\/td>\n<\/tr>\n<tr>\n<td colspan=\"1\" rowspan=\"1\">\n<div class=\"magic-2\"><b>Dicke<\/b><\/div>\n<\/td>\n<td colspan=\"3\" rowspan=\"1\">\n<div class=\"magic-3\">3-16mm<\/div>\n<\/td>\n<\/tr>\n<tr>\n<td colspan=\"1\" rowspan=\"1\">\n<div class=\"magic-2\"><b>Breite<\/b><\/div>\n<\/td>\n<td colspan=\"3\" rowspan=\"1\">\n<div class=\"magic-6\">1250-1800mm<\/div>\n<\/td>\n<\/tr>\n<tr>\n<td colspan=\"1\" rowspan=\"1\">\n<div class=\"magic-2\"><b>L\u00e4nge<\/b><\/div>\n<\/td>\n<td colspan=\"3\" rowspan=\"1\">\n<div class=\"magic-6\">Kundenspezifisch<\/div>\n<\/td>\n<\/tr>\n<tr>\n<td colspan=\"1\" rowspan=\"1\">\n<div class=\"magic-2\"><b>Zustand der Lieferung<\/b><\/div>\n<\/td>\n<td colspan=\"3\" rowspan=\"1\">\n<div class=\"magic-6\" data-spm-anchor-id=\"a2700.details.0.i40.244b6930rbmoij\">das Material wird auf dem tats\u00e4chlichen Gewicht basieren<\/div>\n<\/td>\n<\/tr>\n<tr>\n<td colspan=\"1\" rowspan=\"1\">\n<div class=\"magic-2\"><b>Paket<\/b><\/div>\n<\/td>\n<td colspan=\"3\" rowspan=\"1\">\n<div class=\"magic-6\">M\u00fchle Standardpaket<\/div>\n<\/td>\n<\/tr>\n<tr>\n<td colspan=\"1\" rowspan=\"1\">\n<div class=\"magic-2\"><b>Zahlungsfrist<\/b><\/div>\n<\/td>\n<td colspan=\"3\" rowspan=\"1\">\n<div class=\"magic-6\">TT, L\/C<\/div>\n<\/td>\n<\/tr>\n<tr>\n<td colspan=\"1\" rowspan=\"1\">\n<div class=\"magic-2\"><b>Lieferfrist<\/b><\/div>\n<\/td>\n<td colspan=\"3\" rowspan=\"1\">\n<div class=\"magic-6\">20-45 Tage nach Erhalt der Einzahlung<\/div>\n<\/td>\n<\/tr>\n<\/tbody>\n<\/table>\n<figure style=\"width: 556px\" class=\"wp-caption alignnone\"><a href=\"https:\/\/keweicorten.com\/de\/kontaktieren-sie-uns\/\"><img decoding=\"async\" title=\"Cortenstahlblech\" src=\"https:\/\/sc04.alicdn.com\/kf\/H4356800d9bde483d9dbfa7d4fa0185caL\/228414524\/H4356800d9bde483d9dbfa7d4fa0185caL.jpg\" alt=\"\" width=\"556\" height=\"556\" \/><\/a><figcaption class=\"wp-caption-text\">Cortenstahlblech<\/figcaption><\/figure>\n<\/div>\n<\/div>\n<\/div>\n<\/div>\n<\/div>","protected":false},"excerpt":{"rendered":"<p>Wir bieten hochwertige witterungsbest\u00e4ndige Stahlbleche f\u00fcr eine breite Palette von Bau- und Industrieanwendungen. Erfahren Sie mehr \u00fcber die Vorteile von wetterfestem Stahl und wie er sich in verschiedenen Umgebungen verh\u00e4lt.<\/p>\n<table style=\"font-weight: 400;\">\n<tbody>\n<tr>\n<td style=\"font-weight: 400;\" colspan=\"1\" rowspan=\"1\">\n<p data-spm-anchor-id=\"a2700.pc-decorate.0.i44.8e343333yaYbbo\">Produktname<\/p>\n<\/td>\n<td style=\"font-weight: 400;\" colspan=\"1\" rowspan=\"1\">Wetterfestes Stahlblech<\/td>\n<\/tr>\n<tr>\n<td style=\"font-weight: 400;\" colspan=\"1\" rowspan=\"3\">\n<p data-spm-anchor-id=\"a2700.pc-decorate.0.i26.8e343333yaYbbo\">Spezifikation<\/p>\n<\/td>\n<td style=\"font-weight: 400;\" colspan=\"1\" rowspan=\"1\">\n<p data-spm-anchor-id=\"0.0.0.i10.3e8c4f05UxthN7\">Dicke: 1mm-100mm<\/p>\n<\/td>\n<\/tr>\n<tr>\n<td style=\"font-weight: 400;\" colspan=\"1\" rowspan=\"1\">Breite: \u22643000mm<\/td>\n<\/tr>\n<tr>\n<td style=\"font-weight: 400;\" colspan=\"1\" rowspan=\"1\">L\u00e4nge: \u226412000mm<\/td>\n<\/tr>\n<tr>\n<td style=\"font-weight: 400;\" colspan=\"1\" rowspan=\"1\">\n<p data-spm-anchor-id=\"0.0.0.i16.3e8c4f05UxthN7\">Technik<\/p>\n<\/td>\n<td style=\"font-weight: 400;\" colspan=\"1\" rowspan=\"1\">Warmgewalzt<\/td>\n<\/tr>\n<tr>\n<td style=\"font-weight: 400;\" colspan=\"1\" rowspan=\"1\">Oberfl\u00e4che<\/td>\n<td style=\"font-weight: 400;\" colspan=\"1\" rowspan=\"1\">Rostbehandlung, Reinigen, Strahlen oder nach Kundenwunsch<\/td>\n<\/tr>\n<\/tbody>\n<\/table>","protected":false},"featured_media":1206,"comment_status":"open","ping_status":"closed","template":"","meta":{"_eb_attr":"","_monsterinsights_skip_tracking":false,"_monsterinsights_sitenote_active":false,"_monsterinsights_sitenote_note":"","_monsterinsights_sitenote_category":0,"_uf_show_specific_survey":0,"_uf_disable_surveys":false},"product_brand":[],"product_cat":[21],"product_tag":[],"class_list":{"0":"post-1205","1":"product","2":"type-product","3":"status-publish","4":"has-post-thumbnail","6":"product_cat-weather-resistant-steel-plate","8":"first","9":"instock","10":"shipping-taxable","11":"product-type-simple"},"_links":{"self":[{"href":"https:\/\/keweicorten.com\/de\/wp-json\/wp\/v2\/product\/1205"}],"collection":[{"href":"https:\/\/keweicorten.com\/de\/wp-json\/wp\/v2\/product"}],"about":[{"href":"https:\/\/keweicorten.com\/de\/wp-json\/wp\/v2\/types\/product"}],"replies":[{"embeddable":true,"href":"https:\/\/keweicorten.com\/de\/wp-json\/wp\/v2\/comments?post=1205"}],"version-history":[{"count":1,"href":"https:\/\/keweicorten.com\/de\/wp-json\/wp\/v2\/product\/1205\/revisions"}],"predecessor-version":[{"id":1207,"href":"https:\/\/keweicorten.com\/de\/wp-json\/wp\/v2\/product\/1205\/revisions\/1207"}],"wp:featuredmedia":[{"embeddable":true,"href":"https:\/\/keweicorten.com\/de\/wp-json\/wp\/v2\/media\/1206"}],"wp:attachment":[{"href":"https:\/\/keweicorten.com\/de\/wp-json\/wp\/v2\/media?parent=1205"}],"wp:term":[{"taxonomy":"product_brand","embeddable":true,"href":"https:\/\/keweicorten.com\/de\/wp-json\/wp\/v2\/product_brand?post=1205"},{"taxonomy":"product_cat","embeddable":true,"href":"https:\/\/keweicorten.com\/de\/wp-json\/wp\/v2\/product_cat?post=1205"},{"taxonomy":"product_tag","embeddable":true,"href":"https:\/\/keweicorten.com\/de\/wp-json\/wp\/v2\/product_tag?post=1205"}],"curies":[{"name":"wp","href":"https:\/\/api.w.org\/{rel}","templated":true}]}}