{"id":1208,"date":"2024-09-13T09:13:31","date_gmt":"2024-09-13T09:13:31","guid":{"rendered":"https:\/\/keweicorten.com\/?post_type=product&#038;p=1208"},"modified":"2024-09-13T09:15:38","modified_gmt":"2024-09-13T09:15:38","slug":"q235nh-cortenstahlblech","status":"publish","type":"product","link":"https:\/\/keweicorten.com\/de\/q235nh-cortenstahlblech\/","title":{"rendered":"Q235NH Cortenstahlblech"},"content":{"rendered":"<h2><strong>Eigenschaften von Q235NH Cortenstahlblech:<\/strong><\/h2>\n<ol>\n<li>\n<h3><strong>Witterungsbest\u00e4ndigkeit<\/strong>:<\/h3>\n<ul>\n<li>Q235NH bildet eine stabile Rostschicht auf seiner Oberfl\u00e4che, nachdem er der Witterung ausgesetzt wurde. Diese Schicht sch\u00fctzt den Stahl wirksam vor weiterer Korrosion und macht ihn ideal f\u00fcr die Verwendung im Freien, ohne dass eine h\u00e4ufige Wartung oder ein Anstrich erforderlich ist.<\/li>\n<\/ul>\n<\/li>\n<li>\n<h3><strong>Hohe Festigkeit<\/strong>:<\/h3>\n<ul>\n<li>Das Blech weist eine gute Kombination aus Festigkeit und Dehnbarkeit auf und eignet sich daher f\u00fcr verschiedene tragende Strukturen. Es beh\u00e4lt seine ausgezeichneten mechanischen Eigenschaften auch bei rauen Witterungsbedingungen bei.<\/li>\n<\/ul>\n<\/li>\n<li>\n<h3><strong>Selbstsch\u00fctzende Patina<\/strong>:<\/h3>\n<ul>\n<li>Wenn der Stahl der Luft ausgesetzt wird, entwickelt er eine Patina oder eine sch\u00fctzende Rostschicht. Im Gegensatz zu normalem Stahl wirkt diese Patina wie eine Barriere, die eine tiefere Korrosion verhindert. Je mehr der Stahl den Elementen ausgesetzt ist, desto st\u00e4rker wird die Schutzschicht.<\/li>\n<\/ul>\n<\/li>\n<li>\n<h3><strong>Kosteng\u00fcnstig<\/strong>:<\/h3>\n<ul>\n<li>Q235NH bietet eine lange Lebensdauer bei minimaler Wartung, was die Gesamtbetriebskosten senkt. Es erfordert keine zus\u00e4tzlichen Schutzbeschichtungen, was die Wartungskosten im Vergleich zu normalem Stahl ebenfalls senkt.<\/li>\n<\/ul>\n<\/li>\n<li>\n<h3><strong>Gute Schwei\u00dfbarkeit und Umformbarkeit<\/strong>:<\/h3>\n<ul>\n<li>Diese Stahlsorte kann leicht geschwei\u00dft, geschnitten und geformt werden, was sie vielseitig in den Herstellungsprozessen und f\u00fcr eine breite Palette von Anwendungen geeignet macht.<\/li>\n<\/ul>\n<\/li>\n<\/ol>\n<figure style=\"width: 699px\" class=\"wp-caption alignnone\"><a href=\"https:\/\/sc04.alicdn.com\/kf\/H76e12fa30cdf479cb889402f04ac9d81J\/267682295\/H76e12fa30cdf479cb889402f04ac9d81J.jpg\" rel=\"nofollow noopener\" target=\"_blank\"><img fetchpriority=\"high\" decoding=\"async\" title=\"Cortenstahlblech Q235\" src=\"https:\/\/sc04.alicdn.com\/kf\/H76e12fa30cdf479cb889402f04ac9d81J\/267682295\/H76e12fa30cdf479cb889402f04ac9d81J.jpg\" alt=\"\" width=\"699\" height=\"699\" \/><\/a><figcaption class=\"wp-caption-text\">Cortenstahlblech Q235<\/figcaption><\/figure>\n<h2><strong>Vorteile von Q235NH Corten Stahlblech<\/strong>:<\/h2>\n<ul>\n<li><strong>Geringe Wartung<\/strong>: Erfordert wenig bis gar keine Wartung, da sich die sch\u00fctzende Rostschicht mit der Zeit von selbst bildet.<\/li>\n<li><strong>Lange Lebensdauer<\/strong>: Widerstandsf\u00e4hig gegen atmosph\u00e4rische Korrosion, insbesondere in rauen Umgebungen.<\/li>\n<li><strong>\u00c4sthetische Anziehungskraft<\/strong>: Bietet ein unverwechselbares Aussehen f\u00fcr architektonische und dekorative Zwecke.<\/li>\n<\/ul>\n<figure style=\"width: 711px\" class=\"wp-caption alignnone\"><a href=\"https:\/\/keweicorten.com\/de\"><img decoding=\"async\" title=\"Cortenstahlblech\" src=\"https:\/\/sc04.alicdn.com\/kf\/Haebe0c1e50234a0abd875e26e35b7533s\/261778336\/Haebe0c1e50234a0abd875e26e35b7533s.jpg\" alt=\"\" width=\"711\" height=\"711\" \/><\/a><figcaption class=\"wp-caption-text\">Cortenstahlblech<\/figcaption><\/figure>\n<p>&nbsp;<\/p>\n<\/div>","protected":false},"excerpt":{"rendered":"<p><strong>Spezifikationen<\/strong>:<\/p>\n<ul>\n<li><strong>Dicke<\/strong>: Je nach Anwendung reicht die Bandbreite von 1,5 mm bis 50 mm.<\/li>\n<li><strong>Breite<\/strong>: Von 600mm bis 2500mm.<\/li>\n<li><strong>L\u00e4nge<\/strong>: Normalerweise in L\u00e4ngen bis zu 12000 mm erh\u00e4ltlich, kann aber auch individuell angepasst werden.<\/li>\n<li><strong>Standard<\/strong>: Entspricht den chinesischen Normen GB\/T4171 f\u00fcr wetterfesten Stahl.<\/li>\n<\/ul>","protected":false},"featured_media":1209,"comment_status":"open","ping_status":"closed","template":"","meta":{"_eb_attr":"","_monsterinsights_skip_tracking":false,"_monsterinsights_sitenote_active":false,"_monsterinsights_sitenote_note":"","_monsterinsights_sitenote_category":0,"_uf_show_specific_survey":0,"_uf_disable_surveys":false},"product_brand":[],"product_cat":[21],"product_tag":[],"class_list":{"0":"post-1208","1":"product","2":"type-product","3":"status-publish","4":"has-post-thumbnail","6":"product_cat-weather-resistant-steel-plate","8":"first","9":"instock","10":"shipping-taxable","11":"product-type-simple"},"_links":{"self":[{"href":"https:\/\/keweicorten.com\/de\/wp-json\/wp\/v2\/product\/1208"}],"collection":[{"href":"https:\/\/keweicorten.com\/de\/wp-json\/wp\/v2\/product"}],"about":[{"href":"https:\/\/keweicorten.com\/de\/wp-json\/wp\/v2\/types\/product"}],"replies":[{"embeddable":true,"href":"https:\/\/keweicorten.com\/de\/wp-json\/wp\/v2\/comments?post=1208"}],"version-history":[{"count":2,"href":"https:\/\/keweicorten.com\/de\/wp-json\/wp\/v2\/product\/1208\/revisions"}],"predecessor-version":[{"id":1211,"href":"https:\/\/keweicorten.com\/de\/wp-json\/wp\/v2\/product\/1208\/revisions\/1211"}],"wp:featuredmedia":[{"embeddable":true,"href":"https:\/\/keweicorten.com\/de\/wp-json\/wp\/v2\/media\/1209"}],"wp:attachment":[{"href":"https:\/\/keweicorten.com\/de\/wp-json\/wp\/v2\/media?parent=1208"}],"wp:term":[{"taxonomy":"product_brand","embeddable":true,"href":"https:\/\/keweicorten.com\/de\/wp-json\/wp\/v2\/product_brand?post=1208"},{"taxonomy":"product_cat","embeddable":true,"href":"https:\/\/keweicorten.com\/de\/wp-json\/wp\/v2\/product_cat?post=1208"},{"taxonomy":"product_tag","embeddable":true,"href":"https:\/\/keweicorten.com\/de\/wp-json\/wp\/v2\/product_tag?post=1208"}],"curies":[{"name":"wp","href":"https:\/\/api.w.org\/{rel}","templated":true}]}}