{"id":1230,"date":"2024-09-14T08:41:19","date_gmt":"2024-09-14T08:41:19","guid":{"rendered":"https:\/\/keweicorten.com\/?post_type=product&#038;p=1230"},"modified":"2025-01-15T06:26:56","modified_gmt":"2025-01-15T06:26:56","slug":"hochbeet-pflanzkasten","status":"publish","type":"product","link":"https:\/\/keweicorten.com\/de\/hochbeet-pflanzkasten\/","title":{"rendered":"Hochbeet-Pflanzkasten"},"content":{"rendered":"<h2>Merkmale des Hochbeet-Pflanzkastens aus verwittertem Stahl\uff1a<\/h2>\n<ul>\n<li><strong>Material<\/strong>: Hergestellt aus 2-4 mm dickem Cortenstahl, der sowohl Robustheit als auch Langlebigkeit gew\u00e4hrleistet. Die Dicke sorgt f\u00fcr strukturelle Integrit\u00e4t und erm\u00f6glicht es dem Pflanzgef\u00e4\u00df, unterschiedlichen Wetterbedingungen zu widerstehen.<\/li>\n<li><strong>Nat\u00fcrliche \u00c4sthetik<\/strong>: Die rostfarbene Oberfl\u00e4che entwickelt sich mit der Zeit und f\u00fcgt sich wunderbar in die nat\u00fcrliche Umgebung Ihres Gartens ein. Die Farbe entwickelt sich mit der Verwitterung des Stahls und verleiht ihm ein einzigartiges, rustikales Aussehen.<\/li>\n<li><strong>Dauerhaftigkeit<\/strong>: Diese korrosionsbest\u00e4ndigen Pflanzgef\u00e4\u00dfe widerstehen rauen Umwelteinfl\u00fcssen, ohne sich zu verschlechtern, und sind somit eine dauerhafte Erg\u00e4nzung f\u00fcr Ihre Gartengestaltung.<\/li>\n<li><strong>Personalisierung<\/strong>: Es gibt verschiedene Gr\u00f6\u00dfen, Formen und Ausf\u00fchrungen, die dem individuellen Geschmack und der Gartengestaltung angepasst werden k\u00f6nnen. Die konische Form bietet eine elegante Silhouette, die in jeder Umgebung auff\u00e4llt.<\/li>\n<li><strong>Einfach zu installieren<\/strong>: Im Vergleich zu anderen Materialien sind diese Pflanzgef\u00e4\u00dfe im leeren Zustand sehr leicht und k\u00f6nnen je nach Bedarf einfach an einen anderen Ort im Garten gestellt werden.<\/li>\n<li><strong>Entw\u00e4sserung<\/strong>: Eine ordnungsgem\u00e4\u00dfe Drainage ist f\u00fcr die Gesundheit der Pflanzen entscheidend. Achten Sie darauf, dass die Pflanzgef\u00e4\u00dfe Entw\u00e4sserungsl\u00f6cher haben oder so konstruiert sind, dass \u00fcbersch\u00fcssiges Wasser abflie\u00dfen kann.<\/li>\n<\/ul>\n<figure style=\"width: 612px\" class=\"wp-caption alignnone\"><a href=\"https:\/\/keweicorten.com\/de\"><img fetchpriority=\"high\" decoding=\"async\" title=\"Hochbeet\" src=\"https:\/\/sc04.alicdn.com\/kf\/H7b8fa5fba8f640418543df2d00059383B\/232904194\/H7b8fa5fba8f640418543df2d00059383B.jpg\" alt=\"\" width=\"612\" height=\"408\" \/><\/a><figcaption class=\"wp-caption-text\">Hochbeet<\/figcaption><\/figure>\n<p>Der Hochbeet-Pflanzkasten wird von geschickten Handwerkern aus Metall geformt, wobei das Metall pr\u00e4zise gefaltet wird, um ein Pflanzbeet zu schaffen, das sich aus vier Platten zu einer rechteckigen Form zusammensetzt. Die Paneele des Hochbeetes greifen ineinander und bilden so einen unglaublich soliden Pflanzbeh\u00e4lter, der eine maximale Pflanzfl\u00e4che bietet, und vor allem ist das Hochbeet einfach, modern und minimalistisch.<\/p>\n<table class=\"is-zebra all magic-10\">\n<tbody>\n<tr>\n<td colspan=\"1\" rowspan=\"1\">\n<div class=\"magic-11\" data-spm-anchor-id=\"a2700.details.0.i39.6b435473fC2YOp\"><b>Produktname<\/b><\/div>\n<\/td>\n<td colspan=\"1\" rowspan=\"1\">\n<div class=\"magic-12\">Rusty Metal Raised Garden Bed Corten Steel Vegetable Planter Boxes<\/div>\n<\/td>\n<\/tr>\n<tr>\n<td colspan=\"1\" rowspan=\"1\">\n<div class=\"magic-11\" data-spm-anchor-id=\"a2700.details.0.i41.6b435473fC2YOp\"><b>Farbe<\/b><\/div>\n<\/td>\n<td colspan=\"1\" rowspan=\"1\">\n<div class=\"magic-12\">Grau oder rostrot<\/div>\n<\/td>\n<\/tr>\n<tr>\n<td colspan=\"1\" rowspan=\"1\">\n<div class=\"magic-11\"><b>Material<\/b><\/div>\n<\/td>\n<td colspan=\"1\" rowspan=\"1\">\n<div class=\"magic-12\">Baustahl, Cortenstahl<\/div>\n<\/td>\n<\/tr>\n<tr>\n<td colspan=\"1\" rowspan=\"1\">\n<div class=\"magic-11\"><b>Gr\u00f6\u00dfe<\/b><\/div>\n<\/td>\n<td colspan=\"1\" rowspan=\"1\">\n<div class=\"magic-12\">\u00a0 L500 x B500x H200 mm\/L800 x B800x H400mm<\/p>\n<div data-spm-anchor-id=\"a2700.pc-decorate.0.i4.26b13333MCzf1x\">\u00a0 L900 x B600 x H300 mm\/ L1200 x B900 x H300 mm<br \/>\n( Angepasst werden)<\/div>\n<\/div>\n<\/td>\n<\/tr>\n<tr>\n<td colspan=\"1\" rowspan=\"1\">\n<div class=\"magic-11\"><b>Dicke<\/b><\/div>\n<\/td>\n<td colspan=\"1\" rowspan=\"1\">\n<div class=\"magic-12\">2-3mm<\/div>\n<\/td>\n<\/tr>\n<tr>\n<td colspan=\"1\" rowspan=\"1\">\n<div class=\"magic-11\"><b>Oberfl\u00e4chenbehandlung<\/b><\/div>\n<\/td>\n<td colspan=\"1\" rowspan=\"1\">\n<div class=\"magic-12\" data-spm-anchor-id=\"a2700.details.0.i40.6b435473fC2YOp\">Vorgerostet, schwarz lackiert, kann angepasst werden<\/div>\n<\/td>\n<\/tr>\n<tr>\n<td colspan=\"1\" rowspan=\"1\">\n<div class=\"magic-11\"><b>MOQ<\/b><\/div>\n<\/td>\n<td colspan=\"1\" rowspan=\"1\">\n<div class=\"magic-12\">4 St\u00fcck<\/div>\n<\/td>\n<\/tr>\n<tr>\n<td colspan=\"1\" rowspan=\"1\">\n<div class=\"magic-11\"><b>OEM &amp; ODM<\/b><\/div>\n<\/td>\n<td colspan=\"1\" rowspan=\"1\">\n<div class=\"magic-12\">Ma\u00dfgeschneiderter Service ist verf\u00fcgbar.<\/div>\n<\/td>\n<\/tr>\n<\/tbody>\n<\/table>\n<p class=\"magic-5\"><span style=\"font-size: large;\" data-spm-anchor-id=\"a2700.details.0.i40.722e768ceArIts\">100% Zufriedenheitsgarantie<\/span><\/p>\n<p class=\"magic-5\" data-spm-anchor-id=\"a2700.details.0.i41.722e768ceArIts\"><span style=\"font-size: large;\"><br \/>\nWerkstoff - Cortenstahl<\/span><\/p>\n<p class=\"magic-5\"><span style=\"font-size: large;\"><br \/>\nExtra tief f\u00fcr gr\u00f6\u00dfere Pflanzen<\/span><\/p>\n<div class=\"text-content\">Hochbeetk\u00e4sten sind eine hervorragende M\u00f6glichkeit, die Bodenverdichtung zu verhindern, f\u00fcr eine hervorragende Drainage zu sorgen und zu verhindern, dass Unkr\u00e4uter in der wachsenden Erde Fu\u00df fassen k\u00f6nnen.<\/div>\n<figure style=\"width: 613px\" class=\"wp-caption alignnone\"><a href=\"https:\/\/keweicorten.com\/de\"><img decoding=\"async\" title=\"Hochbeet Gartenbeet\" src=\"https:\/\/sc04.alicdn.com\/kf\/He51239b636024d93b16c341680a98532y\/223026859\/He51239b636024d93b16c341680a98532y.jpg\" alt=\"\" width=\"613\" height=\"439\" \/><\/a><figcaption class=\"wp-caption-text\">Hochbeet Gartenbeet<\/figcaption><\/figure>","protected":false},"excerpt":{"rendered":"<p>Corten-Stahlplatte (rote Vorhangfassade Stahlplatte, Landschaft Stahlplatte, geschnitzt Stahlplatte) ist zwischen den gew\u00f6hnlichen Stahl und Edelstahl billig legierter Stahl-Serie; Outdoor-Corten-Stahl Dekoration nimmt neue Technologie, um nachhaltige Entwicklung und Innovation, und ist zu den weltweit f\u00fchrenden Stahl-Technologie.<\/p>\n<table border=\"1\">\n<tbody>\n<tr>\n<td data-spm-anchor-id=\"a2700.details.0.i40.2eb5646aQ18go6\"><span data-spm-anchor-id=\"a2700.details.0.i39.2eb5646aQ18go6\">Name<br \/>\n<\/span><\/td>\n<td>Dekorative Pflanzgef\u00e4\u00dfe aus Metall \/ hohe quadratische Pflanzgef\u00e4\u00dfe \/ gro\u00dfe Pflanzgef\u00e4\u00dfe f\u00fcr den Au\u00dfenbereich<\/td>\n<\/tr>\n<tr>\n<td>Oberfl\u00e4che<\/td>\n<td>Vorgerostet<\/td>\n<\/tr>\n<tr>\n<td>Technologie<\/td>\n<td>\u00a0Laserschneiden, Biegen, Profilieren, Schwei\u00dfen.<\/td>\n<\/tr>\n<tr>\n<td>\u00a0Produkte<\/td>\n<td>Blumenk\u00fcbel aus Corten, Gartenschirme aus Corten, Zaun aus Corten, Pflanzgef\u00e4\u00dfe aus Corten, Spaliere aus Corten, Wandkunst aus Corten, St\u00fctzmauern aus Cor-Ten-Stahl.<\/td>\n<\/tr>\n<\/tbody>\n<\/table>","protected":false},"featured_media":1231,"comment_status":"open","ping_status":"closed","template":"","meta":{"_eb_attr":"","_monsterinsights_skip_tracking":false,"_monsterinsights_sitenote_active":false,"_monsterinsights_sitenote_note":"","_monsterinsights_sitenote_category":0,"_uf_show_specific_survey":0,"_uf_disable_surveys":false},"product_brand":[],"product_cat":[59],"product_tag":[],"class_list":{"0":"post-1230","1":"product","2":"type-product","3":"status-publish","4":"has-post-thumbnail","6":"product_cat-flower-pot","8":"first","9":"instock","10":"shipping-taxable","11":"product-type-simple"},"_links":{"self":[{"href":"https:\/\/keweicorten.com\/de\/wp-json\/wp\/v2\/product\/1230"}],"collection":[{"href":"https:\/\/keweicorten.com\/de\/wp-json\/wp\/v2\/product"}],"about":[{"href":"https:\/\/keweicorten.com\/de\/wp-json\/wp\/v2\/types\/product"}],"replies":[{"embeddable":true,"href":"https:\/\/keweicorten.com\/de\/wp-json\/wp\/v2\/comments?post=1230"}],"version-history":[{"count":1,"href":"https:\/\/keweicorten.com\/de\/wp-json\/wp\/v2\/product\/1230\/revisions"}],"predecessor-version":[{"id":1232,"href":"https:\/\/keweicorten.com\/de\/wp-json\/wp\/v2\/product\/1230\/revisions\/1232"}],"wp:featuredmedia":[{"embeddable":true,"href":"https:\/\/keweicorten.com\/de\/wp-json\/wp\/v2\/media\/1231"}],"wp:attachment":[{"href":"https:\/\/keweicorten.com\/de\/wp-json\/wp\/v2\/media?parent=1230"}],"wp:term":[{"taxonomy":"product_brand","embeddable":true,"href":"https:\/\/keweicorten.com\/de\/wp-json\/wp\/v2\/product_brand?post=1230"},{"taxonomy":"product_cat","embeddable":true,"href":"https:\/\/keweicorten.com\/de\/wp-json\/wp\/v2\/product_cat?post=1230"},{"taxonomy":"product_tag","embeddable":true,"href":"https:\/\/keweicorten.com\/de\/wp-json\/wp\/v2\/product_tag?post=1230"}],"curies":[{"name":"wp","href":"https:\/\/api.w.org\/{rel}","templated":true}]}}