{"id":1234,"date":"2024-09-18T07:48:58","date_gmt":"2024-09-18T07:48:58","guid":{"rendered":"https:\/\/keweicorten.com\/?post_type=product&#038;p=1234"},"modified":"2024-09-18T07:48:59","modified_gmt":"2024-09-18T07:48:59","slug":"cortenstahl-a588gra","status":"publish","type":"product","link":"https:\/\/keweicorten.com\/de\/cortenstahl-a588gra\/","title":{"rendered":"Cortenstahl A588GRA"},"content":{"rendered":"<h2>Die wichtigsten Merkmale von wetterfesten Stahlblechen:<\/h2>\n<ul>\n<li>Korrosionsbest\u00e4ndigkeit: Verwitternder Stahl bildet ein stabiles rost\u00e4hnliches Aussehen, wenn er der Witterung ausgesetzt ist, das als Schutzschicht wirkt, um tiefere Korrosion zu verhindern. Diese Oxidschicht entwickelt sich im Laufe der Zeit weiter und bietet einen kontinuierlichen Schutz vor der Umwelt.<\/li>\n<li>Hohe Festigkeit: Bewitterungsstahl hat eine h\u00f6here Streckgrenze als herk\u00f6mmliche Baust\u00e4hle, wodurch er sich f\u00fcr anspruchsvolle strukturelle Anwendungen eignet und leichtere und st\u00e4rkere Konstruktionen erm\u00f6glicht.<\/li>\n<li>Niedriger Legierungsgehalt: Es enth\u00e4lt bestimmte Legierungselemente wie Kupfer, Chrom und Nickel, die seine Witterungsbest\u00e4ndigkeit und allgemeine Haltbarkeit verbessern.<\/li>\n<li>\u00c4sthetische Anziehungskraft<\/li>\n<li>Wartungsfrei: Einer der gr\u00f6\u00dften Vorteile von wetterfestem Cortenstahl A588GRA ist sein geringer Wartungsbedarf. Sobald sich die sch\u00fctzende Patina gebildet hat, sind in der Regel nur noch wenige Behandlungen, Beschichtungen oder Neuanstriche erforderlich.<\/li>\n<li>Umweltbest\u00e4ndigkeit: Wetterfester Stahl eignet sich besonders f\u00fcr Konstruktionen im Freien, da er verschiedenen Witterungsbedingungen wie Regen, Schnee und extremen Temperaturen standh\u00e4lt.<\/li>\n<li>Schwei\u00dfbarkeit: Bewitterungsbest\u00e4ndiger Stahl Cortenstahl A588GRA kann wie andere Baust\u00e4hle geschwei\u00dft werden, wobei jedoch besondere \u00dcberlegungen hinsichtlich des Schwei\u00dfverfahrens angestellt werden m\u00fcssen, um die Eigenschaften des Materials zu erhalten.<\/li>\n<li>Langlebigkeit: Der wetterfeste Cortenstahl A588GRA hat eine lange Lebensdauer, was ihn zu einer kosteneffizienten Wahl f\u00fcr Strukturen macht, die rauen Wetterbedingungen ausgesetzt sind.<\/li>\n<li>Formbarkeit: Es l\u00e4sst sich leicht zu verschiedenen Formen und Strukturen formen, was es vielseitig f\u00fcr architektonische und strukturelle Anwendungen macht.<\/li>\n<li>Nachhaltigkeit: Aufgrund seiner Langlebigkeit und seines geringen Wartungsaufwands tr\u00e4gt wetterfester Stahl zu nachhaltigen Baupraktiken bei, da weniger Ressourcen f\u00fcr Beschichtungen und h\u00e4ufige Auswechslungen aufgewendet werden m\u00fcssen.<\/li>\n<\/ul>\n<figure style=\"width: 750px\" class=\"wp-caption alignnone\"><a href=\"https:\/\/keweicorten.com\/de\/kontaktieren-sie-uns\/\"><img fetchpriority=\"high\" decoding=\"async\" title=\"Cortenstahlbleche\" src=\"https:\/\/sc04.alicdn.com\/kf\/H4b06690ff5ec4483be228e9342b4f08fn\/239729424\/H4b06690ff5ec4483be228e9342b4f08fn.jpg\" alt=\"\" width=\"750\" height=\"929\" \/><\/a><figcaption class=\"wp-caption-text\">Cortenstahlbleche<\/figcaption><\/figure>\n<table class=\"has-title all magic-9\" style=\"height: 323px;\" width=\"910\">\n<tbody>\n<tr>\n<td colspan=\"1\" rowspan=\"1\">\n<div class=\"magic-10\" data-spm-anchor-id=\"a2700.details.0.i42.4d704381X3PZPe\">Produktname<\/div>\n<\/td>\n<td colspan=\"4\" rowspan=\"1\">\n<div class=\"magic-11\">Wetterfestes Stahlblech<\/div>\n<\/td>\n<\/tr>\n<tr>\n<td colspan=\"1\" rowspan=\"1\">\n<div class=\"magic-10\" data-spm-anchor-id=\"a2700.details.0.i41.4d704381X3PZPe\">Standard<\/div>\n<\/td>\n<td colspan=\"4\" rowspan=\"1\">\n<div class=\"magic-11\">DIN GB JIS BA AISI ASTM<\/div>\n<\/td>\n<\/tr>\n<tr>\n<td colspan=\"1\" rowspan=\"1\">\n<div class=\"magic-10\">L\u00e4nge<\/div>\n<\/td>\n<td colspan=\"4\" rowspan=\"1\">\n<div class=\"magic-11\">\u00a0Anpassen<\/div>\n<\/td>\n<\/tr>\n<tr>\n<td colspan=\"1\" rowspan=\"1\">\n<div class=\"magic-10\">Breite<\/div>\n<\/td>\n<td colspan=\"4\" rowspan=\"1\">\n<div class=\"magic-11\">Anpassen<\/div>\n<\/td>\n<\/tr>\n<tr>\n<td colspan=\"1\" rowspan=\"1\">\n<div class=\"magic-10\">Dicke<\/div>\n<\/td>\n<td colspan=\"4\" rowspan=\"1\">\n<div class=\"magic-11\">2-100mm oder kann angepasst werden<\/div>\n<\/td>\n<\/tr>\n<tr>\n<td colspan=\"1\" rowspan=\"1\">\n<div class=\"magic-10\">Material<\/div>\n<\/td>\n<td colspan=\"4\" rowspan=\"1\">\n<div class=\"magic-11\">\u00a0Q235NH Q355NH Q355GNH Q295NH Q295GNH Q460NH S235J0WP S235J2WP S235J2W A588grA CortenA CortenB Q345NH Q295NH Q295GNH Q355GNHL 09CuPCrNi-A SPA-H Corten A CortenB Cu-P<\/div>\n<\/td>\n<\/tr>\n<tr>\n<td colspan=\"1\" rowspan=\"1\">\n<div class=\"magic-10\">Zahlung<\/div>\n<\/td>\n<td colspan=\"4\" rowspan=\"1\">\n<div class=\"magic-11\">30%T\/T + 70% Waage<\/div>\n<\/td>\n<\/tr>\n<tr>\n<td colspan=\"1\" rowspan=\"1\">\n<div class=\"magic-10\">Anmeldung<\/div>\n<\/td>\n<td colspan=\"4\" rowspan=\"1\">\n<div class=\"magic-11\">Witterungsbest\u00e4ndiger Stahl wird haupts\u00e4chlich in den Bereichen Eisenbahn, Fahrzeuge, Br\u00fccken, T\u00fcrme, Photovoltaik, Hochgeschwindigkeitstechnik und anderen Langzeitanwendungen eingesetzt.<br \/>\nExposition gegen\u00fcber der Atmosph\u00e4re der Verwendung von Stahlkonstruktionen. Es kann auch bei der Herstellung von Containern, Eisenbahn verwendet werden<br \/>\nFahrzeuge, Bohrt\u00fcrme, Hafengeb\u00e4ude, \u00d6lplattformen und Beh\u00e4lter mit schwefelhaltigen korrosiven Medien in der chemischen und<br \/>\nErd\u00f6lanlagen. Dar\u00fcber hinaus wird wetterfester Stahl aufgrund seines einzigartigen Aussehens auch h\u00e4ufig f\u00fcr Kunstwerke im \u00f6ffentlichen Raum, f\u00fcr<br \/>\nSkulptur und Au\u00dfenwanddekoration von Geb\u00e4uden.<\/div>\n<\/td>\n<\/tr>\n<tr>\n<td colspan=\"1\" rowspan=\"1\">\n<div class=\"magic-10\">Exportverpackung<\/div>\n<\/td>\n<td colspan=\"4\" rowspan=\"1\">\n<div class=\"magic-11\">Wasserdichtes Papier und Stahlband verpackt.<br \/>\nStandard Export Seaworthy Package, geeignet f\u00fcr alle Arten von Transport, oder wie erforderlich<\/div>\n<\/td>\n<\/tr>\n<tr>\n<td colspan=\"1\" rowspan=\"1\">\n<div class=\"magic-10\">Oberfl\u00e4che<\/div>\n<\/td>\n<td colspan=\"4\" rowspan=\"1\">\n<div class=\"magic-14\">Schwarz, Beschichtung, Farbbeschichtung, Anti-Rost-Lack, Anti-Rost-\u00d6l, Gitter, etc.<\/div>\n<\/td>\n<\/tr>\n<\/tbody>\n<\/table>\n<h2 class=\"magic-29\"><span class=\"magic-30\" data-spm-anchor-id=\"a2700.details.0.i45.4d704381X3PZPe\">Anwendung von witterungsbest\u00e4ndigem Stahlblech<\/span><\/h2>\n<div class=\"magic-5\">\n<div class=\"magic-6\">\n<div class=\"magic-7\">1<b>\u3001Wetterfeste Landschaft<\/b><\/p>\n<div><\/div>\n<div>2\u3001<b>Wetterfeste Vorhangfassade<\/b><\/div>\n<div><\/div>\n<div>3\u3001<b>Wetter-Skulptur<\/b><\/div>\n<div><\/div>\n<div>4\u3001<b>Wetterfester Blumentopf<\/b><\/div>\n<div><b>\u00a0<\/b><\/div>\n<div>5\u3001<b>Wetterfestes Geb\u00e4ude<\/b><\/div>\n<div><b>\u00a0<\/b><\/div>\n<div>6\u3001<b>Wetterfester Bildschirm<\/b><\/div>\n<h2>Produktverpackung<\/h2>\n<div>\n<figure style=\"width: 646px\" class=\"wp-caption alignnone\"><a href=\"https:\/\/keweicorten.com\/de\"><img decoding=\"async\" title=\"Cortenstahlblech\" src=\"https:\/\/sc01.alicdn.com\/kf\/HTB1qOM4nrYI8KJjy0Fa762AiVXaL\/231450570\/HTB1qOM4nrYI8KJjy0Fa762AiVXaL.png\" alt=\"\" width=\"646\" height=\"410\" \/><\/a><figcaption class=\"wp-caption-text\">Cortenstahlblech<\/figcaption><\/figure>\n<\/div>\n<\/div>\n<\/div>\n<\/div>","protected":false},"excerpt":{"rendered":"<table class=\"all magic-1\" style=\"height: 120px;\" width=\"313\">\n<tbody>\n<tr>\n<td colspan=\"1\" rowspan=\"1\">\n<div class=\"magic-2\" data-spm-anchor-id=\"a2700.details.0.i39.73d28eb8YeAqUO\">Name des Erzeugnisses<\/div>\n<\/td>\n<td colspan=\"1\" rowspan=\"1\">\n<div class=\"magic-3\">Wetterfestes Stahlblech<\/div>\n<\/td>\n<\/tr>\n<tr>\n<td colspan=\"1\" rowspan=\"1\">\n<div class=\"magic-2\">Klasse<\/div>\n<\/td>\n<td colspan=\"1\" rowspan=\"1\">\n<div class=\"magic-3\">09CuPCrNi-A, CortenA, CortenB<br \/>\nQ235NH,Q295NH,Q345NH,Q500NH<br \/>\nS235JOW,S355JOW,S355J2WP<\/div>\n<\/td>\n<\/tr>\n<tr>\n<td colspan=\"1\" rowspan=\"1\">\n<div class=\"magic-2\">Technik<\/div>\n<\/td>\n<td colspan=\"1\" rowspan=\"1\">\n<div class=\"magic-3\">Kaltgewalzt<\/div>\n<\/td>\n<\/tr>\n<tr>\n<td colspan=\"1\" rowspan=\"1\">\n<div class=\"magic-2\">Oberfl\u00e4che<\/div>\n<\/td>\n<td colspan=\"1\" rowspan=\"1\">\n<div class=\"magic-3\">Rostbehandlung, Reinigen, Strahlen oder nach Kundenwunsch.<\/div>\n<\/td>\n<\/tr>\n<\/tbody>\n<\/table>","protected":false},"featured_media":1244,"comment_status":"open","ping_status":"closed","template":"","meta":{"_eb_attr":"","_monsterinsights_skip_tracking":false,"_monsterinsights_sitenote_active":false,"_monsterinsights_sitenote_note":"","_monsterinsights_sitenote_category":0,"_uf_show_specific_survey":0,"_uf_disable_surveys":false},"product_brand":[],"product_cat":[21],"product_tag":[],"class_list":{"0":"post-1234","1":"product","2":"type-product","3":"status-publish","4":"has-post-thumbnail","6":"product_cat-weather-resistant-steel-plate","8":"first","9":"instock","10":"shipping-taxable","11":"product-type-simple"},"_links":{"self":[{"href":"https:\/\/keweicorten.com\/de\/wp-json\/wp\/v2\/product\/1234"}],"collection":[{"href":"https:\/\/keweicorten.com\/de\/wp-json\/wp\/v2\/product"}],"about":[{"href":"https:\/\/keweicorten.com\/de\/wp-json\/wp\/v2\/types\/product"}],"replies":[{"embeddable":true,"href":"https:\/\/keweicorten.com\/de\/wp-json\/wp\/v2\/comments?post=1234"}],"version-history":[{"count":1,"href":"https:\/\/keweicorten.com\/de\/wp-json\/wp\/v2\/product\/1234\/revisions"}],"predecessor-version":[{"id":1245,"href":"https:\/\/keweicorten.com\/de\/wp-json\/wp\/v2\/product\/1234\/revisions\/1245"}],"wp:featuredmedia":[{"embeddable":true,"href":"https:\/\/keweicorten.com\/de\/wp-json\/wp\/v2\/media\/1244"}],"wp:attachment":[{"href":"https:\/\/keweicorten.com\/de\/wp-json\/wp\/v2\/media?parent=1234"}],"wp:term":[{"taxonomy":"product_brand","embeddable":true,"href":"https:\/\/keweicorten.com\/de\/wp-json\/wp\/v2\/product_brand?post=1234"},{"taxonomy":"product_cat","embeddable":true,"href":"https:\/\/keweicorten.com\/de\/wp-json\/wp\/v2\/product_cat?post=1234"},{"taxonomy":"product_tag","embeddable":true,"href":"https:\/\/keweicorten.com\/de\/wp-json\/wp\/v2\/product_tag?post=1234"}],"curies":[{"name":"wp","href":"https:\/\/api.w.org\/{rel}","templated":true}]}}