{"id":1238,"date":"2024-09-18T07:24:58","date_gmt":"2024-09-18T07:24:58","guid":{"rendered":"https:\/\/keweicorten.com\/?post_type=product&#038;p=1238"},"modified":"2024-09-18T07:24:58","modified_gmt":"2024-09-18T07:24:58","slug":"corten-a-stahlblech","status":"publish","type":"product","link":"https:\/\/keweicorten.com\/de\/corten-a-stahlblech\/","title":{"rendered":"Corten A Stahlplatte"},"content":{"rendered":"<p>Aufgrund seiner Witterungsbest\u00e4ndigkeit, seiner hervorragenden mechanischen Eigenschaften, seiner einzigartigen \u00c4sthetik und seiner geringen Wartungskosten ist Corten A-Stahlblech zu einem unverzichtbaren Werkstoff in der modernen Architektur und Kunstgestaltung geworden. Ob f\u00fcr Au\u00dfenstrukturen, Landschaftsgestaltung oder bildhauerische Gestaltung, Corten A-Stahlblech bietet lang anhaltende Sch\u00f6nheit und zuverl\u00e4ssige Leistung.<\/p>\n<figure style=\"width: 737px\" class=\"wp-caption alignnone\"><a href=\"https:\/\/keweicorten.com\/de\/kontaktieren-sie-uns\/\"><img fetchpriority=\"high\" decoding=\"async\" title=\"Cortenstahlblech\" src=\"https:\/\/sc04.alicdn.com\/kf\/Adb7c535562cc4a6297ff891b617ab23aF\/239729424\/Adb7c535562cc4a6297ff891b617ab23aF.jpg\" alt=\"\" width=\"737\" height=\"305\" \/><\/a><figcaption class=\"wp-caption-text\">Platte<\/figcaption><\/figure>\n<table class=\"all magic-7\" style=\"height: 280px;\" width=\"734\">\n<tbody>\n<tr>\n<td colspan=\"1\" rowspan=\"1\">\n<div class=\"magic-8\" data-spm-anchor-id=\"a2700.details.0.i39.4da84018QxxdRU\">Produktname<\/div>\n<\/td>\n<td colspan=\"1\" rowspan=\"1\">\n<div class=\"magic-9\">Corten-Blech<\/div>\n<\/td>\n<\/tr>\n<tr>\n<td colspan=\"1\" rowspan=\"1\">\n<div class=\"magic-8\">Ort der Herkunft<\/div>\n<\/td>\n<td colspan=\"1\" rowspan=\"1\">\n<div class=\"magic-9\">China<\/div>\n<\/td>\n<\/tr>\n<tr>\n<td colspan=\"1\" rowspan=\"1\">\n<div class=\"magic-8\">Anmeldung<\/div>\n<\/td>\n<td colspan=\"1\" rowspan=\"1\">\n<div class=\"magic-9\">Bau Eisenbahnfahrzeug Br\u00fcckenturm<\/div>\n<\/td>\n<\/tr>\n<tr>\n<td colspan=\"1\" rowspan=\"1\">\n<div class=\"magic-8\">Legierung oder nicht<\/div>\n<\/td>\n<td colspan=\"1\" rowspan=\"1\">\n<div class=\"magic-9\">Nicht legiert<\/div>\n<\/td>\n<\/tr>\n<tr>\n<td colspan=\"1\" rowspan=\"1\">\n<div class=\"magic-8\">Dicke<\/div>\n<\/td>\n<td colspan=\"1\" rowspan=\"1\">\n<div class=\"magic-9\">1-200mm oder nach Bedarf<\/div>\n<\/td>\n<\/tr>\n<tr>\n<td colspan=\"1\" rowspan=\"1\">\n<div class=\"magic-8\">Standard<\/div>\n<\/td>\n<td colspan=\"1\" rowspan=\"1\">\n<div class=\"magic-9\">ASTM, EN, DIN, ANSI, BS<\/div>\n<\/td>\n<\/tr>\n<tr>\n<td colspan=\"1\" rowspan=\"1\">\n<div class=\"magic-8\">L\u00e4nge<\/div>\n<\/td>\n<td colspan=\"1\" rowspan=\"1\">\n<div class=\"magic-9\">3000-12000mm je nach Bedarf<\/div>\n<\/td>\n<\/tr>\n<tr>\n<td colspan=\"1\" rowspan=\"1\">\n<div class=\"magic-8\">Technik<\/div>\n<\/td>\n<td colspan=\"1\" rowspan=\"1\">\n<div class=\"magic-9\">warmgewalzt kaltgewalzt (nach Kundenwunsch)<\/div>\n<\/td>\n<\/tr>\n<tr>\n<td colspan=\"1\" rowspan=\"1\">\n<div class=\"magic-8\">Oberfl\u00e4chenbehandlung<\/div>\n<\/td>\n<td colspan=\"1\" rowspan=\"1\">\n<div class=\"magic-9\">Reinigen, Finishen, Strahlen nach Kundenwunsch<\/div>\n<\/td>\n<\/tr>\n<tr>\n<td colspan=\"1\" rowspan=\"1\">\n<div class=\"magic-8\">Toleranz<\/div>\n<\/td>\n<td colspan=\"1\" rowspan=\"1\">\n<div class=\"magic-9\">\u00b11%<\/div>\n<\/td>\n<\/tr>\n<tr>\n<td colspan=\"1\" rowspan=\"1\">\n<div class=\"magic-8\">Verarbeitung von Dienstleistungen<\/div>\n<\/td>\n<td colspan=\"1\" rowspan=\"1\">\n<div class=\"magic-9\">Schwei\u00dfen, Stanzen, Schneiden, Abwickeln<\/div>\n<\/td>\n<\/tr>\n<tr>\n<td colspan=\"1\" rowspan=\"1\">\n<div class=\"magic-8\">Rechnungsstellung<\/div>\n<\/td>\n<td colspan=\"1\" rowspan=\"1\">\n<div class=\"magic-9\">nach theoretischem Gewicht<\/div>\n<\/td>\n<\/tr>\n<tr>\n<td colspan=\"1\" rowspan=\"1\">\n<div class=\"magic-8\">Lieferfrist<\/div>\n<\/td>\n<td colspan=\"1\" rowspan=\"1\">\n<div class=\"magic-9\">Innerhalb von 5-7 Arbeitstagen<\/div>\n<\/td>\n<\/tr>\n<tr>\n<td colspan=\"1\" rowspan=\"1\">\n<div class=\"magic-8\">Verpacken<\/div>\n<\/td>\n<td colspan=\"1\" rowspan=\"1\">\n<div class=\"magic-9\">Standard-Verpackung<\/div>\n<\/td>\n<\/tr>\n<\/tbody>\n<\/table>\n<h3>Corten A Stahlplatten Anwendungen:<\/h3>\n<ul>\n<li><strong>Architektur<\/strong>: Fassaden, Wandverkleidungen und Au\u00dfenskulpturen.<\/li>\n<li><strong>Br\u00fccken und Infrastruktur<\/strong>: Wird in Teilen von Br\u00fccken und Geb\u00e4uden verwendet, wo eine dauerhafte Leistung ohne h\u00e4ufige Wartung erforderlich ist.<\/li>\n<li><strong>Landschaftsbau<\/strong>: Gartenstrukturen, St\u00fctzmauern und dekorative Elemente.<\/li>\n<\/ul>","protected":false},"excerpt":{"rendered":"<p>Corten A wird in der Regel nach bestimmten Normen hergestellt, z. B. ASTM A588 oder A606, in denen seine chemischen und mechanischen Eigenschaften beschrieben sind. Die Standarddicken f\u00fcr Corten A-Stahlplatten k\u00f6nnen variieren und reichen je nach Anwendung von einigen Millimetern bis zu mehreren Zentimetern.<\/p>","protected":false},"featured_media":1239,"comment_status":"open","ping_status":"closed","template":"","meta":{"_eb_attr":"","_monsterinsights_skip_tracking":false,"_monsterinsights_sitenote_active":false,"_monsterinsights_sitenote_note":"","_monsterinsights_sitenote_category":0,"_uf_show_specific_survey":0,"_uf_disable_surveys":false},"product_brand":[],"product_cat":[21],"product_tag":[],"class_list":{"0":"post-1238","1":"product","2":"type-product","3":"status-publish","4":"has-post-thumbnail","6":"product_cat-weather-resistant-steel-plate","8":"first","9":"instock","10":"shipping-taxable","11":"product-type-simple"},"_links":{"self":[{"href":"https:\/\/keweicorten.com\/de\/wp-json\/wp\/v2\/product\/1238"}],"collection":[{"href":"https:\/\/keweicorten.com\/de\/wp-json\/wp\/v2\/product"}],"about":[{"href":"https:\/\/keweicorten.com\/de\/wp-json\/wp\/v2\/types\/product"}],"replies":[{"embeddable":true,"href":"https:\/\/keweicorten.com\/de\/wp-json\/wp\/v2\/comments?post=1238"}],"version-history":[{"count":1,"href":"https:\/\/keweicorten.com\/de\/wp-json\/wp\/v2\/product\/1238\/revisions"}],"predecessor-version":[{"id":1240,"href":"https:\/\/keweicorten.com\/de\/wp-json\/wp\/v2\/product\/1238\/revisions\/1240"}],"wp:featuredmedia":[{"embeddable":true,"href":"https:\/\/keweicorten.com\/de\/wp-json\/wp\/v2\/media\/1239"}],"wp:attachment":[{"href":"https:\/\/keweicorten.com\/de\/wp-json\/wp\/v2\/media?parent=1238"}],"wp:term":[{"taxonomy":"product_brand","embeddable":true,"href":"https:\/\/keweicorten.com\/de\/wp-json\/wp\/v2\/product_brand?post=1238"},{"taxonomy":"product_cat","embeddable":true,"href":"https:\/\/keweicorten.com\/de\/wp-json\/wp\/v2\/product_cat?post=1238"},{"taxonomy":"product_tag","embeddable":true,"href":"https:\/\/keweicorten.com\/de\/wp-json\/wp\/v2\/product_tag?post=1238"}],"curies":[{"name":"wp","href":"https:\/\/api.w.org\/{rel}","templated":true}]}}