{"id":1266,"date":"2024-09-19T07:02:47","date_gmt":"2024-09-19T07:02:47","guid":{"rendered":"https:\/\/keweicorten.com\/?post_type=product&#038;p=1266"},"modified":"2025-01-15T06:26:46","modified_gmt":"2025-01-15T06:26:46","slug":"rechteckige-propangas-feuerstelle","status":"publish","type":"product","link":"https:\/\/keweicorten.com\/de\/rechteckige-propangas-feuerstelle\/","title":{"rendered":"Rechteckige Propangas-Feuerstelle"},"content":{"rendered":"<p>Eine rechteckige Propangas-Feuerstelle ist ein modernes und stilvolles Heizelement f\u00fcr den Au\u00dfenbereich, das W\u00e4rme und Atmosph\u00e4re in Ihren Au\u00dfenbereich bringt. Diese rechteckigen Propangas-Feuerstellen haben in der Regel eine schlanke, rechteckige Form und bieten eine gro\u00dfe Oberfl\u00e4che f\u00fcr die W\u00e4rmeverteilung und die Verwendung als funktionales Element, wie eine Tischplatte.<\/p>\n<h3>Hauptmerkmale:<\/h3>\n<ul>\n<li><strong>Kraftstoffquelle<\/strong>: Es werden Propangastanks verwendet, die ein sauberes, rauchfreies Feuer erm\u00f6glichen.<\/li>\n<li><strong>Materialien<\/strong>: Sie bestehen in der Regel aus haltbaren Materialien wie Stahl, Beton oder Stein mit hitzebest\u00e4ndigen Oberfl\u00e4chen.<\/li>\n<li><strong>W\u00e4rmeleistung<\/strong>: Mit einem Leistungsbereich von 40.000 bis 60.000 BTU bietet er ausreichend W\u00e4rme f\u00fcr Versammlungen im Freien.<\/li>\n<li><strong>Gestaltung<\/strong>: Viele sind mit Lavagestein oder Glasperlen versehen, um die \u00c4sthetik zu unterstreichen, einige verf\u00fcgen \u00fcber einen Windschutz.<\/li>\n<li><strong>Kontrolle<\/strong>: Einfach zu bedienende Z\u00fcndsysteme (oft elektronisch) und einstellbare Flammenregler.<\/li>\n<li><strong>Sicherheit<\/strong>: Ausgestattet mit Sicherheitsmerkmalen wie Flammenkontrollkn\u00f6pfen und Thermoelementen, die sicherstellen, dass das Gas abgeschaltet wird, wenn die Flamme erlischt.<\/li>\n<\/ul>\n<figure style=\"width: 699px\" class=\"wp-caption alignnone\"><a href=\"https:\/\/keweicorten.com\/de\/kontaktieren-sie-uns\/\"><img fetchpriority=\"high\" decoding=\"async\" title=\"Gas-Feuerstelle\" src=\"https:\/\/sc04.alicdn.com\/kf\/Hcf090efa346e40f1a850432dab472783H\/252624420\/Hcf090efa346e40f1a850432dab472783H.jpg\" alt=\"\" width=\"699\" height=\"466\" \/><\/a><figcaption class=\"wp-caption-text\">Gas-Feuerstelle<\/figcaption><\/figure>\n<div class=\"text-title\"><span data-spm-anchor-id=\"a2700.details.0.i39.53387bab8p4IaA\">Material: Cortenstahl<\/span><\/div>\n<div class=\"text-content\">Cortenstahl wird manchmal auch als wetterfester Stahl bezeichnet. Der Grund, warum er so lange h\u00e4lt, ist, dass die erste Korrosionsschicht jegliche<br \/>\neine weitere Verschlechterung durch Rost.<br \/>\nJe mehr Sie ihn benutzen, desto besser sieht er aus. Nach einiger Zeit bildet der Stahl eine sch\u00f6ne und nat\u00fcrliche Patinaschicht.<br \/>\nDer Grilltisch mit Grill aus Cortenstahl kann das ganze Jahr \u00fcber drau\u00dfen stehen bleiben, ohne dass er abgedeckt werden muss.<\/div>\n<div><\/div>\n<div><b>Eigenschaften<\/b><br \/>\n* Cortenstahl-Konstruktion - bildet einen stabilen, selbstsch\u00fctzenden Rost, der keinen Anstrich oder Wartung erfordert, f\u00fcr eine modische \u00c4sthetik, die die strukturelle St\u00e4rke nicht beeintr\u00e4chtigt.<\/div>\n<div>\n<figure style=\"width: 699px\" class=\"wp-caption alignnone\"><a href=\"https:\/\/keweicorten.com\/de\"><img decoding=\"async\" title=\"Gas-Feuerstelle f\u00fcr die Terrasse\" src=\"https:\/\/sc04.alicdn.com\/kf\/U2c2403c96e304a709211131f097adac1r\/235950374\/U2c2403c96e304a709211131f097adac1r.jpg\" alt=\"\" width=\"699\" height=\"393\" \/><\/a><figcaption class=\"wp-caption-text\">Gas-Feuerstelle f\u00fcr die Terrasse<\/figcaption><\/figure>\n<\/div>","protected":false},"excerpt":{"rendered":"<table class=\"has-title all magic-25\">\n<tbody>\n<tr>\n<td colspan=\"1\" rowspan=\"1\">\n<div class=\"magic-26\" data-spm-anchor-id=\"a2700.details.0.i40.53387bab8p4IaA\">Name des Produkts<\/div>\n<\/td>\n<td colspan=\"1\" rowspan=\"1\">\n<div class=\"magic-27\">Langlebige Outdoor-Heizung Feuer Holzkohle Metall Natur Gas im Freien Feuer Grube<\/div>\n<\/td>\n<\/tr>\n<tr>\n<td colspan=\"1\" rowspan=\"1\">\n<div class=\"magic-26\">Material<\/div>\n<\/td>\n<td colspan=\"1\" rowspan=\"1\">\n<div class=\"magic-27\">Cortenstahl, rostfreier Stahl<\/div>\n<\/td>\n<\/tr>\n<tr>\n<td colspan=\"1\" rowspan=\"1\">\n<div class=\"magic-26\">Gr\u00f6\u00dfe<\/div>\n<\/td>\n<td colspan=\"1\" rowspan=\"1\">\n<div class=\"magic-27\">1200*500*600mm oder kundenspezifisch<\/div>\n<\/td>\n<\/tr>\n<tr>\n<td colspan=\"1\" rowspan=\"1\">\n<div class=\"magic-26\">Oberfl\u00e4che<\/div>\n<\/td>\n<td colspan=\"1\" rowspan=\"1\">\n<div class=\"magic-27\">\u00a0vorgerostet<\/div>\n<\/td>\n<\/tr>\n<tr>\n<td colspan=\"1\" rowspan=\"1\">\n<div class=\"magic-26\">Technologie<\/div>\n<\/td>\n<td colspan=\"1\" rowspan=\"1\">\n<div class=\"magic-27\">\u00a0Laserschneiden, Biegen, Stanzen, Schwei\u00dfen, Verwitterung<\/div>\n<\/td>\n<\/tr>\n<tr>\n<td colspan=\"1\" rowspan=\"1\">\n<div class=\"magic-26\">Anmeldung<\/div>\n<\/td>\n<td colspan=\"1\" rowspan=\"1\">\n<div class=\"magic-27\">Dekoration im Freien oder im Hof<\/div>\n<\/td>\n<\/tr>\n<\/tbody>\n<\/table>","protected":false},"featured_media":1267,"comment_status":"open","ping_status":"closed","template":"","meta":{"_eb_attr":"","_monsterinsights_skip_tracking":false,"_monsterinsights_sitenote_active":false,"_monsterinsights_sitenote_note":"","_monsterinsights_sitenote_category":0,"_uf_show_specific_survey":0,"_uf_disable_surveys":false},"product_brand":[],"product_cat":[55],"product_tag":[],"class_list":{"0":"post-1266","1":"product","2":"type-product","3":"status-publish","4":"has-post-thumbnail","6":"product_cat-gas-fire-pit","8":"first","9":"instock","10":"shipping-taxable","11":"product-type-simple"},"_links":{"self":[{"href":"https:\/\/keweicorten.com\/de\/wp-json\/wp\/v2\/product\/1266"}],"collection":[{"href":"https:\/\/keweicorten.com\/de\/wp-json\/wp\/v2\/product"}],"about":[{"href":"https:\/\/keweicorten.com\/de\/wp-json\/wp\/v2\/types\/product"}],"replies":[{"embeddable":true,"href":"https:\/\/keweicorten.com\/de\/wp-json\/wp\/v2\/comments?post=1266"}],"version-history":[{"count":1,"href":"https:\/\/keweicorten.com\/de\/wp-json\/wp\/v2\/product\/1266\/revisions"}],"predecessor-version":[{"id":1268,"href":"https:\/\/keweicorten.com\/de\/wp-json\/wp\/v2\/product\/1266\/revisions\/1268"}],"wp:featuredmedia":[{"embeddable":true,"href":"https:\/\/keweicorten.com\/de\/wp-json\/wp\/v2\/media\/1267"}],"wp:attachment":[{"href":"https:\/\/keweicorten.com\/de\/wp-json\/wp\/v2\/media?parent=1266"}],"wp:term":[{"taxonomy":"product_brand","embeddable":true,"href":"https:\/\/keweicorten.com\/de\/wp-json\/wp\/v2\/product_brand?post=1266"},{"taxonomy":"product_cat","embeddable":true,"href":"https:\/\/keweicorten.com\/de\/wp-json\/wp\/v2\/product_cat?post=1266"},{"taxonomy":"product_tag","embeddable":true,"href":"https:\/\/keweicorten.com\/de\/wp-json\/wp\/v2\/product_tag?post=1266"}],"curies":[{"name":"wp","href":"https:\/\/api.w.org\/{rel}","templated":true}]}}