{"id":1281,"date":"2024-09-19T08:33:27","date_gmt":"2024-09-19T08:33:27","guid":{"rendered":"https:\/\/keweicorten.com\/?post_type=product&#038;p=1281"},"modified":"2025-01-15T06:26:04","modified_gmt":"2025-01-15T06:26:04","slug":"cortenstahl-kaminschussel","status":"publish","type":"product","link":"https:\/\/keweicorten.com\/de\/cortenstahl-kaminschussel\/","title":{"rendered":"Cortenstahl-Kaminsch\u00fcssel"},"content":{"rendered":"<table class=\"all magic-16\" style=\"height: 213px;\" width=\"675\">\n<tbody>\n<tr>\n<td colspan=\"1\" rowspan=\"1\">\n<div class=\"magic-17\" data-spm-anchor-id=\"a2700.details.0.i44.54803c56Fst1G1\">Produktname<\/div>\n<\/td>\n<td colspan=\"4\" rowspan=\"1\">\n<div class=\"magic-18\">Gartendekoration Tragbare rauchfreie Feuerstelle Stahl Feuerschale Outdoor Cortenstahl Feuerstelle Design<\/div>\n<\/td>\n<\/tr>\n<tr>\n<td colspan=\"1\" rowspan=\"1\">\n<div class=\"magic-17\">Material<\/div>\n<\/td>\n<td colspan=\"4\" rowspan=\"1\">\n<div class=\"magic-18\">Corten\/Witterungsbest\u00e4ndiger Stahl<\/div>\n<\/td>\n<\/tr>\n<tr>\n<td colspan=\"1\" rowspan=\"1\">\n<div class=\"magic-17\">Oberfl\u00e4che<\/div>\n<\/td>\n<td colspan=\"4\" rowspan=\"1\">\n<div class=\"magic-18\">Vorgerostet, je nach Anforderung<\/div>\n<\/td>\n<\/tr>\n<tr>\n<td colspan=\"1\" rowspan=\"1\">\n<div class=\"magic-17\">Gr\u00f6\u00dfe<\/div>\n<\/td>\n<td colspan=\"4\" rowspan=\"1\">\n<div class=\"magic-21\">Durchmesser: 800mm-1200mm<\/p>\n<div data-spm-anchor-id=\"a2700.pc-decorate.0.i14.1ac93333diqBDj\">Dicke: 3mm, kundenspezifisch<\/div>\n<\/div>\n<\/td>\n<\/tr>\n<tr>\n<td colspan=\"1\" rowspan=\"1\">\n<div class=\"magic-22\">Merkmal<\/div>\n<\/td>\n<td colspan=\"4\" rowspan=\"1\">\n<div class=\"magic-21\">Stabiles Design, leicht zu montieren, hochtemperaturbest\u00e4ndig<\/div>\n<\/td>\n<\/tr>\n<tr>\n<td colspan=\"1\" rowspan=\"1\">\n<div class=\"magic-22\">Zus\u00e4tzlicher Service<\/div>\n<\/td>\n<td colspan=\"1\" rowspan=\"1\">\n<div class=\"magic-21\">Jede Feuerschale kann auf der Grundlage von Design, Zeichnung, Muster und detaillierten Anforderungen des Kunden hergestellt werden.<\/div>\n<\/td>\n<\/tr>\n<\/tbody>\n<\/table>\n<h2>Corten-Stahl Feuerstelle Sch\u00fcssel Merkmale:<\/h2>\n<ol>\n<li>Heizwirkung: Die Feuerschale aus Cortenstahl kann effektiv W\u00e4rme erzeugen und W\u00e4rme f\u00fcr kalte N\u00e4chte liefern.<\/li>\n<li>Witterungsbest\u00e4ndiges Stahlmaterial: Dieser Stahl kann eine sch\u00fctzende Rostschicht in der Au\u00dfenumgebung bilden, mit hoher Haltbarkeit und Korrosionsbest\u00e4ndigkeit.<\/li>\n<li>Vielf\u00e4ltiges Design: Es steht eine Vielzahl von Formen und Stilen zur Auswahl, von einfachen modernen bis hin zu traditionellen Stilen, um unterschiedlichen \u00e4sthetischen Bed\u00fcrfnissen gerecht zu werden.<\/li>\n<li>Einzigartiges Aussehen: Im Laufe der Zeit entwickelt verwitternder Stahl eine einzigartige Rostfarbe, die ihm ein nat\u00fcrliches Aroma verleiht.<\/li>\n<li>Geringer Wartungsaufwand: Gruben aus verwittertem Stahl sind haltbarer und wartungs\u00e4rmer als Holzgruben.<\/li>\n<li>Vielseitig einsetzbar: Kann f\u00fcr Partys, Grillfeste oder als Dekoration im Freien verwendet werden.<\/li>\n<\/ol>\n<figure style=\"width: 681px\" class=\"wp-caption alignnone\"><a href=\"https:\/\/keweicorten.com\/de\"><img fetchpriority=\"high\" decoding=\"async\" title=\"Corten-Kamin\" src=\"https:\/\/sc04.alicdn.com\/kf\/He4a60616fc3f4077b11865c42a940e80M\/252583075\/He4a60616fc3f4077b11865c42a940e80M.jpg\" alt=\"\" width=\"681\" height=\"681\" \/><\/a><figcaption class=\"wp-caption-text\">Feuerstelle<\/figcaption><\/figure>\n<p class=\"text-title\"><span data-spm-anchor-id=\"a2700.details.0.i48.54803c56Fst1G1\">Merkmal:<\/span><\/p>\n<div class=\"text-content\" data-spm-anchor-id=\"a2700.details.0.i50.54803c56Fst1G1\">Den ganzen Abend unterhalten<\/p>\n<div><\/div>\n<div><span class=\"magic-11\">Cortenstahl-Konstruktion<\/span><\/div>\n<div><\/div>\n<div>Vielseitiges Design<\/div>\n<div><\/div>\n<div>Stabiles Design, leicht zu montieren, hochtemperaturbest\u00e4ndig<\/div>\n<div>\n<figure style=\"width: 688px\" class=\"wp-caption alignnone\"><a href=\"https:\/\/keweicorten.com\/de\/kontaktieren-sie-uns\/\"><img decoding=\"async\" title=\"Feuerstelle aus Cortenstahl\" src=\"https:\/\/sc04.alicdn.com\/kf\/Hf3f21555e1104e5890549829f8f4f0e9w\/252583075\/Hf3f21555e1104e5890549829f8f4f0e9w.jpg\" alt=\"\" width=\"688\" height=\"688\" \/><\/a><figcaption class=\"wp-caption-text\">Feuerstelle aus Cortenstahl<\/figcaption><\/figure>\n<div class=\"text-content\">Das Design der Feuerstelle zeichnet sich durch eine glatt gedrehte, nahtlose Schale aus, die aus einem einzigen St\u00fcck wetterfesten Stahls gefertigt ist,<span data-spm-anchor-id=\"a2700.details.0.i54.54803c56Fst1G1\"> auch Cortenstahl genannt, ist ein Spezialstahl, der aufgrund seiner unglaublichen Festigkeit urspr\u00fcnglich f\u00fcr den Br\u00fccken- und Hochhausbau entwickelt wurde.<\/span> Dank der Schutzschicht, die der Cortenstahl bildet, kann Wasser die Sch\u00fcssel nicht besch\u00e4digen oder korrodieren.<\/div>\n<div>\n<figure style=\"width: 709px\" class=\"wp-caption alignnone\"><a href=\"https:\/\/keweicorten.com\/de\"><img decoding=\"async\" title=\"Feuerstelle aus Cortenstahl f\u00fcr Holz\" src=\"https:\/\/sc04.alicdn.com\/kf\/H75f4af517494456698484c6c3fdb8945C\/252583075\/H75f4af517494456698484c6c3fdb8945C.jpg\" alt=\"\" width=\"709\" height=\"516\" \/><\/a><figcaption class=\"wp-caption-text\">Feuerstelle aus Cortenstahl f\u00fcr Holz<\/figcaption><\/figure>\n<\/div>\n<\/div>\n<\/div>","protected":false},"excerpt":{"rendered":"<p>Diese Runde Rusty Red <strong>Corten Stahl Feuerstelle Schale<\/strong>\u00a0ist das perfekte pflegeleichte Gartenelement. Erh\u00e4ltlich in Gr\u00f6\u00dfen von 60-150cm ist es f\u00fcr jede Raumgr\u00f6\u00dfe und jedes Budget geeignet! Sobald Corten-Stahl den Elementen ausgesetzt ist, verwittert er auf nat\u00fcrliche Weise und entwickelt eine reiche, ins Auge fallende Oberfl\u00e4che.<\/p>","protected":false},"featured_media":1282,"comment_status":"open","ping_status":"closed","template":"","meta":{"_eb_attr":"","_monsterinsights_skip_tracking":false,"_monsterinsights_sitenote_active":false,"_monsterinsights_sitenote_note":"","_monsterinsights_sitenote_category":0,"_uf_show_specific_survey":0,"_uf_disable_surveys":false},"product_brand":[],"product_cat":[54],"product_tag":[],"class_list":{"0":"post-1281","1":"product","2":"type-product","3":"status-publish","4":"has-post-thumbnail","6":"product_cat-wood-fire-pit","8":"first","9":"instock","10":"shipping-taxable","11":"product-type-simple"},"_links":{"self":[{"href":"https:\/\/keweicorten.com\/de\/wp-json\/wp\/v2\/product\/1281"}],"collection":[{"href":"https:\/\/keweicorten.com\/de\/wp-json\/wp\/v2\/product"}],"about":[{"href":"https:\/\/keweicorten.com\/de\/wp-json\/wp\/v2\/types\/product"}],"replies":[{"embeddable":true,"href":"https:\/\/keweicorten.com\/de\/wp-json\/wp\/v2\/comments?post=1281"}],"version-history":[{"count":1,"href":"https:\/\/keweicorten.com\/de\/wp-json\/wp\/v2\/product\/1281\/revisions"}],"predecessor-version":[{"id":1283,"href":"https:\/\/keweicorten.com\/de\/wp-json\/wp\/v2\/product\/1281\/revisions\/1283"}],"wp:featuredmedia":[{"embeddable":true,"href":"https:\/\/keweicorten.com\/de\/wp-json\/wp\/v2\/media\/1282"}],"wp:attachment":[{"href":"https:\/\/keweicorten.com\/de\/wp-json\/wp\/v2\/media?parent=1281"}],"wp:term":[{"taxonomy":"product_brand","embeddable":true,"href":"https:\/\/keweicorten.com\/de\/wp-json\/wp\/v2\/product_brand?post=1281"},{"taxonomy":"product_cat","embeddable":true,"href":"https:\/\/keweicorten.com\/de\/wp-json\/wp\/v2\/product_cat?post=1281"},{"taxonomy":"product_tag","embeddable":true,"href":"https:\/\/keweicorten.com\/de\/wp-json\/wp\/v2\/product_tag?post=1281"}],"curies":[{"name":"wp","href":"https:\/\/api.w.org\/{rel}","templated":true}]}}