{"id":1287,"date":"2024-09-20T02:54:02","date_gmt":"2024-09-20T02:54:02","guid":{"rendered":"https:\/\/keweicorten.com\/?post_type=product&#038;p=1287"},"modified":"2025-01-15T06:25:33","modified_gmt":"2025-01-15T06:25:33","slug":"metall-gartenkugeln","status":"publish","type":"product","link":"https:\/\/keweicorten.com\/de\/metall-gartenkugeln\/","title":{"rendered":"Metall-Gartenkugeln"},"content":{"rendered":"<h2>Eigenschaften und Verwendungsm\u00f6glichkeiten von wetterfestem Feuerstahl:<\/h2>\n<p>Materialeigenschaften: Die Oberfl\u00e4che des verwitternden Stahls oxidiert im Laufe der Zeit und bildet eine stabile Rostschicht, die nicht nur sch\u00f6n ist, sondern auch keine besondere Pflege erfordert. Diese Ver\u00e4nderung macht den Feuerball harmonischer mit der nat\u00fcrlichen Umgebung und zeigt eine raue Sch\u00f6nheit.<br \/>\nSchnitzen und Schneiden von Mustern<\/p>\n<p>Auswahl des Musters: Viele Oberfl\u00e4chen von Metall-Gartenkugeln sind lasergeschnitten und mit komplexen Mustern versehen, z. B. mit Bl\u00e4ttern, Mustern, Tierbildern usw. Diese hohlen Muster werfen einen sch\u00f6nen Licht- und Schatteneffekt, wenn die Flamme brennt, besonders bei Nacht.<br \/>\nMultifunktionale Gestaltung<\/p>\n<p>Feuerball-Funktion: Die metallenen Gartenkugeln k\u00f6nnen als Feuerstelle verwendet werden, in der Holz, Holzkohle oder Erdgas verbrannt werden, und werden so zu einem warmen Mittelpunkt f\u00fcr gesellschaftliche Anl\u00e4sse im Freien. Ihr Design ist sowohl funktional als auch k\u00fcnstlerisch.<br \/>\nBeleuchtungseffekte: Einige Gartenkugeln aus Metall k\u00f6nnen von innen beleuchtet werden, und nach dem Anz\u00fcnden in der Nacht k\u00f6nnen sie auch ohne Flammen als Landschaftsleuchten verwendet werden, um eine sanfte Beleuchtung und visuelle Effekte zu erzielen.<\/p>\n<div class=\"J_module\">\n<div class=\"detail-decorate-json-renderer-container\">\n<div class=\"magic-10\">\n<figure style=\"width: 550px\" class=\"wp-caption alignnone\"><a href=\"https:\/\/keweicorten.com\/de\/kontaktieren-sie-uns\/\"><img fetchpriority=\"high\" decoding=\"async\" title=\"Feuerkugel\" src=\"https:\/\/sc04.alicdn.com\/kf\/H86b7111d868b4cfa80c1c85b59d4a6fdD\/232904194\/H86b7111d868b4cfa80c1c85b59d4a6fdD.jpg\" alt=\"\" width=\"550\" height=\"550\" \/><\/a><figcaption class=\"wp-caption-text\">Feuerkugel<\/figcaption><\/figure>\n<\/div>\n<\/div>\n<\/div>","protected":false},"excerpt":{"rendered":"<p><strong>Cortenstahl Metall Gartenkugeln<\/strong><\/p>\n<ul>\n<li><strong>Material:<\/strong> Cortenstahl verwittert im Laufe der Zeit auf nat\u00fcrliche Weise und entwickelt eine sch\u00f6ne rostige Patina. Er verleiht Ihrem Garten ein erdiges, organisches Aussehen.<\/li>\n<li><strong>Entwurf Verwendung:<\/strong> Diese Kugeln eignen sich hervorragend als freistehende Skulpturen oder k\u00f6nnen in Blumenbeete oder Steing\u00e4rten integriert werden.<\/li>\n<li><strong>Option Beleuchtung:<\/strong> Einige Cortenstahlkugeln sind hohl und mit Aussparungen versehen, die von innen beleuchtet werden k\u00f6nnen, um nachts einen Leuchteffekt zu erzielen.<\/li>\n<\/ul>","protected":false},"featured_media":1288,"comment_status":"open","ping_status":"closed","template":"","meta":{"_eb_attr":"","_monsterinsights_skip_tracking":false,"_monsterinsights_sitenote_active":false,"_monsterinsights_sitenote_note":"","_monsterinsights_sitenote_category":0,"_uf_show_specific_survey":0,"_uf_disable_surveys":false},"product_brand":[],"product_cat":[54],"product_tag":[],"class_list":{"0":"post-1287","1":"product","2":"type-product","3":"status-publish","4":"has-post-thumbnail","6":"product_cat-wood-fire-pit","8":"first","9":"instock","10":"shipping-taxable","11":"product-type-simple"},"_links":{"self":[{"href":"https:\/\/keweicorten.com\/de\/wp-json\/wp\/v2\/product\/1287"}],"collection":[{"href":"https:\/\/keweicorten.com\/de\/wp-json\/wp\/v2\/product"}],"about":[{"href":"https:\/\/keweicorten.com\/de\/wp-json\/wp\/v2\/types\/product"}],"replies":[{"embeddable":true,"href":"https:\/\/keweicorten.com\/de\/wp-json\/wp\/v2\/comments?post=1287"}],"version-history":[{"count":1,"href":"https:\/\/keweicorten.com\/de\/wp-json\/wp\/v2\/product\/1287\/revisions"}],"predecessor-version":[{"id":1289,"href":"https:\/\/keweicorten.com\/de\/wp-json\/wp\/v2\/product\/1287\/revisions\/1289"}],"wp:featuredmedia":[{"embeddable":true,"href":"https:\/\/keweicorten.com\/de\/wp-json\/wp\/v2\/media\/1288"}],"wp:attachment":[{"href":"https:\/\/keweicorten.com\/de\/wp-json\/wp\/v2\/media?parent=1287"}],"wp:term":[{"taxonomy":"product_brand","embeddable":true,"href":"https:\/\/keweicorten.com\/de\/wp-json\/wp\/v2\/product_brand?post=1287"},{"taxonomy":"product_cat","embeddable":true,"href":"https:\/\/keweicorten.com\/de\/wp-json\/wp\/v2\/product_cat?post=1287"},{"taxonomy":"product_tag","embeddable":true,"href":"https:\/\/keweicorten.com\/de\/wp-json\/wp\/v2\/product_tag?post=1287"}],"curies":[{"name":"wp","href":"https:\/\/api.w.org\/{rel}","templated":true}]}}