{"id":1290,"date":"2024-09-20T03:07:47","date_gmt":"2024-09-20T03:07:47","guid":{"rendered":"https:\/\/keweicorten.com\/?post_type=product&#038;p=1290"},"modified":"2025-01-15T06:25:15","modified_gmt":"2025-01-15T06:25:15","slug":"feuerball-feuergrube","status":"publish","type":"product","link":"https:\/\/keweicorten.com\/de\/feuerball-feuergrube\/","title":{"rendered":"Feuerball Feuergrube"},"content":{"rendered":"<table>\n<tbody>\n<tr>\n<td colspan=\"1\" rowspan=\"1\">\n<div data-spm-anchor-id=\"a2700.details.0.i33.12296f7bDBOMdC\">Name des Produkts<\/div>\n<\/td>\n<td colspan=\"4\" rowspan=\"1\">\n<div>Cortenstahl Land Thema Kugel Outdoor Feuerstellen Kugel<\/div>\n<\/td>\n<\/tr>\n<tr>\n<td colspan=\"1\" rowspan=\"1\">\n<div>Material<\/div>\n<\/td>\n<td colspan=\"4\" rowspan=\"1\">\n<div>Cortenstahl, rostfreier Stahl<\/div>\n<\/td>\n<\/tr>\n<tr>\n<td colspan=\"1\" rowspan=\"1\">\n<div>Gr\u00f6\u00dfe<\/div>\n<\/td>\n<td colspan=\"4\" rowspan=\"1\">\n<div>600mm\/800mm\/1000mm1200mm oder kundenspezifisch<\/div>\n<\/td>\n<\/tr>\n<tr>\n<td colspan=\"1\" rowspan=\"1\">\n<div>Oberfl\u00e4che<\/div>\n<\/td>\n<td colspan=\"4\" rowspan=\"1\">\n<div>\u00a0vorgerostet<\/div>\n<\/td>\n<\/tr>\n<tr>\n<td colspan=\"1\" rowspan=\"1\">\n<div>Technologie<\/div>\n<\/td>\n<td colspan=\"4\" rowspan=\"1\">\n<div>\u00a0Laserschneiden, Biegen, Stanzen, Schwei\u00dfen, Verwitterung<\/div>\n<\/td>\n<\/tr>\n<tr>\n<td colspan=\"1\" rowspan=\"1\">\n<div>Anmeldung<\/div>\n<\/td>\n<td colspan=\"4\" rowspan=\"1\">\n<div>Dekoration im Freien oder im Hof<\/div>\n<\/td>\n<\/tr>\n<\/tbody>\n<\/table>\n<div class=\"magic-13\" data-spm-anchor-id=\"a2700.details.0.i42.4bbf1dd4ILKWXr\"><span class=\"magic-26\" data-spm-anchor-id=\"a2700.details.0.i44.4bbf1dd4ILKWXr\">Diese holzbefeuerte Feuerkugelgrube f\u00fcr den Au\u00dfenbereich ist ein einzigartiger Blickfang f\u00fcr Ihren Unterhaltungsbereich im Freien. Die Feuerkugel-Feuerstelle ist aus Gusseisen gefertigt und hat eine oxidierte Oberfl\u00e4che f\u00fcr einen rustikalen und charmanten Look. Und die Sternausschnitte verleihen Ihrer Terrasse ein besonderes Ambiente. Diese Feuerstelle wird in nur zwei Teilen geliefert, so dass Sie nur die Kugel auf den Zylinderst\u00e4nder stellen m\u00fcssen und sie wird <\/span><span class=\"magic-25\" style=\"font-family: Arial;\">einsatzbereit sein.<\/span><\/div>\n<div data-spm-anchor-id=\"a2700.details.0.i43.4bbf1dd4ILKWXr\">\n<div class=\"text-title\">\n<div>\n<figure style=\"width: 692px\" class=\"wp-caption alignnone\"><a href=\"https:\/\/keweicorten.com\/de\"><img fetchpriority=\"high\" decoding=\"async\" title=\"Feuerkugel Feuerstelle\" src=\"https:\/\/sc04.alicdn.com\/kf\/H0e8d0afa3c4a434eba89d3359ef061381\/235088504\/H0e8d0afa3c4a434eba89d3359ef061381.jpg\" alt=\"\" width=\"692\" height=\"692\" \/><\/a><figcaption class=\"wp-caption-text\">Feuerkugel Feuerstelle<\/figcaption><\/figure>\n<\/div>\n<div class=\"magic-23\"><b class=\"magic-24\"><span class=\"magic-4\" data-spm-anchor-id=\"a2700.details.0.i45.4bbf1dd4ILKWXr\">Sicherheitstipps<\/span><\/b><\/div>\n<\/div>\n<div class=\"text-content\">\n<div><span class=\"magic-32\" style=\"font-family: Arial;\"><b>\u00a0<\/b><\/span><\/div>\n<p><span class=\"magic-32\" style=\"font-family: Arial;\">Stellen Sie Ihre Feuerstelle in einem Abstand von 10 Fu\u00df zu einem Geb\u00e4ude oder einem benachbarten Hof auf.<\/span><\/div>\n<div class=\"text-content\"><span class=\"magic-32\" style=\"font-family: Arial;\">Stellen Sie Ihre Feuerstelle nicht unter einer \u00fcberdachten Veranda, unter B\u00e4umen oder auf einem Holzdeck auf.<br \/>\nEntflammbare Materialien m\u00fcssen mehr als einen Meter entfernt sein, bevor Sie Ihr Feuer entfachen.<br \/>\nBenutzen Sie Ihre Feuerstelle nicht, wenn es zu windig oder zu trocken ist.<br \/>\nLassen Sie Ihre Feuerstelle niemals unbeaufsichtigt, da der Wind schnell Funken aussto\u00dfen kann.<br \/>\nVerwenden Sie immer einen Sch\u00fcrhaken, wenn Sie versuchen, Holzscheite in der Feuergrube zu bewegen.<br \/>\nVerwenden Sie einen Funkenschutz, um die Glut in der Feuergrube zu halten.<\/span><\/div>\n<div>\n<div class=\"J_module\">\n<div class=\"detail-decorate-json-renderer-container\">\n<div class=\"magic-19\">\n<div class=\"magic-20\">\n<div class=\"magic-21\">\n<div><\/div>\n<div class=\"magic-22\"><span class=\"magic-23\" data-spm-anchor-id=\"a2700.details.0.i42.e46844d4FPSStc\">Die Feuerschale ist aus Cortenstahl (oder wetterfestem Stahl) gefertigt, einer Legierung, die in den ersten 9 Monaten, in denen sie der Witterung ausgesetzt ist, auf nat\u00fcrliche Weise eine Rostschicht bildet. Interessanterweise bildet diese Rostschicht aufgrund der Zusammensetzung dieser speziellen Legierung eine Schutzschicht, die weiteres Rosten verhindert. Der darunter liegende Stahl bleibt unbeeintr\u00e4chtigt, da die \u00e4u\u00dfere Schicht weiterhin sch\u00fctzt und sich regeneriert, wenn sie Wasser und Sauerstoff ausgesetzt ist.<\/span><\/div>\n<\/div>\n<\/div>\n<\/div>\n<\/div>\n<\/div>\n<div class=\"J_module\">\n<div class=\"icbu-pc-images magic-1\">\n<div>\n<div class=\"flex-layout-v\">\n<div class=\"flex-layout-h magic-1\">\n<div class=\"magic-24\">\n<figure style=\"width: 715px\" class=\"wp-caption alignnone\"><a href=\"https:\/\/keweicorten.com\/de\"><img decoding=\"async\" class=\"magic-25\" title=\"Feuerstelle\" src=\"https:\/\/sc04.alicdn.com\/kf\/Hf12500ad95134ae791d1dd097784240aV\/230328874\/Hf12500ad95134ae791d1dd097784240aV.jpg\" alt=\"\" width=\"715\" height=\"536\" data-src=\"\/\/sc04.alicdn.com\/kf\/Hf12500ad95134ae791d1dd097784240aV\/230328874\/Hf12500ad95134ae791d1dd097784240aV.jpg\" data-spm-anchor-id=\"a2700.details.0.i43.e46844d4FPSStc\" \/><\/a><figcaption class=\"wp-caption-text\">Feuerstelle<\/figcaption><\/figure>\n<\/div>\n<\/div>\n<\/div>\n<\/div>\n<\/div>\n<\/div>\n<\/div>\n<\/div>","protected":false},"excerpt":{"rendered":"<p>Product name Corten Steel Country Theme Sphere Outdoor Firepits Sphere Material Corten steel, stainless steel Size 600mm\/800mm\/1000mm1200mm or customized Surface \u00a0pre-rusted Technology \u00a0Laser cut, bending, punching, welding,weathering Application Outdoor Or Courtyard Decor This outdoor wood-burning fire ball fire pit will add a unique focal point to your outdoor entertaining space. The fire ball fire pit [&hellip;]<\/p>","protected":false},"featured_media":1291,"comment_status":"open","ping_status":"closed","template":"","meta":{"_eb_attr":"","_monsterinsights_skip_tracking":false,"_monsterinsights_sitenote_active":false,"_monsterinsights_sitenote_note":"","_monsterinsights_sitenote_category":0,"_uf_show_specific_survey":0,"_uf_disable_surveys":false},"product_brand":[],"product_cat":[54],"product_tag":[],"class_list":{"0":"post-1290","1":"product","2":"type-product","3":"status-publish","4":"has-post-thumbnail","6":"product_cat-wood-fire-pit","8":"first","9":"instock","10":"shipping-taxable","11":"product-type-simple"},"_links":{"self":[{"href":"https:\/\/keweicorten.com\/de\/wp-json\/wp\/v2\/product\/1290"}],"collection":[{"href":"https:\/\/keweicorten.com\/de\/wp-json\/wp\/v2\/product"}],"about":[{"href":"https:\/\/keweicorten.com\/de\/wp-json\/wp\/v2\/types\/product"}],"replies":[{"embeddable":true,"href":"https:\/\/keweicorten.com\/de\/wp-json\/wp\/v2\/comments?post=1290"}],"version-history":[{"count":1,"href":"https:\/\/keweicorten.com\/de\/wp-json\/wp\/v2\/product\/1290\/revisions"}],"predecessor-version":[{"id":1292,"href":"https:\/\/keweicorten.com\/de\/wp-json\/wp\/v2\/product\/1290\/revisions\/1292"}],"wp:featuredmedia":[{"embeddable":true,"href":"https:\/\/keweicorten.com\/de\/wp-json\/wp\/v2\/media\/1291"}],"wp:attachment":[{"href":"https:\/\/keweicorten.com\/de\/wp-json\/wp\/v2\/media?parent=1290"}],"wp:term":[{"taxonomy":"product_brand","embeddable":true,"href":"https:\/\/keweicorten.com\/de\/wp-json\/wp\/v2\/product_brand?post=1290"},{"taxonomy":"product_cat","embeddable":true,"href":"https:\/\/keweicorten.com\/de\/wp-json\/wp\/v2\/product_cat?post=1290"},{"taxonomy":"product_tag","embeddable":true,"href":"https:\/\/keweicorten.com\/de\/wp-json\/wp\/v2\/product_tag?post=1290"}],"curies":[{"name":"wp","href":"https:\/\/api.w.org\/{rel}","templated":true}]}}