{"id":1293,"date":"2024-09-20T03:24:33","date_gmt":"2024-09-20T03:24:33","guid":{"rendered":"https:\/\/keweicorten.com\/?post_type=product&#038;p=1293"},"modified":"2025-01-15T06:25:05","modified_gmt":"2025-01-15T06:25:05","slug":"feuerkugel","status":"publish","type":"product","link":"https:\/\/keweicorten.com\/de\/feuerkugel\/","title":{"rendered":"kugelf\u00f6rmige Feuerstelle"},"content":{"rendered":"<p>Eine Feuerstelle in Form einer Gartenkugel ist eine k\u00fcnstlerische Feuerstelle f\u00fcr den Au\u00dfenbereich, die in der Regel als Kugel mit einem kunstvollen Ausschnitt auf der Oberfl\u00e4che, wie z. B. B\u00e4ume, Tiere, geometrische Formen oder Naturlandschaften, dargestellt wird. Diese hohlen Formen erm\u00f6glichen es dem Licht der Flamme, durch die Kugel zu dringen, wodurch ein einzigartiger visueller Effekt entsteht, der sowohl sch\u00f6n als auch praktisch ist. Sie werden h\u00e4ufig in Innenh\u00f6fen, auf Terrassen oder in G\u00e4rten verwendet, sowohl als Landschaftsdekoration als auch als W\u00e4rme- und Lichtquelle f\u00fcr Versammlungen im Freien.<\/p>\n<p>Was das Material betrifft, so wird die Garten-Feuerkugel in der Regel aus hochtemperaturbest\u00e4ndigen Materialien wie Cortenstahl oder Gusseisen hergestellt, die lange Zeit unter verschiedenen klimatischen Bedingungen verwendet werden k\u00f6nnen, und im Laufe der Zeit wird der verwitternde Stahl eine nat\u00fcrliche Rostschicht bilden, was seine Sch\u00f6nheit noch verst\u00e4rkt.<\/p>\n<ul>\n<li><strong>Holzverbrennung<\/strong>: Diese Art von Feuerstelle ist f\u00fcr das Verbrennen von Holz konzipiert und bietet ein authentisches Feuererlebnis im Freien. Sie spendet W\u00e4rme und Atmosph\u00e4re und eignet sich perfekt f\u00fcr Gartenpartys, Versammlungen im Freien oder einfach zum Entspannen in Ihrem Garten.<\/li>\n<li><strong>Kugelf\u00f6rmig<\/strong>: Das kugelf\u00f6rmige Design sieht nicht nur einzigartig aus, sondern tr\u00e4gt auch dazu bei, das Feuer einzud\u00e4mmen und eine bessere Luftzirkulation zu erm\u00f6glichen, damit das Feuer effizient brennt.<\/li>\n<\/ul>\n<figure style=\"width: 600px\" class=\"wp-caption alignnone\"><a href=\"https:\/\/keweicorten.com\/de\/kontaktieren-sie-uns\/\"><img fetchpriority=\"high\" decoding=\"async\" title=\"kugelf\u00f6rmige Feuerstelle\" src=\"https:\/\/sc04.alicdn.com\/kf\/H346972e3a97f45569d86468b4be3ba7eE\/268101461\/H346972e3a97f45569d86468b4be3ba7eE.jpg\" alt=\"\" width=\"600\" height=\"600\" \/><\/a><figcaption class=\"wp-caption-text\">kugelf\u00f6rmige Feuerstelle<\/figcaption><\/figure>\n<table class=\"is-zebra all magic-18\" style=\"height: 253px;\" width=\"666\">\n<tbody>\n<tr>\n<td colspan=\"1\" rowspan=\"1\">\n<div class=\"magic-19\" data-spm-anchor-id=\"a2700.details.0.i39.61a77bc0e2PXFi\"><b>Produktname<\/b><\/div>\n<\/td>\n<td colspan=\"1\" rowspan=\"1\">\n<div class=\"magic-20\">Lasergeschnittene Metall-Feuerstelle Cortenstahl-Feuerkugel<\/div>\n<\/td>\n<\/tr>\n<tr>\n<td colspan=\"1\" rowspan=\"1\">\n<div class=\"magic-19\"><b>Typ<\/b><\/div>\n<\/td>\n<td colspan=\"1\" rowspan=\"1\">\n<div class=\"magic-20\">Sphere Feuerstelle<\/div>\n<\/td>\n<\/tr>\n<tr>\n<td colspan=\"1\" rowspan=\"1\">\n<div class=\"magic-19\"><b>Material<\/b><\/div>\n<\/td>\n<td colspan=\"1\" rowspan=\"1\">\n<div class=\"magic-20\">Cortenstahl, rostfreier Stahl<\/div>\n<\/td>\n<\/tr>\n<tr>\n<td colspan=\"1\" rowspan=\"1\">\n<div class=\"magic-19\"><b>Gr\u00f6\u00dfe<\/b><\/div>\n<\/td>\n<td colspan=\"1\" rowspan=\"1\">\n<div class=\"magic-20\">Diameter:600mm,800mm,1000mm.   Dicke: 3mm<\/div>\n<\/td>\n<\/tr>\n<tr>\n<td colspan=\"1\" rowspan=\"1\">\n<div class=\"magic-19\"><b>Technologie<\/b><\/div>\n<\/td>\n<td colspan=\"1\" rowspan=\"1\">\n<div class=\"magic-20\">Proofing, Laserschneiden, Biegen, Stanzen, Schwei\u00dfen, Rosten<\/div>\n<\/td>\n<\/tr>\n<tr>\n<td colspan=\"1\" rowspan=\"1\">\n<div class=\"magic-19\"><b>Oberfl\u00e4chenbehandlung<\/b><\/div>\n<\/td>\n<td colspan=\"1\" rowspan=\"1\">\n<div class=\"magic-20\">Vorgerostet, schwarz lackiert, kann angepasst werden<\/div>\n<\/td>\n<\/tr>\n<tr>\n<td colspan=\"1\" rowspan=\"1\">\n<div class=\"magic-19\"><b>Paket<\/b><\/div>\n<\/td>\n<td colspan=\"1\" rowspan=\"1\">\n<div class=\"magic-20\">Innen: Verschlei\u00dffestes Schaumstoffpapier, Au\u00dfen: Karton Schachtel<\/div>\n<\/td>\n<\/tr>\n<tr>\n<td colspan=\"1\" rowspan=\"1\">\n<div class=\"magic-19\"><b>MOQ<\/b><\/div>\n<\/td>\n<td colspan=\"1\" rowspan=\"1\">\n<div class=\"magic-20\">10 St\u00fcck<\/div>\n<\/td>\n<\/tr>\n<tr>\n<td colspan=\"1\" rowspan=\"1\">\n<div class=\"magic-19\"><b>OEM &amp; ODM<\/b><\/div>\n<\/td>\n<td colspan=\"1\" rowspan=\"1\">\n<div class=\"magic-20\">Ma\u00dfgeschneiderter Service ist verf\u00fcgbar.<\/div>\n<\/td>\n<\/tr>\n<\/tbody>\n<\/table>\n<figure style=\"width: 750px\" class=\"wp-caption alignnone\"><a href=\"https:\/\/keweicorten.com\/de\"><img decoding=\"async\" title=\"Feuerball\" src=\"https:\/\/sc01.alicdn.com\/kf\/H7386550bb1674ba28c2ba45229edb1fe5\/235950374\/H7386550bb1674ba28c2ba45229edb1fe5.jpg\" alt=\"\" width=\"750\" height=\"558\" \/><\/a><figcaption class=\"wp-caption-text\">Feuerball<\/figcaption><\/figure>","protected":false},"excerpt":{"rendered":"<p><span data-spm-anchor-id=\"a2700.details.0.i40.4b3768b038lsUz\">Die 1000 mm gro\u00dfe Kugel besteht aus 4 mm dickem Cortenstahl und ist mit einer Rostpatina versehen.<\/span><\/p>\n<div>Jede Feuerschale wird mit einer nummerierten Metallplatte geliefert, die sicherstellt, dass jede handgefertigte Feuerstelle ein einzigartiges Kunstwerk ist.<\/div>","protected":false},"featured_media":1294,"comment_status":"open","ping_status":"closed","template":"","meta":{"_eb_attr":"","_monsterinsights_skip_tracking":false,"_monsterinsights_sitenote_active":false,"_monsterinsights_sitenote_note":"","_monsterinsights_sitenote_category":0,"_uf_show_specific_survey":0,"_uf_disable_surveys":false},"product_brand":[],"product_cat":[62,20],"product_tag":[],"class_list":{"0":"post-1293","1":"product","2":"type-product","3":"status-publish","4":"has-post-thumbnail","6":"product_cat-corten-sculpture","7":"product_cat-fire-pit","9":"first","10":"instock","11":"shipping-taxable","12":"product-type-simple"},"_links":{"self":[{"href":"https:\/\/keweicorten.com\/de\/wp-json\/wp\/v2\/product\/1293"}],"collection":[{"href":"https:\/\/keweicorten.com\/de\/wp-json\/wp\/v2\/product"}],"about":[{"href":"https:\/\/keweicorten.com\/de\/wp-json\/wp\/v2\/types\/product"}],"replies":[{"embeddable":true,"href":"https:\/\/keweicorten.com\/de\/wp-json\/wp\/v2\/comments?post=1293"}],"version-history":[{"count":1,"href":"https:\/\/keweicorten.com\/de\/wp-json\/wp\/v2\/product\/1293\/revisions"}],"predecessor-version":[{"id":1295,"href":"https:\/\/keweicorten.com\/de\/wp-json\/wp\/v2\/product\/1293\/revisions\/1295"}],"wp:featuredmedia":[{"embeddable":true,"href":"https:\/\/keweicorten.com\/de\/wp-json\/wp\/v2\/media\/1294"}],"wp:attachment":[{"href":"https:\/\/keweicorten.com\/de\/wp-json\/wp\/v2\/media?parent=1293"}],"wp:term":[{"taxonomy":"product_brand","embeddable":true,"href":"https:\/\/keweicorten.com\/de\/wp-json\/wp\/v2\/product_brand?post=1293"},{"taxonomy":"product_cat","embeddable":true,"href":"https:\/\/keweicorten.com\/de\/wp-json\/wp\/v2\/product_cat?post=1293"},{"taxonomy":"product_tag","embeddable":true,"href":"https:\/\/keweicorten.com\/de\/wp-json\/wp\/v2\/product_tag?post=1293"}],"curies":[{"name":"wp","href":"https:\/\/api.w.org\/{rel}","templated":true}]}}