{"id":1302,"date":"2024-09-20T08:13:16","date_gmt":"2024-09-20T08:13:16","guid":{"rendered":"https:\/\/keweicorten.com\/?post_type=product&#038;p=1302"},"modified":"2025-01-15T06:24:37","modified_gmt":"2025-01-15T06:24:37","slug":"lasergeschnittene-metallgitter","status":"publish","type":"product","link":"https:\/\/keweicorten.com\/de\/lasergeschnittene-metallgitter\/","title":{"rendered":"lasergeschnittene Metallgitter"},"content":{"rendered":"<p>Lasergeschnittene Metallgitter sind eine stilvolle und funktionelle M\u00f6glichkeit, Innen- und Au\u00dfenbereiche mit Sichtschutz, Schatten oder dekorativen Elementen zu versehen. Sie werden durch das Schneiden komplizierter Muster oder Designs in Metallbleche mit Hilfe von Pr\u00e4zisionslasertechnik hergestellt. Diese Paravents werden gerne in G\u00e4rten, auf Terrassen und sogar in Innenr\u00e4umen eingesetzt, um visuelles Interesse zu wecken und gleichzeitig die Luftzirkulation und das Licht zu erhalten.<\/p>\n<p><strong>H\u00e4ufige Verwendungen:<\/strong><\/p>\n<ol>\n<li><strong>Sichtschutzw\u00e4nde<\/strong>: Ideal f\u00fcr die Absperrung von Bereichen, ohne diese vollst\u00e4ndig abzusperren.<\/li>\n<li><strong>Dekorative Trennw\u00e4nde<\/strong>: Sie dienen zur Abtrennung von R\u00e4umen oder zur k\u00fcnstlerischen Gestaltung von W\u00e4nden.<\/li>\n<li><strong>Fechten<\/strong>: Kann f\u00fcr moderne, dekorative Zaunl\u00f6sungen verwendet werden.<\/li>\n<li><strong>Pergola-Paneele<\/strong>: Auf Au\u00dfenanlagen wie Pergolen als Schattenspender und zur Dekoration.<\/li>\n<li><strong>Verkleidungen f\u00fcr Geb\u00e4ude<\/strong>: Die Gestaltung auff\u00e4lliger Fassaden mit geometrischen oder organischen Mustern.\n<figure style=\"width: 699px\" class=\"wp-caption alignnone\"><a href=\"https:\/\/keweicorten.com\/de\/kontaktieren-sie-uns\/\"><img fetchpriority=\"high\" decoding=\"async\" title=\"Outdoor-Trennwand\" src=\"https:\/\/sc04.alicdn.com\/kf\/H85266be5e3dc462a85f820c052485447j\/253038816\/H85266be5e3dc462a85f820c052485447j.jpg\" alt=\"\" width=\"699\" height=\"393\" \/><\/a><figcaption class=\"wp-caption-text\">Outdoor-Trennwand<\/figcaption><\/figure>\n<p>1. Privatsph\u00e4re: Garten-Sichtschutzw\u00e4nde bieten ein hohes Ma\u00df an Privatsph\u00e4re und machen es f\u00fcr Au\u00dfenstehende unm\u00f6glich, in Ihren Raum zu sehen.<br \/>\n2. Langlebigkeit: Metallpaneele sind robust und widerstandsf\u00e4hig, d. h. sie k\u00f6nnen rauen Wetterbedingungen standhalten und sind<br \/>\nLanglebig.<br \/>\n3. Geringer Wartungsaufwand: Im Gegensatz zu anderen Sichtschutzoptionen ben\u00f6tigen dekorative Metall-Sichtschutzzaunpaneele nur sehr wenig Pflege.<br \/>\n4. \u00c4sthetische Wirkung: Sichtschutzpaneele aus Metall gibt es in einer gro\u00dfen Auswahl an Designs, Farben und Mustern, was es einfacher macht, die<br \/>\nFinden Sie eine, die zu Ihrem pers\u00f6nlichen Stil passt.<\/li>\n<\/ol>","protected":false},"excerpt":{"rendered":"<p>Corten-Stahlplatten sind in vielen Au\u00dfenanwendungen weit verbreitet, da sie eine sch\u00fctzende Rostschicht bilden, die ihnen eine lange Lebensdauer verleiht und sie zu einer wartungsarmen L\u00f6sung f\u00fcr eine Vielzahl von Anwendungen macht.<\/p>","protected":false},"featured_media":1303,"comment_status":"open","ping_status":"closed","template":"","meta":{"_eb_attr":"","_monsterinsights_skip_tracking":false,"_monsterinsights_sitenote_active":false,"_monsterinsights_sitenote_note":"","_monsterinsights_sitenote_category":0,"_uf_show_specific_survey":0,"_uf_disable_surveys":false},"product_brand":[],"product_cat":[57],"product_tag":[],"class_list":{"0":"post-1302","1":"product","2":"type-product","3":"status-publish","4":"has-post-thumbnail","6":"product_cat-screen-panel","8":"first","9":"instock","10":"shipping-taxable","11":"product-type-simple"},"_links":{"self":[{"href":"https:\/\/keweicorten.com\/de\/wp-json\/wp\/v2\/product\/1302"}],"collection":[{"href":"https:\/\/keweicorten.com\/de\/wp-json\/wp\/v2\/product"}],"about":[{"href":"https:\/\/keweicorten.com\/de\/wp-json\/wp\/v2\/types\/product"}],"replies":[{"embeddable":true,"href":"https:\/\/keweicorten.com\/de\/wp-json\/wp\/v2\/comments?post=1302"}],"version-history":[{"count":1,"href":"https:\/\/keweicorten.com\/de\/wp-json\/wp\/v2\/product\/1302\/revisions"}],"predecessor-version":[{"id":1304,"href":"https:\/\/keweicorten.com\/de\/wp-json\/wp\/v2\/product\/1302\/revisions\/1304"}],"wp:featuredmedia":[{"embeddable":true,"href":"https:\/\/keweicorten.com\/de\/wp-json\/wp\/v2\/media\/1303"}],"wp:attachment":[{"href":"https:\/\/keweicorten.com\/de\/wp-json\/wp\/v2\/media?parent=1302"}],"wp:term":[{"taxonomy":"product_brand","embeddable":true,"href":"https:\/\/keweicorten.com\/de\/wp-json\/wp\/v2\/product_brand?post=1302"},{"taxonomy":"product_cat","embeddable":true,"href":"https:\/\/keweicorten.com\/de\/wp-json\/wp\/v2\/product_cat?post=1302"},{"taxonomy":"product_tag","embeddable":true,"href":"https:\/\/keweicorten.com\/de\/wp-json\/wp\/v2\/product_tag?post=1302"}],"curies":[{"name":"wp","href":"https:\/\/api.w.org\/{rel}","templated":true}]}}