{"id":1305,"date":"2024-09-20T08:36:04","date_gmt":"2024-09-20T08:36:04","guid":{"rendered":"https:\/\/keweicorten.com\/?post_type=product&#038;p=1305"},"modified":"2025-01-15T06:24:28","modified_gmt":"2025-01-15T06:24:28","slug":"lasergeschnittene-wandplatten","status":"publish","type":"product","link":"https:\/\/keweicorten.com\/de\/lasergeschnittene-wandplatten\/","title":{"rendered":"Lasergeschnittene Wandplatten"},"content":{"rendered":"<p>Lasergeschnittene Wandpaneele sind dekorative und funktionale Elemente, die h\u00e4ufig sowohl im Innen- als auch im Au\u00dfenbereich eingesetzt werden. Diese Paneele werden in der Regel aus Materialien wie Metall (wie Cortenstahl, Aluminium oder Edelstahl), Holz oder Verbundwerkstoffen hergestellt. Sie werden durch pr\u00e4zises Schneiden komplizierter Muster, Designs oder geometrischer Formen in die Plattenoberfl\u00e4che mit Hilfe der Lasertechnologie hergestellt.<\/p>\n<ul>\n<li><strong>Raumteiler:<\/strong> Diese Paneele k\u00f6nnen R\u00e4ume in einer Gro\u00dfraumwohnung oder einem B\u00fcro abtrennen.<\/li>\n<li><strong>Wandkunst:<\/strong> Als k\u00fcnstlerisches Element in Wohnr\u00e4umen, auf Terrassen oder im Au\u00dfenbereich.<\/li>\n<li><strong>Sichtschutzw\u00e4nde:<\/strong> Um ein Gef\u00fchl der Abgeschiedenheit auf Balkonen, Terrassen oder in G\u00e4rten zu schaffen.<\/li>\n<li><strong>Z\u00e4une oder Tore:<\/strong> F\u00fcr mehr Sicherheit oder zur Dekoration im Au\u00dfenbereich.<\/li>\n<\/ul>\n<p><strong>Lasergeschnittene Wandpaneele Vorteile:<\/strong><\/p>\n<ul>\n<li><strong>Anpassungen:<\/strong> Die Entw\u00fcrfe k\u00f6nnen individuell gestaltet werden, um jeder \u00c4sthetik gerecht zu werden.<\/li>\n<li><strong>Langlebigkeit:<\/strong> Metalle wie Cortenstahl entwickeln mit der Zeit eine sch\u00fctzende Rostpatina und eignen sich daher f\u00fcr den Einsatz im Freien.<\/li>\n<li><strong>Vielseitigkeit:<\/strong> Kann in modernen, rustikalen oder traditionellen Designs verwendet werden.<\/li>\n<\/ul>","protected":false},"excerpt":{"rendered":"<p><span class=\"magic-17\" style=\"color: #f70843;\">100% Zufriedenheitsgarantie<\/span><\/p>\n<div><span class=\"magic-17\" style=\"color: #f70843;\">Werkstoff - Cortenstahl<br \/>\n<\/span><\/div>\n<div><span class=\"magic-17\" style=\"color: #f70843;\">Es kann sowohl im Innen- als auch im Au\u00dfenbereich verwendet werden.<\/span><\/div>\n<div>\n<table class=\"has-title all magic-9\">\n<tbody>\n<tr>\n<td colspan=\"1\" rowspan=\"1\">\n<div class=\"magic-10\" data-spm-anchor-id=\"a2700.details.0.i39.2f0453fbTWsH9o\">Produkttyp<\/div>\n<\/td>\n<td colspan=\"1\" rowspan=\"1\">\n<div class=\"magic-11\">Metall-Bildschirmtafel<\/div>\n<\/td>\n<td colspan=\"1\" rowspan=\"1\">\n<div class=\"magic-12\">Material<\/div>\n<\/td>\n<td colspan=\"1\" rowspan=\"1\">\n<div class=\"magic-13\">Cortenstahl, Metall<\/div>\n<\/td>\n<\/tr>\n<tr>\n<td colspan=\"1\" rowspan=\"1\">\n<div class=\"magic-10\">Abmessungen<\/div>\n<\/td>\n<td colspan=\"1\" rowspan=\"1\">\n<div class=\"magic-11\">Kundenspezifisch<\/div>\n<\/td>\n<td colspan=\"1\" rowspan=\"1\">\n<div class=\"magic-12\">Muster<\/div>\n<\/td>\n<td colspan=\"1\" rowspan=\"1\">\n<div class=\"magic-13\">Kundenspezifisch<\/div>\n<\/td>\n<\/tr>\n<tr>\n<td colspan=\"1\" rowspan=\"1\">\n<div class=\"magic-10\">Anmeldung<\/div>\n<\/td>\n<td colspan=\"3\" rowspan=\"1\">\n<div class=\"magic-14\">Getrennt, Privatsph\u00e4re, Dekoration, etc<\/div>\n<\/td>\n<\/tr>\n<tr>\n<td colspan=\"1\" rowspan=\"1\">\n<div class=\"magic-10\">Verpacken<\/div>\n<\/td>\n<td colspan=\"3\" rowspan=\"1\">\n<div class=\"magic-14\">Holzkiste, Karton, kundenspezifisch<\/div>\n<\/td>\n<\/tr>\n<\/tbody>\n<\/table>\n<\/div>","protected":false},"featured_media":1306,"comment_status":"open","ping_status":"closed","template":"","meta":{"_eb_attr":"","_monsterinsights_skip_tracking":false,"_monsterinsights_sitenote_active":false,"_monsterinsights_sitenote_note":"","_monsterinsights_sitenote_category":0,"_uf_show_specific_survey":0,"_uf_disable_surveys":false},"product_brand":[],"product_cat":[57],"product_tag":[],"class_list":{"0":"post-1305","1":"product","2":"type-product","3":"status-publish","4":"has-post-thumbnail","6":"product_cat-screen-panel","8":"first","9":"instock","10":"shipping-taxable","11":"product-type-simple"},"_links":{"self":[{"href":"https:\/\/keweicorten.com\/de\/wp-json\/wp\/v2\/product\/1305"}],"collection":[{"href":"https:\/\/keweicorten.com\/de\/wp-json\/wp\/v2\/product"}],"about":[{"href":"https:\/\/keweicorten.com\/de\/wp-json\/wp\/v2\/types\/product"}],"replies":[{"embeddable":true,"href":"https:\/\/keweicorten.com\/de\/wp-json\/wp\/v2\/comments?post=1305"}],"version-history":[{"count":1,"href":"https:\/\/keweicorten.com\/de\/wp-json\/wp\/v2\/product\/1305\/revisions"}],"predecessor-version":[{"id":1307,"href":"https:\/\/keweicorten.com\/de\/wp-json\/wp\/v2\/product\/1305\/revisions\/1307"}],"wp:featuredmedia":[{"embeddable":true,"href":"https:\/\/keweicorten.com\/de\/wp-json\/wp\/v2\/media\/1306"}],"wp:attachment":[{"href":"https:\/\/keweicorten.com\/de\/wp-json\/wp\/v2\/media?parent=1305"}],"wp:term":[{"taxonomy":"product_brand","embeddable":true,"href":"https:\/\/keweicorten.com\/de\/wp-json\/wp\/v2\/product_brand?post=1305"},{"taxonomy":"product_cat","embeddable":true,"href":"https:\/\/keweicorten.com\/de\/wp-json\/wp\/v2\/product_cat?post=1305"},{"taxonomy":"product_tag","embeddable":true,"href":"https:\/\/keweicorten.com\/de\/wp-json\/wp\/v2\/product_tag?post=1305"}],"curies":[{"name":"wp","href":"https:\/\/api.w.org\/{rel}","templated":true}]}}