{"id":1308,"date":"2024-09-23T02:48:35","date_gmt":"2024-09-23T02:48:35","guid":{"rendered":"https:\/\/keweicorten.com\/?post_type=product&#038;p=1308"},"modified":"2025-01-15T06:24:20","modified_gmt":"2025-01-15T06:24:20","slug":"wasserschale-aus-cortenstahl","status":"publish","type":"product","link":"https:\/\/keweicorten.com\/de\/wasserschale-aus-cortenstahl\/","title":{"rendered":"Wasserschale aus Cortenstahl"},"content":{"rendered":"<p>Wasserschalen aus Cortenstahl sind aufgrund ihres verwitterten, rustikalen Aussehens, das sich mit der Zeit entwickelt, eine beliebte Erg\u00e4nzung f\u00fcr moderne G\u00e4rten und Au\u00dfenbereiche. Der Stahl, der auch als Verwitterungsstahl bekannt ist, bildet ein stabiles rost\u00e4hnliches Aussehen, nachdem er den Elementen ausgesetzt wurde, und erh\u00e4lt eine unverwechselbare erdige orange-braune Farbe. Diese Schalen k\u00f6nnen als beeindruckende Blickpunkte, Wasserspiele oder sogar Vogeltr\u00e4nken in G\u00e4rten dienen.<\/p>\n<h2>Zu den Merkmalen von Wassersch\u00fcsseln aus Cortenstahl geh\u00f6ren:<\/h2>\n<ul>\n<li><strong>Dauerhaftigkeit<\/strong>: Cortenstahl ist \u00e4u\u00dferst korrosionsbest\u00e4ndig und h\u00e4lt daher viele Jahre im Freien.<\/li>\n<li><strong>\u00c4sthetische Anziehungskraft<\/strong>: Die nat\u00fcrlich oxidierende Oberfl\u00e4che erzeugt eine lebendige Patina, die sich gut mit der Natur und modernen Designs kombinieren l\u00e4sst.<\/li>\n<li><strong>Vielfalt der Gr\u00f6\u00dfen<\/strong>: Wasserschalen gibt es in verschiedenen Gr\u00f6\u00dfen, von kleinen dekorativen Schalen bis hin zu gro\u00dfen Schalen, die Teil einer gr\u00f6\u00dferen Gartenlandschaft sein k\u00f6nnen.<\/li>\n<li><strong>Vielseitigkeit<\/strong>: Diese Wasserschalen aus Cortenstahl k\u00f6nnen als eigenst\u00e4ndige Elemente, als Teil eines Wasserspringbrunnensystems oder zusammen mit dekorativen Steinen oder Pflanzen verwendet werden.<\/li>\n<\/ul>\n<div class=\"J_module\">\n<div class=\"detail-decorate-json-renderer-container\">\n<div class=\"magic-1\">\n<div class=\"magic-2\">\n<div class=\"magic-3\">\n<div class=\"magic-4\"><span class=\"magic-8\"><span class=\"magic-5\" style=\"font-family: Arial;\">Die Wasserschalen aus Cortenstahl werden f\u00fcr Camping-Feuerstellen oder Regenbrunnen in Garten und Garten verwendet.<span data-spm-anchor-id=\"a2700.details.0.i42.1cc76ac413SX1S\"> Cortenstahl ist ein rustikales, robustes Material, das sich im Laufe der Zeit mit einer sch\u00fctzenden Rostschicht \u00fcberzieht.<\/span><\/span><\/span><\/div>\n<\/div>\n<\/div>\n<\/div>\n<\/div>\n<\/div>\n<div class=\"J_module\">\n<div class=\"icbu-pc-images magic-10\">\n<div>\n<div class=\"flex-layout-h\">\n<div class=\"flex-layout-v magic-11\">\n<table class=\"all magic-39\">\n<tbody>\n<tr>\n<td colspan=\"1\" rowspan=\"1\">\n<div class=\"magic-40\" data-spm-anchor-id=\"a2700.details.0.i43.1cc76ac413SX1S\"><b>Name des Produkts\u00a0<\/b><\/div>\n<\/td>\n<td colspan=\"1\" rowspan=\"1\">\n<div class=\"magic-41\">Feuerstelle aus Metall<\/div>\n<\/td>\n<\/tr>\n<tr>\n<td colspan=\"1\" rowspan=\"1\">\n<div class=\"magic-40\"><b>Material\u00a0<\/b><\/div>\n<\/td>\n<td colspan=\"1\" rowspan=\"1\">\n<div class=\"magic-41\">Cortenstahl, rostfreier Stahl, Aluminium und Stahl<\/div>\n<\/td>\n<\/tr>\n<tr>\n<td colspan=\"1\" rowspan=\"1\">\n<div class=\"magic-40\"><b>Gr\u00f6\u00dfe<\/b><\/div>\n<\/td>\n<td colspan=\"1\" rowspan=\"1\">\n<div class=\"magic-41\">60cm, 70cm, 80cm, 90cm, 100cm, 120cm, 150cm Durchmesser, wir bieten die kundenspezifische Gr\u00f6\u00dfe nach Ihren Anforderungen<\/div>\n<\/td>\n<\/tr>\n<tr>\n<td colspan=\"1\" rowspan=\"1\">\n<div class=\"magic-40\"><b>Dicke\u00a0<\/b><\/div>\n<\/td>\n<td colspan=\"1\" rowspan=\"1\">\n<div class=\"magic-41\">2mm, 3mm, 4mm<\/div>\n<\/td>\n<\/tr>\n<tr>\n<td colspan=\"1\" rowspan=\"1\">\n<div class=\"magic-40\"><b>Fertigstellung\u00a0<\/b><\/div>\n<\/td>\n<td colspan=\"1\" rowspan=\"1\">\n<div class=\"magic-41\">\u00a0Naturrost \/ schwarze Hochtemperatur-Pulverbeschichtung<\/div>\n<\/td>\n<\/tr>\n<tr>\n<td colspan=\"1\" rowspan=\"1\">\n<div class=\"magic-40\"><b>Verpacken<\/b><\/div>\n<\/td>\n<td colspan=\"1\" rowspan=\"1\">\n<div class=\"magic-41\">3K+ harte braune Schachtel Verpackung mit farbigem Etikett<\/div>\n<\/td>\n<\/tr>\n<tr>\n<td colspan=\"1\" rowspan=\"1\">\n<div class=\"magic-40\"><b>Verwendung<\/b><\/div>\n<\/td>\n<td colspan=\"1\" rowspan=\"1\">\n<div class=\"magic-41\">Haus- und Gartendekoration<\/div>\n<\/td>\n<\/tr>\n<\/tbody>\n<\/table>\n<\/div>\n<\/div>\n<\/div>\n<\/div>\n<\/div>","protected":false},"excerpt":{"rendered":"<p class=\"magic-47\"><span class=\"magic-43\" style=\"color: #0f0202; font-family: Georgia;\">Unser Vorteil :<\/span><\/p>\n<p class=\"magic-47\"><span class=\"magic-43\" style=\"color: #0f0202; font-family: Georgia;\">A. Klassisches Design und beste Qualit\u00e4t zu wettbewerbsf\u00e4higen Preisen<\/span><\/p>\n<p class=\"magic-47\"><span class=\"magic-43\" style=\"color: #0f0202; font-family: Georgia;\">B. Hunderte von verschiedenen Stilen f\u00fcr eine gro\u00dfe Auswahl<\/p>\n<p>C. Traditionelle oder antike Nachahmungsfarben nach Wahl<\/p>\n<p>D. Zuverl\u00e4ssiger Service mit schneller und enger Zusammenarbeit.<\/span><\/p>","protected":false},"featured_media":1309,"comment_status":"open","ping_status":"closed","template":"","meta":{"_eb_attr":"","_monsterinsights_skip_tracking":false,"_monsterinsights_sitenote_active":false,"_monsterinsights_sitenote_note":"","_monsterinsights_sitenote_category":0,"_uf_show_specific_survey":0,"_uf_disable_surveys":false},"product_brand":[],"product_cat":[54],"product_tag":[],"class_list":{"0":"post-1308","1":"product","2":"type-product","3":"status-publish","4":"has-post-thumbnail","6":"product_cat-wood-fire-pit","8":"first","9":"instock","10":"shipping-taxable","11":"product-type-simple"},"_links":{"self":[{"href":"https:\/\/keweicorten.com\/de\/wp-json\/wp\/v2\/product\/1308"}],"collection":[{"href":"https:\/\/keweicorten.com\/de\/wp-json\/wp\/v2\/product"}],"about":[{"href":"https:\/\/keweicorten.com\/de\/wp-json\/wp\/v2\/types\/product"}],"replies":[{"embeddable":true,"href":"https:\/\/keweicorten.com\/de\/wp-json\/wp\/v2\/comments?post=1308"}],"version-history":[{"count":1,"href":"https:\/\/keweicorten.com\/de\/wp-json\/wp\/v2\/product\/1308\/revisions"}],"predecessor-version":[{"id":1310,"href":"https:\/\/keweicorten.com\/de\/wp-json\/wp\/v2\/product\/1308\/revisions\/1310"}],"wp:featuredmedia":[{"embeddable":true,"href":"https:\/\/keweicorten.com\/de\/wp-json\/wp\/v2\/media\/1309"}],"wp:attachment":[{"href":"https:\/\/keweicorten.com\/de\/wp-json\/wp\/v2\/media?parent=1308"}],"wp:term":[{"taxonomy":"product_brand","embeddable":true,"href":"https:\/\/keweicorten.com\/de\/wp-json\/wp\/v2\/product_brand?post=1308"},{"taxonomy":"product_cat","embeddable":true,"href":"https:\/\/keweicorten.com\/de\/wp-json\/wp\/v2\/product_cat?post=1308"},{"taxonomy":"product_tag","embeddable":true,"href":"https:\/\/keweicorten.com\/de\/wp-json\/wp\/v2\/product_tag?post=1308"}],"curies":[{"name":"wp","href":"https:\/\/api.w.org\/{rel}","templated":true}]}}