{"id":1311,"date":"2024-09-23T03:00:44","date_gmt":"2024-09-23T03:00:44","guid":{"rendered":"https:\/\/keweicorten.com\/?post_type=product&#038;p=1311"},"modified":"2025-01-15T06:24:07","modified_gmt":"2025-01-15T06:24:07","slug":"wasserspielschale-aus-metall","status":"publish","type":"product","link":"https:\/\/keweicorten.com\/de\/wasserspielschale-aus-metall\/","title":{"rendered":"Wasserspielschale aus Metall"},"content":{"rendered":"<h2>Schale mit Wasserspiel aus Metall:<\/h2>\n<p>Korrosionsbest\u00e4ndigkeit: Wetterfester Stahl hat eine hohe Korrosionsbest\u00e4ndigkeit und kann seinen guten Zustand beibehalten, auch wenn er Wind und Regen f\u00fcr eine lange Zeit au\u00dferhalb des Hauses ausgesetzt ist.<br \/>\nNat\u00fcrliche Sch\u00f6nheit: Im Laufe der Zeit wird die Oberfl\u00e4che allm\u00e4hlich eine einzigartige Roststruktur aufweisen und ein nat\u00fcrliches, orangebraunes Aussehen annehmen, das sehr gut zu der Kombination aus modernem und nat\u00fcrlichem Designstil passt.<br \/>\nSchutz der Umwelt: Verwitternder Stahl ist ein umweltfreundliches Material, korrodierter Stahl erfordert keine zus\u00e4tzliche Wartung und hat keine Auswirkungen auf die Umwelt.<br \/>\nVielseitigkeit: Die witterungsbest\u00e4ndige Stahlschale kann f\u00fcr Wasserspiele im Hof, als Vogeltr\u00e4nke, Fischteich oder Landschaftsdekoration oder als Teil eines Springbrunnens verwendet werden.<br \/>\nGr\u00f6\u00dfenoptionen: Je nach Platzbedarf sind die wetterfesten Stahlschalen in verschiedenen Gr\u00f6\u00dfen erh\u00e4ltlich, von kleinen dekorativen Wasserschalen bis hin zu gro\u00dfen Landschaftsbecken.<br \/>\nVerwendungsszenario:<br \/>\n1. Wasser in der Landschaft<br \/>\n2. Brunnengestaltung<br \/>\n3. Dekoration des Innenhofs<\/p>\n<p>Wasserschalen aus Cortenstahl haben viele Vorteile, sowohl \u00e4sthetische als auch praktische: Sie wirken industriell, aber nicht hart oder kalt, und ihre sch\u00f6nen kupferfarbenen T\u00f6ne verleihen einer Anlage Tiefe und Kontrast. Die Cortenstahl-Feuerstelle ist das perfekte, wartungsarme Gartenelement. Cortenstahl-Feuerstellen. Entdecken Sie die Haltbarkeit und rustikale Sch\u00f6nheit einer Cortenstahl-Feuerstelle. Jede Feuerstelle aus Cortenstahl, die sowohl mit Holz als auch mit Gas betrieben werden kann, entwickelt eine einzigartige Patina und dient nicht nur als Feuerelement, sondern auch als Kunstwerk.<\/p>\n<figure style=\"width: 627px\" class=\"wp-caption alignnone\"><a href=\"https:\/\/keweicorten.com\/de\"><img fetchpriority=\"high\" decoding=\"async\" title=\"Garten-Wasserschale\" src=\"https:\/\/sc04.alicdn.com\/kf\/H75f6bcdaad934358a327cd4efdbeb9ae2\/238887437\/H75f6bcdaad934358a327cd4efdbeb9ae2.jpg\" alt=\"\" width=\"627\" height=\"627\" \/><\/a><figcaption class=\"wp-caption-text\">Garten-Wasserschale<\/figcaption><\/figure>\n<p><b><span class=\"magic-15\" data-spm-anchor-id=\"a2700.details.0.i42.7d417f93rLNuig\">Die Feuerstelle ist in einer Vielzahl von Innen-oder Au\u00dfenbereich, wie Garten im Freien, Party, BBQ verwendet. <\/span><\/b><\/p>","protected":false},"excerpt":{"rendered":"<p>Feuerstellen aus Cortenstahl. Entdecken Sie die Langlebigkeit und rustikale Sch\u00f6nheit einer Cortenstahl-Feuerstelle. Jede Feuerstelle aus Cortenstahl, die sowohl mit Holz als auch mit Gas betrieben werden kann, entwickelt eine einzigartige Patina und dient nicht nur als Feuerelement, sondern auch als Kunstwerk.<\/p>","protected":false},"featured_media":1312,"comment_status":"open","ping_status":"closed","template":"","meta":{"_eb_attr":"","_monsterinsights_skip_tracking":false,"_monsterinsights_sitenote_active":false,"_monsterinsights_sitenote_note":"","_monsterinsights_sitenote_category":0,"_uf_show_specific_survey":0,"_uf_disable_surveys":false},"product_brand":[],"product_cat":[54],"product_tag":[],"class_list":{"0":"post-1311","1":"product","2":"type-product","3":"status-publish","4":"has-post-thumbnail","6":"product_cat-wood-fire-pit","8":"first","9":"instock","10":"shipping-taxable","11":"product-type-simple"},"_links":{"self":[{"href":"https:\/\/keweicorten.com\/de\/wp-json\/wp\/v2\/product\/1311"}],"collection":[{"href":"https:\/\/keweicorten.com\/de\/wp-json\/wp\/v2\/product"}],"about":[{"href":"https:\/\/keweicorten.com\/de\/wp-json\/wp\/v2\/types\/product"}],"replies":[{"embeddable":true,"href":"https:\/\/keweicorten.com\/de\/wp-json\/wp\/v2\/comments?post=1311"}],"version-history":[{"count":1,"href":"https:\/\/keweicorten.com\/de\/wp-json\/wp\/v2\/product\/1311\/revisions"}],"predecessor-version":[{"id":1313,"href":"https:\/\/keweicorten.com\/de\/wp-json\/wp\/v2\/product\/1311\/revisions\/1313"}],"wp:featuredmedia":[{"embeddable":true,"href":"https:\/\/keweicorten.com\/de\/wp-json\/wp\/v2\/media\/1312"}],"wp:attachment":[{"href":"https:\/\/keweicorten.com\/de\/wp-json\/wp\/v2\/media?parent=1311"}],"wp:term":[{"taxonomy":"product_brand","embeddable":true,"href":"https:\/\/keweicorten.com\/de\/wp-json\/wp\/v2\/product_brand?post=1311"},{"taxonomy":"product_cat","embeddable":true,"href":"https:\/\/keweicorten.com\/de\/wp-json\/wp\/v2\/product_cat?post=1311"},{"taxonomy":"product_tag","embeddable":true,"href":"https:\/\/keweicorten.com\/de\/wp-json\/wp\/v2\/product_tag?post=1311"}],"curies":[{"name":"wp","href":"https:\/\/api.w.org\/{rel}","templated":true}]}}