{"id":1314,"date":"2024-09-23T06:19:58","date_gmt":"2024-09-23T06:19:58","guid":{"rendered":"https:\/\/keweicorten.com\/?post_type=product&#038;p=1314"},"modified":"2025-01-15T06:23:53","modified_gmt":"2025-01-15T06:23:53","slug":"cortenstahl-holzkohle-bbq-grill-im-freien","status":"publish","type":"product","link":"https:\/\/keweicorten.com\/de\/cortenstahl-holzkohle-bbq-grill-im-freien\/","title":{"rendered":"Cortenstahl-Holzkohle-BBQ-Grill f\u00fcr drau\u00dfen"},"content":{"rendered":"<p>Ein Cortenstahl-Holzkohlegrill f\u00fcr den Au\u00dfenbereich verbindet die Haltbarkeit und den rustikalen Charme von verwittertem Stahl mit der Funktionalit\u00e4t eines Holzkohlegrills. Cortenstahl entwickelt mit der Zeit eine sch\u00fctzende Rostschicht, die ihm ein einzigartiges Aussehen verleiht und ihn korrosionsbest\u00e4ndig macht - ideal f\u00fcr den Einsatz im Freien.<\/p>\n<p>Merkmale:<br \/>\n1. die Langlebigkeit: Cortenstahl kann rauen Witterungsbedingungen standhalten und ist daher eine gute Wahl f\u00fcr Au\u00dfengrills, die lange halten sollen.<br \/>\n2. Rustikale \u00c4sthetik: Die sich nat\u00fcrlich bildende Rostschicht verleiht ihm ein sch\u00f6nes, erdiges Aussehen, das den Au\u00dfenbereich erg\u00e4nzt.<br \/>\n3. Geringe Wartung: Die Rostschicht sch\u00fctzt den darunter liegenden Stahl und erfordert daher nur minimale Pflege.<br \/>\n4. W\u00e4rmespeicherung: Cortenstahl speichert die W\u00e4rme gut und ist daher zum Grillen und Kochen geeignet.<br \/>\n5. Vielseitiges Design: Viele BBQ-Grills aus Cortenstahl haben ein elegantes, modernes Design, das sowohl als funktionales Kochger\u00e4t als auch als dekoratives Element f\u00fcr Ihre Terrasse oder Ihren Garten dienen kann.<\/p>\n<p>Viele Hersteller von Cortenstahl-Holzkohlegrills f\u00fcr den Au\u00dfenbereich bieten eine Qualit\u00e4tsgarantie an, um sicherzustellen, dass ihr Produkt den Erwartungen der Kunden entspricht. Die Garantie kann sich auf die Struktur und Haltbarkeit des Grills, die Qualit\u00e4t der verwendeten Materialien und die Funktionalit\u00e4t des Grills beziehen.<\/p>\n<figure style=\"width: 700px\" class=\"wp-caption alignnone\"><a href=\"https:\/\/keweicorten.com\/de\"><img fetchpriority=\"high\" decoding=\"async\" title=\"BBQ-Grill\" src=\"https:\/\/sc04.alicdn.com\/kf\/He0ed5e93b12c40358fb48f957cefcb69S\/252624420\/He0ed5e93b12c40358fb48f957cefcb69S.jpg\" alt=\"\" width=\"700\" height=\"700\" \/><\/a><figcaption class=\"wp-caption-text\">BBQ-Grill<\/figcaption><\/figure>\n<h3 class=\"magic-5\"><span class=\"magic-6\"><span data-spm-anchor-id=\"a2700.details.0.i39.5eaf3f8dvvep9e\">Garden Party Holzkohle Corten Metall BBQ Grill Feuerstelle<\/span><\/span><\/h3>\n<div class=\"magic-7\">\n<div class=\"magic-8\">\n<div class=\"magic-9\">\n<div>Das Flie\u00dfen zeigt Details zu Gr\u00f6\u00dfe und Dicke des Rohmaterials:<\/div>\n<p>1. die H\u00f6he der Feuerwaage oder des Kegels betr\u00e4gt in der Regel 27 cm und wird mit 2,0 mm dickem Corten-Blech gewalzt.<\/p>\n<div>2. die Backplatte: Kaltgewalztes 10 mm Stahlblech Durchmesser ist 100 cm<br \/>\n3. die Brandkammer aus 2,0 mm dickem Cortenstahl<br \/>\n4. der Aschetrichter: 2 mm Cortenstahl<br \/>\n5.Down K\u00f6rper :Corten Stahl Dicke :2 mm Gr\u00f6\u00dfe:700*500*500 mm<\/div>\n<div>\n<figure style=\"width: 700px\" class=\"wp-caption alignnone\"><a href=\"https:\/\/keweicorten.com\/de\/kontaktieren-sie-uns\/\"><img decoding=\"async\" title=\"R\u00e4uchergrill\" src=\"https:\/\/sc04.alicdn.com\/kf\/H3251a163a5d842c7bd1860b59de2a48bk\/252624420\/H3251a163a5d842c7bd1860b59de2a48bk.jpg\" alt=\"\" width=\"700\" height=\"700\" \/><\/a><figcaption class=\"wp-caption-text\">R\u00e4uchergrill<\/figcaption><\/figure>\n<\/div>\n<\/div>\n<\/div>\n<\/div>","protected":false},"excerpt":{"rendered":"<p>A Corten Steel Charcoal BBQ Outdoor Grill combines the durability and rustic charm of weathering steel with the functionality of a charcoal grill. Corten steel develops a protective layer of rust over time, which gives it a unique appearance and makes it resistant to corrosion, ideal for outdoor use. Features: 1.Durability: Corten steel can withstand [&hellip;]<\/p>","protected":false},"featured_media":1315,"comment_status":"open","ping_status":"closed","template":"","meta":{"_eb_attr":"","_monsterinsights_skip_tracking":false,"_monsterinsights_sitenote_active":false,"_monsterinsights_sitenote_note":"","_monsterinsights_sitenote_category":0,"_uf_show_specific_survey":0,"_uf_disable_surveys":false},"product_brand":[],"product_cat":[63],"product_tag":[],"class_list":{"0":"post-1314","1":"product","2":"type-product","3":"status-publish","4":"has-post-thumbnail","6":"product_cat-steel-bbq-grill","8":"first","9":"instock","10":"shipping-taxable","11":"product-type-simple"},"_links":{"self":[{"href":"https:\/\/keweicorten.com\/de\/wp-json\/wp\/v2\/product\/1314"}],"collection":[{"href":"https:\/\/keweicorten.com\/de\/wp-json\/wp\/v2\/product"}],"about":[{"href":"https:\/\/keweicorten.com\/de\/wp-json\/wp\/v2\/types\/product"}],"replies":[{"embeddable":true,"href":"https:\/\/keweicorten.com\/de\/wp-json\/wp\/v2\/comments?post=1314"}],"version-history":[{"count":1,"href":"https:\/\/keweicorten.com\/de\/wp-json\/wp\/v2\/product\/1314\/revisions"}],"predecessor-version":[{"id":1316,"href":"https:\/\/keweicorten.com\/de\/wp-json\/wp\/v2\/product\/1314\/revisions\/1316"}],"wp:featuredmedia":[{"embeddable":true,"href":"https:\/\/keweicorten.com\/de\/wp-json\/wp\/v2\/media\/1315"}],"wp:attachment":[{"href":"https:\/\/keweicorten.com\/de\/wp-json\/wp\/v2\/media?parent=1314"}],"wp:term":[{"taxonomy":"product_brand","embeddable":true,"href":"https:\/\/keweicorten.com\/de\/wp-json\/wp\/v2\/product_brand?post=1314"},{"taxonomy":"product_cat","embeddable":true,"href":"https:\/\/keweicorten.com\/de\/wp-json\/wp\/v2\/product_cat?post=1314"},{"taxonomy":"product_tag","embeddable":true,"href":"https:\/\/keweicorten.com\/de\/wp-json\/wp\/v2\/product_tag?post=1314"}],"curies":[{"name":"wp","href":"https:\/\/api.w.org\/{rel}","templated":true}]}}