{"id":1317,"date":"2024-09-23T06:34:32","date_gmt":"2024-09-23T06:34:32","guid":{"rendered":"https:\/\/keweicorten.com\/?post_type=product&#038;p=1317"},"modified":"2025-01-15T06:23:43","modified_gmt":"2025-01-15T06:23:43","slug":"cortenstahl-rost-grill-fur-den-ausenbereich","status":"publish","type":"product","link":"https:\/\/keweicorten.com\/de\/cortenstahl-rost-grill-fur-den-ausenbereich\/","title":{"rendered":"Au\u00dfen Cortenstahl Rost BBQ"},"content":{"rendered":"<h2>Eigenschaften des Cortenstahl-Holzkohlegrills<\/h2>\n<p>Ein Rostgrill aus Cortenstahl f\u00fcr den Au\u00dfenbereich vereint Funktionalit\u00e4t und \u00c4sthetik. Das Material Cortenstahl ist f\u00fcr seine witterungsbest\u00e4ndigen Eigenschaften bekannt, die mit der Zeit eine sch\u00fctzende, rost\u00e4hnliche Oberfl\u00e4che entwickeln, was es langlebig und optisch auff\u00e4llig macht. Diese Cortenstahl-Rostgrills f\u00fcr den Au\u00dfenbereich f\u00fcgen sich oft nahtlos in den Au\u00dfenbereich ein und verleihen Ihrem Garten oder Ihrer Terrasse ein rustikales, industrielles Gef\u00fchl.<\/p>\n<table class=\"all magic-22\">\n<tbody>\n<tr>\n<td colspan=\"2\" rowspan=\"1\">\n<div class=\"magic-23\" data-spm-anchor-id=\"a2700.details.0.i39.767b11fcnAZI6v\">Produktname<\/div>\n<\/td>\n<td colspan=\"3\" rowspan=\"1\">\n<div class=\"magic-26\">Gro\u00dfe holzbefeuerte Cortenstahl-Metallgrills f\u00fcr den mobilen Einsatz<\/div>\n<\/td>\n<\/tr>\n<tr>\n<td colspan=\"2\" rowspan=\"1\">\n<div class=\"magic-23\">Rohmaterial<\/div>\n<\/td>\n<td colspan=\"3\" rowspan=\"1\">\n<div class=\"magic-26\">Corten-Blech, Kohlenstoffstahl<\/div>\n<\/td>\n<\/tr>\n<tr>\n<td colspan=\"2\" rowspan=\"1\">\n<div class=\"magic-28\">Gr\u00f6\u00dfe nach Wahl<\/div>\n<\/td>\n<td colspan=\"3\" rowspan=\"1\">\n<div class=\"magic-30\">1000mm und runder Typ, auch OEM-angepasst m\u00f6glich<\/div>\n<\/td>\n<\/tr>\n<tr>\n<td colspan=\"2\" rowspan=\"1\">\n<div class=\"magic-23\">Kraftstofftyp<\/div>\n<\/td>\n<td colspan=\"3\" rowspan=\"1\">\n<div class=\"magic-26\">\u00dcblicherweise Holzkohle, kann auch Gas \/ Propan Typ \u00e4ndern<\/div>\n<\/td>\n<\/tr>\n<tr>\n<td colspan=\"2\" rowspan=\"1\">\n<div class=\"magic-28\">Paket<\/div>\n<\/td>\n<td colspan=\"3\" rowspan=\"1\">\n<div class=\"magic-30\">Kartonverpackung mit Paletten<\/div>\n<\/td>\n<\/tr>\n<tr>\n<td colspan=\"2\" rowspan=\"1\">\n<div class=\"magic-28\">MOQ<\/div>\n<\/td>\n<td colspan=\"3\" rowspan=\"1\">\n<div class=\"magic-30\">1St\u00fcck und 80St\u00fcck f\u00fcr einen 20GP-Container<\/div>\n<\/td>\n<\/tr>\n<tr>\n<td colspan=\"2\" rowspan=\"1\">\n<div class=\"magic-28\">Hauptmarkt<\/div>\n<\/td>\n<td colspan=\"3\" rowspan=\"1\">\n<div class=\"magic-30\">Europa\/ USA\/ Australien<\/div>\n<\/td>\n<\/tr>\n<\/tbody>\n<\/table>\n<div class=\"J_module\">\n<div class=\"detail-decorate-json-renderer-container\">\n<div class=\"magic-4\">\n<div class=\"magic-7\" data-spm-anchor-id=\"a2700.details.0.i41.767b11fcnAZI6v\">\n<div class=\"magic-8\">\n<div class=\"magic-9\">\n<p><span class=\"magic-10\">Im Gegensatz zu herk\u00f6mmlichen Heizger\u00e4ten f\u00fcr den Au\u00dfenbereich bietet ein Outdoor Corten Steel Rust BBQ 360 Grad offene Flamme und bringt ein unterhaltsames, verf\u00fchrerisches und fesselndes Element in Ihren Lebensraum im Freien.<\/span><span class=\"magic-10\">Ganz gleich, ob Sie Ihren Au\u00dfenbereich traditionell, minimalistisch, rustikal oder modern einrichten, es gibt immer eine Feuerstelle, die Ihrem pers\u00f6nlichen Geschmack entspricht.<\/span><span class=\"magic-10\">Optionales Zubeh\u00f6r ist erh\u00e4ltlich.<\/span><\/p>\n<div>\n<div class=\"flex-layout-v magic-20\">\n<div class=\"magic-21\">\n<figure style=\"width: 616px\" class=\"wp-caption alignnone\"><a href=\"https:\/\/keweicorten.com\/de\"><img fetchpriority=\"high\" decoding=\"async\" class=\"magic-22\" title=\"Holzkohle-BBQ\" src=\"https:\/\/sc04.alicdn.com\/kf\/Hc2409745ccc84643881e8baac0e202c8d\/223026859\/Hc2409745ccc84643881e8baac0e202c8d.jpg\" alt=\"\" width=\"616\" height=\"616\" data-src=\"\/\/sc04.alicdn.com\/kf\/Hc2409745ccc84643881e8baac0e202c8d\/223026859\/Hc2409745ccc84643881e8baac0e202c8d.jpg\" data-spm-anchor-id=\"a2700.details.0.i44.20af498aXXDt0K\" \/><\/a><figcaption class=\"wp-caption-text\">Holzkohle-BBQ<\/figcaption><\/figure>\n<\/div>\n<\/div>\n<div class=\"text-wrapper magic-23\">\n<div class=\"text-wrapper-right text-theme-light text-align-left\" data-spm-anchor-id=\"a2700.details.0.i43.20af498aXXDt0K\">\n<div class=\"text-title\" data-spm-anchor-id=\"a2700.details.0.i41.20af498aXXDt0K\">BBQ-Grillplatte mit Kochring<\/div>\n<div class=\"text-content\"><span data-spm-anchor-id=\"a2700.details.0.i42.20af498aXXDt0K\">Diese Deckplatte ist aus ausreichend dickem, geh\u00e4rtetem Kohlenstoffstahl gefertigt, der eine Formver\u00e4nderung bei hohen Temperaturen verhindert.<\/span><\/div>\n<\/div>\n<\/div>\n<\/div>\n<\/div>\n<\/div>\n<\/div>\n<\/div>\n<\/div>\n<\/div>\n<div class=\"J_module\">\n<div class=\"icbu-pc-detailManyImage magic-11\">\n<div class=\"J_module\">\n<div class=\"icbu-pc-images magic-0\">\n<div class=\"flex-layout-h\">\n<div class=\"text-wrapper magic-24\">\n<div class=\"text-wrapper-left text-theme-light text-align-left\">\n<div data-spm-anchor-id=\"a2700.details.0.i47.20af498aXXDt0K\"><\/div>\n<div class=\"text-title\" data-spm-anchor-id=\"a2700.details.0.i47.20af498aXXDt0K\">BBQ-Grill Feuerschale<\/div>\n<div class=\"text-title\" data-spm-anchor-id=\"a2700.details.0.i47.20af498aXXDt0K\">Die Feuerschale ist aus einem einzigen St\u00fcck Cortenstahl gedreht, ohne N\u00e4hte oder Schwei\u00dfn\u00e4hte, die Dicke der Feuerschale betr\u00e4gt 2 mm.<\/div>\n<\/div>\n<\/div>\n<div class=\"flex-layout-v magic-20\">\n<div class=\"magic-25\">\n<figure style=\"width: 618px\" class=\"wp-caption alignnone\"><a href=\"https:\/\/keweicorten.com\/de\/kontaktieren-sie-uns\/\"><img decoding=\"async\" class=\"magic-26\" title=\"Au\u00dfengrill\" src=\"https:\/\/sc04.alicdn.com\/kf\/H753c3cf1341a40ed9a0ee9f74fe4b065O\/223026859\/H753c3cf1341a40ed9a0ee9f74fe4b065O.jpg\" alt=\"\" width=\"618\" height=\"618\" data-src=\"\/\/sc04.alicdn.com\/kf\/H753c3cf1341a40ed9a0ee9f74fe4b065O\/223026859\/H753c3cf1341a40ed9a0ee9f74fe4b065O.jpg\" \/><\/a><figcaption class=\"wp-caption-text\">Au\u00dfengrill<\/figcaption><\/figure>\n<\/div>\n<\/div>\n<\/div>\n<\/div>\n<\/div>\n<div class=\"J_module\">\n<div class=\"icbu-pc-images magic-0\">\n<div>\n<div class=\"flex-layout-h\">\n<div class=\"flex-layout-v magic-20\">\n<div class=\"magic-27\">\n<figure style=\"width: 616px\" class=\"wp-caption alignnone\"><a href=\"https:\/\/keweicorten.com\/de\"><img decoding=\"async\" class=\"magic-28\" title=\"tragbarer Grill\" src=\"https:\/\/sc04.alicdn.com\/kf\/H73bfd555311d40dcaf54d4700570657dA\/223026859\/H73bfd555311d40dcaf54d4700570657dA.jpg\" alt=\"\" width=\"616\" height=\"616\" data-src=\"\/\/sc04.alicdn.com\/kf\/H73bfd555311d40dcaf54d4700570657dA\/223026859\/H73bfd555311d40dcaf54d4700570657dA.jpg\" \/><\/a><figcaption class=\"wp-caption-text\">tragbarer Grill<\/figcaption><\/figure>\n<\/div>\n<\/div>\n<div class=\"text-wrapper magic-23\" data-spm-anchor-id=\"a2700.details.0.i48.20af498aXXDt0K\">\n<div class=\"text-wrapper-right text-theme-light text-align-left\">\n<div class=\"text-title\">Tank auf Basis eines BBQ-Grills<\/div>\n<div class=\"text-content\">\n<p>Der Basistank wird aus einer speziellen Stahlsorte hergestellt, die Kupfer enth\u00e4lt (Corten). Corten-Stahl wird manchmal auch als wetterfester Stahl bezeichnet und kann das ganze Jahr \u00fcber drau\u00dfen stehen bleiben; der Sockel entwickelt mit der Zeit eine sch\u00f6ne, wartungsfreie Patina.<\/p>\n<\/div>\n<\/div>\n<\/div>\n<\/div>\n<\/div>\n<\/div>\n<\/div>\n<\/div>\n<\/div>","protected":false},"excerpt":{"rendered":"<p>Mit seinen einfachen, klassischen Linien ist unser Grill praktischer und stilvoller als ein herk\u00f6mmlicher Grill und passt perfekt in jeden Bereich, vom Garten bis zur schicken Restaurantterrasse. Wenn es Zeit f\u00fcr ein gem\u00fctliches Beisammensein im Freien ist, verwandelt sich dieses elegante Kunstwerk in einen warmen, einladenden Ort zum Kochen und zur Unterhaltung von G\u00e4sten.<\/p>","protected":false},"featured_media":1318,"comment_status":"open","ping_status":"closed","template":"","meta":{"_eb_attr":"","_monsterinsights_skip_tracking":false,"_monsterinsights_sitenote_active":false,"_monsterinsights_sitenote_note":"","_monsterinsights_sitenote_category":0,"_uf_show_specific_survey":0,"_uf_disable_surveys":false},"product_brand":[],"product_cat":[63],"product_tag":[],"class_list":{"0":"post-1317","1":"product","2":"type-product","3":"status-publish","4":"has-post-thumbnail","6":"product_cat-steel-bbq-grill","8":"first","9":"instock","10":"shipping-taxable","11":"product-type-simple"},"_links":{"self":[{"href":"https:\/\/keweicorten.com\/de\/wp-json\/wp\/v2\/product\/1317"}],"collection":[{"href":"https:\/\/keweicorten.com\/de\/wp-json\/wp\/v2\/product"}],"about":[{"href":"https:\/\/keweicorten.com\/de\/wp-json\/wp\/v2\/types\/product"}],"replies":[{"embeddable":true,"href":"https:\/\/keweicorten.com\/de\/wp-json\/wp\/v2\/comments?post=1317"}],"version-history":[{"count":3,"href":"https:\/\/keweicorten.com\/de\/wp-json\/wp\/v2\/product\/1317\/revisions"}],"predecessor-version":[{"id":1321,"href":"https:\/\/keweicorten.com\/de\/wp-json\/wp\/v2\/product\/1317\/revisions\/1321"}],"wp:featuredmedia":[{"embeddable":true,"href":"https:\/\/keweicorten.com\/de\/wp-json\/wp\/v2\/media\/1318"}],"wp:attachment":[{"href":"https:\/\/keweicorten.com\/de\/wp-json\/wp\/v2\/media?parent=1317"}],"wp:term":[{"taxonomy":"product_brand","embeddable":true,"href":"https:\/\/keweicorten.com\/de\/wp-json\/wp\/v2\/product_brand?post=1317"},{"taxonomy":"product_cat","embeddable":true,"href":"https:\/\/keweicorten.com\/de\/wp-json\/wp\/v2\/product_cat?post=1317"},{"taxonomy":"product_tag","embeddable":true,"href":"https:\/\/keweicorten.com\/de\/wp-json\/wp\/v2\/product_tag?post=1317"}],"curies":[{"name":"wp","href":"https:\/\/api.w.org\/{rel}","templated":true}]}}