{"id":1344,"date":"2024-09-24T07:04:01","date_gmt":"2024-09-24T07:04:01","guid":{"rendered":"https:\/\/keweicorten.com\/?post_type=product&#038;p=1344"},"modified":"2025-01-15T06:23:15","modified_gmt":"2025-01-15T06:23:15","slug":"kochen-im-freien-bbq","status":"publish","type":"product","link":"https:\/\/keweicorten.com\/de\/kochen-im-freien-bbq\/","title":{"rendered":"Outdoor-Kochen BBQ"},"content":{"rendered":"<p>Es scheint, dass Sie nach Grillm\u00f6glichkeiten f\u00fcr den Au\u00dfenbereich suchen! Angesichts Ihres Interesses an Cortenstahl, Rostgrills und Feuerstellen kann ich mir vorstellen, dass Sie eine langlebige und stilvolle Option f\u00fcr das Grillen im Freien suchen.<\/p>\n<h2>Arten des Kochens im Freien BBQ:<\/h2>\n<ol>\n<li><strong>Cortenstahl-Grill<\/strong>:\n<ul>\n<li><strong>Material<\/strong>: Cortenstahl (witterungsbest\u00e4ndiger Stahl) entwickelt mit der Zeit eine sch\u00fctzende Rostschicht, die weitere Korrosion verhindert, so dass er sich perfekt f\u00fcr den Au\u00dfeneinsatz eignet.<\/li>\n<li><strong>Eigenschaften<\/strong>: Oftmals multifunktional, z. B. als Grill, Feuerstelle oder sogar als Kochfl\u00e4che. Die rostige Oberfl\u00e4che verleiht Ihrem Au\u00dfenbereich au\u00dferdem eine rustikale \u00c4sthetik.<\/li>\n<li><strong>Beliebte Modelle<\/strong>: Dazu geh\u00f6ren Grilltische, Grubengrills oder freistehende Cortenstahlgrills.<\/li>\n<\/ul>\n<\/li>\n<li><strong>Holzkohle-BBQ<\/strong>:\n<ul>\n<li>Es ist daf\u00fcr bekannt, dass es Speisen einen rauchigen Geschmack verleiht, und wird oft als traditioneller angesehen.<\/li>\n<li>Erh\u00e4ltlich in tragbarer oder eingebauter Ausf\u00fchrung.<\/li>\n<\/ul>\n<\/li>\n<\/ol>\n<table class=\"all magic-8\" style=\"height: 193px;\" width=\"610\">\n<tbody>\n<tr>\n<td colspan=\"1\" rowspan=\"1\">\n<div class=\"magic-9\"><b><span style=\"font-size: medium;\" data-spm-anchor-id=\"a2700.details.0.i40.29453909VZqwlj\">Produktname<\/span><\/b><\/div>\n<\/td>\n<td colspan=\"1\" rowspan=\"1\">\n<div class=\"magic-10\"><span style=\"font-size: medium;\">outdoor BBQ GRILLS<\/span><\/div>\n<\/td>\n<\/tr>\n<tr>\n<td colspan=\"1\" rowspan=\"1\">\n<div class=\"magic-9\"><b><span style=\"font-size: medium;\">Material<\/span><\/b><\/div>\n<\/td>\n<td colspan=\"1\" rowspan=\"1\">\n<div class=\"magic-10\"><span style=\"font-size: medium;\">Cortenstahl, Baustahl.<\/span><\/div>\n<\/td>\n<\/tr>\n<tr>\n<td colspan=\"1\" rowspan=\"1\">\n<div class=\"magic-9\"><b><span style=\"font-size: medium;\">Farbe<\/span><\/b><\/div>\n<\/td>\n<td colspan=\"1\" rowspan=\"1\">\n<div class=\"magic-10\"><span style=\"font-size: medium;\">rostig<\/span><\/div>\n<\/td>\n<\/tr>\n<tr>\n<td colspan=\"1\" rowspan=\"1\">\n<div class=\"magic-9\"><b><span style=\"font-size: medium;\">Brade<\/span><\/b><\/div>\n<\/td>\n<td colspan=\"1\" rowspan=\"1\">\n<div class=\"magic-10\"><span style=\"font-size: medium;\">SHKW-Garten<\/span><\/div>\n<\/td>\n<\/tr>\n<tr>\n<td colspan=\"1\" rowspan=\"1\">\n<div class=\"magic-9\"><b><span style=\"font-size: medium;\">Gr\u00f6\u00dfe&amp;Form<\/span><\/b><\/div>\n<\/td>\n<td colspan=\"1\" rowspan=\"1\">\n<div class=\"magic-10\"><span style=\"font-size: medium;\">800mm, 1000mm, Standard oder kundenspezifisch<\/span><\/div>\n<\/td>\n<\/tr>\n<tr>\n<td colspan=\"1\" rowspan=\"1\">\n<div class=\"magic-9\"><b><span style=\"font-size: medium;\">Die Dicke:<\/span><\/b><\/div>\n<\/td>\n<td colspan=\"1\" rowspan=\"1\">\n<div class=\"magic-10\"><span style=\"font-size: medium;\">Boden und Schale: 2mm. Kochplatte: 10 mm<\/span><\/div>\n<\/td>\n<\/tr>\n<\/tbody>\n<\/table>\n<p>Corten Stahl Outdoor Kochen BBQ Grill<br \/>\nMaterial: Verwitternder Stahl bildet eine Oxidationsschutzschicht auf der Oberfl\u00e4che, mit nat\u00fcrlicher Rostschutzfunktion.<br \/>\nEigenschaften: Einzigartiges Aussehen mit einer rostigen roten Farbe, perfekt f\u00fcr Garten oder Terrasse Dekoration Stil. Es ist nicht nur ein Grill, sondern kann auch als Kohlenbecken verwendet werden.<br \/>\nVorteile: Gute Witterungsbest\u00e4ndigkeit, geeignet f\u00fcr eine Vielzahl von Umgebungen im Freien, und attraktiveres Aussehen im Laufe der Zeit.<\/p>\n<figure style=\"width: 700px\" class=\"wp-caption alignnone\"><a href=\"https:\/\/keweicorten.com\/de\/produkte\/\"><img fetchpriority=\"high\" decoding=\"async\" title=\"bbq  \" src=\"https:\/\/sc04.alicdn.com\/kf\/H43619cdf90fc42779f3408553b38ed204\/227652262\/H43619cdf90fc42779f3408553b38ed204.jpg\" alt=\"\" width=\"700\" height=\"700\" \/><\/a><figcaption class=\"wp-caption-text\">BBQ<\/figcaption><\/figure>\n<figure style=\"width: 699px\" class=\"wp-caption alignnone\"><a href=\"https:\/\/keweicorten.com\/de\/produkte\/\"><img decoding=\"async\" title=\"Grill\" src=\"https:\/\/sc04.alicdn.com\/kf\/H655353c891944ef4b128f7c84bc70d7b2\/227652262\/H655353c891944ef4b128f7c84bc70d7b2.jpg\" alt=\"\" width=\"699\" height=\"699\" \/><\/a><figcaption class=\"wp-caption-text\">Grill<\/figcaption><\/figure>","protected":false},"excerpt":{"rendered":"<p>Material\uff1a Cortenstahl<\/p>\n<div><span class=\"magic-16\">Cortenstahl wird manchmal auch als wetterfester Stahl bezeichnet. Der Grund, warum er so lange h\u00e4lt, ist, dass die erste Korrosionsschicht jegliche<br \/>\neine weitere Verschlechterung durch Rost.<br \/>\n<\/span><\/div>\n<div><span class=\"magic-16\">Je mehr Sie ihn benutzen, desto besser sieht er aus. Nach einiger Zeit bildet der Stahl eine sch\u00f6ne und nat\u00fcrliche Patinaschicht.<br \/>\n<\/span><\/div>\n<div><span class=\"magic-16\">Der Grilltisch mit Grill aus Cortenstahl kann das ganze Jahr \u00fcber drau\u00dfen stehen bleiben, ohne dass er abgedeckt werden muss.<\/span><\/div>","protected":false},"featured_media":1345,"comment_status":"open","ping_status":"closed","template":"","meta":{"_eb_attr":"","_monsterinsights_skip_tracking":false,"_monsterinsights_sitenote_active":false,"_monsterinsights_sitenote_note":"","_monsterinsights_sitenote_category":0,"_uf_show_specific_survey":0,"_uf_disable_surveys":false},"product_brand":[],"product_cat":[63],"product_tag":[],"class_list":{"0":"post-1344","1":"product","2":"type-product","3":"status-publish","4":"has-post-thumbnail","6":"product_cat-steel-bbq-grill","8":"first","9":"instock","10":"shipping-taxable","11":"product-type-simple"},"_links":{"self":[{"href":"https:\/\/keweicorten.com\/de\/wp-json\/wp\/v2\/product\/1344"}],"collection":[{"href":"https:\/\/keweicorten.com\/de\/wp-json\/wp\/v2\/product"}],"about":[{"href":"https:\/\/keweicorten.com\/de\/wp-json\/wp\/v2\/types\/product"}],"replies":[{"embeddable":true,"href":"https:\/\/keweicorten.com\/de\/wp-json\/wp\/v2\/comments?post=1344"}],"version-history":[{"count":1,"href":"https:\/\/keweicorten.com\/de\/wp-json\/wp\/v2\/product\/1344\/revisions"}],"predecessor-version":[{"id":1346,"href":"https:\/\/keweicorten.com\/de\/wp-json\/wp\/v2\/product\/1344\/revisions\/1346"}],"wp:featuredmedia":[{"embeddable":true,"href":"https:\/\/keweicorten.com\/de\/wp-json\/wp\/v2\/media\/1345"}],"wp:attachment":[{"href":"https:\/\/keweicorten.com\/de\/wp-json\/wp\/v2\/media?parent=1344"}],"wp:term":[{"taxonomy":"product_brand","embeddable":true,"href":"https:\/\/keweicorten.com\/de\/wp-json\/wp\/v2\/product_brand?post=1344"},{"taxonomy":"product_cat","embeddable":true,"href":"https:\/\/keweicorten.com\/de\/wp-json\/wp\/v2\/product_cat?post=1344"},{"taxonomy":"product_tag","embeddable":true,"href":"https:\/\/keweicorten.com\/de\/wp-json\/wp\/v2\/product_tag?post=1344"}],"curies":[{"name":"wp","href":"https:\/\/api.w.org\/{rel}","templated":true}]}}