{"id":1347,"date":"2024-09-24T07:19:21","date_gmt":"2024-09-24T07:19:21","guid":{"rendered":"https:\/\/keweicorten.com\/?post_type=product&#038;p=1347"},"modified":"2025-01-15T06:23:06","modified_gmt":"2025-01-15T06:23:06","slug":"holzkohlegrill-fur-drausen","status":"publish","type":"product","link":"https:\/\/keweicorten.com\/de\/holzkohlegrill-fur-drausen\/","title":{"rendered":"Holzkohle-BBQ-Grill f\u00fcr drau\u00dfen"},"content":{"rendered":"<h2>Anwendung von Cortenstahl in einem Holzkohlegrill im Freien<\/h2>\n<p>Langfristige Haltbarkeit: Die Witterungsbest\u00e4ndigkeit von Corten-Stahl macht ihn ideal f\u00fcr Au\u00dfengrills. Im Gegensatz zu herk\u00f6mmlichen Stahlgrills kann Corten-Stahl langfristig im Freien eingesetzt werden, ohne dass man sich Sorgen um Rost oder h\u00e4ufige Wartung machen muss.<br \/>\nEs eignet sich besonders f\u00fcr den Einsatz in feuchtem oder wechselhaftem Klima, da es bei Regen und Feuchtigkeit nicht so schnell korrodiert wie gew\u00f6hnlicher Stahl.<\/p>\n<p>W\u00e4rmewirkungsgrad und W\u00e4rmeleitf\u00e4higkeit: Obwohl Cortenstahl haupts\u00e4chlich f\u00fcr seine Wetterbest\u00e4ndigkeit bekannt ist, hat er auch eine gute W\u00e4rmeleitf\u00e4higkeit. Das bedeutet, dass er die W\u00e4rme w\u00e4hrend des Grillvorgangs effektiv und gleichm\u00e4\u00dfig verteilen kann, so dass das Grillgut gleichm\u00e4\u00dfiger erhitzt wird, was den Grilleffekt verbessert.<br \/>\nAu\u00dferdem ist die Dicke von Corten-Stahl in der Regel gr\u00f6\u00dfer, was bedeutet, dass er W\u00e4rme speichern kann und somit die W\u00e4rme kontinuierlich und mit weniger Brennstoffverbrauch h\u00e4lt.<\/p>\n<p>Funktionalit\u00e4t und Vielseitigkeit: Corten-Holzkohlegrills f\u00fcr den Au\u00dfenbereich sind oft als Multifunktionsger\u00e4te konzipiert, die entweder als Grill oder als Kohlenbecken verwendet werden k\u00f6nnen, was die Vielfalt der Einsatzm\u00f6glichkeiten noch erh\u00f6ht. Dank seiner Langlebigkeit und Korrosionsbest\u00e4ndigkeit h\u00e4lt er hohen Temperaturen stand, w\u00e4hrend seine \u00c4sthetik ihn zu einem optischen Blickfang f\u00fcr Versammlungen im Freien macht.<\/p>\n<table class=\"all magic-17\" style=\"height: 250px;\" width=\"734\">\n<tbody>\n<tr>\n<td colspan=\"2\" rowspan=\"1\">\n<div class=\"magic-18\" data-spm-anchor-id=\"a2700.details.0.i39.133e3f8dQmxxUd\">Produktname<\/div>\n<\/td>\n<td colspan=\"3\" rowspan=\"1\">\n<div class=\"magic-21\">Garden Party Holzkohle Corten Metall BBQ Grill Feuerstelle<\/div>\n<\/td>\n<\/tr>\n<tr>\n<td colspan=\"2\" rowspan=\"1\">\n<div class=\"magic-18\">Rohmaterial<\/div>\n<\/td>\n<td colspan=\"3\" rowspan=\"1\">\n<div class=\"magic-21\">Corten-Blech, Lebensmittelqualit\u00e4t 304 Edelstahl<\/div>\n<\/td>\n<\/tr>\n<tr>\n<td colspan=\"2\" rowspan=\"1\">\n<div class=\"magic-23\">Gr\u00f6\u00dfe nach Wahl<\/div>\n<\/td>\n<td colspan=\"3\" rowspan=\"1\">\n<div class=\"magic-25\">500*500*1000mm und runder Typ, auch OEM kundenspezifisch m\u00f6glich<\/div>\n<\/td>\n<\/tr>\n<tr>\n<td colspan=\"2\" rowspan=\"1\">\n<div class=\"magic-18\">Kraftstofftyp<\/div>\n<\/td>\n<td colspan=\"3\" rowspan=\"1\">\n<div class=\"magic-21\">\u00dcblicherweise Holzkohle, kann auch Gas \/ Propan Typ \u00e4ndern<\/div>\n<\/td>\n<\/tr>\n<tr>\n<td colspan=\"2\" rowspan=\"1\">\n<div class=\"magic-23\">Zertifizierung<\/div>\n<\/td>\n<td colspan=\"3\" rowspan=\"1\">\n<div class=\"magic-25\">CE\/ 3C\/ CAS<\/div>\n<\/td>\n<\/tr>\n<tr>\n<td colspan=\"2\" rowspan=\"1\">\n<div class=\"magic-23\">Paket<\/div>\n<\/td>\n<td colspan=\"3\" rowspan=\"1\">\n<div class=\"magic-25\">Kartonverpackung mit Paletten<\/div>\n<\/td>\n<\/tr>\n<tr>\n<td colspan=\"2\" rowspan=\"1\">\n<div class=\"magic-23\">MOQ<\/div>\n<\/td>\n<td colspan=\"3\" rowspan=\"1\">\n<div class=\"magic-25\">1St\u00fcck und 80St\u00fcck f\u00fcr einen 20GP-Container<\/div>\n<\/td>\n<\/tr>\n<tr>\n<td colspan=\"2\" rowspan=\"1\">\n<div class=\"magic-23\">Hauptmarkt<\/div>\n<\/td>\n<td colspan=\"3\" rowspan=\"1\">\n<div class=\"magic-25\">Europa\/ USA\/ Australien<\/div>\n<\/td>\n<\/tr>\n<\/tbody>\n<\/table>\n<figure style=\"width: 700px\" class=\"wp-caption alignnone\"><a href=\"https:\/\/keweicorten.com\/de\"><img fetchpriority=\"high\" decoding=\"async\" title=\"Feuerstelle\" src=\"https:\/\/sc04.alicdn.com\/kf\/H3251a163a5d842c7bd1860b59de2a48bk\/252624420\/H3251a163a5d842c7bd1860b59de2a48bk.jpg\" alt=\"\" width=\"700\" height=\"700\" \/><\/a><figcaption class=\"wp-caption-text\">Feuerstelle<\/figcaption><\/figure>\n<figure style=\"width: 700px\" class=\"wp-caption alignnone\"><a href=\"https:\/\/keweicorten.com\/de\/produkte\/\"><img decoding=\"async\" title=\"Feuerstelle BBQ Grill\" src=\"https:\/\/sc04.alicdn.com\/kf\/H10865e80ce434dcf8b929e7e39ebec96l\/252624420\/H10865e80ce434dcf8b929e7e39ebec96l.jpg\" alt=\"\" width=\"700\" height=\"700\" \/><\/a><figcaption class=\"wp-caption-text\">Feuerstelle BBQ Grill<\/figcaption><\/figure>","protected":false},"excerpt":{"rendered":"<p class=\"magic-5\"><span class=\"magic-6\"><span data-spm-anchor-id=\"a2700.details.0.i44.133e3f8dQmxxUd\">Garden Party Holzkohle Corten Metall BBQ Grill Feuerstelle<\/span><\/span><\/p>\n<p class=\"magic-5\"><span style=\"font-size: 16px;\">Das Flie\u00dfen zeigt Details zu Gr\u00f6\u00dfe und Dicke des Rohmaterials:<\/span><\/p>\n<div class=\"magic-7\">\n<div class=\"magic-8\">\n<div class=\"magic-9\">1. die H\u00f6he der Feuerwaage oder des Kegels betr\u00e4gt in der Regel 27 cm und wird mit 2,0 mm dickem Corten-Blech gewalzt.<\/p>\n<div>2. die Backplatte: Kaltgewalztes 10 mm Stahlblech Durchmesser ist 100 cm<br \/>\n3. die Brandkammer aus 2,0 mm dickem Cortenstahl<br \/>\n4. der Aschetrichter: 2 mm Cortenstahl<br \/>\n5.Down K\u00f6rper :Corten Stahl Dicke :2 mm Gr\u00f6\u00dfe:700*500*500 mm<\/div>\n<\/div>\n<\/div>\n<\/div>","protected":false},"featured_media":1348,"comment_status":"open","ping_status":"closed","template":"","meta":{"_eb_attr":"","_monsterinsights_skip_tracking":false,"_monsterinsights_sitenote_active":false,"_monsterinsights_sitenote_note":"","_monsterinsights_sitenote_category":0,"_uf_show_specific_survey":0,"_uf_disable_surveys":false},"product_brand":[],"product_cat":[63],"product_tag":[],"class_list":{"0":"post-1347","1":"product","2":"type-product","3":"status-publish","4":"has-post-thumbnail","6":"product_cat-steel-bbq-grill","8":"first","9":"instock","10":"shipping-taxable","11":"product-type-simple"},"_links":{"self":[{"href":"https:\/\/keweicorten.com\/de\/wp-json\/wp\/v2\/product\/1347"}],"collection":[{"href":"https:\/\/keweicorten.com\/de\/wp-json\/wp\/v2\/product"}],"about":[{"href":"https:\/\/keweicorten.com\/de\/wp-json\/wp\/v2\/types\/product"}],"replies":[{"embeddable":true,"href":"https:\/\/keweicorten.com\/de\/wp-json\/wp\/v2\/comments?post=1347"}],"version-history":[{"count":1,"href":"https:\/\/keweicorten.com\/de\/wp-json\/wp\/v2\/product\/1347\/revisions"}],"predecessor-version":[{"id":1352,"href":"https:\/\/keweicorten.com\/de\/wp-json\/wp\/v2\/product\/1347\/revisions\/1352"}],"wp:featuredmedia":[{"embeddable":true,"href":"https:\/\/keweicorten.com\/de\/wp-json\/wp\/v2\/media\/1348"}],"wp:attachment":[{"href":"https:\/\/keweicorten.com\/de\/wp-json\/wp\/v2\/media?parent=1347"}],"wp:term":[{"taxonomy":"product_brand","embeddable":true,"href":"https:\/\/keweicorten.com\/de\/wp-json\/wp\/v2\/product_brand?post=1347"},{"taxonomy":"product_cat","embeddable":true,"href":"https:\/\/keweicorten.com\/de\/wp-json\/wp\/v2\/product_cat?post=1347"},{"taxonomy":"product_tag","embeddable":true,"href":"https:\/\/keweicorten.com\/de\/wp-json\/wp\/v2\/product_tag?post=1347"}],"curies":[{"name":"wp","href":"https:\/\/api.w.org\/{rel}","templated":true}]}}