{"id":1359,"date":"2024-09-24T07:49:55","date_gmt":"2024-09-24T07:49:55","guid":{"rendered":"https:\/\/keweicorten.com\/?post_type=product&#038;p=1359"},"modified":"2024-09-24T07:49:55","modified_gmt":"2024-09-24T07:49:55","slug":"a588-corten-wetterfestes-stahlblech","status":"publish","type":"product","link":"https:\/\/keweicorten.com\/de\/a588-corten-wetterfestes-stahlblech\/","title":{"rendered":"A588 CORTEN Wetterfestes Stahlblech"},"content":{"rendered":"<h2>Eigenschaften von A588 CORTEN Weathering Steel Plate <span style=\"font-size: 16px;\">:<\/span><\/h2>\n<ol>\n<li><strong>Verbesserte Korrosionsbest\u00e4ndigkeit<\/strong>: Wie A242 bildet auch A588 bei Witterungseinfl\u00fcssen eine sch\u00fctzende Oxidschicht, die die weitere Korrosion minimiert.<\/li>\n<li><strong>Hohe Festigkeit<\/strong>: Bietet eine hervorragende strukturelle Festigkeit und kann rauen Umweltbedingungen standhalten.<\/li>\n<li><strong>Schwei\u00dfeignung<\/strong>: A588-Stahl kann leicht geschwei\u00dft werden und eignet sich daher f\u00fcr verschiedene Bauprojekte.<\/li>\n<li><strong>Dauerhaftigkeit<\/strong>: Widersteht extremen Temperaturen und ist daher ideal f\u00fcr den Einsatz im Freien und f\u00fcr dauerhafte Installationen.<\/li>\n<\/ol>\n<h3>Zusammensetzung:<\/h3>\n<p>A588-Stahl enth\u00e4lt in der Regel geringe Mengen an Kupfer, Chrom, Nickel und Phosphor, die zu seinen Verwitterungseigenschaften beitragen.<\/p>\n<p>A588 Corten-Stahlplatten bieten eine Reihe von Vorteilen, die es erm\u00f6glichen, sie f\u00fcr industrielle Anwendungen auf der ganzen Welt zu verwenden. A588 wetterfeste Stahlplatte Vorteile umfassen:<\/p>\n<ul>\n<li>Geringe Wartung<\/li>\n<li>Kosteneinsparungen<\/li>\n<li>Geschwindigkeit der Konstruktion<\/li>\n<li>Sicher<\/li>\n<li>Umweltfreundlich<\/li>\n<li>\u00c4sthetisch ansprechend<\/li>\n<\/ul>\n<p>Die Spezifikation A588 CORTEN Weathering Steel Plate ist in erster Linie f\u00fcr den Einsatz in unlackierten Anwendungen vorgesehen, bei denen Gewichtseinsparungen oder eine l\u00e4ngere Lebensdauer aufgrund seiner korrosionsbest\u00e4ndigen Eigenschaften und\/oder ein \u00e4sthetisch ansprechendes Erscheinungsbild von Bedeutung sind.<\/p>\n<figure style=\"width: 650px\" class=\"wp-caption alignnone\"><a href=\"https:\/\/keweicorten.com\/de\/produkte\/\"><img fetchpriority=\"high\" decoding=\"async\" title=\"A588 CORTEN Wetterfestes Stahlblech \" src=\"https:\/\/www.csteelindia.com\/images\/astm-a242-corten-plates.jpg\" alt=\"Cortenstahl Cortenstahlplatte Wetterfester Stahl - vrogue.co\" width=\"650\" height=\"366\" \/><\/a><figcaption class=\"wp-caption-text\">A588 CORTEN Wetterfestes Stahlblech<\/figcaption><\/figure>\n<figure style=\"width: 650px\" class=\"wp-caption alignnone\"><a href=\"https:\/\/keweicorten.com\/de\/kontaktieren-sie-uns\/\"><img decoding=\"async\" title=\"Cortenbleche\" src=\"https:\/\/www.cortensteels.com\/uploads\/202130314\/weathering-corten-steel-plate-a58823590722739.jpg\" alt=\"China Verwitterung Corten Stahlplatte A588 Hersteller, Lieferanten ...\" width=\"650\" height=\"650\" \/><\/a><figcaption class=\"wp-caption-text\">Cortenbleche<\/figcaption><\/figure>\n<figure style=\"width: 650px\" class=\"wp-caption alignnone\"><a href=\"https:\/\/keweicorten.com\/de\/produkte\/\"><img decoding=\"async\" title=\"Cortenstahlblech\" src=\"https:\/\/th.bing.com\/th\/id\/R.40d0e63328c61babd24d04e063856bdb?rik=NpoNYTQbDSmrgQ&amp;riu=http%3a%2f%2fwww.gescosteel.com%2fphoto%2fpt32409668-a387_gr_5_steel_plate_a387_pressure_vessel_plates_a387_hot_rolled_steel_sheet_10_mm_thickness_a387_11_alloy_steel_plate.jpg&amp;ehk=B1K4358OD3RHH2%2fZ8nb4DSuUIux5ccqh8DKyh0EV76Y%3d&amp;risl=&amp;pid=ImgRaw&amp;r=0\" alt=\"A387 Gr.5 Stahlblech A387 Druckbeh\u00e4lterbleche A387 Warmgewalzter Stahl ...\" width=\"650\" height=\"463\" \/><\/a><figcaption class=\"wp-caption-text\">Cortenstahlblech<\/figcaption><\/figure>","protected":false},"excerpt":{"rendered":"<p>A588 Corten wetterfestes Stahlblech ist eine weitere Art von hochfestem, niedrig legiertem Baustahl mit verbesserter atmosph\u00e4rischer Korrosionsbest\u00e4ndigkeit. Es wird oft als \"wetterfester Stahl\" bezeichnet und wird aufgrund seiner F\u00e4higkeit, eine sch\u00fctzende Rostschicht zu bilden, \u00e4hnlich wie ASTM A242, h\u00e4ufig in Au\u00dfenanwendungen eingesetzt.<\/p>","protected":false},"featured_media":1360,"comment_status":"open","ping_status":"closed","template":"","meta":{"_eb_attr":"","_monsterinsights_skip_tracking":false,"_monsterinsights_sitenote_active":false,"_monsterinsights_sitenote_note":"","_monsterinsights_sitenote_category":0,"_uf_show_specific_survey":0,"_uf_disable_surveys":false},"product_brand":[],"product_cat":[21],"product_tag":[],"class_list":{"0":"post-1359","1":"product","2":"type-product","3":"status-publish","4":"has-post-thumbnail","6":"product_cat-weather-resistant-steel-plate","8":"first","9":"instock","10":"shipping-taxable","11":"product-type-simple"},"_links":{"self":[{"href":"https:\/\/keweicorten.com\/de\/wp-json\/wp\/v2\/product\/1359"}],"collection":[{"href":"https:\/\/keweicorten.com\/de\/wp-json\/wp\/v2\/product"}],"about":[{"href":"https:\/\/keweicorten.com\/de\/wp-json\/wp\/v2\/types\/product"}],"replies":[{"embeddable":true,"href":"https:\/\/keweicorten.com\/de\/wp-json\/wp\/v2\/comments?post=1359"}],"version-history":[{"count":1,"href":"https:\/\/keweicorten.com\/de\/wp-json\/wp\/v2\/product\/1359\/revisions"}],"predecessor-version":[{"id":1361,"href":"https:\/\/keweicorten.com\/de\/wp-json\/wp\/v2\/product\/1359\/revisions\/1361"}],"wp:featuredmedia":[{"embeddable":true,"href":"https:\/\/keweicorten.com\/de\/wp-json\/wp\/v2\/media\/1360"}],"wp:attachment":[{"href":"https:\/\/keweicorten.com\/de\/wp-json\/wp\/v2\/media?parent=1359"}],"wp:term":[{"taxonomy":"product_brand","embeddable":true,"href":"https:\/\/keweicorten.com\/de\/wp-json\/wp\/v2\/product_brand?post=1359"},{"taxonomy":"product_cat","embeddable":true,"href":"https:\/\/keweicorten.com\/de\/wp-json\/wp\/v2\/product_cat?post=1359"},{"taxonomy":"product_tag","embeddable":true,"href":"https:\/\/keweicorten.com\/de\/wp-json\/wp\/v2\/product_tag?post=1359"}],"curies":[{"name":"wp","href":"https:\/\/api.w.org\/{rel}","templated":true}]}}