{"id":1362,"date":"2024-09-24T08:13:51","date_gmt":"2024-09-24T08:13:51","guid":{"rendered":"https:\/\/keweicorten.com\/?post_type=product&#038;p=1362"},"modified":"2024-09-24T08:13:51","modified_gmt":"2024-09-24T08:13:51","slug":"corten-stahlblech-a871","status":"publish","type":"product","link":"https:\/\/keweicorten.com\/de\/corten-stahlblech-a871\/","title":{"rendered":"Cortenstahlblech A871"},"content":{"rendered":"<p>Corten-Stahlblech A871 ist ein weiterer hochfester, niedrig legierter Baustahl (HSLA), der speziell f\u00fcr eine hohe Best\u00e4ndigkeit gegen atmosph\u00e4rische Korrosion ausgelegt ist. Er geh\u00f6rt zur Familie der wetterfesten St\u00e4hle, wie ASTM A588 und A242, wurde aber speziell f\u00fcr Anwendungen entwickelt, die eine hohe Festigkeit und langfristige Haltbarkeit in Umgebungen erfordern, in denen atmosph\u00e4rische Korrosion ein Problem darstellt.<\/p>\n<table class=\"table\" style=\"height: 292px;\" width=\"745\" cellspacing=\"0\" cellpadding=\"0\">\n<tbody>\n<tr class=\"firstRow\">\n<td>Produktname<\/td>\n<td>Cortenstahlblech A871<\/td>\n<\/tr>\n<tr>\n<td>Material<\/td>\n<td>Q195,Q235,Q345,45#,SPHC,510L,SS400<\/td>\n<\/tr>\n<tr>\n<td>Farbe<\/td>\n<td>RAL oder nach Anforderung<\/td>\n<\/tr>\n<tr>\n<td>Standard<\/td>\n<td>DIN GB ISO JIS BA ANSI ASTM<\/td>\n<\/tr>\n<tr>\n<td>Spulen-ID<\/td>\n<td>508\/610<\/td>\n<\/tr>\n<tr>\n<td>Oberfl\u00e4chenbehandlung<\/td>\n<td>Chromatiert; ge\u00f6lt oder unge\u00f6lt; Hautpass, AFP<\/td>\n<\/tr>\n<tr>\n<td>Zahlung<\/td>\n<td>L\/C T\/T<\/td>\n<\/tr>\n<tr>\n<td>Klasse<\/td>\n<td>SGCC\/DX51D\/DX52D<\/td>\n<\/tr>\n<\/tbody>\n<\/table>\n<p>&nbsp;<\/p>\n<p>ASTM A871 ist eine Spezifikation f\u00fcr hochfeste, niedrig legierte Baustahlbleche mit verbesserter Korrosionsbest\u00e4ndigkeit. Dieser Stahl ist Teil der Corten-Familie und eignet sich besonders f\u00fcr Anwendungen, die eine langfristige Best\u00e4ndigkeit gegen atmosph\u00e4rische Korrosion und eine \u00fcberragende Festigkeit bei Bauprojekten erfordern. Durch die Bildung einer stabilen rost\u00e4hnlichen Schicht wird der Wartungsbedarf reduziert.<\/p>\n<p>die den Stahl vor weiterer Korrosion sch\u00fctzt.<\/p>\n<p><img fetchpriority=\"high\" decoding=\"async\" class=\"\" src=\"https:\/\/www.ridhisiddhi.net\/wp-content\/uploads\/2023\/06\/a588-steel-sheet.jpg\" alt=\"ASTM A588 Stahlplatte, Corten A588 Blech Lieferant in Indien\" width=\"488\" height=\"469\" \/><img decoding=\"async\" class=\"\" src=\"https:\/\/www.gneesteels.com\/uploads\/201914713\/corten-steel-grade-a588-plate-corten-steel16467639692.jpg\" alt=\"Corten Stahl Grade A588 Platte Lieferanten und Hersteller - China ...\" width=\"473\" height=\"473\" \/><\/p>\n<p>ASTM A871 ist in zwei Qualit\u00e4ten erh\u00e4ltlich:<\/p>\n<ul>\n<li><strong>Klasse 60<\/strong> und <strong>Klasse 65<\/strong>wobei die Zahlen die Mindeststreckgrenze des Stahls in ksi (tausend Pfund pro Quadratzoll) angeben.<\/li>\n<\/ul>","protected":false},"excerpt":{"rendered":"<p>ASTM A871-65 ist ein hochfestes, niedrig legiertes Konstruktionsstahlblech mit verbesserter atmosph\u00e4rischer Korrosionsbest\u00e4ndigkeit.<\/p>","protected":false},"featured_media":1363,"comment_status":"open","ping_status":"closed","template":"","meta":{"_eb_attr":"","_monsterinsights_skip_tracking":false,"_monsterinsights_sitenote_active":false,"_monsterinsights_sitenote_note":"","_monsterinsights_sitenote_category":0,"_uf_show_specific_survey":0,"_uf_disable_surveys":false},"product_brand":[],"product_cat":[21],"product_tag":[],"class_list":{"0":"post-1362","1":"product","2":"type-product","3":"status-publish","4":"has-post-thumbnail","6":"product_cat-weather-resistant-steel-plate","8":"first","9":"instock","10":"shipping-taxable","11":"product-type-simple"},"_links":{"self":[{"href":"https:\/\/keweicorten.com\/de\/wp-json\/wp\/v2\/product\/1362"}],"collection":[{"href":"https:\/\/keweicorten.com\/de\/wp-json\/wp\/v2\/product"}],"about":[{"href":"https:\/\/keweicorten.com\/de\/wp-json\/wp\/v2\/types\/product"}],"replies":[{"embeddable":true,"href":"https:\/\/keweicorten.com\/de\/wp-json\/wp\/v2\/comments?post=1362"}],"version-history":[{"count":1,"href":"https:\/\/keweicorten.com\/de\/wp-json\/wp\/v2\/product\/1362\/revisions"}],"predecessor-version":[{"id":1364,"href":"https:\/\/keweicorten.com\/de\/wp-json\/wp\/v2\/product\/1362\/revisions\/1364"}],"wp:featuredmedia":[{"embeddable":true,"href":"https:\/\/keweicorten.com\/de\/wp-json\/wp\/v2\/media\/1363"}],"wp:attachment":[{"href":"https:\/\/keweicorten.com\/de\/wp-json\/wp\/v2\/media?parent=1362"}],"wp:term":[{"taxonomy":"product_brand","embeddable":true,"href":"https:\/\/keweicorten.com\/de\/wp-json\/wp\/v2\/product_brand?post=1362"},{"taxonomy":"product_cat","embeddable":true,"href":"https:\/\/keweicorten.com\/de\/wp-json\/wp\/v2\/product_cat?post=1362"},{"taxonomy":"product_tag","embeddable":true,"href":"https:\/\/keweicorten.com\/de\/wp-json\/wp\/v2\/product_tag?post=1362"}],"curies":[{"name":"wp","href":"https:\/\/api.w.org\/{rel}","templated":true}]}}