{"id":1396,"date":"2024-09-25T08:14:45","date_gmt":"2024-09-25T08:14:45","guid":{"rendered":"https:\/\/keweicorten.com\/?post_type=product&#038;p=1396"},"modified":"2024-09-25T08:51:21","modified_gmt":"2024-09-25T08:51:21","slug":"hoher-q450nqr1-stahl","status":"publish","type":"product","link":"https:\/\/keweicorten.com\/de\/hoher-q450nqr1-stahl\/","title":{"rendered":"hoher q450nqr1-Stahl"},"content":{"rendered":"<p>Hochwertiger q450nqr1-Stahl ist eine Art wetterfester Stahl, der f\u00fcr den Einsatz in Au\u00dfenstrukturen konzipiert ist. Er bietet eine gute Korrosionsbest\u00e4ndigkeit, da er eine sch\u00fctzende Rostschicht bildet, wenn er der Witterung ausgesetzt wird, was zu einer l\u00e4ngeren Lebensdauer beitr\u00e4gt. Dieser Stahl wird h\u00e4ufig in Anwendungen wie Br\u00fccken, Geb\u00e4uden und Au\u00dfenskulpturen verwendet.<\/p>\n<p style=\"font-weight: 400;\">Technische Eigenschaften f\u00fcr TB\/T 1979 Q450NQR1 STAHLPLATTE<\/p>\n<table style=\"font-weight: 400;\">\n<tbody>\n<tr>\n<td colspan=\"4\">Mechanische Eigenschaften f\u00fcr Q450NQR1 Stahlplatte<\/td>\n<\/tr>\n<tr>\n<td>Dicke (mm)<\/td>\n<td>Streckgrenze (\u2265Mpa)<\/td>\n<td>Zugfestigkeit (Mpa)<\/td>\n<td>Dehnung % \u2265<\/td>\n<\/tr>\n<tr>\n<td>T\u22646<\/td>\n<td rowspan=\"3\">450<\/td>\n<td rowspan=\"3\">550<\/td>\n<td>22<\/td>\n<\/tr>\n<tr>\n<td>6&lt;T\u226414<\/td>\n<td>20<\/td>\n<\/tr>\n<tr>\n<td>14&lt;T\u226420<\/td>\n<td>19<\/td>\n<\/tr>\n<\/tbody>\n<\/table>\n<p>anwenden.<br \/>\n1) W\u00e4rmekraftwerk<br \/>\n2) Kohlelager.<br \/>\n3) Zementfabrik<br \/>\n4) Verladetechnik<br \/>\n5) Bergbaumaschinen<br \/>\n6) Baumaschinen<br \/>\n7) Metallurgische Maschinen<\/p>\n<table>\n<tbody>\n<tr>\n<td><b>Stahlsorte:<\/b><\/td>\n<td>09CuPCrNi-A, Q450NQR1, SPA-H B480GNQR, Q345NQR2, Q355GNHD, Q355NH , 09CuP,S355J2WP<br \/>\nMonel 600\/625\/718\/725<\/td>\n<\/tr>\n<tr>\n<td><b>Standard:<\/b><\/td>\n<td>GB,ASME,ASTM,JIS,BS<\/td>\n<\/tr>\n<tr>\n<td><b>Die Dicke:<\/b><\/td>\n<td>1,0-300 mm<\/td>\n<\/tr>\n<tr>\n<td><b>Breite:<\/b><\/td>\n<td>100-4500mm, oder entsprechend der speziellen Anfrage des Kunden<\/td>\n<\/tr>\n<tr>\n<td><b>L\u00e4nge:<\/b><\/td>\n<td>1-20 Meter, oder entsprechend der speziellen Anfrage des Kunden<\/td>\n<\/tr>\n<tr>\n<td><b>Paket:<\/b><\/td>\n<td>Standardpaket exportieren<\/td>\n<\/tr>\n<tr>\n<td><b>Anwendung:<\/b><\/td>\n<td>1. in der Maschinen- und Druckbeh\u00e4lterindustrie.<br \/>\n2) Schiffbau, Maschinenbau.<br \/>\n3. autos, Br\u00fccken, Geb\u00e4ude.<br \/>\n4. mechanische Fertigung, Gehwegplatten, etc.<\/td>\n<\/tr>\n<tr>\n<td><b>M\u00fchle MTC:<\/b><\/td>\n<td>Wird vor dem Versand geliefert<\/td>\n<\/tr>\n<tr>\n<td><b>Inspektion:<\/b><\/td>\n<td>Die Inspektion durch eine dritte Partei kann akzeptiert werden, SGS, BV, TUV<\/td>\n<\/tr>\n<tr>\n<td><b>Mount Port:<\/b><\/td>\n<td>Jeder Hafen in China<\/td>\n<\/tr>\n<tr>\n<td><b>Fachbegriff:<\/b><\/td>\n<td>FOB, CIF, CFR, EXW, etc.<\/td>\n<\/tr>\n<tr>\n<td><b>Preis Laufzeit:<\/b><\/td>\n<td>TT oder LC auf Sicht<\/td>\n<\/tr>\n<tr>\n<td><b>Unsere Dienstleistungen:<\/b><\/td>\n<td>Wir k\u00f6nnen Stahlplatten nach Kundenwunsch oder Zeichnung schneiden und biegen, Verpackung nach Kundenwunsch<\/td>\n<\/tr>\n<\/tbody>\n<\/table>\n<p><img fetchpriority=\"high\" decoding=\"async\" class=\"\" src=\"https:\/\/th.bing.com\/th\/id\/OIP.cuuVN_PKBjrQa4SYwoQCpwHaHa?rs=1&amp;pid=ImgDetMain\" alt=\"Q450NQR1 Wetterfestes Stahlblech Produkt Hersteller - Shandong Kuaima Steel Co., Ltd.\" width=\"522\" height=\"522\" \/><\/p>\n<p><img decoding=\"async\" src=\"https:\/\/www.researchgate.net\/publication\/378755215\/figure\/tbl1\/AS:11431281227659895@1709733620825\/Chemical-composition-of-Q450NQR1-high-strength-weathering-steel-and-HTW-55.png\" alt=\"Chemische Zusammensetzung des hochfesten wetterfesten Stahls Q450NQR1 und HTW-55.\" \/><\/p>\n<div class=\"nova-legacy-o-stack nova-legacy-o-stack--gutter-s nova-legacy-o-stack--spacing-none nova-legacy-o-stack--no-gutter-outside figure-details-image\">\n<div class=\"nova-legacy-o-stack__item\">\n<p class=\"nova-legacy-e-text nova-legacy-e-text--size-m nova-legacy-e-text--family-display nova-legacy-e-text--spacing-none nova-legacy-e-text--color-inherit\">Chemische Zusammensetzung des hochfesten wetterfesten Stahls Q450NQR1 und HTW-55.<\/p>\n<p><img decoding=\"async\" class=\"\" src=\"https:\/\/sc02.alicdn.com\/kf\/Hb877ac80a07643c090166781b8ac95cbB\/228156491\/Hb877ac80a07643c090166781b8ac95cbB.jpg\" width=\"522\" height=\"522\" \/><\/p>\n<\/div>\n<\/div>","protected":false},"excerpt":{"rendered":"<p>Das verschlei\u00dffeste Stahlblech besteht aus zwei Teilen: dem kohlenstoffarmen Stahlblech und der legierten verschlei\u00dffesten Schicht. Die legierte verschlei\u00dffeste Schicht macht in der Regel 1 \/ 3~1 \/ 2 der Gesamtdicke aus. Bei der Bearbeitung bietet die Matrix die umfassende Leistung wie Festigkeit, Z\u00e4higkeit und Plastizit\u00e4t, und die legierte verschlei\u00dffeste Schicht bietet die Verschlei\u00dffestigkeit, um die Anforderungen der angegebenen Arbeitsbedingungen zu erf\u00fcllen.<\/p>","protected":false},"featured_media":1397,"comment_status":"open","ping_status":"closed","template":"","meta":{"_eb_attr":"","_monsterinsights_skip_tracking":false,"_monsterinsights_sitenote_active":false,"_monsterinsights_sitenote_note":"","_monsterinsights_sitenote_category":0,"_uf_show_specific_survey":0,"_uf_disable_surveys":false},"product_brand":[],"product_cat":[21],"product_tag":[],"class_list":{"0":"post-1396","1":"product","2":"type-product","3":"status-publish","4":"has-post-thumbnail","6":"product_cat-weather-resistant-steel-plate","8":"first","9":"instock","10":"shipping-taxable","11":"product-type-simple"},"_links":{"self":[{"href":"https:\/\/keweicorten.com\/de\/wp-json\/wp\/v2\/product\/1396"}],"collection":[{"href":"https:\/\/keweicorten.com\/de\/wp-json\/wp\/v2\/product"}],"about":[{"href":"https:\/\/keweicorten.com\/de\/wp-json\/wp\/v2\/types\/product"}],"replies":[{"embeddable":true,"href":"https:\/\/keweicorten.com\/de\/wp-json\/wp\/v2\/comments?post=1396"}],"version-history":[{"count":1,"href":"https:\/\/keweicorten.com\/de\/wp-json\/wp\/v2\/product\/1396\/revisions"}],"predecessor-version":[{"id":1398,"href":"https:\/\/keweicorten.com\/de\/wp-json\/wp\/v2\/product\/1396\/revisions\/1398"}],"wp:featuredmedia":[{"embeddable":true,"href":"https:\/\/keweicorten.com\/de\/wp-json\/wp\/v2\/media\/1397"}],"wp:attachment":[{"href":"https:\/\/keweicorten.com\/de\/wp-json\/wp\/v2\/media?parent=1396"}],"wp:term":[{"taxonomy":"product_brand","embeddable":true,"href":"https:\/\/keweicorten.com\/de\/wp-json\/wp\/v2\/product_brand?post=1396"},{"taxonomy":"product_cat","embeddable":true,"href":"https:\/\/keweicorten.com\/de\/wp-json\/wp\/v2\/product_cat?post=1396"},{"taxonomy":"product_tag","embeddable":true,"href":"https:\/\/keweicorten.com\/de\/wp-json\/wp\/v2\/product_tag?post=1396"}],"curies":[{"name":"wp","href":"https:\/\/api.w.org\/{rel}","templated":true}]}}