{"id":1444,"date":"2024-09-26T02:26:55","date_gmt":"2024-09-26T02:26:55","guid":{"rendered":"https:\/\/keweicorten.com\/?post_type=product&#038;p=1444"},"modified":"2024-09-26T02:26:55","modified_gmt":"2024-09-26T02:26:55","slug":"mullsortierung-im-freien-mulleimer","status":"publish","type":"product","link":"https:\/\/keweicorten.com\/de\/mullsortierung-im-freien-mulleimer\/","title":{"rendered":"Drau\u00dfen M\u00fcllsortierung M\u00fclltonnen"},"content":{"rendered":"<p>Der M\u00fcllsortierbeh\u00e4lter f\u00fcr den Au\u00dfenbereich ist eine M\u00fcllentsorgungsanlage, die speziell f\u00fcr den Au\u00dfenbereich entwickelt wurde, um die M\u00fcllsortierung und das Recycling zu f\u00f6rdern, die Umweltverschmutzung zu reduzieren und die st\u00e4dtische Umwelt zu verbessern. Im Folgenden finden Sie einige Anwendungen und Vorteile von M\u00fcllsortierern f\u00fcr den Au\u00dfenbereich:<\/p>\n<h2>\u00a0Anwendungsbereich:<\/h2>\n<ul>\n<li>Parks und Sehensw\u00fcrdigkeiten: An \u00f6ffentlichen Orten wie Parks und Sehensw\u00fcrdigkeiten werden M\u00fcllsortierbeh\u00e4lter aufgestellt, um Touristen die M\u00fcllentsorgung zu erleichtern und das Bewusstsein f\u00fcr die M\u00fclltrennung zu sch\u00e4rfen.<\/li>\n<li>St\u00e4dtische Stra\u00dfen: In dicht besiedelten Gebieten wie den Hauptstra\u00dfen und Gesch\u00e4ftsvierteln der Stadt, um den B\u00fcrgern die M\u00fclltrennung zu erleichtern und die Stadt sauber zu halten.<\/li>\n<li>Campus: Aufstellung von M\u00fclleimern in der Schule, um die Sch\u00fcler dazu zu erziehen, von Kindheit an M\u00fclltrennung zu praktizieren.<\/li>\n<li>Gemeinde: Einrichtung in Wohngebieten, um die Bewohner zur Teilnahme an der M\u00fclltrennung zu ermutigen und die Umweltgesundheit der Gemeinde zu verbessern.<\/li>\n<li>Bahnh\u00f6fe des \u00f6ffentlichen Verkehrs: Einrichtung in Busbahnh\u00f6fen, U-Bahn-Stationen und anderen Verkehrsknotenpunkten, um den Fahrg\u00e4sten die M\u00fclltrennung und -entsorgung zu erleichtern.<\/li>\n<\/ul>\n<h2>Vorteile der M\u00fcllsortierung im Freien M\u00fclltonnen<\/h2>\n<ul>\n<li>Umweltschutz und nachhaltige Entwicklung : F\u00f6rderung des Recyclings und der Wiederverwendung von wiederverwertbaren Gegenst\u00e4nden durch deren Klassifizierung, um die Umweltbelastung zu verringern.<\/li>\n<li>\u00a0Sensibilisierung der \u00d6ffentlichkeit: Aufkl\u00e4rung der \u00d6ffentlichkeit \u00fcber die Bedeutung der M\u00fclltrennung und Sensibilisierung der \u00d6ffentlichkeit f\u00fcr den Umweltschutz.<\/li>\n<li>Versch\u00f6nern Sie die Umwelt: Klassifizierte M\u00fclltonnen haben in der Regel ein sch\u00f6nes Design, das das Erscheinungsbild der Stadt verbessern und die Auswirkungen des M\u00fclls auf die Umwelt verringern kann.<\/li>\n<li>Senkung der Verwaltungskosten: Eine wirksame M\u00fclltrennung kann die Kosten der M\u00fcllentsorgung senken und die Effizienz der M\u00fclltrennung und -entsorgung verbessern.<\/li>\n<li>Abwechslungsreiches Design: Moderne M\u00fcllsortierbeh\u00e4lter haben oft eine Vielzahl von Farben und Logos, um der \u00d6ffentlichkeit die Identifizierung verschiedener M\u00fcllkategorien zu erleichtern.<\/li>\n<\/ul>\n<table class=\"table\" border=\"1\" cellspacing=\"1\" cellpadding=\"1\">\n<tbody>\n<tr>\n<td colspan=\"1\" rowspan=\"1\">\n<div class=\"magic-5\"><strong>Produktname<\/strong><\/div>\n<\/td>\n<td colspan=\"1\" rowspan=\"1\">\n<div class=\"magic-7\">Outdoor \u00d6ffentliche Kommerzielle Corten Stahl M\u00fcll Gro\u00dfes Metall Sortieren M\u00fcll Recyceln Abfall M\u00fclltonne<\/div>\n<\/td>\n<\/tr>\n<tr>\n<td colspan=\"1\" rowspan=\"1\">\n<div class=\"magic-5\"><strong>Material<\/strong><\/div>\n<\/td>\n<td colspan=\"1\" rowspan=\"1\">\n<div class=\"magic-7\">Cortenstahl<\/div>\n<\/td>\n<\/tr>\n<tr>\n<td colspan=\"1\" rowspan=\"1\">\n<div class=\"magic-5\"><strong>Gr\u00f6\u00dfe<\/strong><\/div>\n<\/td>\n<td colspan=\"1\" rowspan=\"1\">\n<div class=\"magic-7\">Ma\u00dfgeschneiderte Unterst\u00fctzung<\/div>\n<\/td>\n<\/tr>\n<tr>\n<td colspan=\"1\" rowspan=\"1\">\n<div class=\"magic-5\"><strong>Dicke<\/strong><\/div>\n<\/td>\n<td colspan=\"1\" rowspan=\"1\">\n<div class=\"magic-7\">2-10mm<\/div>\n<\/td>\n<\/tr>\n<tr>\n<td colspan=\"1\" rowspan=\"1\">\n<div class=\"magic-5\"><strong>Fertigstellung<\/strong><\/div>\n<\/td>\n<td colspan=\"1\" rowspan=\"1\">\n<div class=\"magic-7\">Korrosionsbehandlung, Aush\u00e4rtungsbehandlung<\/div>\n<\/td>\n<\/tr>\n<tr>\n<td colspan=\"1\" rowspan=\"1\">\n<div class=\"magic-5\"><strong>Eigenschaften<\/strong><\/div>\n<\/td>\n<td colspan=\"1\" rowspan=\"1\">\n<div class=\"magic-7\">Anti-Rost, wasserdicht<\/div>\n<\/td>\n<\/tr>\n<tr>\n<td colspan=\"1\" rowspan=\"1\">\n<div class=\"magic-5\"><strong>Verwendung<\/strong><\/div>\n<\/td>\n<td colspan=\"1\" rowspan=\"1\">\n<div class=\"magic-7\">Stra\u00dfe\/Park\/Garten\/Freiland\/Gewerbegebiet\/\u00f6ffentlicher Bereich<\/div>\n<\/td>\n<\/tr>\n<tr>\n<td colspan=\"1\" rowspan=\"1\">\n<div class=\"magic-5\"><strong>Zahlungsfrist<\/strong><\/div>\n<\/td>\n<td colspan=\"1\" rowspan=\"1\">\n<div class=\"magic-7\">T\/T, L\/C, Western Union, Money gram<\/div>\n<\/td>\n<\/tr>\n<\/tbody>\n<\/table>\n<figure style=\"width: 579px\" class=\"wp-caption alignnone\"><a href=\"https:\/\/keweicorten.com\/de\"><img fetchpriority=\"high\" decoding=\"async\" title=\"Drau\u00dfen M\u00fcllsortierung M\u00fclltonnen\" src=\"https:\/\/www.keweistove.com\/uploads\/39684\/products\/20240412101431acc66.png?size=523x0\" alt=\"Outdoors Garbage Sorting Trash Cans-Factory, China, Preis, Hersteller, Lieferanten, angepasst, Gro\u00dfhandel, billig, zum Verkauf, auf Lager.\" width=\"579\" height=\"581\" \/><\/a><figcaption class=\"wp-caption-text\">Drau\u00dfen M\u00fcllsortierung M\u00fclltonnen<\/figcaption><\/figure>","protected":false},"excerpt":{"rendered":"<p>M\u00fcllsammelbeh\u00e4lter f\u00fcr den Au\u00dfenbereich spielen eine wichtige Rolle bei der Stadtverwaltung, dem Umweltschutz und der \u00f6ffentlichen Bildung. Durch eine vern\u00fcnftige Aufstellung und Nutzung verbessern sie nicht nur die Effizienz der M\u00fclltrennung, sondern werden auch zu einem wichtigen Symbol der st\u00e4dtischen Zivilisation und des Umweltschutzes.<\/p>","protected":false},"featured_media":1445,"comment_status":"open","ping_status":"closed","template":"","meta":{"_eb_attr":"","_monsterinsights_skip_tracking":false,"_monsterinsights_sitenote_active":false,"_monsterinsights_sitenote_note":"","_monsterinsights_sitenote_category":0,"_uf_show_specific_survey":0,"_uf_disable_surveys":false},"product_brand":[],"product_cat":[23],"product_tag":[],"class_list":{"0":"post-1444","1":"product","2":"type-product","3":"status-publish","4":"has-post-thumbnail","6":"product_cat-patio-furniture","8":"first","9":"instock","10":"shipping-taxable","11":"product-type-simple"},"_links":{"self":[{"href":"https:\/\/keweicorten.com\/de\/wp-json\/wp\/v2\/product\/1444"}],"collection":[{"href":"https:\/\/keweicorten.com\/de\/wp-json\/wp\/v2\/product"}],"about":[{"href":"https:\/\/keweicorten.com\/de\/wp-json\/wp\/v2\/types\/product"}],"replies":[{"embeddable":true,"href":"https:\/\/keweicorten.com\/de\/wp-json\/wp\/v2\/comments?post=1444"}],"version-history":[{"count":1,"href":"https:\/\/keweicorten.com\/de\/wp-json\/wp\/v2\/product\/1444\/revisions"}],"predecessor-version":[{"id":1449,"href":"https:\/\/keweicorten.com\/de\/wp-json\/wp\/v2\/product\/1444\/revisions\/1449"}],"wp:featuredmedia":[{"embeddable":true,"href":"https:\/\/keweicorten.com\/de\/wp-json\/wp\/v2\/media\/1445"}],"wp:attachment":[{"href":"https:\/\/keweicorten.com\/de\/wp-json\/wp\/v2\/media?parent=1444"}],"wp:term":[{"taxonomy":"product_brand","embeddable":true,"href":"https:\/\/keweicorten.com\/de\/wp-json\/wp\/v2\/product_brand?post=1444"},{"taxonomy":"product_cat","embeddable":true,"href":"https:\/\/keweicorten.com\/de\/wp-json\/wp\/v2\/product_cat?post=1444"},{"taxonomy":"product_tag","embeddable":true,"href":"https:\/\/keweicorten.com\/de\/wp-json\/wp\/v2\/product_tag?post=1444"}],"curies":[{"name":"wp","href":"https:\/\/api.w.org\/{rel}","templated":true}]}}