{"id":1450,"date":"2024-09-26T02:48:17","date_gmt":"2024-09-26T02:48:17","guid":{"rendered":"https:\/\/keweicorten.com\/?post_type=product&#038;p=1450"},"modified":"2025-01-15T06:22:41","modified_gmt":"2025-01-15T06:22:41","slug":"abfallkorbe-aus-cortenstahl","status":"publish","type":"product","link":"https:\/\/keweicorten.com\/de\/abfallkorbe-aus-cortenstahl\/","title":{"rendered":"Abfallbeh\u00e4lter aus Cortenstahl"},"content":{"rendered":"<p>Langlebigkeit: Witterungsbest\u00e4ndiger Stahl hat eine ausgezeichnete Korrosionsbest\u00e4ndigkeit und Verschlei\u00dffestigkeit, die verschiedenen schlechten Wetterbedingungen standhalten und die Lebensdauer verl\u00e4ngern kann.<\/p>\n<p>\u00c4sthetik: Die einzigartige Rostfarbe und -struktur von verwittertem Stahl l\u00e4sst sich harmonisch in die nat\u00fcrliche Umgebung integrieren und verleiht ihr Sch\u00f6nheit.<\/p>\n<p>Einfache Wartung: Wetterfester Stahl ist leichter zu reinigen als andere Materialien, was die Wartungskosten senkt.<\/p>\n<p>Schutz der Umwelt: Verwitternder Stahl kann im Einklang mit den Anforderungen der nachhaltigen Entwicklung recycelt werden.<\/p>\n<p>Stabilit\u00e4t: Die schwere Beschaffenheit von wetterfestem Stahl sorgt daf\u00fcr, dass die M\u00fclltonne bei starkem Wind oder schlechtem Wetter nicht einfach verschoben werden kann.<\/p>\n<p>Feuerbest\u00e4ndigkeit: Wetterfester Stahl hat eine gute Feuerbest\u00e4ndigkeit und ist f\u00fcr eine Vielzahl von Umgebungen geeignet.<\/p>\n<p>Der Abfallbeh\u00e4lter aus Cortenstahl ist ein hochwertiges, langlebiges Produkt, das an \u00f6ffentlichen Pl\u00e4tzen und im privaten Bereich weit verbreitet ist. Es hat hervorragende Eigenschaften wie Rostschutz, Korrosionsschutz, Windschutz und Sonnenschutz, die effektiv die Erosion von verschiedenen externen Faktoren widerstehen k\u00f6nnen und das Aussehen und die Verwendung Wirkung f\u00fcr eine lange Zeit zu erhalten. Dar\u00fcber hinaus hat dieser M\u00fclleimer auch eine gro\u00dfe Kapazit\u00e4t, einfach zu bedienen, einfache Installation.<\/p>\n<table class=\"hight-light-first-column all magic-4\">\n<tbody>\n<tr>\n<td colspan=\"1\" rowspan=\"1\">\n<div class=\"magic-5\"><span class=\"magic-6\">Produktname<\/span><\/div>\n<\/td>\n<td colspan=\"1\" rowspan=\"1\">\n<div class=\"magic-7\" data-spm-anchor-id=\"a2700.details.0.i40.36d855992VT0SR\"><span class=\"magic-8\">Outdoor \u00d6ffentliche Kommerzielle Corten Stahl M\u00fcll Gro\u00dfes Metall Sortieren M\u00fcll Recyceln Abfall M\u00fclltonne<\/span><\/div>\n<\/td>\n<\/tr>\n<tr>\n<td colspan=\"1\" rowspan=\"1\">\n<div class=\"magic-5\"><span class=\"magic-6\">Material<\/span><\/div>\n<\/td>\n<td colspan=\"1\" rowspan=\"1\">\n<div class=\"magic-7\"><span class=\"magic-8\">Cortenstahl<\/span><\/div>\n<\/td>\n<\/tr>\n<tr>\n<td colspan=\"1\" rowspan=\"1\">\n<div class=\"magic-5\"><span class=\"magic-6\">Gr\u00f6\u00dfe<\/span><\/div>\n<\/td>\n<td colspan=\"1\" rowspan=\"1\">\n<div class=\"magic-7\"><span class=\"magic-8\">Ma\u00dfgeschneiderte Unterst\u00fctzung<\/span><\/div>\n<\/td>\n<\/tr>\n<tr>\n<td colspan=\"1\" rowspan=\"1\">\n<div class=\"magic-5\"><span class=\"magic-6\">Dicke<\/span><\/div>\n<\/td>\n<td colspan=\"1\" rowspan=\"1\">\n<div class=\"magic-7\"><span class=\"magic-8\">2-10mm<\/span><\/div>\n<\/td>\n<\/tr>\n<tr>\n<td colspan=\"1\" rowspan=\"1\">\n<div class=\"magic-5\"><span class=\"magic-6\">Fertigstellung<\/span><\/div>\n<\/td>\n<td colspan=\"1\" rowspan=\"1\">\n<div class=\"magic-7\" data-spm-anchor-id=\"a2700.details.0.i39.36d855992VT0SR\"><span class=\"magic-8\">Korrosionsbehandlung, Aush\u00e4rtungsbehandlung<\/span><\/div>\n<\/td>\n<\/tr>\n<tr>\n<td colspan=\"1\" rowspan=\"1\">\n<div class=\"magic-5\"><span class=\"magic-6\">Eigenschaften<\/span><\/div>\n<\/td>\n<td colspan=\"1\" rowspan=\"1\">\n<div class=\"magic-7\"><span class=\"magic-8\">Anti-Rost, wasserdicht<\/span><\/div>\n<\/td>\n<\/tr>\n<tr>\n<td colspan=\"1\" rowspan=\"1\">\n<div class=\"magic-5\"><span class=\"magic-6\">Zertifikat<\/span><\/div>\n<\/td>\n<td colspan=\"1\" rowspan=\"1\">\n<div class=\"magic-7\"><span class=\"magic-8\">SGS\/TUV Rheinland\/ISO9001\/ISO14001\/OHSAS18001<\/span><\/div>\n<\/td>\n<\/tr>\n<tr>\n<td colspan=\"1\" rowspan=\"1\">\n<div class=\"magic-5\"><span class=\"magic-6\">Verwendung<\/span><\/div>\n<\/td>\n<td colspan=\"1\" rowspan=\"1\">\n<div class=\"magic-7\"><span class=\"magic-8\">Stra\u00dfe\/Park\/Garten\/Freiland\/Gewerbegebiet\/\u00f6ffentlicher Bereich<\/span><\/div>\n<\/td>\n<\/tr>\n<tr>\n<td colspan=\"1\" rowspan=\"1\">\n<div class=\"magic-5\"><span class=\"magic-6\">Zahlungsfrist<\/span><\/div>\n<\/td>\n<td colspan=\"1\" rowspan=\"1\">\n<div class=\"magic-7\"><span class=\"magic-8\">T\/T, L\/C, Western Union, Money gram<\/span><\/div>\n<\/td>\n<\/tr>\n<\/tbody>\n<\/table>\n<div><\/div>\n<div>\u00d6ffentliche Einrichtungen: Sie werden an \u00f6ffentlichen Orten wie Parks, Pl\u00e4tzen und Fu\u00dfg\u00e4ngerzonen eingesetzt und erm\u00f6glichen eine bequeme M\u00fcllabfuhr.<br \/>\nGewerbliche Fl\u00e4chen: Au\u00dfenbereiche von Restaurants, Caf\u00e9s und anderen Orten, die sowohl praktisch sind als auch die Atmosph\u00e4re verbessern.<br \/>\nWohngebiet: Ein gemeinsamer Bereich oder Garten in einem Wohngebiet, der sowohl sch\u00f6n als auch bequem f\u00fcr die Bewohner zu nutzen ist.<\/div>\n<figure style=\"width: 700px\" class=\"wp-caption alignnone\"><a href=\"https:\/\/keweicorten.com\/de\"><img fetchpriority=\"high\" decoding=\"async\" title=\"Abfalleimer aus Cortenstahl\" src=\"https:\/\/sc04.alicdn.com\/kf\/H1e127c663dd74393b4f53f9ea41248ebz\/230822811\/H1e127c663dd74393b4f53f9ea41248ebz.jpg\" alt=\" Corten Stahl Metall Abfallbeh\u00e4lter-Hersteller, Lieferanten, ma\u00dfgeschneiderte, Gro\u00dfhandel, billig, zum Verkauf, auf Lager.shkw\" width=\"700\" height=\"700\" \/><\/a><figcaption class=\"wp-caption-text\">Abfalleimer aus Cortenstahl<\/figcaption><\/figure>\n<figure style=\"width: 698px\" class=\"wp-caption alignnone\"><a href=\"https:\/\/keweicorten.com\/de\/produkte\/\"><img decoding=\"async\" title=\" Cortenstahl Abf\u00e4lle\" src=\"https:\/\/sc04.alicdn.com\/kf\/Hea8fb4330e9346b19fb3e3f3067b143ee\/230822811\/Hea8fb4330e9346b19fb3e3f3067b143ee.jpg\" alt=\" Corten Steel Rubbish Hersteller, Lieferanten, angepasst, Gro\u00dfhandel, billig, zum Verkauf, auf Lager.-shkw\" width=\"698\" height=\"698\" \/><\/a><figcaption class=\"wp-caption-text\">Cortenstahl Abf\u00e4lle<\/figcaption><\/figure>\n<p>Der Corten-Abfallbeh\u00e4lter besticht durch sein markantes, rechteckiges Design. Mit einem 6mm COR-TEN Au\u00dfenrahmen f\u00fcr eine einzigartige \u00c4sthetik und einem Innenbeh\u00e4lter aus verzinktem Stahl, der bis zu 110 Liter Abfall fasst.<\/p>","protected":false},"excerpt":{"rendered":"<p>Der hochwertige Abfallbeh\u00e4lter mit integriertem Aschenbecher zeichnet sich durch seine hohe Funktionalit\u00e4t und einfache Handhabung aus. Die Entleerung des Aschenbechers ist schnell und einfach: Durch einfaches \u00d6ffnen der Klappe unterhalb des Aschenbechers f\u00e4llt die Asche direkt in den Abfallbeh\u00e4lter.<\/p>","protected":false},"featured_media":1452,"comment_status":"open","ping_status":"closed","template":"","meta":{"_eb_attr":"","_monsterinsights_skip_tracking":false,"_monsterinsights_sitenote_active":false,"_monsterinsights_sitenote_note":"","_monsterinsights_sitenote_category":0,"_uf_show_specific_survey":0,"_uf_disable_surveys":false},"product_brand":[],"product_cat":[23],"product_tag":[],"class_list":{"0":"post-1450","1":"product","2":"type-product","3":"status-publish","4":"has-post-thumbnail","6":"product_cat-patio-furniture","8":"first","9":"instock","10":"shipping-taxable","11":"product-type-simple"},"_links":{"self":[{"href":"https:\/\/keweicorten.com\/de\/wp-json\/wp\/v2\/product\/1450"}],"collection":[{"href":"https:\/\/keweicorten.com\/de\/wp-json\/wp\/v2\/product"}],"about":[{"href":"https:\/\/keweicorten.com\/de\/wp-json\/wp\/v2\/types\/product"}],"replies":[{"embeddable":true,"href":"https:\/\/keweicorten.com\/de\/wp-json\/wp\/v2\/comments?post=1450"}],"version-history":[{"count":1,"href":"https:\/\/keweicorten.com\/de\/wp-json\/wp\/v2\/product\/1450\/revisions"}],"predecessor-version":[{"id":1453,"href":"https:\/\/keweicorten.com\/de\/wp-json\/wp\/v2\/product\/1450\/revisions\/1453"}],"wp:featuredmedia":[{"embeddable":true,"href":"https:\/\/keweicorten.com\/de\/wp-json\/wp\/v2\/media\/1452"}],"wp:attachment":[{"href":"https:\/\/keweicorten.com\/de\/wp-json\/wp\/v2\/media?parent=1450"}],"wp:term":[{"taxonomy":"product_brand","embeddable":true,"href":"https:\/\/keweicorten.com\/de\/wp-json\/wp\/v2\/product_brand?post=1450"},{"taxonomy":"product_cat","embeddable":true,"href":"https:\/\/keweicorten.com\/de\/wp-json\/wp\/v2\/product_cat?post=1450"},{"taxonomy":"product_tag","embeddable":true,"href":"https:\/\/keweicorten.com\/de\/wp-json\/wp\/v2\/product_tag?post=1450"}],"curies":[{"name":"wp","href":"https:\/\/api.w.org\/{rel}","templated":true}]}}