{"id":1498,"date":"2024-09-26T06:43:43","date_gmt":"2024-09-26T06:43:43","guid":{"rendered":"https:\/\/keweicorten.com\/?post_type=product&#038;p=1498"},"modified":"2025-01-15T06:22:26","modified_gmt":"2025-01-15T06:22:26","slug":"bbq-grill-werkzeug-set","status":"publish","type":"product","link":"https:\/\/keweicorten.com\/de\/bbq-grill-werkzeug-set\/","title":{"rendered":"BBQ Grill Werkzeug Set"},"content":{"rendered":"<p>Ein BBQ-Grillwerkzeugset ist f\u00fcr jeden Grillfreund unverzichtbar, da es die notwendigen Werkzeuge f\u00fcr die Zubereitung, das Kochen und das Servieren k\u00f6stlicher Grillgerichte enth\u00e4lt. Im Folgenden finden Sie eine Liste der g\u00e4ngigen Artikel, die Sie in einem BBQ-Grillwerkzeugset finden k\u00f6nnen, sowie deren Funktionen:<\/p>\n<p>Gemeinsame Elemente in einem BBQ Grill Tools Set<\/p>\n<p>Grillspachtel:<br \/>\n- Langer Griff zum Erreichen von hei\u00dfen Grills.<br \/>\n- Flache Oberfl\u00e4che zum einfachen Wenden von Burgern, Fisch und Gem\u00fcse.<\/p>\n<p>Grillzange:<br \/>\n- Lange, robuste und griffige Zange zum Wenden von Fleisch und Gem\u00fcse, ohne es zu durchstechen.<br \/>\n- Oftmals f\u00fcr gro\u00dfe Hitze ausgelegt.<\/p>\n<p>BBQ-Gabel:<br \/>\n- Wird zum Anstechen von Fleisch verwendet, um dessen Garheit zu pr\u00fcfen.<br \/>\n- Ideal f\u00fcr die Bearbeitung gr\u00f6\u00dferer Fleischst\u00fccke.<\/p>\n<p>Basting Pinsel:<br \/>\n- Zum Auftragen von Marinaden, Saucen oder \u00d6len auf Fleisch oder Gem\u00fcse beim Grillen.<br \/>\n- Kann aus Silikon oder Naturborsten bestehen.<\/p>\n<p>Grillb\u00fcrste:<br \/>\n- Zum Reinigen der Roste vor und nach dem Grillen.<br \/>\n- Hilft bei der Entfernung von R\u00fcckst\u00e4nden und verhindert das Verkleben.<\/p>\n<p>Fleischthermometer:<br \/>\n- Sorgt daf\u00fcr, dass die Speisen mit der richtigen Innentemperatur gegart werden.<br \/>\n- Sie k\u00f6nnen digital oder analog sein, wobei einige \u00fcber eine Sofortlesefunktion verf\u00fcgen.<\/p>\n<p>Grillmatte:<br \/>\n- Sch\u00fctzt die Oberfl\u00e4che des Grills und erm\u00f6glicht eine leichtere Reinigung.<br \/>\n- Einige Matten sind so konzipiert, dass sie hohen Temperaturen standhalten.<\/p>\n<p>Spie\u00dfe:<br \/>\n- Metall- oder Bambusst\u00e4bchen f\u00fcr die Zubereitung von Spie\u00dfen und zum Grillen kleinerer St\u00fccke von Lebensmitteln.<br \/>\n- F\u00fcr gleichm\u00e4\u00dfiges Garen und leichtes Wenden.<\/p>\n<p>Grillhandschuhe:<br \/>\n- Hitzebest\u00e4ndige Handschuhe zum Schutz der H\u00e4nde beim Umgang mit hei\u00dfen Grillteilen oder Lebensmitteln.<br \/>\n- Erh\u00f6hte Griffigkeit und Flexibilit\u00e4t f\u00fcr bessere Handhabung.<\/p>\n<p>Maiskolbenhalter:<br \/>\n- Kleine Gabeln zum Festhalten von Mais beim Grillen oder Essen.<br \/>\n- Sorgt f\u00fcr Stabilit\u00e4t und Sicherheit.<\/p>\n<p><a href=\"https:\/\/keweicorten.com\/de\/produkte\/\"><img fetchpriority=\"high\" decoding=\"async\" class=\"alignnone\" title=\"Grillzubeh\u00f6r-Set\" src=\"https:\/\/s.alicdn.com\/@sc04\/kf\/Hdadd98b9612e497293d68a0e6860200aK.jpg_720x720q50.jpg\" alt=\"Grillzubeh\u00f6r Set Gro\u00dfhandel, billig, zu verkaufen, auf Lager\" width=\"700\" height=\"700\" \/><\/a><\/p>\n<p><a href=\"https:\/\/keweicorten.com\/de\"><img decoding=\"async\" class=\"alignleft\" title=\"Grillzubeh\u00f6r-Set\" src=\"https:\/\/sc04.alicdn.com\/kf\/H4683041e81aa425396b354a4ed5ed920M\/276398393\/H4683041e81aa425396b354a4ed5ed920M.jpg\" alt=\"Grillzubeh\u00f6r Set Fabrik,china,Preis,Hersteller, Lieferanten\" width=\"700\" height=\"1206\" \/><\/a><\/p>","protected":false},"excerpt":{"rendered":"<p>Egal, ob Sie Anf\u00e4nger oder erfahrener Griller sind, mit dem richtigen Werkzeug k\u00f6nnen Sie Ihr Grillerlebnis erheblich verbessern.<\/p>","protected":false},"featured_media":1499,"comment_status":"open","ping_status":"closed","template":"","meta":{"_eb_attr":"","_monsterinsights_skip_tracking":false,"_monsterinsights_sitenote_active":false,"_monsterinsights_sitenote_note":"","_monsterinsights_sitenote_category":0,"_uf_show_specific_survey":0,"_uf_disable_surveys":false},"product_brand":[],"product_cat":[49],"product_tag":[],"class_list":{"0":"post-1498","1":"product","2":"type-product","3":"status-publish","4":"has-post-thumbnail","6":"product_cat-bbq-accessories","8":"first","9":"instock","10":"shipping-taxable","11":"product-type-simple"},"_links":{"self":[{"href":"https:\/\/keweicorten.com\/de\/wp-json\/wp\/v2\/product\/1498"}],"collection":[{"href":"https:\/\/keweicorten.com\/de\/wp-json\/wp\/v2\/product"}],"about":[{"href":"https:\/\/keweicorten.com\/de\/wp-json\/wp\/v2\/types\/product"}],"replies":[{"embeddable":true,"href":"https:\/\/keweicorten.com\/de\/wp-json\/wp\/v2\/comments?post=1498"}],"version-history":[{"count":2,"href":"https:\/\/keweicorten.com\/de\/wp-json\/wp\/v2\/product\/1498\/revisions"}],"predecessor-version":[{"id":1501,"href":"https:\/\/keweicorten.com\/de\/wp-json\/wp\/v2\/product\/1498\/revisions\/1501"}],"wp:featuredmedia":[{"embeddable":true,"href":"https:\/\/keweicorten.com\/de\/wp-json\/wp\/v2\/media\/1499"}],"wp:attachment":[{"href":"https:\/\/keweicorten.com\/de\/wp-json\/wp\/v2\/media?parent=1498"}],"wp:term":[{"taxonomy":"product_brand","embeddable":true,"href":"https:\/\/keweicorten.com\/de\/wp-json\/wp\/v2\/product_brand?post=1498"},{"taxonomy":"product_cat","embeddable":true,"href":"https:\/\/keweicorten.com\/de\/wp-json\/wp\/v2\/product_cat?post=1498"},{"taxonomy":"product_tag","embeddable":true,"href":"https:\/\/keweicorten.com\/de\/wp-json\/wp\/v2\/product_tag?post=1498"}],"curies":[{"name":"wp","href":"https:\/\/api.w.org\/{rel}","templated":true}]}}