{"id":1502,"date":"2024-09-26T06:55:57","date_gmt":"2024-09-26T06:55:57","guid":{"rendered":"https:\/\/keweicorten.com\/?post_type=product&#038;p=1502"},"modified":"2025-01-15T06:22:19","modified_gmt":"2025-01-15T06:22:19","slug":"grill-werkzeuge-bbq-zubehor","status":"publish","type":"product","link":"https:\/\/keweicorten.com\/de\/grill-werkzeuge-bbq-zubehor\/","title":{"rendered":"Barbecue Grill Werkzeuge BBQ Zubeh\u00f6r"},"content":{"rendered":"<p>Grillwerkzeuge BBQ-Zubeh\u00f6r ist ein unverzichtbares Zubeh\u00f6r f\u00fcr alle, die gerne im Freien leckeres Essen grillen. Wenn Sie eine gro\u00dfe Grillparty mit Ihren Freunden und Ihrer Familie planen, brauchen Sie das richtige Grillwerkzeug, mit dem Sie Ihr Essen mit Leichtigkeit zubereiten und servieren k\u00f6nnen.<\/p>\n<p>Optionales Zubeh\u00f6r<\/p>\n<ul>\n<li>Grillkorb: Ideal zum Grillen von kleinem Gem\u00fcse oder empfindlichen Gegenst\u00e4nden wie Fisch.<\/li>\n<li>Pizzastein: Zum Grillen von Pizzen, um eine knusprige Kruste zu erhalten.<\/li>\n<li>Lebensmittel-Injektor: Zum Marinieren von Fleisch durch Einspritzen von Aromen direkt in das Fleisch.<\/li>\n<li>Gew\u00fcrz-\/Gew\u00fcrzbeh\u00e4lter: F\u00fcr Saucen, Gew\u00fcrze und Marinaden, die beim Grillen leicht zug\u00e4nglich sind.<\/li>\n<\/ul>\n<p>\u00dcberlegungen beim Kauf eines BBQ-Grillwerkzeugsets<\/p>\n<ul>\n<li>Material: Achten Sie auf rostfreien Stahl, da er langlebig und hitzebest\u00e4ndig ist. Holzgriffe sind ebenfalls griffig, erfordern aber m\u00f6glicherweise mehr Pflege.<\/li>\n<li>Aufbewahrung: Einige Sets werden mit einer Tragetasche geliefert, die den Transport und die Aufbewahrung erleichtert.<\/li>\n<li>Ergonomie: Bequeme Griffe und gut durchdachte Werkzeuge k\u00f6nnen bei langen Grillsitzungen den Unterschied ausmachen.<\/li>\n<li>Anzahl der Teile: Je nach Ihren Grillgewohnheiten sollten Sie \u00fcberlegen, wie viele Werkzeuge Sie ben\u00f6tigen.<\/li>\n<\/ul>\n<table class=\"all magic-3\">\n<tbody>\n<tr>\n<td colspan=\"1\" rowspan=\"1\">\n<div class=\"magic-4\" data-spm-anchor-id=\"a2700.details.0.i37.6b594a004vlN25\">Marke<\/div>\n<\/td>\n<td colspan=\"1\" rowspan=\"1\">\n<div class=\"magic-5\">SHKW<\/div>\n<\/td>\n<td colspan=\"1\" rowspan=\"1\">\n<div class=\"magic-4\">Zertifizierung<\/div>\n<\/td>\n<td colspan=\"1\" rowspan=\"1\">\n<div class=\"magic-6\">LFGB, CE, SGS, BSCI, ISO9001:2015<\/div>\n<\/td>\n<\/tr>\n<tr>\n<td colspan=\"1\" rowspan=\"1\">\n<div class=\"magic-4\">OEM<\/div>\n<\/td>\n<td colspan=\"1\" rowspan=\"1\">\n<div class=\"magic-5\">Verf\u00fcgbar<\/div>\n<\/td>\n<td colspan=\"1\" rowspan=\"1\">\n<div class=\"magic-4\">Paket<\/div>\n<\/td>\n<td colspan=\"1\" rowspan=\"1\">\n<div class=\"magic-6\">wie von Ihnen gew\u00fcnscht<\/div>\n<\/td>\n<\/tr>\n<tr>\n<td colspan=\"1\" rowspan=\"1\">\n<div class=\"magic-4\">ODM<\/div>\n<\/td>\n<td colspan=\"1\" rowspan=\"1\">\n<div class=\"magic-5\">Verf\u00fcgbar<\/div>\n<\/td>\n<td colspan=\"1\" rowspan=\"1\">\n<div class=\"magic-4\">Musterdienst<\/div>\n<\/td>\n<td colspan=\"1\" rowspan=\"1\">\n<div class=\"magic-6\">Verf\u00fcgbar in 5 Tagen<\/div>\n<\/td>\n<\/tr>\n<tr>\n<td colspan=\"1\" rowspan=\"1\">\n<div class=\"magic-4\">MOQ<\/div>\n<\/td>\n<td colspan=\"1\" rowspan=\"1\">\n<div class=\"magic-5\">500 S\u00e4tze<\/div>\n<\/td>\n<td colspan=\"1\" rowspan=\"1\">\n<div class=\"magic-4\">Logo<\/div>\n<\/td>\n<td colspan=\"1\" rowspan=\"1\">\n<div class=\"magic-6\">Kundenspezifische Laser-\/Gravurtechnik<\/div>\n<\/td>\n<\/tr>\n<tr>\n<td colspan=\"1\" rowspan=\"1\">\n<div class=\"magic-4\">Zahlungsmethode<\/div>\n<\/td>\n<td colspan=\"1\" rowspan=\"1\">\n<div class=\"magic-5\">Handelsgarantie, T\/T, PayPal, L\/C<\/div>\n<\/td>\n<td colspan=\"1\" rowspan=\"1\">\n<div class=\"magic-4\">Lieferfrist<\/div>\n<\/td>\n<td colspan=\"1\" rowspan=\"1\">\n<div class=\"magic-6\">30-40 Tage f\u00fcr die Massenproduktion<\/div>\n<\/td>\n<\/tr>\n<\/tbody>\n<\/table>\n<p>&nbsp;<\/p>\n<p><a href=\"https:\/\/keweicorten.com\/de\/kontaktieren-sie-uns\/\"><img fetchpriority=\"high\" decoding=\"async\" class=\"alignnone\" title=\"Barbecue Werkzeug\" src=\"https:\/\/sc04.alicdn.com\/kf\/H9b17e89c59f247e6beb1bcc143827a07d\/272223269\/H9b17e89c59f247e6beb1bcc143827a07d.jpg\" alt=\"Barbecue Tool Gro\u00dfhandel, billig, zu verkaufen, auf Lager.\" width=\"700\" height=\"700\" \/><\/a><\/p>\n<p><img decoding=\"async\" class=\"alignnone\" title=\"Barbecue Werkzeug\" src=\"https:\/\/s.alicdn.com\/@sc04\/kf\/H1dcdec7f57db4c42a12201a3b50f443fd.jpg_720x720q50.jpg\" alt=\"Barbecue Tool Gro\u00dfhandel, billig, zu verkaufen, auf Lager.\" width=\"700\" height=\"761\" \/><\/p>","protected":false},"excerpt":{"rendered":"<p>Ein gutes Grillwerkzeugset enth\u00e4lt alle notwendigen Werkzeuge, die Sie zum Grillen ben\u00f6tigen, darunter einen Pfannenwender, eine Zange, eine Grillb\u00fcrste, eine Gabel und vieles mehr. Diese Werkzeuge sind aus hochwertigen Materialien gefertigt, die langlebig und leicht zu reinigen sind und hohen Temperaturen standhalten k\u00f6nnen. Mit den richtigen Werkzeugen k\u00f6nnen Sie Ihre Speisen m\u00fchelos wenden, wenden und servieren.<\/p>","protected":false},"featured_media":1503,"comment_status":"open","ping_status":"closed","template":"","meta":{"_eb_attr":"","_monsterinsights_skip_tracking":false,"_monsterinsights_sitenote_active":false,"_monsterinsights_sitenote_note":"","_monsterinsights_sitenote_category":0,"_uf_show_specific_survey":0,"_uf_disable_surveys":false},"product_brand":[],"product_cat":[49],"product_tag":[],"class_list":{"0":"post-1502","1":"product","2":"type-product","3":"status-publish","4":"has-post-thumbnail","6":"product_cat-bbq-accessories","8":"first","9":"instock","10":"shipping-taxable","11":"product-type-simple"},"_links":{"self":[{"href":"https:\/\/keweicorten.com\/de\/wp-json\/wp\/v2\/product\/1502"}],"collection":[{"href":"https:\/\/keweicorten.com\/de\/wp-json\/wp\/v2\/product"}],"about":[{"href":"https:\/\/keweicorten.com\/de\/wp-json\/wp\/v2\/types\/product"}],"replies":[{"embeddable":true,"href":"https:\/\/keweicorten.com\/de\/wp-json\/wp\/v2\/comments?post=1502"}],"version-history":[{"count":1,"href":"https:\/\/keweicorten.com\/de\/wp-json\/wp\/v2\/product\/1502\/revisions"}],"predecessor-version":[{"id":1504,"href":"https:\/\/keweicorten.com\/de\/wp-json\/wp\/v2\/product\/1502\/revisions\/1504"}],"wp:featuredmedia":[{"embeddable":true,"href":"https:\/\/keweicorten.com\/de\/wp-json\/wp\/v2\/media\/1503"}],"wp:attachment":[{"href":"https:\/\/keweicorten.com\/de\/wp-json\/wp\/v2\/media?parent=1502"}],"wp:term":[{"taxonomy":"product_brand","embeddable":true,"href":"https:\/\/keweicorten.com\/de\/wp-json\/wp\/v2\/product_brand?post=1502"},{"taxonomy":"product_cat","embeddable":true,"href":"https:\/\/keweicorten.com\/de\/wp-json\/wp\/v2\/product_cat?post=1502"},{"taxonomy":"product_tag","embeddable":true,"href":"https:\/\/keweicorten.com\/de\/wp-json\/wp\/v2\/product_tag?post=1502"}],"curies":[{"name":"wp","href":"https:\/\/api.w.org\/{rel}","templated":true}]}}