{"id":1543,"date":"2024-09-26T09:05:52","date_gmt":"2024-09-26T09:05:52","guid":{"rendered":"https:\/\/keweicorten.com\/?post_type=product&#038;p=1543"},"modified":"2025-01-15T06:22:01","modified_gmt":"2025-01-15T06:22:01","slug":"corten-licht-2","status":"publish","type":"product","link":"https:\/\/keweicorten.com\/de\/corten-licht-2\/","title":{"rendered":"Panzerlampe"},"content":{"rendered":"<p>Corten-Stahlleuchten (oder Corten-Leuchten) verbinden die Haltbarkeit und Witterungsbest\u00e4ndigkeit von Corten-Stahl mit der Funktionalit\u00e4t von Au\u00dfen- und dekorativer Beleuchtung. Corten-Stahl ist f\u00fcr seine F\u00e4higkeit bekannt, eine sch\u00fctzende Rostschicht zu bilden, und verleiht Beleuchtungsentw\u00fcrfen eine einzigartige \u00c4sthetik, die ihn in der Landschaftsarchitektur, im St\u00e4dtebau und in der modernen Wohnkultur beliebt macht.<\/p>\n<h3><strong>Hauptmerkmale von Cortenstahl-Leuchten:<\/strong><\/h3>\n<ol>\n<li><strong>Witterungsbest\u00e4ndigkeit<\/strong>:\n<ul>\n<li>Die sich auf nat\u00fcrliche Weise bildende Rostschicht auf Corten-Stahl-Leuchten sch\u00fctzt das Material vor weiterer Korrosion und macht sie f\u00fcr die Verwendung im Freien unter verschiedenen Witterungsbedingungen sehr haltbar.<\/li>\n<\/ul>\n<\/li>\n<li><strong>Einzigartige \u00c4sthetik<\/strong>:\n<ul>\n<li>Die reiche, warme Patina des Cortenstahls sorgt f\u00fcr ein rustikales, industrielles Aussehen, das sich sowohl f\u00fcr moderne als auch f\u00fcr traditionelle Designprojekte eignet. Die rostigen, erdigen Farbt\u00f6ne harmonieren mit nat\u00fcrlichen Elementen wie Stein, Holz und Gr\u00fcnpflanzen.<\/li>\n<\/ul>\n<\/li>\n<li><strong>Geringe Wartung<\/strong>:\n<ul>\n<li>Im Gegensatz zu anderen Materialien, die gestrichen oder behandelt werden m\u00fcssen, sind Leuchten aus Cortenstahl selbstsch\u00fctzend. Sobald sich die Patina gebildet hat, muss die Leuchte nur noch minimal gepflegt werden.<\/li>\n<\/ul>\n<\/li>\n<li><strong>Personalisierung<\/strong>:\n<ul>\n<li>Leuchten aus Cortenstahl gibt es in verschiedenen Ausf\u00fchrungen, darunter Poller, Wegeleuchten, Wandleuchten und Pendelleuchten. Sie k\u00f6nnen mit komplizierten Mustern lasergeschnitten werden, wodurch interessante Licht- und Schatteneffekte entstehen.<\/li>\n<\/ul>\n<\/li>\n<\/ol>\n<table style=\"height: 194px;\" border=\"1\" width=\"627\">\n<tbody>\n<tr>\n<td><span data-spm-anchor-id=\"a2700.details.0.i39.11b8133fdmfbId\">Produktname\u00a0\u00a0<\/span><\/td>\n<td>\u00a0Hotels Cortenstahl Gartenbeleuchtung nach Ma\u00df<\/td>\n<\/tr>\n<tr>\n<td>Paket<\/td>\n<td>\u00a0Sperrholz<\/td>\n<\/tr>\n<tr>\n<td>Modellnummer<\/td>\n<td>SHKW-CL-01<\/td>\n<\/tr>\n<tr>\n<td>Material<\/td>\n<td>\u00a0Cortenstahl<\/td>\n<\/tr>\n<tr>\n<td>Gr\u00f6\u00dfe<\/td>\n<td>\u00a0120*120*450mm\/120*120*120*600mm\/120*120*750mm<\/td>\n<\/tr>\n<\/tbody>\n<\/table>\n<p><a href=\"https:\/\/keweicorten.com\/de\"><img fetchpriority=\"high\" decoding=\"async\" class=\"alignnone\" title=\"Licht\" src=\"https:\/\/sc04.alicdn.com\/kf\/Hbfd36546659b40b8b1012ec41b13121bi\/235950374\/Hbfd36546659b40b8b1012ec41b13121bi.jpg\" alt=\" Pollerleuchte aus Cortenholz Gartenleuchten aus Cortenholz Au\u00dfenwandleuchten\" width=\"696\" height=\"348\" \/><\/a><\/p>\n<p><a href=\"https:\/\/keweicorten.com\/de\/produkte\/\"><img decoding=\"async\" class=\"alignnone\" title=\"Licht\" src=\"https:\/\/sc04.alicdn.com\/kf\/Ha485a993273c4a1abf4c34b1993865875\/235950374\/Ha485a993273c4a1abf4c34b1993865875.jpg\" alt=\"Umweltfreundliche farbige Pollerleuchte aus Cortenholz Gartenleuchten aus Cortenholz Wandleuchten f\u00fcr den Au\u00dfenbereich\" width=\"700\" height=\"350\" \/><\/a><\/p>","protected":false},"excerpt":{"rendered":"<p>Corten-Licht ist eine unglaublich sch\u00f6ne und vielseitige Beleuchtungsart, die im modernen Design immer beliebter wird. Cortenstahl, auch bekannt als wetterfester Stahl, hat ein einzigartiges und rustikales Aussehen, das von keinem anderen Material \u00fcbertroffen wird.<\/p>","protected":false},"featured_media":1544,"comment_status":"open","ping_status":"closed","template":"","meta":{"_eb_attr":"","_monsterinsights_skip_tracking":false,"_monsterinsights_sitenote_active":false,"_monsterinsights_sitenote_note":"","_monsterinsights_sitenote_category":0,"_uf_show_specific_survey":0,"_uf_disable_surveys":false},"product_brand":[],"product_cat":[61],"product_tag":[],"class_list":{"0":"post-1543","1":"product","2":"type-product","3":"status-publish","4":"has-post-thumbnail","6":"product_cat-light-post","8":"first","9":"instock","10":"shipping-taxable","11":"product-type-simple"},"_links":{"self":[{"href":"https:\/\/keweicorten.com\/de\/wp-json\/wp\/v2\/product\/1543"}],"collection":[{"href":"https:\/\/keweicorten.com\/de\/wp-json\/wp\/v2\/product"}],"about":[{"href":"https:\/\/keweicorten.com\/de\/wp-json\/wp\/v2\/types\/product"}],"replies":[{"embeddable":true,"href":"https:\/\/keweicorten.com\/de\/wp-json\/wp\/v2\/comments?post=1543"}],"version-history":[{"count":1,"href":"https:\/\/keweicorten.com\/de\/wp-json\/wp\/v2\/product\/1543\/revisions"}],"predecessor-version":[{"id":1548,"href":"https:\/\/keweicorten.com\/de\/wp-json\/wp\/v2\/product\/1543\/revisions\/1548"}],"wp:featuredmedia":[{"embeddable":true,"href":"https:\/\/keweicorten.com\/de\/wp-json\/wp\/v2\/media\/1544"}],"wp:attachment":[{"href":"https:\/\/keweicorten.com\/de\/wp-json\/wp\/v2\/media?parent=1543"}],"wp:term":[{"taxonomy":"product_brand","embeddable":true,"href":"https:\/\/keweicorten.com\/de\/wp-json\/wp\/v2\/product_brand?post=1543"},{"taxonomy":"product_cat","embeddable":true,"href":"https:\/\/keweicorten.com\/de\/wp-json\/wp\/v2\/product_cat?post=1543"},{"taxonomy":"product_tag","embeddable":true,"href":"https:\/\/keweicorten.com\/de\/wp-json\/wp\/v2\/product_tag?post=1543"}],"curies":[{"name":"wp","href":"https:\/\/api.w.org\/{rel}","templated":true}]}}