{"id":1549,"date":"2024-09-26T09:12:10","date_gmt":"2024-09-26T09:12:10","guid":{"rendered":"https:\/\/keweicorten.com\/?post_type=product&#038;p=1549"},"modified":"2025-01-15T06:21:51","modified_gmt":"2025-01-15T06:21:51","slug":"led-pollerleuchten-fur-den-ausenbereich","status":"publish","type":"product","link":"https:\/\/keweicorten.com\/de\/led-pollerleuchten-fur-den-ausenbereich\/","title":{"rendered":"LED-Pollerleuchten f\u00fcr den Au\u00dfenbereich"},"content":{"rendered":"<h3><strong>Anwendungen von LED-Pollerleuchten im Freien:<\/strong><\/h3>\n<ol>\n<li><strong>Garten- und Landschaftsbeleuchtung<\/strong>:\n<ul>\n<li>Corten-Leuchten werden h\u00e4ufig in G\u00e4rten und Landschaften verwendet, um Wege zu beleuchten, B\u00e4ume oder Pflanzen hervorzuheben und Sitzbereiche im Freien zu versch\u00f6nern. Ihr rustikales Aussehen f\u00fcgt sich nahtlos in nat\u00fcrliche Umgebungen ein.<\/li>\n<\/ul>\n<\/li>\n<li><strong>St\u00e4dtische und \u00f6ffentliche R\u00e4ume<\/strong>:\n<ul>\n<li>In \u00f6ffentlichen Parks, auf Pl\u00e4tzen und st\u00e4dtischen Gehwegen werden Cortenstahl-Leuchten h\u00e4ufig als Poller oder Stra\u00dfenlaternen eingesetzt. Ihre Witterungsbest\u00e4ndigkeit macht sie ideal f\u00fcr langfristige Au\u00dfeninstallationen.<\/li>\n<\/ul>\n<\/li>\n<li><strong>Architektonische Beleuchtung<\/strong>:\n<ul>\n<li>Corten-Leuchten erfreuen sich zunehmender Beliebtheit bei architektonischen Projekten, die an Au\u00dfenw\u00e4nden und Fassaden angebracht oder in Sitzgelegenheiten im Freien integriert werden und sowohl Funktion als auch Stil bieten.<\/li>\n<\/ul>\n<\/li>\n<li><strong>Dekorativ f\u00fcr den Innenbereich<\/strong>:\n<ul>\n<li>In Innenr\u00e4umen k\u00f6nnen Corten-Leuchten modernen Wohnungen, Caf\u00e9s oder Gesch\u00e4ftsr\u00e4umen einen industriellen Schick verleihen. Pendelleuchten und Wandleuchten aus Corten-Stahl bieten aufgrund der Farbe und Textur des Materials einen warmen, weichen Lichteffekt.<\/li>\n<\/ul>\n<\/li>\n<\/ol>\n<h3><strong>Vorteile von LED-Pollerleuchten f\u00fcr den Au\u00dfenbereich:<\/strong><\/h3>\n<ul>\n<li><strong>Dauerhaftigkeit<\/strong>: H\u00e4lt rauen Witterungsbedingungen stand, ohne sich zu verschlechtern.<\/li>\n<li><strong>Umweltfreundlich<\/strong>: Es sind keine Anstriche oder Beschichtungen erforderlich; Corten ist von Natur aus korrosionsbest\u00e4ndig.<\/li>\n<li><strong>\u00c4sthetische Anziehungskraft<\/strong>: Entwickelt mit der Zeit eine einzigartige Patina und bietet ein dynamisches, sich entwickelndes Aussehen.<\/li>\n<li><strong>Vielseitiges Design<\/strong>: Corten-Leuchten gibt es in zahlreichen Formen und Stilen, die eine kreative und individuelle Gestaltung erm\u00f6glichen.<\/li>\n<\/ul>\n<table border=\"1\">\n<tbody>\n<tr>\n<td>Produktname<\/td>\n<td>Outdoor Wasserdicht Moderne Rasen Licht Corten Stahl Landschaft Poller Licht<\/td>\n<\/tr>\n<tr>\n<td>Hauptk\u00f6rper Rohmaterial<\/td>\n<td>Cortenstahl<\/td>\n<\/tr>\n<tr>\n<td>Leistung der LED<\/td>\n<td>10W, 12W<\/td>\n<\/tr>\n<tr>\n<td>IP Grdae<\/td>\n<td>IP65, IP66<\/td>\n<\/tr>\n<tr>\n<td>Farbe der Oberfl\u00e4che<\/td>\n<td>Verrostet oder angepasst<\/td>\n<\/tr>\n<tr>\n<td>Typ<\/td>\n<td>Benutzerdefiniert akzeptieren<\/td>\n<\/tr>\n<\/tbody>\n<\/table>\n<p><a href=\"https:\/\/keweicorten.com\/de\"><img fetchpriority=\"high\" decoding=\"async\" class=\"alignnone\" title=\"led-lampenmasten f\u00fcr au\u00dfen\" src=\"https:\/\/sc04.alicdn.com\/kf\/Hdad8686d076d4158871c35c4c66c1fb7s\/252624420\/Hdad8686d076d4158871c35c4c66c1fb7s.jpg\" alt=\"Outdoor-Lichtmasten aus Cortenstahl Landschaftspollerleuchte\" width=\"751\" height=\"501\" \/><\/a><\/p>\n<p><a href=\"https:\/\/keweicorten.com\/de\/produkte\/\"><img decoding=\"async\" class=\"alignnone\" title=\"Lampe Lichtmast\" src=\"https:\/\/sc04.alicdn.com\/kf\/Hc3e5b19145ce4d02869cc0b16e531dbat\/232904194\/Hc3e5b19145ce4d02869cc0b16e531dbat.png\" alt=\"Lampe Lichtmast\" width=\"750\" height=\"449\" \/><\/a><\/p>","protected":false},"excerpt":{"rendered":"<p>Cortenstahl-Leuchten sind eine ausgezeichnete Wahl f\u00fcr alle, die eine langlebige, wartungsarme und optisch ansprechende Beleuchtung f\u00fcr Innen- und Au\u00dfenbereiche suchen. Sie bieten sowohl funktionale Beleuchtung als auch \u00e4sthetischen Wert und f\u00fcgen sich nahtlos in nat\u00fcrliche Landschaften oder moderne architektonische Designs ein.<\/p>","protected":false},"featured_media":1550,"comment_status":"open","ping_status":"closed","template":"","meta":{"_eb_attr":"","_monsterinsights_skip_tracking":false,"_monsterinsights_sitenote_active":false,"_monsterinsights_sitenote_note":"","_monsterinsights_sitenote_category":0,"_uf_show_specific_survey":0,"_uf_disable_surveys":false},"product_brand":[],"product_cat":[61],"product_tag":[],"class_list":{"0":"post-1549","1":"product","2":"type-product","3":"status-publish","4":"has-post-thumbnail","6":"product_cat-light-post","8":"first","9":"instock","10":"shipping-taxable","11":"product-type-simple"},"_links":{"self":[{"href":"https:\/\/keweicorten.com\/de\/wp-json\/wp\/v2\/product\/1549"}],"collection":[{"href":"https:\/\/keweicorten.com\/de\/wp-json\/wp\/v2\/product"}],"about":[{"href":"https:\/\/keweicorten.com\/de\/wp-json\/wp\/v2\/types\/product"}],"replies":[{"embeddable":true,"href":"https:\/\/keweicorten.com\/de\/wp-json\/wp\/v2\/comments?post=1549"}],"version-history":[{"count":1,"href":"https:\/\/keweicorten.com\/de\/wp-json\/wp\/v2\/product\/1549\/revisions"}],"predecessor-version":[{"id":1551,"href":"https:\/\/keweicorten.com\/de\/wp-json\/wp\/v2\/product\/1549\/revisions\/1551"}],"wp:featuredmedia":[{"embeddable":true,"href":"https:\/\/keweicorten.com\/de\/wp-json\/wp\/v2\/media\/1550"}],"wp:attachment":[{"href":"https:\/\/keweicorten.com\/de\/wp-json\/wp\/v2\/media?parent=1549"}],"wp:term":[{"taxonomy":"product_brand","embeddable":true,"href":"https:\/\/keweicorten.com\/de\/wp-json\/wp\/v2\/product_brand?post=1549"},{"taxonomy":"product_cat","embeddable":true,"href":"https:\/\/keweicorten.com\/de\/wp-json\/wp\/v2\/product_cat?post=1549"},{"taxonomy":"product_tag","embeddable":true,"href":"https:\/\/keweicorten.com\/de\/wp-json\/wp\/v2\/product_tag?post=1549"}],"curies":[{"name":"wp","href":"https:\/\/api.w.org\/{rel}","templated":true}]}}