{"id":1578,"date":"2024-09-27T08:16:43","date_gmt":"2024-09-27T08:16:43","guid":{"rendered":"https:\/\/keweicorten.com\/?post_type=product&#038;p=1578"},"modified":"2024-09-27T08:16:43","modified_gmt":"2024-09-27T08:16:43","slug":"astm-a242-stahl","status":"publish","type":"product","link":"https:\/\/keweicorten.com\/de\/astm-a242-stahl\/","title":{"rendered":"ASTM A242-Stahl"},"content":{"rendered":"<div class=\"rich-text-table\">\n<div>\n<p>ASTM A242-Stahl ist ein hochfester, niedrig legierter wetterfester Stahl, der h\u00e4ufig zur Herstellung von Stahlplatten, Stahlrohren und anderen Produkten verwendet wird. Er zeichnet sich durch einen guten Oxidationsschutz aus und kann lange Zeit in rauen nat\u00fcrlichen Umgebungen verwendet werden, ohne von Korrosion betroffen zu sein.<\/p>\n<p>Die hervorragende Leistung von Cortenblech spiegelt sich auch in seiner guten Bearbeitbarkeit und Festigkeitsbest\u00e4ndigkeit wider. Es wird h\u00e4ufig f\u00fcr die Herstellung von Stahlkonstruktionen, Br\u00fccken, Fertigh\u00e4usern, Schiffen und Containern verwendet.<\/p>\n<p>Die Stahlnorm wurde von der American Society for Materials and Testing (Amerikanische Gesellschaft f\u00fcr Materialpr\u00fcfung) entwickelt, um ein Material zu schaffen, das lange Zeit ohne Korrosion im Freien verwendet werden kann.<\/p>\n<\/div>\n<div class=\"rich-text-table\"><strong>Mechanische Eigenschaften von Cortenstahl ASTM A242 Typ 1 Platten &amp; Bleche<\/strong><\/p>\n<div class=\"pro_page_table\">\n<table>\n<tbody>\n<tr>\n<td><\/td>\n<td>Zugfestigkeit<\/td>\n<td>Min. Flie\u00dfgrenze<\/td>\n<td>Dehnung<\/td>\n<\/tr>\n<tr>\n<td>CORTEN A<\/td>\n<td>[470 - 630 MPa]<\/td>\n<td>[355 MPa]<\/td>\n<td>20 % min<\/td>\n<\/tr>\n<tr>\n<td>ASTM 588 GR. A<\/td>\n<td>[485 MPa]<\/td>\n<td>[345 MPa]<\/td>\n<td>21% min<\/td>\n<\/tr>\n<tr>\n<td>ASTM 242 TYP -1<\/td>\n<td>[480 MPa]<\/td>\n<td>[345 MPa]<\/td>\n<td>16% min<\/td>\n<\/tr>\n<tr>\n<td>IRSM 41- 97<\/td>\n<td>[480 MPa]<\/td>\n<td>[340 MPa]<\/td>\n<td>21% min<\/td>\n<\/tr>\n<\/tbody>\n<\/table>\n<p><strong>Anwendungen von Cortenstahl<\/strong><\/p>\n<p>Struktur des Geb\u00e4udes<br \/>\nAu\u00dfenanlagen<br \/>\nVerkehrseinrichtungen<br \/>\nKunstinstallation<\/p>\n<p><strong>Mechanische Eigenschaften von ASTM A242-Stahl\uff1a<\/strong><\/p>\n<p>Streckgrenze: etwa 345 MPa<br \/>\nZugfestigkeit: etwa 480 MPa<br \/>\nDehnung: etwa 20%<\/p>\n<p><a href=\"https:\/\/keweicorten.com\/de\/produkte\/\"><img fetchpriority=\"high\" decoding=\"async\" class=\"alignnone\" title=\"ASTM A242 Stahl\" src=\"https:\/\/www.cortensteels.com\/uploads\/202130314\/astm-a242-steel-corrosion-plate12339760574.jpg\" alt=\"China ASTM A242 Stahl Korrosion Platte Hersteller, Lieferanten -keweicorten\" width=\"650\" height=\"650\" \/><\/a><\/p>\n<p><a href=\"https:\/\/keweicorten.com\/de\"><img decoding=\"async\" class=\"alignnone\" title=\"China ASTM A242 Stahl Korrosion Platte Hersteller, Lieferanten -keweicorten\" src=\"https:\/\/www.cortensteels.com\/uploads\/202130314\/small\/astm-steel-a24243487747222.png\" alt=\"China ASTM STEEL A242 Hersteller, Lieferanten - Fabrik Direkt Preis -keweicorten\" width=\"647\" height=\"647\" \/><\/a><\/p>\n<p><a href=\"https:\/\/keweicorten.com\/de\"><img decoding=\"async\" class=\"alignnone\" title=\"ASTM A242 Stahl\" src=\"https:\/\/www.cortensteels.com\/uploads\/202130314\/astm-a242-steel-corrosion-plate12218865305.jpg\" alt=\"China ASTM A242 Stahl Korrosion Platte Hersteller, Lieferanten keweicorten\" width=\"649\" height=\"649\" \/><\/a><\/p>\n<\/div>\n<\/div>\n<\/div>","protected":false},"excerpt":{"rendered":"<p>ASTM A242 Stahl ist ein wichtiger Baustahl, mit ausgezeichneten Oxidationsschutz und Korrosionsbest\u00e4ndigkeit, kann weithin in der Herstellung einer Vielzahl von schweren strukturellen Teile und vorgefertigte Geb\u00e4ude verwendet werden, seine stabile Leistung, in einer Vielzahl von rauen Umgebungen kann f\u00fcr eine lange Zeit verwendet werden.<\/p>","protected":false},"featured_media":1579,"comment_status":"open","ping_status":"closed","template":"","meta":{"_eb_attr":"","_monsterinsights_skip_tracking":false,"_monsterinsights_sitenote_active":false,"_monsterinsights_sitenote_note":"","_monsterinsights_sitenote_category":0,"_uf_show_specific_survey":0,"_uf_disable_surveys":false},"product_brand":[],"product_cat":[21],"product_tag":[],"class_list":{"0":"post-1578","1":"product","2":"type-product","3":"status-publish","4":"has-post-thumbnail","6":"product_cat-weather-resistant-steel-plate","8":"first","9":"instock","10":"shipping-taxable","11":"product-type-simple"},"_links":{"self":[{"href":"https:\/\/keweicorten.com\/de\/wp-json\/wp\/v2\/product\/1578"}],"collection":[{"href":"https:\/\/keweicorten.com\/de\/wp-json\/wp\/v2\/product"}],"about":[{"href":"https:\/\/keweicorten.com\/de\/wp-json\/wp\/v2\/types\/product"}],"replies":[{"embeddable":true,"href":"https:\/\/keweicorten.com\/de\/wp-json\/wp\/v2\/comments?post=1578"}],"version-history":[{"count":1,"href":"https:\/\/keweicorten.com\/de\/wp-json\/wp\/v2\/product\/1578\/revisions"}],"predecessor-version":[{"id":1580,"href":"https:\/\/keweicorten.com\/de\/wp-json\/wp\/v2\/product\/1578\/revisions\/1580"}],"wp:featuredmedia":[{"embeddable":true,"href":"https:\/\/keweicorten.com\/de\/wp-json\/wp\/v2\/media\/1579"}],"wp:attachment":[{"href":"https:\/\/keweicorten.com\/de\/wp-json\/wp\/v2\/media?parent=1578"}],"wp:term":[{"taxonomy":"product_brand","embeddable":true,"href":"https:\/\/keweicorten.com\/de\/wp-json\/wp\/v2\/product_brand?post=1578"},{"taxonomy":"product_cat","embeddable":true,"href":"https:\/\/keweicorten.com\/de\/wp-json\/wp\/v2\/product_cat?post=1578"},{"taxonomy":"product_tag","embeddable":true,"href":"https:\/\/keweicorten.com\/de\/wp-json\/wp\/v2\/product_tag?post=1578"}],"curies":[{"name":"wp","href":"https:\/\/api.w.org\/{rel}","templated":true}]}}