{"id":1613,"date":"2024-09-29T01:53:19","date_gmt":"2024-09-29T01:53:19","guid":{"rendered":"https:\/\/keweicorten.com\/?post_type=product&#038;p=1613"},"modified":"2024-09-29T01:53:19","modified_gmt":"2024-09-29T01:53:19","slug":"cortenstahlblech-der-guteklasse-b","status":"publish","type":"product","link":"https:\/\/keweicorten.com\/de\/cortenstahlblech-der-guteklasse-b\/","title":{"rendered":"Cortenstahlblech der G\u00fcteklasse B"},"content":{"rendered":"<div>\n<p>Corten-Stahlblech der G\u00fcteklasse B ist ein hochfester, niedrig legierter Baustahl, der f\u00fcr seine witterungsbest\u00e4ndigen Eigenschaften bekannt ist und sich daher ideal f\u00fcr Au\u00dfenanwendungen eignet. Hier sind einige wichtige Merkmale:<\/p>\n<ol>\n<li><strong>Witterungsbest\u00e4ndigkeit<\/strong>: Cortenstahl bildet eine sch\u00fctzende Rostschicht, die weitere Korrosion verhindert. Deshalb wird er h\u00e4ufig f\u00fcr architektonische Anwendungen und Konstruktionen im Freien verwendet.<\/li>\n<li><strong>Mechanische Eigenschaften<\/strong>: Normalerweise hat es eine Streckgrenze von etwa 50 ksi (345 MPa) und eine Zugfestigkeit von 70 ksi (483 MPa).<\/li>\n<li><strong>Anwendungen<\/strong>: Wird h\u00e4ufig f\u00fcr Br\u00fccken, Geb\u00e4ude und Skulpturen, aber auch f\u00fcr Au\u00dfenm\u00f6bel und Kunstinstallationen verwendet.<\/li>\n<li><strong>Schwei\u00dfen und Fabrikation<\/strong>: Es kann mit Standardschwei\u00dftechniken geschwei\u00dft werden, aber in einigen F\u00e4llen kann ein Vorw\u00e4rmen erforderlich sein, um Risse zu vermeiden.<\/li>\n<li><strong>Oberfl\u00e4che<\/strong>: Die nat\u00fcrliche Rostfarbe bietet einen \u00e4sthetischen Reiz, der in der modernen Architektur oft gew\u00fcnscht wird.<\/li>\n<\/ol>\n<h3 data-fontsize=\"19\" data-lineheight=\"26.79px\">Spezifikation f\u00fcr Cortenstahl ASTM A588 Grade B Platte und Blech<\/h3>\n<\/div>\n<div>\n<table style=\"height: 494px;\" border=\"1\" width=\"716\" cellspacing=\"0\" cellpadding=\"0\">\n<tbody>\n<tr>\n<td>\n<h4 data-fontsize=\"14\" data-lineheight=\"20.02px\">Artikel<\/h4>\n<\/td>\n<td>\n<h4 data-fontsize=\"14\" data-lineheight=\"20.02px\">Cortenstahl<\/h4>\n<\/td>\n<\/tr>\n<tr>\n<td>\n<h4 data-fontsize=\"14\" data-lineheight=\"20.02px\">Standard<\/h4>\n<\/td>\n<td>\n<h4 data-fontsize=\"14\" data-lineheight=\"20.02px\">ASTM A588, A242, EN 10027-1, CR 10260 &amp; IRSM<\/h4>\n<\/td>\n<\/tr>\n<tr>\n<td>\n<h4 data-fontsize=\"14\" data-lineheight=\"20.02px\">Material<\/h4>\n<\/td>\n<td>\n<h4 data-fontsize=\"14\" data-lineheight=\"20.02px\">Corten A , Corten B , S235J0W , S235J2W , S355J0WP , S355J0W , S355J2W , S355K2W , A588 Grade A , A588 Grade B , A588 Grade C , A242 Type 1 , A 588 Gr. K , A 242 Type-2 , IRSM-41<\/h4>\n<\/td>\n<\/tr>\n<tr>\n<td>\n<h4 data-fontsize=\"14\" data-lineheight=\"20.02px\">Dicke<\/h4>\n<\/td>\n<td>\n<h4 data-fontsize=\"14\" data-lineheight=\"20.02px\">0,3-500mm<\/h4>\n<\/td>\n<\/tr>\n<tr>\n<td>\n<h4 data-fontsize=\"14\" data-lineheight=\"20.02px\">Breite<\/h4>\n<\/td>\n<td>\n<h4 data-fontsize=\"14\" data-lineheight=\"20.02px\">1000-3500 mm<\/h4>\n<\/td>\n<\/tr>\n<tr>\n<td>\n<h4 data-fontsize=\"14\" data-lineheight=\"20.02px\">L\u00e4nge<\/h4>\n<\/td>\n<td>\n<h4 data-fontsize=\"14\" data-lineheight=\"20.02px\">1000 - 12000 mm<\/h4>\n<\/td>\n<\/tr>\n<\/tbody>\n<\/table>\n<div class=\"uvc-main-heading ult-responsive\" data-ultimate-target=\".uvc-heading.ultimate-heading-772166f8b0eb826fe h2\" data-responsive-json-new=\"{&quot;font-size&quot;:&quot;&quot;,&quot;line-height&quot;:&quot;&quot;}\">\n<p><strong>Corten B Blech \u00c4quivalent<\/strong><\/p>\n<\/div>\n<div class=\"uvc-sub-heading ult-responsive\" data-ultimate-target=\".uvc-heading.ultimate-heading-772166f8b0eb826fe .uvc-sub-heading \" data-responsive-json-new=\"{&quot;font-size&quot;:&quot;&quot;,&quot;line-height&quot;:&quot;&quot;}\">\n<table style=\"height: 46px;\" width=\"715\">\n<tbody>\n<tr>\n<td width=\"308\"><strong>Stahlsorte<\/strong><\/td>\n<td width=\"308\"><strong>EN 10025-5:2004<\/strong><\/td>\n<\/tr>\n<tr>\n<td width=\"308\">COR-TEN B<\/td>\n<td width=\"308\">S355J0W und S355J2W<\/td>\n<\/tr>\n<\/tbody>\n<\/table>\n<div class=\"three\">Gr\u00f6\u00dfenbereich der ASTM A588 gr.B Platte<\/div>\n<div class=\"table-responsive\">\n<table class=\"table table-bordered table-striped table-hover\" style=\"height: 190px;\" width=\"712\">\n<thead>\n<tr>\n<th colspan=\"1\">GRADE<\/th>\n<th colspan=\"1\">PRODUKTTYP<\/th>\n<th colspan=\"1\">BREITE<br \/>\n(in)<\/th>\n<th colspan=\"1\">DICHTE<br \/>\n(in)<\/th>\n<th colspan=\"1\">LENGTH<br \/>\n(in)<\/th>\n<\/tr>\n<\/thead>\n<tbody>\n<tr data-index=\"1\" data-offset=\"0\">\n<td rowspan=\"1\">Note B<\/td>\n<td rowspan=\"1\">Platte<\/td>\n<td rowspan=\"1\">72 - 120<\/td>\n<td rowspan=\"1\">0.250 - 2.000<\/td>\n<td rowspan=\"1\">240 - 1020<\/td>\n<\/tr>\n<tr data-index=\"0\" data-offset=\"0\">\n<td rowspan=\"1\">Note B<\/td>\n<td rowspan=\"1\">Platte<\/td>\n<td rowspan=\"1\">72 - 96<\/td>\n<td rowspan=\"1\">0.188 - 0.500<\/td>\n<td rowspan=\"1\">240 - 720<\/td>\n<\/tr>\n<tr data-index=\"2\" data-offset=\"0\">\n<td rowspan=\"1\">Note B<\/td>\n<td rowspan=\"1\">Platte<\/td>\n<td rowspan=\"1\">72 - 131.9<\/td>\n<td rowspan=\"1\">2.01 - 4.90<\/td>\n<td rowspan=\"1\">240 - 1020<\/td>\n<\/tr>\n<\/tbody>\n<\/table>\n<p><a href=\"https:\/\/keweicorten.com\/de\/produkte\/\"><img fetchpriority=\"high\" decoding=\"async\" class=\"alignnone\" title=\" ASTM A588 G\u00fcteklasse B \" src=\"https:\/\/th.bing.com\/th\/id\/OIP.ejT7J32EJYNbQj05jy0v0AAAAA?rs=1&amp;pid=ImgDetMain\" alt=\"Die Anwendung von Cortenstahlplatten ASTM A588 Grade B in der Landschaftsgestaltung\" width=\"573\" height=\"370\" \/><\/a><\/p>\n<p><a href=\"https:\/\/keweicorten.com\/de\/kontaktieren-sie-uns\/\"><img decoding=\"async\" class=\"alignnone\" title=\" ASTM A588 G\u00fcteklasse B \" src=\"https:\/\/www.gescosteel.com\/photo\/ps32365492-grade_b_corten_steel_plate.jpg\" alt=\"Cortenstahlblech der G\u00fcteklasse B\" width=\"700\" height=\"499\" \/><\/a><\/p>\n<\/div>\n<\/div>\n<\/div>","protected":false},"excerpt":{"rendered":"<p>ASTM A588 Grade B Corten Steel Plate ist ein hochfester, niedrig legierter Baustahl, der f\u00fcr Anwendungen entwickelt wurde, bei denen die Best\u00e4ndigkeit gegen atmosph\u00e4rische Korrosion entscheidend ist.<\/p>","protected":false},"featured_media":1614,"comment_status":"open","ping_status":"closed","template":"","meta":{"_eb_attr":"","_monsterinsights_skip_tracking":false,"_monsterinsights_sitenote_active":false,"_monsterinsights_sitenote_note":"","_monsterinsights_sitenote_category":0,"_uf_show_specific_survey":0,"_uf_disable_surveys":false},"product_brand":[],"product_cat":[21],"product_tag":[],"class_list":{"0":"post-1613","1":"product","2":"type-product","3":"status-publish","4":"has-post-thumbnail","6":"product_cat-weather-resistant-steel-plate","8":"first","9":"instock","10":"shipping-taxable","11":"product-type-simple"},"_links":{"self":[{"href":"https:\/\/keweicorten.com\/de\/wp-json\/wp\/v2\/product\/1613"}],"collection":[{"href":"https:\/\/keweicorten.com\/de\/wp-json\/wp\/v2\/product"}],"about":[{"href":"https:\/\/keweicorten.com\/de\/wp-json\/wp\/v2\/types\/product"}],"replies":[{"embeddable":true,"href":"https:\/\/keweicorten.com\/de\/wp-json\/wp\/v2\/comments?post=1613"}],"version-history":[{"count":1,"href":"https:\/\/keweicorten.com\/de\/wp-json\/wp\/v2\/product\/1613\/revisions"}],"predecessor-version":[{"id":1615,"href":"https:\/\/keweicorten.com\/de\/wp-json\/wp\/v2\/product\/1613\/revisions\/1615"}],"wp:featuredmedia":[{"embeddable":true,"href":"https:\/\/keweicorten.com\/de\/wp-json\/wp\/v2\/media\/1614"}],"wp:attachment":[{"href":"https:\/\/keweicorten.com\/de\/wp-json\/wp\/v2\/media?parent=1613"}],"wp:term":[{"taxonomy":"product_brand","embeddable":true,"href":"https:\/\/keweicorten.com\/de\/wp-json\/wp\/v2\/product_brand?post=1613"},{"taxonomy":"product_cat","embeddable":true,"href":"https:\/\/keweicorten.com\/de\/wp-json\/wp\/v2\/product_cat?post=1613"},{"taxonomy":"product_tag","embeddable":true,"href":"https:\/\/keweicorten.com\/de\/wp-json\/wp\/v2\/product_tag?post=1613"}],"curies":[{"name":"wp","href":"https:\/\/api.w.org\/{rel}","templated":true}]}}