{"id":1616,"date":"2024-09-29T02:11:45","date_gmt":"2024-09-29T02:11:45","guid":{"rendered":"https:\/\/keweicorten.com\/?post_type=product&#038;p=1616"},"modified":"2024-09-29T02:11:45","modified_gmt":"2024-09-29T02:11:45","slug":"warmgewalztes-cortenstahlblech","status":"publish","type":"product","link":"https:\/\/keweicorten.com\/de\/warmgewalztes-cortenstahlblech\/","title":{"rendered":"Warmgewalztes Corten-Stahlblech"},"content":{"rendered":"<p><strong>Die Spezifikationen f\u00fcr warmgewalztes Corten-Stahlblech (Corten-Stahlplatte) umfassen in der Regel die folgenden Aspekte:<\/strong><\/p>\n<p>Die Dicke: Die \u00fcbliche Dicke reicht von 3 mm bis 25 mm.<br \/>\nGr\u00f6\u00dfe: \u00dcbliche Gr\u00f6\u00dfen sind 1000mm x 2000mm, 1250mm x 2500mm, etc.<br \/>\nChemische Zusammensetzung: Enth\u00e4lt in der Regel Eisen, Kupfer, Nickel, Chrom und andere Elemente zur Verbesserung der Korrosionsbest\u00e4ndigkeit.<br \/>\nNorm: Entspricht ASTM A588, A242 und anderen Normen.<\/p>\n<table border=\"1\" cellspacing=\"0\">\n<tbody>\n<tr>\n<td>Produkt<\/td>\n<td>Warmgewalztes Corten-Stahlblech<\/td>\n<\/tr>\n<tr>\n<td>Dicke<\/td>\n<td>2-100mm oder nach Kundenwunsch<\/td>\n<\/tr>\n<tr>\n<td>Gr\u00f6\u00dfe<\/td>\n<td>1000-3000mm 1250mm 1500mm 2000mm und nach Kundenwunsch<\/td>\n<\/tr>\n<tr>\n<td>Anmeldung<\/td>\n<td>Fahrzeuge, Container, Geb\u00e4ude, T\u00fcrme und andere Konstruktionen mit Verschraubungen, Nieten und Schwei\u00dfen von Konstruktionsteilen<\/td>\n<\/tr>\n<tr>\n<td>Oberfl\u00e4che<\/td>\n<td>Schwarz oder Silber<\/td>\n<\/tr>\n<tr>\n<td>Material<\/td>\n<td>SPA-H,Q235NH,Q355NH,Q355GNH,09CuPCrNiA,Corten A,CortenB,SMA400AW\/BW\/CW,SAM490AW\/BW\/CW\/,SAM570W\/P<\/td>\n<\/tr>\n<tr>\n<td>Herkunft<\/td>\n<td>POSCO, JISCO, TISCO, LISCO, BAOSTEEL usw.<\/td>\n<\/tr>\n<tr>\n<td>Verpackung Weg<\/td>\n<td>PVC+ wasserdichtes Papier + starke, seetaugliche Holzverpackung<\/td>\n<\/tr>\n<tr>\n<td>Hauptmarkt<\/td>\n<td>Naher Osten, Afrika, Nord- und S\u00fcdamerika, Ost- und Westeuropa<\/td>\n<\/tr>\n<tr>\n<td>Hafen liefern<\/td>\n<td>Qingdao, Tianjin, Shanghai<\/td>\n<\/tr>\n<tr>\n<td>Liefertermin<\/td>\n<td>FOB\/CIF\/CFR<\/td>\n<\/tr>\n<tr>\n<td>Lieferfrist<\/td>\n<td>Innerhalb von 10-15 Tagen nach Erhalt des Depositums<\/td>\n<\/tr>\n<\/tbody>\n<\/table>\n<p><strong>Zu den Leistungsmerkmalen von warmgewalztem Cortenstahlblech geh\u00f6ren:<\/strong><\/p>\n<p>Korrosionsbest\u00e4ndigkeit:<\/p>\n<p>Die Oberfl\u00e4che des Cortenstahls bildet eine stabile Rostschicht, die einer weiteren Korrosion wirksam widerstehen kann und f\u00fcr den Au\u00dfeneinsatz geeignet ist.<br \/>\nHohe Festigkeit:<\/p>\n<p>Es hat eine hohe Zugfestigkeit und Streckgrenze und kann gro\u00dfen Belastungen standhalten.<br \/>\nAusgezeichnete Schwei\u00dfbarkeit:<\/p>\n<p>Es kann durch Schwei\u00dfen und andere Verarbeitungsverfahren bearbeitet werden, um eine Vielzahl von Anwendungsanforderungen zu erf\u00fcllen.<br \/>\nGute Duktilit\u00e4t:<\/p>\n<p>Mit guter Duktilit\u00e4t, geeignet f\u00fcr die Verarbeitung im Spritzgussverfahren.<br \/>\nSch\u00f6nes Aussehen:<\/p>\n<p>Im Laufe der Zeit ver\u00e4ndert sich die nat\u00fcrliche Farbe durch den Oberfl\u00e4chenrost und verleiht ihm eine einzigartige k\u00fcnstlerische Note.<br \/>\nLeistung der W\u00e4rmebehandlung:<\/p>\n<p>Eine besondere W\u00e4rmebehandlung ist nicht erforderlich, aber die guten mechanischen Eigenschaften bleiben auch nach der Verarbeitung erhalten.<br \/>\nAbriebfestigkeit:<\/p>\n<p>In einigen Anwendungen zeigt es eine gute Verschlei\u00dffestigkeit.<\/p>\n<p><a href=\"https:\/\/keweicorten.com\/de\/produkte\/\"><img fetchpriority=\"high\" decoding=\"async\" class=\"alignnone\" title=\"Warmgewalztes Corten-Stahlblech\" src=\"https:\/\/th.bing.com\/th\/id\/OIP.jzXn_qdaUc_AuFmyzx-ysgHaHa?rs=1&amp;pid=ImgDetMain\" alt=\"Warmgewalztes Corten-Stahlblech mit beschichteter Oberfl\u00e4che Preis\" width=\"550\" height=\"550\" \/><\/a><\/p>\n<p><a href=\"https:\/\/keweicorten.com\/de\/produkte\/\"><img decoding=\"async\" class=\"alignnone\" title=\"Warmgewalztes Corten-Stahlblech\" src=\"https:\/\/th.bing.com\/th\/id\/OIP.PGlPvUX5GtZLs4uk-2FJewHaHa?rs=1&amp;pid=ImgDetMain\" alt=\" Warmgewalztes Corten-Stahlblech Lieferanten und Hersteller - China ...\" width=\"550\" height=\"550\" \/><\/a><\/p>","protected":false},"excerpt":{"rendered":"<p>Wir bieten hochwertige warmgewalzte, witterungsbest\u00e4ndige Stahlbleche f\u00fcr eine breite Palette von technischen Projekten an, die eine hohe Haltbarkeit und \u00c4sthetik gew\u00e4hrleisten. Erhalten Sie jetzt mehr Informationen.<\/p>","protected":false},"featured_media":1617,"comment_status":"open","ping_status":"closed","template":"","meta":{"_eb_attr":"","_monsterinsights_skip_tracking":false,"_monsterinsights_sitenote_active":false,"_monsterinsights_sitenote_note":"","_monsterinsights_sitenote_category":0,"_uf_show_specific_survey":0,"_uf_disable_surveys":false},"product_brand":[],"product_cat":[21],"product_tag":[],"class_list":{"0":"post-1616","1":"product","2":"type-product","3":"status-publish","4":"has-post-thumbnail","6":"product_cat-weather-resistant-steel-plate","8":"first","9":"instock","10":"shipping-taxable","11":"product-type-simple"},"_links":{"self":[{"href":"https:\/\/keweicorten.com\/de\/wp-json\/wp\/v2\/product\/1616"}],"collection":[{"href":"https:\/\/keweicorten.com\/de\/wp-json\/wp\/v2\/product"}],"about":[{"href":"https:\/\/keweicorten.com\/de\/wp-json\/wp\/v2\/types\/product"}],"replies":[{"embeddable":true,"href":"https:\/\/keweicorten.com\/de\/wp-json\/wp\/v2\/comments?post=1616"}],"version-history":[{"count":1,"href":"https:\/\/keweicorten.com\/de\/wp-json\/wp\/v2\/product\/1616\/revisions"}],"predecessor-version":[{"id":1618,"href":"https:\/\/keweicorten.com\/de\/wp-json\/wp\/v2\/product\/1616\/revisions\/1618"}],"wp:featuredmedia":[{"embeddable":true,"href":"https:\/\/keweicorten.com\/de\/wp-json\/wp\/v2\/media\/1617"}],"wp:attachment":[{"href":"https:\/\/keweicorten.com\/de\/wp-json\/wp\/v2\/media?parent=1616"}],"wp:term":[{"taxonomy":"product_brand","embeddable":true,"href":"https:\/\/keweicorten.com\/de\/wp-json\/wp\/v2\/product_brand?post=1616"},{"taxonomy":"product_cat","embeddable":true,"href":"https:\/\/keweicorten.com\/de\/wp-json\/wp\/v2\/product_cat?post=1616"},{"taxonomy":"product_tag","embeddable":true,"href":"https:\/\/keweicorten.com\/de\/wp-json\/wp\/v2\/product_tag?post=1616"}],"curies":[{"name":"wp","href":"https:\/\/api.w.org\/{rel}","templated":true}]}}