{"id":1619,"date":"2024-09-29T07:14:27","date_gmt":"2024-09-29T07:14:27","guid":{"rendered":"https:\/\/keweicorten.com\/?post_type=product&#038;p=1619"},"modified":"2024-09-29T07:14:28","modified_gmt":"2024-09-29T07:14:28","slug":"kaltgewalztes-stahlblech","status":"publish","type":"product","link":"https:\/\/keweicorten.com\/de\/kaltgewalztes-stahlblech\/","title":{"rendered":"Kaltgewalztes Stahlblech"},"content":{"rendered":"<p><strong>Kaltgewalztes Stahlblech hat die folgenden Eigenschaften:<\/strong><\/p>\n<ul>\n<li>Glatte Oberfl\u00e4che: Das kaltgewalzte Stahlblech hat eine glatte Oberfl\u00e4che und ein sch\u00f6nes Aussehen, das f\u00fcr Anwendungen geeignet ist, die eine gute Oberfl\u00e4chenqualit\u00e4t erfordern.<\/li>\n<li>Hohe Pr\u00e4zision: Aufgrund der plastischen Verformung des Materials w\u00e4hrend des Kaltwalzvorgangs sind die Dickengenauigkeit und die Ma\u00dfgenauigkeit der kaltgewalzten Stahlplatte hoch.<\/li>\n<li>Hohe Festigkeit: Kaltgewalzte Stahlbleche werden bei der Verarbeitung durch K\u00e4lte verformt und haben in der Regel eine h\u00f6here Festigkeit und H\u00e4rte als warmgewalzte Stahlbleche.<\/li>\n<li>Gute Z\u00e4higkeit: Trotz der hohen Festigkeit weist das Blech eine gewisse Z\u00e4higkeit auf und ist f\u00fcr die Aufnahme von Sto\u00dfbelastungen geeignet.<\/li>\n<li>Einfache Verarbeitung: Kaltgewalzte Stahlbleche k\u00f6nnen geschwei\u00dft, gestanzt, gebogen und anderweitig weiterverarbeitet werden, um eine Vielzahl von industriellen Anforderungen zu erf\u00fcllen.<\/li>\n<li>Korrosionsbest\u00e4ndigkeit: Die Oberfl\u00e4che des Stahlblechs wird in der Regel mit Rostschutz behandelt, und einige Sorten k\u00f6nnen die Korrosionsbest\u00e4ndigkeit verbessern.<\/li>\n<li>Erm\u00fcdungsfestigkeit: Kaltgewalzte Stahlbleche haben in der Regel eine hohe Erm\u00fcdungsfestigkeit und eignen sich f\u00fcr Anwendungen, die eine lange Lebensdauer erfordern.<\/li>\n<\/ul>\n<p><strong>Gemeinsame Spezifikationstabelle f\u00fcr kaltgewalztes Stahlblech\uff1a<\/strong><\/p>\n<table style=\"height: 50px;\" width=\"603\">\n<thead>\n<tr>\n<th>Dicke\uff08mm\uff09<\/th>\n<th>Breite\uff08mm\uff09<\/th>\n<th>L\u00e4nge\uff08mm\uff09<\/th>\n<th>Qualit\u00e4t\uff08kg\/m\u00b2\uff09<\/th>\n<\/tr>\n<\/thead>\n<\/table>\n<div>\n<table style=\"height: 34px;\" width=\"602\">\n<tbody>\n<tr>\n<td>0.3<\/td>\n<td>1000<\/td>\n<td>2000<\/td>\n<td>2.3<\/td>\n<\/tr>\n<\/tbody>\n<\/table>\n<\/div>\n<div>\n<table style=\"height: 32px;\" width=\"602\">\n<tbody>\n<tr>\n<td>0.5<\/td>\n<td>1000<\/td>\n<td>2000<\/td>\n<td>3.9<\/td>\n<\/tr>\n<\/tbody>\n<\/table>\n<\/div>\n<div>\n<table style=\"height: 35px;\" width=\"602\">\n<tbody>\n<tr>\n<td>0.8<\/td>\n<td>1000<\/td>\n<td>2000<\/td>\n<td>6.2<\/td>\n<\/tr>\n<\/tbody>\n<\/table>\n<\/div>\n<div>\n<table style=\"height: 38px;\" width=\"600\">\n<tbody>\n<tr>\n<td>1.0<\/td>\n<td>1000<\/td>\n<td>2000<\/td>\n<td>7.85<\/td>\n<\/tr>\n<\/tbody>\n<\/table>\n<\/div>\n<div>\n<table style=\"height: 39px;\" width=\"600\">\n<tbody>\n<tr>\n<td>1.5<\/td>\n<td>1000<\/td>\n<td>2000<\/td>\n<td>11.8<\/td>\n<\/tr>\n<\/tbody>\n<\/table>\n<\/div>\n<div>\n<table style=\"height: 13px;\" width=\"600\">\n<tbody>\n<tr>\n<td>2.0<\/td>\n<td>1000<\/td>\n<td>2000<\/td>\n<td>15.7<\/td>\n<\/tr>\n<\/tbody>\n<\/table>\n<\/div>\n<div>\n<table style=\"height: 32px;\" width=\"600\">\n<tbody>\n<tr>\n<td>3.0<\/td>\n<td>1000<\/td>\n<td>2000<\/td>\n<td>23.4<\/td>\n<\/tr>\n<\/tbody>\n<\/table>\n<p><a href=\"https:\/\/keweicorten.com\/de\/produkte\/\"><img fetchpriority=\"high\" decoding=\"async\" class=\"alignnone\" title=\"Kaltgewalztes wetterbest\u00e4ndiges Corten-Stahlblech\" src=\"https:\/\/th.bing.com\/th\/id\/R.7d3d96359760168a62b545d7a34dec4c?rik=UIQkD29QgLt3Ew&amp;pid=ImgRaw&amp;r=0\" alt=\"Kaltgewalztes wetterbest\u00e4ndiges Corten-Stahlblech| keweicorten\" width=\"608\" height=\"355\" \/><\/a><\/p>\n<p><a href=\"https:\/\/keweicorten.com\/de\/produkte\/\"><img decoding=\"async\" class=\"alignnone\" title=\"Kaltgewalztes wetterbest\u00e4ndiges Corten-Stahlblech\" src=\"https:\/\/th.bing.com\/th\/id\/R.b047684d38961f37ec21afb9ea1a92ce?rik=oeK6kzxpnhIvpA&amp;pid=ImgRaw&amp;r=0\" alt=\"Kaltgewalztes Edelstahlblech -keweicorten \" width=\"606\" height=\"606\" \/><\/a><\/p>\n<\/div>","protected":false},"excerpt":{"rendered":"<p>Kaltgewalzte Stahlbleche werden im Kaltwalzverfahren hergestellt und haben in der Regel eine hohe Festigkeit und eine gute Oberfl\u00e4cheng\u00fcte. Es wird im Walzwerk bei normaler Temperatur gewalzt und kann die mechanischen Eigenschaften von Stahl effektiv verbessern.<\/p>","protected":false},"featured_media":1620,"comment_status":"open","ping_status":"closed","template":"","meta":{"_eb_attr":"","_monsterinsights_skip_tracking":false,"_monsterinsights_sitenote_active":false,"_monsterinsights_sitenote_note":"","_monsterinsights_sitenote_category":0,"_uf_show_specific_survey":0,"_uf_disable_surveys":false},"product_brand":[],"product_cat":[21],"product_tag":[],"class_list":{"0":"post-1619","1":"product","2":"type-product","3":"status-publish","4":"has-post-thumbnail","6":"product_cat-weather-resistant-steel-plate","8":"first","9":"instock","10":"shipping-taxable","11":"product-type-simple"},"_links":{"self":[{"href":"https:\/\/keweicorten.com\/de\/wp-json\/wp\/v2\/product\/1619"}],"collection":[{"href":"https:\/\/keweicorten.com\/de\/wp-json\/wp\/v2\/product"}],"about":[{"href":"https:\/\/keweicorten.com\/de\/wp-json\/wp\/v2\/types\/product"}],"replies":[{"embeddable":true,"href":"https:\/\/keweicorten.com\/de\/wp-json\/wp\/v2\/comments?post=1619"}],"version-history":[{"count":1,"href":"https:\/\/keweicorten.com\/de\/wp-json\/wp\/v2\/product\/1619\/revisions"}],"predecessor-version":[{"id":1621,"href":"https:\/\/keweicorten.com\/de\/wp-json\/wp\/v2\/product\/1619\/revisions\/1621"}],"wp:featuredmedia":[{"embeddable":true,"href":"https:\/\/keweicorten.com\/de\/wp-json\/wp\/v2\/media\/1620"}],"wp:attachment":[{"href":"https:\/\/keweicorten.com\/de\/wp-json\/wp\/v2\/media?parent=1619"}],"wp:term":[{"taxonomy":"product_brand","embeddable":true,"href":"https:\/\/keweicorten.com\/de\/wp-json\/wp\/v2\/product_brand?post=1619"},{"taxonomy":"product_cat","embeddable":true,"href":"https:\/\/keweicorten.com\/de\/wp-json\/wp\/v2\/product_cat?post=1619"},{"taxonomy":"product_tag","embeddable":true,"href":"https:\/\/keweicorten.com\/de\/wp-json\/wp\/v2\/product_tag?post=1619"}],"curies":[{"name":"wp","href":"https:\/\/api.w.org\/{rel}","templated":true}]}}