{"id":1622,"date":"2024-09-29T08:36:56","date_gmt":"2024-09-29T08:36:56","guid":{"rendered":"https:\/\/keweicorten.com\/?post_type=product&#038;p=1622"},"modified":"2025-10-15T07:02:51","modified_gmt":"2025-10-15T07:02:51","slug":"gartengitter-aus-corten-2","status":"publish","type":"product","link":"https:\/\/keweicorten.com\/de\/gartengitter-aus-corten-2\/","title":{"rendered":"Corten-Gartenschirme"},"content":{"rendered":"<p style=\"text-align: center;\"><strong>Corten-Gartengitter gibt es in verschiedenen Ausf\u00fchrungen:<\/strong><\/p>\n<ol>\n<li><strong>Material Dicke<\/strong>: In der Regel zwischen 2 mm und 6 mm, je nach gew\u00fcnschter Haltbarkeit und \u00c4sthetik.<\/li>\n<li><strong>Abmessungen<\/strong>: Zu den Standardgr\u00f6\u00dfen geh\u00f6ren Platten mit den Ma\u00dfen 1 m x 2 m, 1,5 m x 3 m oder Sondergr\u00f6\u00dfen, die sich an die jeweilige Gartengestaltung anpassen.<\/li>\n<li><strong>Gestaltung<\/strong>: Erh\u00e4ltlich in massiven Paneelen, perforierten Mustern oder dekorativen Aussparungen f\u00fcr Privatsph\u00e4re und \u00c4sthetik.<\/li>\n<li><strong>Oberfl\u00e4che<\/strong>: Das nat\u00fcrliche Rostfinish entwickelt sich im Laufe der Zeit und sorgt f\u00fcr ein einzigartiges Aussehen, das sich je nach Umgebungsbedingungen ver\u00e4ndert.<\/li>\n<li><strong>Einrichtung<\/strong>: H\u00e4ufig f\u00fcr eine einfache Installation konzipiert, mit Optionen f\u00fcr freistehende oder montierte Anwendungen.<\/li>\n<\/ol>\n<p><iframe title=\"YouTube video player\" src=\"https:\/\/www.youtube.com\/embed\/q2R3RdexYNE?si=_bYZaV0LabZu30Z-\" width=\"560\" height=\"315\" frameborder=\"0\" allowfullscreen=\"allowfullscreen\"><\/iframe><\/p>\n<table class=\"has-title all magic-11\" style=\"height: 154px;\" width=\"599\">\n<tbody>\n<tr>\n<td>\n<div class=\"magic-12\"><span style=\"font-size: medium;\">Produktname<\/span><\/div>\n<\/td>\n<td>\n<div class=\"magic-13\">Moderne Corten Stahl Metall Hof Zaun Panels mit g\u00fcnstigen Preis<\/div>\n<\/td>\n<\/tr>\n<tr>\n<td>\n<div class=\"magic-14\"><span style=\"font-size: medium;\">Material<\/span><\/div>\n<\/td>\n<td>\n<div class=\"magic-15\"><span style=\"font-size: medium;\">Cortenstahl<\/span><\/div>\n<\/td>\n<\/tr>\n<tr>\n<td>\n<div class=\"magic-14\"><span style=\"font-size: medium;\">Farbe<\/span><\/div>\n<\/td>\n<td>\n<div class=\"magic-15\"><span style=\"font-size: medium;\">Original oder rostrot<\/span><\/div>\n<\/td>\n<\/tr>\n<tr>\n<td>\n<div class=\"magic-14\"><span style=\"font-size: medium;\">Gr\u00f6\u00dfe<\/span><\/div>\n<\/td>\n<td>\n<div class=\"magic-15\"><span style=\"font-size: medium;\">1500mm*100mm*10mm oder als kundenspezifische Anforderung<\/span><\/div>\n<\/td>\n<\/tr>\n<tr>\n<td>\n<div class=\"magic-14\"><span style=\"font-size: medium;\">Anmeldung<\/span><\/div>\n<\/td>\n<td>\n<div class=\"magic-15\"><span style=\"font-size: medium;\">Wandvorhang, Gartengitter, Zaunpaneele<\/span><\/div>\n<\/td>\n<\/tr>\n<\/tbody>\n<\/table>\n<p>Verf\u00fcgbare Gr\u00f6\u00dfen: 60x120cm,80x160cm,90x180cm<\/p>\n<p>Verschiedene trendige Designs<\/p>\n<p>Material Details: Cortenstahl, verzinkter Stahl oder kundenspezifisches Material<\/p>\n<p>Oberfl\u00e4che: Entwickelt rostige Patina, pulverbeschichtet, lackiert, etc.<\/p>\n<p>Patina sch\u00fctzt vor zus\u00e4tzlicher Korrosion<\/p>\n<p>Kann im privaten und gewerblichen Bereich eingesetzt werden<\/p>\n<p>&nbsp;<\/p>\n<p><a href=\"https:\/\/keweicorten.com\/de\"><img fetchpriority=\"high\" decoding=\"async\" class=\"aligncenter\" title=\"Sichtschutz f\u00fcr den Garten\" src=\"https:\/\/sc04.alicdn.com\/kf\/H5339dbfd65f6487d81d45d921c42d7874\/252624420\/H5339dbfd65f6487d81d45d921c42d7874.jpg\" alt=\"Outdoor-Garten-Bildschirm Hersteller, Lieferanten, kundenspezifische\" width=\"599\" height=\"447\" \/><\/a><\/p>","protected":false},"excerpt":{"rendered":"<p>Der Corten Garden Paravent verbindet Kunst und Funktion in perfekter Weise, um die Sch\u00f6nheit Ihres Gartens zu unterstreichen, einen dauerhaften Sichtschutz zu bieten und ein individuelles Design zu zeigen.<\/p>","protected":false},"featured_media":1623,"comment_status":"open","ping_status":"closed","template":"","meta":{"_eb_attr":"","_monsterinsights_skip_tracking":false,"_monsterinsights_sitenote_active":false,"_monsterinsights_sitenote_note":"","_monsterinsights_sitenote_category":0,"_uf_show_specific_survey":0,"_uf_disable_surveys":false},"product_brand":[],"product_cat":[57],"product_tag":[],"class_list":{"0":"post-1622","1":"product","2":"type-product","3":"status-publish","4":"has-post-thumbnail","6":"product_cat-screen-panel","8":"first","9":"instock","10":"shipping-taxable","11":"product-type-simple"},"_links":{"self":[{"href":"https:\/\/keweicorten.com\/de\/wp-json\/wp\/v2\/product\/1622"}],"collection":[{"href":"https:\/\/keweicorten.com\/de\/wp-json\/wp\/v2\/product"}],"about":[{"href":"https:\/\/keweicorten.com\/de\/wp-json\/wp\/v2\/types\/product"}],"replies":[{"embeddable":true,"href":"https:\/\/keweicorten.com\/de\/wp-json\/wp\/v2\/comments?post=1622"}],"version-history":[{"count":2,"href":"https:\/\/keweicorten.com\/de\/wp-json\/wp\/v2\/product\/1622\/revisions"}],"predecessor-version":[{"id":5680,"href":"https:\/\/keweicorten.com\/de\/wp-json\/wp\/v2\/product\/1622\/revisions\/5680"}],"wp:featuredmedia":[{"embeddable":true,"href":"https:\/\/keweicorten.com\/de\/wp-json\/wp\/v2\/media\/1623"}],"wp:attachment":[{"href":"https:\/\/keweicorten.com\/de\/wp-json\/wp\/v2\/media?parent=1622"}],"wp:term":[{"taxonomy":"product_brand","embeddable":true,"href":"https:\/\/keweicorten.com\/de\/wp-json\/wp\/v2\/product_brand?post=1622"},{"taxonomy":"product_cat","embeddable":true,"href":"https:\/\/keweicorten.com\/de\/wp-json\/wp\/v2\/product_cat?post=1622"},{"taxonomy":"product_tag","embeddable":true,"href":"https:\/\/keweicorten.com\/de\/wp-json\/wp\/v2\/product_tag?post=1622"}],"curies":[{"name":"wp","href":"https:\/\/api.w.org\/{rel}","templated":true}]}}