{"id":1648,"date":"2024-09-30T06:36:19","date_gmt":"2024-09-30T06:36:19","guid":{"rendered":"https:\/\/keweicorten.com\/?post_type=product&#038;p=1648"},"modified":"2024-09-30T06:36:19","modified_gmt":"2024-09-30T06:36:19","slug":"q295nh-cortenstahlplatten-witterungsbestandig","status":"publish","type":"product","link":"https:\/\/keweicorten.com\/de\/q295nh-cortenstahlplatten-witterungsbestandig\/","title":{"rendered":"Q295NH Corten-Stahlplatten witterungsbest\u00e4ndig"},"content":{"rendered":"<p><strong>Leistungsmerkmale von Q295NH Corten-Stahlblechen:<\/strong><\/p>\n<p>1. Wetterbest\u00e4ndigkeit:<br \/>\nSelbstsch\u00fctzende Rostschicht:<br \/>\nQ295NH bildet eine stabile Oxidschicht (Patina), wenn es Witterungseinfl\u00fcssen ausgesetzt wird, die weitere Korrosion verhindert. Diese Patina entwickelt sich mit der Zeit und macht das Material sehr witterungsbest\u00e4ndig, ohne dass ein Anstrich oder zus\u00e4tzliche Beschichtungen erforderlich sind.<br \/>\nKorrosionsbest\u00e4ndigkeit:<br \/>\nDer Stahl ist im Vergleich zu normalem Stahl widerstandsf\u00e4higer gegen atmosph\u00e4rische Korrosion, insbesondere in Umgebungen mit wechselnder Luftfeuchtigkeit und Nass-Trocken-Zyklen.<\/p>\n<p>2. Mechanische Eigenschaften:<br \/>\nZugfestigkeit: \u2265 490 MPa<br \/>\nStreckgrenze: \u2265 295 MPa<br \/>\nDehnung:\u2265 20%<br \/>\nDank dieser mechanischen Eigenschaften eignet sich Q295NH f\u00fcr Umgebungen mit hoher Beanspruchung, wobei Flexibilit\u00e4t und Z\u00e4higkeit erhalten bleiben.<\/p>\n<p>3. Schlagz\u00e4higkeit:<br \/>\nAufprallenergie:\u2265 27J bei -20\u00b0C<br \/>\nDiese hohe Schlagz\u00e4higkeit bei niedrigen Temperaturen sorgt daf\u00fcr, dass der Stahl auch in rauem Klima haltbar bleibt.4. hohe Haltbarkeit:**<br \/>\nLange Lebensdauer:<br \/>\nDie nat\u00fcrliche Rostschicht bietet langfristigen Schutz und eignet sich daher f\u00fcr Au\u00dfenanwendungen wie Fassaden, Br\u00fccken und architektonische Elemente.<br \/>\nGeringer Wartungsaufwand:<br \/>\nDank der selbstformenden Schutzschicht ist der Bedarf an Anstrich und Wartung minimal.<\/p>\n<p>5. Schwei\u00dfbarkeit:<br \/>\nQ295NH ist gut schwei\u00dfbar und l\u00e4sst sich daher leicht verarbeiten und in gro\u00dfe Strukturen integrieren. Um die witterungsbest\u00e4ndigen Eigenschaften zu erhalten, sollten geeignete Schwei\u00dftechniken angewendet werden.<\/p>\n<p>6. Atmosph\u00e4rische Anpassungsf\u00e4higkeit:<br \/>\nAnpassungsf\u00e4hig an raue Klimabedingungen:<br \/>\nDer Stahl eignet sich sowohl f\u00fcr trockene als auch f\u00fcr nasse Umgebungen und ist resistent gegen UV-Strahlung und Verschmutzung.<br \/>\nEntwicklung der Patina:<br \/>\nDie Patina entwickelt sich in abwechselnd nassen und trockenen Umgebungen schneller und bietet im Laufe der Zeit einen besseren Schutz.<\/p>\n<p>7. \u00c4sthetische Anziehungskraft:<br \/>\nNat\u00fcrliches verwittertes Aussehen:<br \/>\nDie rostige Oberfl\u00e4che hat ein ansprechendes, rustikales Aussehen, das bei architektonischen und landschaftsgestalterischen Anwendungen sehr erw\u00fcnscht ist.<\/p>\n<p>8. Vorteile f\u00fcr die Umwelt:<br \/>\nNachhaltigkeit:<br \/>\nDa keine Farbe oder Beschichtung erforderlich ist, gilt Q295NH als umweltfreundlicher. Die Patina verringert die Abnutzung des Stahls, wodurch sich seine Lebensdauer verl\u00e4ngert und der Bedarf an Ersatzprodukten verringert.<\/p>\n<p><a href=\"https:\/\/keweicorten.com\/de\"><img fetchpriority=\"high\" decoding=\"async\" class=\"alignnone\" title=\"Q295NH Corten-Stahlplatten witterungsbest\u00e4ndig \" src=\"https:\/\/th.bing.com\/th\/id\/OIP._-rX8x76XtiJCvzh5ULlWwAAAA?rs=1&amp;pid=ImgDetMain\" alt=\"Q295NH Corten Stahlplatten Wetterbest\u00e4ndig Fabrik, China, Preis, Hersteller, \" width=\"600\" height=\"600\" \/><\/a><\/p>\n<p><a href=\"https:\/\/keweicorten.com\/de\/produkt\/corten-gartenschirme\/\"><img decoding=\"async\" class=\"alignnone\" title=\"Q295NH Corten-Stahlplatten witterungsbest\u00e4ndig \" src=\"https:\/\/th.bing.com\/th\/id\/R.b85b66e6f1a03b187a7a190e3c04c310?rik=kKtgu8fkuFUPLA&amp;riu=http%3a%2f%2fwww.sdxawy.com%2fUploadFiles%2fOthers%2f201507081113359580278.jpg&amp;ehk=TFvcfO%2fBsrEHg0n7Qm9ZVT9EjVarZKMOBTpSW3Gm2LY%3d&amp;risl=&amp;pid=ImgRaw&amp;r=0\" alt=\"Q295NH Corten Stahlplatten Wetterbest\u00e4ndig Fabrik, China, Preis, Hersteller, \" width=\"601\" height=\"413\" \/><\/a><\/p>","protected":false},"excerpt":{"rendered":"<ul>\n<li><strong>Name des Materials:<\/strong> Q295NH Cortenstahl<\/li>\n<li><strong>Art:<\/strong> Witterungsbest\u00e4ndiger Stahl<\/li>\n<li><strong>Anwendung:<\/strong> Bauplatten, Au\u00dfenstrukturen, Br\u00fccken, Gartenm\u00f6bel usw.<\/li>\n<\/ul>","protected":false},"featured_media":1649,"comment_status":"open","ping_status":"closed","template":"","meta":{"_eb_attr":"","_monsterinsights_skip_tracking":false,"_monsterinsights_sitenote_active":false,"_monsterinsights_sitenote_note":"","_monsterinsights_sitenote_category":0,"_uf_show_specific_survey":0,"_uf_disable_surveys":false},"product_brand":[],"product_cat":[21],"product_tag":[],"class_list":{"0":"post-1648","1":"product","2":"type-product","3":"status-publish","4":"has-post-thumbnail","6":"product_cat-weather-resistant-steel-plate","8":"first","9":"instock","10":"shipping-taxable","11":"product-type-simple"},"_links":{"self":[{"href":"https:\/\/keweicorten.com\/de\/wp-json\/wp\/v2\/product\/1648"}],"collection":[{"href":"https:\/\/keweicorten.com\/de\/wp-json\/wp\/v2\/product"}],"about":[{"href":"https:\/\/keweicorten.com\/de\/wp-json\/wp\/v2\/types\/product"}],"replies":[{"embeddable":true,"href":"https:\/\/keweicorten.com\/de\/wp-json\/wp\/v2\/comments?post=1648"}],"version-history":[{"count":1,"href":"https:\/\/keweicorten.com\/de\/wp-json\/wp\/v2\/product\/1648\/revisions"}],"predecessor-version":[{"id":1650,"href":"https:\/\/keweicorten.com\/de\/wp-json\/wp\/v2\/product\/1648\/revisions\/1650"}],"wp:featuredmedia":[{"embeddable":true,"href":"https:\/\/keweicorten.com\/de\/wp-json\/wp\/v2\/media\/1649"}],"wp:attachment":[{"href":"https:\/\/keweicorten.com\/de\/wp-json\/wp\/v2\/media?parent=1648"}],"wp:term":[{"taxonomy":"product_brand","embeddable":true,"href":"https:\/\/keweicorten.com\/de\/wp-json\/wp\/v2\/product_brand?post=1648"},{"taxonomy":"product_cat","embeddable":true,"href":"https:\/\/keweicorten.com\/de\/wp-json\/wp\/v2\/product_cat?post=1648"},{"taxonomy":"product_tag","embeddable":true,"href":"https:\/\/keweicorten.com\/de\/wp-json\/wp\/v2\/product_tag?post=1648"}],"curies":[{"name":"wp","href":"https:\/\/api.w.org\/{rel}","templated":true}]}}