{"id":1718,"date":"2024-09-30T09:00:36","date_gmt":"2024-09-30T09:00:36","guid":{"rendered":"https:\/\/keweicorten.com\/?post_type=product&#038;p=1718"},"modified":"2024-09-30T09:01:52","modified_gmt":"2024-09-30T09:01:52","slug":"astm-a709-stahl","status":"publish","type":"product","link":"https:\/\/keweicorten.com\/de\/astm-a709-stahl\/","title":{"rendered":"ASTM A709 Stahl"},"content":{"rendered":"<p>ASTM A709 ist die Standardspezifikation f\u00fcr Baustahl, der im Br\u00fcckenbau und anderen Bauanwendungen eingesetzt wird. Diese Spezifikation gilt f\u00fcr Bleche aus Kohlenstoffstahl und hochfestem, niedrig legiertem Stahl sowie f\u00fcr Bauformen, die f\u00fcr den Einsatz in Br\u00fccken vorgesehen sind, wobei der Schwerpunkt auf besseren mechanischen Eigenschaften und einer verbesserten Best\u00e4ndigkeit gegen atmosph\u00e4rische Korrosion liegt, um eine l\u00e4ngere Lebensdauer zu erreichen.<\/p>\n<p><strong>ASTM A709-Stahl (\u00fcblicherweise f\u00fcr Br\u00fccken verwendet)<\/strong><\/p>\n<ul>\n<li><strong>Dicke (Crassitudo):<\/strong><br \/>\nDie \u00fcblichen Dicken reichen von 6 mm bis 100 mm, aber auf Anfrage k\u00f6nnen auch dickere Platten hergestellt werden.<\/li>\n<li><strong>Breite (Latitudo):<\/strong><br \/>\nIn der Regel in Breiten von 1.500 mm bis 3.200 mm erh\u00e4ltlich.<\/li>\n<li><strong>L\u00e4nge (Longitudo):<\/strong><br \/>\nDie L\u00e4ngen variieren und reichen im Allgemeinen von 6.000 mm bis 12.000 mm oder werden je nach Projektbedarf auf Ma\u00df zugeschnitten.<\/li>\n<\/ul>\n<p><a href=\"https:\/\/keweicorten.com\/de\"><img fetchpriority=\"high\" decoding=\"async\" class=\"alignnone\" title=\"ASTM A709 Stahl\" src=\"https:\/\/steelplates.in\/wp-content\/uploads\/ASTM-A709-Gr-36-50-50S-50W-100-100W-HPS50W-HPS70W-HPS100W-Carbon-Plates-Manufacturers-Dealers-1.jpg\" alt=\"ASTM A709 Grade HPS 70W Stahlblech\/Leisten Lieferanten.\" width=\"550\" height=\"550\" \/><\/a><\/p>\n<table>\n<thead>\n<tr>\n<th><strong>Klasse<\/strong><\/th>\n<th><strong>Streckgrenze (ksi)<\/strong><\/th>\n<th><strong>Zugfestigkeit (ksi)<\/strong><\/th>\n<th><strong>Dehnung (%)<\/strong><\/th>\n<th><strong>Korrosionsbest\u00e4ndigkeit<\/strong><\/th>\n<th><strong>Anmerkungen<\/strong><\/th>\n<\/tr>\n<\/thead>\n<tbody>\n<tr>\n<td>A709 Klasse 36<\/td>\n<td>36<\/td>\n<td>58-80<\/td>\n<td>20 (in 2\u2033)<\/td>\n<td>Standard<\/td>\n<td>Standard-Baustahl.<\/td>\n<\/tr>\n<tr>\n<td>A709 Klasse 50<\/td>\n<td>50<\/td>\n<td>65-85<\/td>\n<td>18 (in 2\u2033)<\/td>\n<td>M\u00e4\u00dfig<\/td>\n<td>H\u00f6here Streckgrenze, allgemeine Verwendung f\u00fcr Br\u00fccken.<\/td>\n<\/tr>\n<tr>\n<td>A709 Klasse 50W<\/td>\n<td>50<\/td>\n<td>70-90<\/td>\n<td>18 (in 2\u2033)<\/td>\n<td>Verwitterung<\/td>\n<td>Verbesserte atmosph\u00e4rische Korrosionsbest\u00e4ndigkeit, \u00e4hnlich wie bei Corten-Stahl.<\/td>\n<\/tr>\n<tr>\n<td>A709 Klasse HPS 50W<\/td>\n<td>50<\/td>\n<td>70-90<\/td>\n<td>18 (in 2\u2033)<\/td>\n<td>Verwitterung<\/td>\n<td>Hochleistungsstahl mit witterungsbest\u00e4ndigen Eigenschaften f\u00fcr Br\u00fcckenanwendungen.<\/td>\n<\/tr>\n<tr>\n<td>A709 Klasse HPS 70W<\/td>\n<td>70<\/td>\n<td>85-110<\/td>\n<td>16 (in 2\u2033)<\/td>\n<td>Verwitterung<\/td>\n<td>H\u00f6herfeste Version der G\u00fcteklasse 50W, witterungsbest\u00e4ndig.<\/td>\n<\/tr>\n<tr>\n<td>A709 Klasse HPS 100W<\/td>\n<td>100<\/td>\n<td>110-130<\/td>\n<td>16 (in 2\u2033)<\/td>\n<td>Verwitterung<\/td>\n<td>Leistungsstarker, hochfester Stahl mit witterungsbest\u00e4ndigen Eigenschaften.<\/td>\n<\/tr>\n<\/tbody>\n<\/table>\n<div>\n<p><strong>ASTM A709 Stahl Chemische Zusammensetzung (H\u00f6chstwerte, % nach Gewicht)<\/strong><\/p>\n<table>\n<thead>\n<tr>\n<th><strong>Element<\/strong><\/th>\n<th><strong>Klasse 36<\/strong><\/th>\n<th><strong>Klasse 50 &amp; 50W<\/strong><\/th>\n<th><strong>HPS 50W<\/strong><\/th>\n<th><strong>HPS 70W<\/strong><\/th>\n<th><strong>HPS 100W<\/strong><\/th>\n<\/tr>\n<\/thead>\n<tbody>\n<tr>\n<td>Kohlenstoff (C)<\/td>\n<td>0.26<\/td>\n<td>0.23<\/td>\n<td>0.11<\/td>\n<td>0.11<\/td>\n<td>0.11<\/td>\n<\/tr>\n<tr>\n<td>Mangan (Mn)<\/td>\n<td>1.35<\/td>\n<td>1.35<\/td>\n<td>1.35<\/td>\n<td>1.35<\/td>\n<td>1.65<\/td>\n<\/tr>\n<tr>\n<td>Phosphor (P)<\/td>\n<td>0.04<\/td>\n<td>0.04<\/td>\n<td>0.02<\/td>\n<td>0.02<\/td>\n<td>0.02<\/td>\n<\/tr>\n<tr>\n<td>Schwefel (S)<\/td>\n<td>0.05<\/td>\n<td>0.05<\/td>\n<td>0.01<\/td>\n<td>0.01<\/td>\n<td>0.01<\/td>\n<\/tr>\n<tr>\n<td>Silizium (Si)<\/td>\n<td>0.40<\/td>\n<td>0.40<\/td>\n<td>0.40<\/td>\n<td>0.40<\/td>\n<td>0.40<\/td>\n<\/tr>\n<tr>\n<td>Kupfer (Cu)<\/td>\n<td>K.A.<\/td>\n<td>0.20<\/td>\n<td>0.25<\/td>\n<td>0.25<\/td>\n<td>0.25<\/td>\n<\/tr>\n<tr>\n<td>Chrom (Cr)<\/td>\n<td>K.A.<\/td>\n<td>0.45<\/td>\n<td>0.40<\/td>\n<td>0.40<\/td>\n<td>0.50<\/td>\n<\/tr>\n<tr>\n<td>Nickel (Ni)<\/td>\n<td>K.A.<\/td>\n<td>0.25<\/td>\n<td>0.40<\/td>\n<td>0.40<\/td>\n<td>0.50<\/td>\n<\/tr>\n<\/tbody>\n<\/table>\n<p><img decoding=\"async\" class=\"alignnone\" title=\"ASTM A709 Stahl\" src=\"https:\/\/tse4-mm.cn.bing.net\/th\/id\/OIP-C.h6jTCxJxRs-nz86Dskc2MQHaHa?rs=1&amp;pid=ImgDetMain\" alt=\"China ASTM A709 Grade 50 Stahlplatte Hersteller, Lieferanten - Fabrik\" width=\"550\" height=\"550\" \/><\/p>\n<\/div>","protected":false},"excerpt":{"rendered":"<p>ASTM A709-Stahl ist ein hochfester, niedrig legierter Baustahl, der in einer Vielzahl von Anwendungen wie Br\u00fccken, Geb\u00e4uden und Autobahnen eingesetzt wird. Dieser Stahl ist f\u00fcr seine hervorragende Festigkeit, Haltbarkeit und Z\u00e4higkeit bekannt, was ihn zu einer beliebten Wahl f\u00fcr Bauprojekte auf der ganzen Welt macht.<\/p>","protected":false},"featured_media":1719,"comment_status":"open","ping_status":"closed","template":"","meta":{"_eb_attr":"","_monsterinsights_skip_tracking":false,"_monsterinsights_sitenote_active":false,"_monsterinsights_sitenote_note":"","_monsterinsights_sitenote_category":0,"_uf_show_specific_survey":0,"_uf_disable_surveys":false},"product_brand":[],"product_cat":[21],"product_tag":[],"class_list":{"0":"post-1718","1":"product","2":"type-product","3":"status-publish","4":"has-post-thumbnail","6":"product_cat-weather-resistant-steel-plate","8":"first","9":"instock","10":"shipping-taxable","11":"product-type-simple"},"_links":{"self":[{"href":"https:\/\/keweicorten.com\/de\/wp-json\/wp\/v2\/product\/1718"}],"collection":[{"href":"https:\/\/keweicorten.com\/de\/wp-json\/wp\/v2\/product"}],"about":[{"href":"https:\/\/keweicorten.com\/de\/wp-json\/wp\/v2\/types\/product"}],"replies":[{"embeddable":true,"href":"https:\/\/keweicorten.com\/de\/wp-json\/wp\/v2\/comments?post=1718"}],"version-history":[{"count":2,"href":"https:\/\/keweicorten.com\/de\/wp-json\/wp\/v2\/product\/1718\/revisions"}],"predecessor-version":[{"id":1721,"href":"https:\/\/keweicorten.com\/de\/wp-json\/wp\/v2\/product\/1718\/revisions\/1721"}],"wp:featuredmedia":[{"embeddable":true,"href":"https:\/\/keweicorten.com\/de\/wp-json\/wp\/v2\/media\/1719"}],"wp:attachment":[{"href":"https:\/\/keweicorten.com\/de\/wp-json\/wp\/v2\/media?parent=1718"}],"wp:term":[{"taxonomy":"product_brand","embeddable":true,"href":"https:\/\/keweicorten.com\/de\/wp-json\/wp\/v2\/product_brand?post=1718"},{"taxonomy":"product_cat","embeddable":true,"href":"https:\/\/keweicorten.com\/de\/wp-json\/wp\/v2\/product_cat?post=1718"},{"taxonomy":"product_tag","embeddable":true,"href":"https:\/\/keweicorten.com\/de\/wp-json\/wp\/v2\/product_tag?post=1718"}],"curies":[{"name":"wp","href":"https:\/\/api.w.org\/{rel}","templated":true}]}}