{"id":1729,"date":"2024-10-08T07:19:38","date_gmt":"2024-10-08T07:19:38","guid":{"rendered":"https:\/\/keweicorten.com\/?post_type=product&#038;p=1729"},"modified":"2025-01-15T06:19:42","modified_gmt":"2025-01-15T06:19:42","slug":"bbq-grill-2","status":"publish","type":"product","link":"https:\/\/keweicorten.com\/de\/bbq-grill-2\/","title":{"rendered":"Cortenstahl-Grills"},"content":{"rendered":"<h2><strong>Merkmale von Cortenstahl-Grills<\/strong>:<\/h2>\n<ol>\n<li><strong>Witterungsbest\u00e4ndigkeit<\/strong>:\n<ul>\n<li>Cortenstahl ist speziell daf\u00fcr ausgelegt, durch die Bildung einer sch\u00fctzenden Rostschicht korrosionsbest\u00e4ndig zu sein. Das macht ihn ideal f\u00fcr den Einsatz im Freien, wo die Grills verschiedenen Wetterbedingungen ausgesetzt sind. Die Rostschicht erh\u00f6ht nicht nur die Haltbarkeit des Grills, sondern verleiht ihm mit der Zeit auch ein einzigartiges Aussehen.<\/li>\n<\/ul>\n<\/li>\n<li><strong>\u00c4sthetische Anziehungskraft<\/strong>:\n<ul>\n<li>Die satten, erdigen Farbt\u00f6ne des verwitterten Stahls f\u00fcgen sich nahtlos in nat\u00fcrliche Umgebungen im Freien ein. Corten-Stahlgrills werden oft wegen ihres rustikalen und industriellen Aussehens gew\u00e4hlt, das sich mit der Verwitterung des Stahls und der Vertiefung der Farbe entwickelt.<\/li>\n<\/ul>\n<\/li>\n<li><strong>Dauerhaftigkeit<\/strong>:\n<ul>\n<li>Cortenstahl ist \u00e4u\u00dferst langlebig und witterungsbest\u00e4ndig. Die sch\u00fctzende Rostschicht verhindert tiefere Korrosion und sorgt daf\u00fcr, dass der Grill l\u00e4nger h\u00e4lt als solche aus normalem Stahl oder Eisen.<\/li>\n<\/ul>\n<\/li>\n<li><strong>Geringe Wartung<\/strong>:\n<ul>\n<li>Im Gegensatz zu lackierten oder beschichteten Grills, die unter Umst\u00e4nden ausgebessert werden m\u00fcssen, ben\u00f6tigen Cortenstahl-Grills nur minimale Wartung. Die nat\u00fcrliche Rostschicht ist selbsterhaltend und muss nicht nachgestrichen oder versiegelt werden.<\/li>\n<\/ul>\n<\/li>\n<li><strong>W\u00e4rmer\u00fcckhaltung<\/strong>:\n<ul>\n<li>Cortenstahl hat gute W\u00e4rmespeichereigenschaften und ist daher ein ausgezeichnetes Material f\u00fcr Grills. Es tr\u00e4gt dazu bei, dass die Hitze gleichm\u00e4\u00dfig \u00fcber die Kochfl\u00e4che verteilt wird und die Speisen richtig gar werden.<\/li>\n<\/ul>\n<\/li>\n<\/ol>\n<p><a href=\"https:\/\/keweicorten.com\/de\"><img fetchpriority=\"high\" decoding=\"async\" class=\"alignnone\" title=\"Cortenstahl-Grill\" src=\"https:\/\/sc04.alicdn.com\/kf\/H753466d0919a44c58cdec2fa46b567c7r\/253038816\/H753466d0919a44c58cdec2fa46b567c7r.jpg\" alt=\"corten stahl bbq grill china fabrik preis -keweicorten\" width=\"650\" height=\"650\" \/><\/a><\/p>\n<p><strong>Anwendungen von Cortenstahl-Feuerstellen:<\/strong><\/p>\n<ol>\n<li><strong>Grills f\u00fcr Hinterhof und Garten<\/strong><\/li>\n<li><strong>Gewerbliche und gastronomische Nutzung<\/strong><\/li>\n<li><strong>Feuerstellen mit Grills<\/strong><\/li>\n<li><strong>Tragbare Grills<\/strong>:<\/li>\n<\/ol>\n<p><a href=\"https:\/\/keweicorten.com\/de\/produkt\/corten-gartenschirme\/\"><img decoding=\"async\" class=\"alignnone\" title=\"Korten-BBQ-Grill\" src=\"https:\/\/sc04.alicdn.com\/kf\/Ha38b145b3aba45c79d67d0d9f2bc2d83B\/253038816\/Ha38b145b3aba45c79d67d0d9f2bc2d83B.jpg\" alt=\"Korten-BBQ-Grill\" width=\"650\" height=\"650\" \/><\/a><\/p>\n<p><strong>Vorteile von Cortenstahl-Grills<\/strong>:<strong>Langlebiges Material<\/strong>: Die inh\u00e4renten Witterungseigenschaften von Corten-Stahl verl\u00e4ngern die Lebensdauer des Grills und reduzieren die Notwendigkeit eines Austauschs.<strong>Nat\u00fcrliche \u00c4sthetik<\/strong>: Grills aus Cortenstahl haben ein nat\u00fcrliches, robustes Aussehen, das die Kochumgebung im Freien aufwertet und sowohl Funktion als auch Stil bietet.<strong>Umweltfreundlich<\/strong>: Da Cortenstahl eine eigene Schutzschicht entwickelt, sind keine umweltsch\u00e4dlichen Farben oder Beschichtungen erforderlich.<strong>Personalisierung<\/strong>: Viele Cortenstahl-Grills sind individuell anpassbar und erm\u00f6glichen einzigartige Formen, Gr\u00f6\u00dfen und Designs, die den pers\u00f6nlichen Vorlieben oder der Landschaftsgestaltung entsprechen.<\/p>\n<p><strong>Wartungstipps f\u00fcr <\/strong>BBQ-Grill aus Cortenstahl:<\/p>\n<p><strong>Regelm\u00e4\u00dfige Reinigung der Kochroste<\/strong>W\u00e4hrend das \u00c4u\u00dfere des Cortenstahls wenig Pflege erfordert, sollten die Kochroste (oft aus Edelstahl oder Gusseisen) nach jedem Gebrauch gereinigt werden, um Speisereste und Fett zu entfernen.<\/p>\n<p><strong>Vermeiden Sie Wasserstagnation<\/strong>Stellen Sie sicher, dass der Grill nicht f\u00fcr l\u00e4ngere Zeit in stehendem Wasser steht, da eine l\u00e4ngere Wassereinwirkung den nat\u00fcrlichen Rostprozess von Cortenstahl beeintr\u00e4chtigen kann. Obwohl er witterungsbest\u00e4ndig ist, kann \u00fcberm\u00e4\u00dfige Feuchtigkeit das Rosten \u00fcber die vorgesehene Schutzschicht hinaus beschleunigen.<\/p>\n<p><strong>\u00d6len der Kochfl\u00e4che<\/strong>:Tragen Sie vor dem Grillen eine d\u00fcnne Schicht Speise\u00f6l auf die Roste auf, um ein Anhaften der Speisen zu verhindern und das Metall vor direkter Hitze zu sch\u00fctzen.<\/p>\n<p><strong>Verwenden Sie bei Nichtgebrauch eine Abdeckung<\/strong>Corten-Stahl ist zwar langlebig, aber die Verwendung einer Grillabdeckung kann seine Lebensdauer verl\u00e4ngern, indem sie ihn vor Regen und Schnee sch\u00fctzt, insbesondere in rauen Klimazonen.<\/p>","protected":false},"excerpt":{"rendered":"<p>Die obere Backplatte hat unterschiedliche Gartemperaturen bei der Holzverbrennung. In der Mitte der Cortenstahl bbq Grillplatte ist viel h\u00f6her und die Au\u00dfenseiten Temperatur ist ein wenig niedriger.<\/p>","protected":false},"featured_media":1731,"comment_status":"open","ping_status":"closed","template":"","meta":{"_eb_attr":"","_monsterinsights_skip_tracking":false,"_monsterinsights_sitenote_active":false,"_monsterinsights_sitenote_note":"","_monsterinsights_sitenote_category":0,"_uf_show_specific_survey":0,"_uf_disable_surveys":false},"product_brand":[],"product_cat":[63],"product_tag":[],"class_list":{"0":"post-1729","1":"product","2":"type-product","3":"status-publish","4":"has-post-thumbnail","6":"product_cat-steel-bbq-grill","8":"first","9":"instock","10":"shipping-taxable","11":"product-type-simple"},"_links":{"self":[{"href":"https:\/\/keweicorten.com\/de\/wp-json\/wp\/v2\/product\/1729"}],"collection":[{"href":"https:\/\/keweicorten.com\/de\/wp-json\/wp\/v2\/product"}],"about":[{"href":"https:\/\/keweicorten.com\/de\/wp-json\/wp\/v2\/types\/product"}],"replies":[{"embeddable":true,"href":"https:\/\/keweicorten.com\/de\/wp-json\/wp\/v2\/comments?post=1729"}],"version-history":[{"count":1,"href":"https:\/\/keweicorten.com\/de\/wp-json\/wp\/v2\/product\/1729\/revisions"}],"predecessor-version":[{"id":1736,"href":"https:\/\/keweicorten.com\/de\/wp-json\/wp\/v2\/product\/1729\/revisions\/1736"}],"wp:featuredmedia":[{"embeddable":true,"href":"https:\/\/keweicorten.com\/de\/wp-json\/wp\/v2\/media\/1731"}],"wp:attachment":[{"href":"https:\/\/keweicorten.com\/de\/wp-json\/wp\/v2\/media?parent=1729"}],"wp:term":[{"taxonomy":"product_brand","embeddable":true,"href":"https:\/\/keweicorten.com\/de\/wp-json\/wp\/v2\/product_brand?post=1729"},{"taxonomy":"product_cat","embeddable":true,"href":"https:\/\/keweicorten.com\/de\/wp-json\/wp\/v2\/product_cat?post=1729"},{"taxonomy":"product_tag","embeddable":true,"href":"https:\/\/keweicorten.com\/de\/wp-json\/wp\/v2\/product_tag?post=1729"}],"curies":[{"name":"wp","href":"https:\/\/api.w.org\/{rel}","templated":true}]}}