{"id":1737,"date":"2024-10-10T02:39:56","date_gmt":"2024-10-10T02:39:56","guid":{"rendered":"https:\/\/keweicorten.com\/?post_type=product&#038;p=1737"},"modified":"2024-10-10T02:39:56","modified_gmt":"2024-10-10T02:39:56","slug":"lineare-feuerstelle","status":"publish","type":"product","link":"https:\/\/keweicorten.com\/de\/lineare-feuerstelle\/","title":{"rendered":"lineare Feuerstelle"},"content":{"rendered":"<p>A <strong>lineare Feuerstelle<\/strong> ist ein elegantes und modernes Feuerelement f\u00fcr den Au\u00dfenbereich, das sich durch seine l\u00e4ngliche, rechteckige Form auszeichnet. Sie bietet eine stilvolle M\u00f6glichkeit, ein Feuer im Freien zu genie\u00dfen und dient gleichzeitig als auff\u00e4lliges Designelement in Hinterh\u00f6fen, Terrassen oder Gesch\u00e4ftsr\u00e4umen. Lineare Feuerstellen werden aufgrund ihrer klaren Linien und der dramatischen Wirkung einer langen, durchgehenden Flamme h\u00e4ufig in modernen Designs verwendet.<\/p>\n<h3><strong>Hauptmerkmale einer linearen Feuerstelle<\/strong>:<\/h3>\n<ol>\n<li><strong>Rechteckige Form<\/strong>:\n<ul>\n<li>Das charakteristische Merkmal einer linearen Feuerstelle ist ihre lange, rechteckige Form, die ein k\u00fchnes und modernes Aussehen erzeugt. Diese Feuerstellen k\u00f6nnen in verschiedenen L\u00e4ngen und Breiten hergestellt werden, um verschiedenen R\u00e4umen gerecht zu werden, wobei die L\u00e4nge von 3 bis 8 Fu\u00df am h\u00e4ufigsten ist.<\/li>\n<\/ul>\n<\/li>\n<li><strong>Brenner-Typen<\/strong>:\n<ul>\n<li><strong>Lineare Brenner<\/strong>: Das Feuer in einer linearen Feuerstelle wird von einem linearen Brenner erzeugt, der sich \u00fcber die gesamte L\u00e4nge der Feuerstelle erstreckt und eine kontinuierliche Flamme erzeugt. Diese Brenner sind in der Regel aus rostfreiem Stahl gefertigt, um eine lange Lebensdauer zu gew\u00e4hrleisten, und sind in verschiedenen Gr\u00f6\u00dfen und Heizleistungen erh\u00e4ltlich.<\/li>\n<li><strong>H-f\u00f6rmige Brenner<\/strong>: F\u00fcr breitere, lineare Feuerstellen k\u00f6nnen H-f\u00f6rmige Brenner verwendet werden, um eine Flammenabdeckung \u00fcber die gesamte Breite der Feuerstelle zu gew\u00e4hrleisten und den visuellen Effekt der Flamme zu verbessern.<\/li>\n<\/ul>\n<\/li>\n<li><strong>Kraftstoffarten<\/strong>:\n<ul>\n<li><strong>Erdgas<\/strong>: Erdgas ist eine beliebte Option f\u00fcr lineare Feuerstellen, weil es eine kontinuierliche Brennstoffquelle bietet, die perfekt f\u00fcr l\u00e4ngere, permanente Installationen ist. Erdgas-Feuerstellen sind ideal f\u00fcr diejenigen, die Zugang zu einer Erdgasleitung haben.<\/li>\n<li><strong>Propan<\/strong>: Propan ist ein weiterer g\u00e4ngiger Brennstoff, insbesondere f\u00fcr tragbare oder freistehende Feuerstellen. Propantanks sind in der Regel in einem versteckten Fach in der Feuerstelle oder in der N\u00e4he untergebracht.<\/li>\n<\/ul>\n<\/li>\n<\/ol>\n<p><a href=\"https:\/\/keweicorten.com\/de\"><img fetchpriority=\"high\" decoding=\"async\" class=\"alignnone\" title=\"Erdgas-Feuerstelle im Freien\" src=\"https:\/\/sc04.alicdn.com\/kf\/H52e6bcd9904f4d2a9102ec238c91768ay\/253038816\/H52e6bcd9904f4d2a9102ec238c91768ay.jpg\" alt=\"Erdgas Outdoor-Feuerstelle China,Preis,Hersteller -keweicorten\" width=\"650\" height=\"633\" \/><\/a><\/p>\n<p><a href=\"https:\/\/keweicorten.com\/de\"><img decoding=\"async\" class=\"alignnone\" title=\"Terrassenfeuertisch Propan\" src=\"https:\/\/sc04.alicdn.com\/kf\/H3f02dadd23c941dda19a57fe79c332192\/253038816\/H3f02dadd23c941dda19a57fe79c332192.jpg\" alt=\"Terrasse Feuer Tisch Propan Gro\u00dfhandel, billig, zu verkaufen -keweicorten\" width=\"650\" height=\"650\" \/><\/a><\/p>\n<p><a href=\"https:\/\/keweicorten.com\/de\"><img decoding=\"async\" class=\"alignnone\" title=\"Propan-Terrassenkamin\" src=\"https:\/\/sc04.alicdn.com\/kf\/Hc4668a57968f47a79ea621618e39adc8G\/253038816\/Hc4668a57968f47a79ea621618e39adc8G.jpg\" alt=\"Propan-Terrassenkamin ,Hersteller, Lieferanten, kundenspezifische -keweicorten\" width=\"650\" height=\"650\" \/><\/a><\/p>","protected":false},"excerpt":{"rendered":"<p>Tablett und Rohr Material: hochwertige 18 Gauge 304 Edelstahl macht diese Brenner und Pfanne haltbar und langlebig.<\/p>\n<div>Brennstoff: LPG &amp; Erdgas umr\u00fcstbar, Leistung: 30000-60000 BTU, Inklusive: elektronisches Z\u00fcndsystem, Flammensensor-Thermoelement, Anschluss f\u00fcr Propantank, Regler und Flammenregelungsventil.<br \/>\nEs handelt sich um ein komplettes Brenner-Kit, f\u00fcr das keine weiteren Teile ben\u00f6tigt werden (Brennglas und AA-Batterie sind nicht enthalten).<\/div>","protected":false},"featured_media":1738,"comment_status":"open","ping_status":"closed","template":"","meta":{"_eb_attr":"","_monsterinsights_skip_tracking":false,"_monsterinsights_sitenote_active":false,"_monsterinsights_sitenote_note":"","_monsterinsights_sitenote_category":0,"_uf_show_specific_survey":0,"_uf_disable_surveys":false},"product_brand":[],"product_cat":[20],"product_tag":[],"class_list":{"0":"post-1737","1":"product","2":"type-product","3":"status-publish","4":"has-post-thumbnail","6":"product_cat-fire-pit","8":"first","9":"instock","10":"shipping-taxable","11":"product-type-simple"},"_links":{"self":[{"href":"https:\/\/keweicorten.com\/de\/wp-json\/wp\/v2\/product\/1737"}],"collection":[{"href":"https:\/\/keweicorten.com\/de\/wp-json\/wp\/v2\/product"}],"about":[{"href":"https:\/\/keweicorten.com\/de\/wp-json\/wp\/v2\/types\/product"}],"replies":[{"embeddable":true,"href":"https:\/\/keweicorten.com\/de\/wp-json\/wp\/v2\/comments?post=1737"}],"version-history":[{"count":1,"href":"https:\/\/keweicorten.com\/de\/wp-json\/wp\/v2\/product\/1737\/revisions"}],"predecessor-version":[{"id":1739,"href":"https:\/\/keweicorten.com\/de\/wp-json\/wp\/v2\/product\/1737\/revisions\/1739"}],"wp:featuredmedia":[{"embeddable":true,"href":"https:\/\/keweicorten.com\/de\/wp-json\/wp\/v2\/media\/1738"}],"wp:attachment":[{"href":"https:\/\/keweicorten.com\/de\/wp-json\/wp\/v2\/media?parent=1737"}],"wp:term":[{"taxonomy":"product_brand","embeddable":true,"href":"https:\/\/keweicorten.com\/de\/wp-json\/wp\/v2\/product_brand?post=1737"},{"taxonomy":"product_cat","embeddable":true,"href":"https:\/\/keweicorten.com\/de\/wp-json\/wp\/v2\/product_cat?post=1737"},{"taxonomy":"product_tag","embeddable":true,"href":"https:\/\/keweicorten.com\/de\/wp-json\/wp\/v2\/product_tag?post=1737"}],"curies":[{"name":"wp","href":"https:\/\/api.w.org\/{rel}","templated":true}]}}