{"id":1747,"date":"2024-10-18T07:48:03","date_gmt":"2024-10-18T07:48:03","guid":{"rendered":"https:\/\/keweicorten.com\/?post_type=product&#038;p=1747"},"modified":"2025-01-15T06:20:00","modified_gmt":"2025-01-15T06:20:00","slug":"hochwertiger-cortenstahl-bbq-grill","status":"publish","type":"product","link":"https:\/\/keweicorten.com\/de\/hochwertiger-cortenstahl-bbq-grill\/","title":{"rendered":"Hochwertiger Cortenstahl BBQ-Grill"},"content":{"rendered":"<div style=\"width: 800px;\" class=\"wp-video\"><!--[if lt IE 9]><script>document.createElement('video');<\/script><![endif]-->\n<video class=\"wp-video-shortcode\" id=\"video-1747-1\" width=\"800\" height=\"450\" loop=\"1\" preload=\"metadata\" controls=\"controls\"><source type=\"video\/mp4\" src=\"https:\/\/keweicorten.com\/wp-content\/uploads\/2024\/10\/corten-steel-BBQ-grill.mp4?_=1\" \/><a href=\"https:\/\/keweicorten.com\/wp-content\/uploads\/2024\/10\/corten-steel-BBQ-grill.mp4\">https:\/\/keweicorten.com\/wp-content\/uploads\/2024\/10\/corten-steel-BBQ-grill.mp4<\/a><\/video><\/div>\n<p>In dem Streben nach hoher Lebensqualit\u00e4t ist ein langlebiger und leicht zu wartender Grill aus hochwertigem Cortenstahl f\u00fcr viele Familien die erste Wahl geworden. Unsere wetterfesten Stahlgrills bieten ein unvergleichliches Grillerlebnis dank ihrer ausgezeichneten Korrosionsbest\u00e4ndigkeit, dem leicht zu reinigenden Design und der einfachen Installation.<\/p>\n<ol>\n<li>Produktmerkmale<br \/>\nWetterfester Stahl, robust und langlebig<br \/>\nDie Verwendung von hochwertigem wetterfestem Stahl mit hervorragender Korrosionsbest\u00e4ndigkeit, auch bei schlechten Wetterbedingungen k\u00f6nnen gutes Aussehen und Funktion beibehalten werden. Egal, ob es sich um einen Grill f\u00fcr den Au\u00dfenbereich oder f\u00fcr den Innenbereich handelt, er wird den Test der Zeit bestehen.<\/li>\n<li>Leicht zu reinigende Konstruktion, spart Zeit und M\u00fche<br \/>\nDas einzigartige Design macht die Reinigung extrem einfach. Sie k\u00f6nnen Ihren Grill in nur wenigen Minuten reinigen, sich von der m\u00fchsamen Reinigung verabschieden und haben mehr Zeit, Ihr Essen zu genie\u00dfen.<\/li>\n<li>Einfach zu installieren, bequem und schnell<br \/>\nDie Installation ist f\u00fcr jedermann ohne komplizierte Werkzeuge und Fachkenntnisse m\u00f6glich. Dank einfacher Montageschritte k\u00f6nnen Sie in k\u00fcrzester Zeit mit dem Grillen beginnen und k\u00f6stliche Mahlzeiten genie\u00dfen.<\/li>\n<\/ol>\n<p>Warum sollten Sie uns w\u00e4hlen?<br \/>\nHochwertiges Material: Witterungsbest\u00e4ndiger Stahl sorgt f\u00fcr eine lange Lebensdauer des Produkts.<br \/>\nPflegeleichtes Design: Genie\u00dfen Sie das Essen zur gleichen Zeit, reduzieren Sie die M\u00fche der Reinigung.<br \/>\nEinfache Installation: Schnelle Montage f\u00fcr sofortigen Grillspa\u00df.<\/p>\n<p><a href=\"https:\/\/keweicorten.com\/de\"><img fetchpriority=\"high\" decoding=\"async\" class=\"alignnone\" title=\"Cortenstahl-Grill\" src=\"https:\/\/sc04.alicdn.com\/kf\/H4a94e032d1814121892c0ee8ba904035Y\/230328874\/H4a94e032d1814121892c0ee8ba904035Y.jpg\" alt=\"Cortenstahl bbq Grill angepasst, Gro\u00dfhandel, billig, zum Verkauf keweicorten\" width=\"650\" height=\"433\" \/><\/a><\/p>\n<p><a href=\"https:\/\/keweicorten.com\/de\/produkt\/corten-gartenschirme\/\"><img decoding=\"async\" class=\"alignnone\" src=\"https:\/\/sc04.alicdn.com\/kf\/Hb286da351b8f4b9b9b3970b3a8a63625w\/230328874\/Hb286da351b8f4b9b9b3970b3a8a63625w.jpg\" alt=\"Cortenstahl bbq Grill angepasst, Gro\u00dfhandel, billig, zu verkaufen\" width=\"650\" height=\"650\" \/><\/a><\/p>\n<p>Der Fire BBQ Grill ist aus Cortenstahl (oder wetterfestem Stahl) gefertigt, einer Legierung, die in den ersten 9 Monaten, in denen sie der Witterung ausgesetzt ist, auf nat\u00fcrliche Weise eine Rostschicht bildet. Interessanterweise bildet diese Rostschicht aufgrund der Zusammensetzung dieser speziellen Legierung eine Schutzschicht, die weiteres Rosten verhindert. Der darunter liegende Stahl bleibt unbeeintr\u00e4chtigt, da die \u00e4u\u00dfere Schicht weiterhin sch\u00fctzt und sich regeneriert, wenn sie Wasser und Sauerstoff ausgesetzt ist.<\/p>\n<p><a href=\"https:\/\/keweicorten.com\/de\"><img decoding=\"async\" class=\"alignnone\" title=\"Korten-BBQ-Grill\" src=\"https:\/\/sc04.alicdn.com\/kf\/Hf12500ad95134ae791d1dd097784240aV\/230328874\/Hf12500ad95134ae791d1dd097784240aV.jpg\" alt=\"corten bbq grill Fabrik,china,preis,hersteller keweicorten\" width=\"650\" height=\"487\" \/><\/a><\/p>\n<p class=\"magic-28\" data-spm-anchor-id=\"a2700.details.0.i45.9c387fd44v8MUV\"><b><span class=\"magic-29\"><br \/>\nWarum sollten Sie sich f\u00fcr eine Zusammenarbeit mit uns entscheiden?<\/span><\/b><b><\/b><\/p>\n<p class=\"magic-28\"><span class=\"magic-31\"><span class=\"magic-19\" style=\"color: #48916c;\">1. Wie viele Entw\u00fcrfe haben Sie?<\/span><\/span><\/p>\n<div class=\"magic-28\">\n<p><span class=\"magic-31\"><span class=\"magic-19\">Derzeit haben wir mehr als zehn Arten von bbq Cortenstahl Grills. Wenn Sie brauchen, gibt es <\/span><\/span><span class=\"magic-19\">kein Problem, die Feuerstellen nach Ihren W\u00fcnschen zu gestalten.<\/span><\/p>\n<p class=\"magic-30\"><span class=\"magic-31\"><span style=\"color: #48916c;\">2. Wie viele Jahre machen Sie schon Feuerstellen? <\/span><\/span><\/p>\n<p class=\"magic-30\"><span class=\"magic-31\">Die Feuerstellen werden seit mehr als 4 Jahren hergestellt.<\/span><\/p>\n<p class=\"magic-30\"><span style=\"color: #48916c;\"><span class=\"magic-31\">3. K\u00f6nnen Sie den Entwurf machen <\/span>f\u00fcr uns?<\/span><\/p>\n<p class=\"magic-30\"><span class=\"magic-31\">Ja, nat\u00fcrlich. Wir haben ein professionelles Team mit reicher Erfahrung in Design und Herstellung. Schicken Sie uns einfach die <span style=\"color: #000000;\">Zeichnungen von <\/span><\/span><span style=\"color: #000000;\">die Feuerstellen, die Sie ben\u00f6tigen, oder die Fotos mit den Gr\u00f6\u00dfenangaben.<\/span><\/p>\n<p class=\"magic-30\"><span class=\"magic-31\"><span style=\"color: #48916c;\">4. Was ist das Paket der Feuerstellen?<\/span><\/span><\/p>\n<p class=\"magic-30\"><span class=\"magic-31\">Sperrholzkiste, Eisenpalette, Sperrholzpalette und entsprechend den Anforderungen des Kunden.<\/span><\/p>\n<\/div>","protected":false},"excerpt":{"rendered":"<p>Wenn Sie sich f\u00fcr unsere Grills aus wetterfestem Stahl entscheiden, entscheiden Sie sich nicht nur f\u00fcr eine hohe Lebensqualit\u00e4t, sondern auch f\u00fcr die perfekte Kombination aus Komfort und Haltbarkeit. Lassen Sie uns gemeinsam den Spa\u00df am Grillen genie\u00dfen - kaufen Sie jetzt und beginnen Sie Ihre kulinarische Reise!<\/p>","protected":false},"featured_media":1748,"comment_status":"open","ping_status":"closed","template":"","meta":{"_eb_attr":"","_monsterinsights_skip_tracking":false,"_monsterinsights_sitenote_active":false,"_monsterinsights_sitenote_note":"","_monsterinsights_sitenote_category":0,"_uf_show_specific_survey":0,"_uf_disable_surveys":false},"product_brand":[],"product_cat":[63],"product_tag":[],"class_list":{"0":"post-1747","1":"product","2":"type-product","3":"status-publish","4":"has-post-thumbnail","6":"product_cat-steel-bbq-grill","8":"first","9":"instock","10":"shipping-taxable","11":"product-type-simple"},"_links":{"self":[{"href":"https:\/\/keweicorten.com\/de\/wp-json\/wp\/v2\/product\/1747"}],"collection":[{"href":"https:\/\/keweicorten.com\/de\/wp-json\/wp\/v2\/product"}],"about":[{"href":"https:\/\/keweicorten.com\/de\/wp-json\/wp\/v2\/types\/product"}],"replies":[{"embeddable":true,"href":"https:\/\/keweicorten.com\/de\/wp-json\/wp\/v2\/comments?post=1747"}],"version-history":[{"count":2,"href":"https:\/\/keweicorten.com\/de\/wp-json\/wp\/v2\/product\/1747\/revisions"}],"predecessor-version":[{"id":1756,"href":"https:\/\/keweicorten.com\/de\/wp-json\/wp\/v2\/product\/1747\/revisions\/1756"}],"wp:featuredmedia":[{"embeddable":true,"href":"https:\/\/keweicorten.com\/de\/wp-json\/wp\/v2\/media\/1748"}],"wp:attachment":[{"href":"https:\/\/keweicorten.com\/de\/wp-json\/wp\/v2\/media?parent=1747"}],"wp:term":[{"taxonomy":"product_brand","embeddable":true,"href":"https:\/\/keweicorten.com\/de\/wp-json\/wp\/v2\/product_brand?post=1747"},{"taxonomy":"product_cat","embeddable":true,"href":"https:\/\/keweicorten.com\/de\/wp-json\/wp\/v2\/product_cat?post=1747"},{"taxonomy":"product_tag","embeddable":true,"href":"https:\/\/keweicorten.com\/de\/wp-json\/wp\/v2\/product_tag?post=1747"}],"curies":[{"name":"wp","href":"https:\/\/api.w.org\/{rel}","templated":true}]}}