{"id":1910,"date":"2024-11-05T07:46:19","date_gmt":"2024-11-05T07:46:19","guid":{"rendered":"https:\/\/keweicorten.com\/?post_type=product&#038;p=1910"},"modified":"2025-01-15T06:20:40","modified_gmt":"2025-01-15T06:20:40","slug":"ausengrill-aus-corten-bbq","status":"publish","type":"product","link":"https:\/\/keweicorten.com\/de\/ausengrill-aus-corten-bbq\/","title":{"rendered":"Au\u00dfengrill Corten BBQ"},"content":{"rendered":"<p>Der Outdoor Grill Corten BBQ hat eine 10 mm dicke Grillplatte und kann einen Durchmesser von 1000 mm oder 850 mm haben. Erhitzen Sie die Platte auf etwa 300\u02daC durch ein Holzfeuer im hei\u00dfen Topf (Kohle ist auch m\u00f6glich, aber weniger interessant, weil es keine Flamme gibt und nicht nach Rauch riecht). Die Bretter mit \u00d6l bestreichen und kochen lassen. Gro\u00dfe Kochfl\u00e4che.<\/p>\n<table>\n<tbody>\n<tr>\n<td>Markenzeichen<\/td>\n<td>SHKW Garten<\/td>\n<td>Anmeldung<\/td>\n<td>Outdoor-Feuerstelle Tisch Schale<\/td>\n<\/tr>\n<tr>\n<td>Produktionskapazit\u00e4t<\/td>\n<td>10000 Satz pro Monat<\/td>\n<td>Schl\u00fcsselw\u00f6rter<\/td>\n<td>Barbeque Holzkohlegrill<\/td>\n<\/tr>\n<tr>\n<td>Herkunft<\/td>\n<td>China<\/td>\n<td>Grill Typ<\/td>\n<td>Holzkohlegrills<\/td>\n<\/tr>\n<tr>\n<td>Produktname<\/td>\n<td>Au\u00dfengrill Corten BBQ<\/td>\n<td>Sicherheitseinrichtung<\/td>\n<td>Flammensicherungseinrichtung<\/td>\n<\/tr>\n<tr>\n<td>Metall Typ<\/td>\n<td>Stahl<\/td>\n<td>Material<\/td>\n<td>Corten<\/td>\n<\/tr>\n<tr>\n<td>Merkmal<\/td>\n<td>Leicht zu montieren, leicht zu reinigen, Trolley<\/td>\n<td>Verwendung<\/td>\n<td>K\u00fcche Kochen\\Backen\\BBQ<\/td>\n<\/tr>\n<tr>\n<td>Kraftstoff<\/td>\n<td>Holzkohle<\/td>\n<td>Beschreibung<\/td>\n<td>Barbecue Grill Holzkohle Bbq Grill<\/td>\n<\/tr>\n<\/tbody>\n<\/table>\n<p><a href=\"https:\/\/keweicorten.com\/de\/produktkategorie-2\/feuerstelle\/\"><img fetchpriority=\"high\" decoding=\"async\" class=\"alignnone\" title=\"Au\u00dfengrill Corten BBQ\" src=\"https:\/\/sc04.alicdn.com\/kf\/Habd862920bd5488eab74e502cd481a56f\/276463663\/Habd862920bd5488eab74e502cd481a56f.jpg\" alt=\"Outdoor Grill Corten BBQ angepasst, Gro\u00dfhandel, billig-keweicorten\" width=\"517\" height=\"517\" \/><\/a><\/p>\n<p>Ein Grill mit frischem Gem\u00fcse, umgeben von Kies, bietet eine sch\u00f6ne Kulisse f\u00fcr ein Barbecue im Freien.<\/p>\n<div class=\"sr-txt-title\">\n<p class=\"sr-txt-h2\">Verpackung und Lieferung<\/p>\n<\/div>\n<div class=\"sr-layout-content\">\n<div class=\"basic-info-list\">\n<div class=\"bsc-item full cf\">\n<div class=\"bac-item-label fl\">Paket Gr\u00f6\u00dfe: 100.00cm * 100.00cm * 100.00cm<\/div>\n<\/div>\n<div class=\"bsc-item full cf\">\n<div class=\"bac-item-label fl\">Paket Bruttogewicht\uff1a50.000kg<\/div>\n<div><a href=\"https:\/\/keweicorten.com\/de\/produktkategorie-2\/feuerstelle\/\"><img decoding=\"async\" class=\"alignnone wp-image-1914 size-full\" title=\" Korten-BBQ-Grill\" src=\"https:\/\/keweicorten.com\/wp-content\/uploads\/2024\/11\/\u5fae\u4fe1\u56fe\u7247_20241105154209.jpg\" alt=\" Corten bbq Grill Gro\u00dfhandel, billig, zum Verkauf, auf Lager.\" width=\"700\" height=\"300\" srcset=\"https:\/\/keweicorten.com\/wp-content\/uploads\/2024\/11\/\u5fae\u4fe1\u56fe\u7247_20241105154209.jpg 700w, https:\/\/keweicorten.com\/wp-content\/uploads\/2024\/11\/\u5fae\u4fe1\u56fe\u7247_20241105154209-300x129.jpg 300w, https:\/\/keweicorten.com\/wp-content\/uploads\/2024\/11\/\u5fae\u4fe1\u56fe\u7247_20241105154209-18x8.jpg 18w, https:\/\/keweicorten.com\/wp-content\/uploads\/2024\/11\/\u5fae\u4fe1\u56fe\u7247_20241105154209-600x257.jpg 600w\" sizes=\"(max-width: 700px) 100vw, 700px\" \/><\/a><\/div>\n<p><strong>Outdoor Grill Corten BBQ Hauptmerkmale:<\/strong><\/p>\n<p>Witterungsbest\u00e4ndiger Stahl<br \/>\nTragbares Design<br \/>\nKompakte Struktur<br \/>\nLeicht zu reinigen<br \/>\nHohe Sicherheit<br \/>\nLange Lebensdauer<br \/>\nGeringe Wartungskosten<br \/>\nUmweltschutz und Energieeinsparung<br \/>\nMultifunktionaler Einsatz<\/p>\n<p><a href=\"https:\/\/keweicorten.com\/de\/produktkategorie-2\/feuerstelle\/\"><img decoding=\"async\" class=\"alignnone wp-image-1915 size-full\" title=\"Au\u00dfengrill Corten BBQ\" src=\"https:\/\/keweicorten.com\/wp-content\/uploads\/2024\/11\/\u5fae\u4fe1\u56fe\u7247_20241105154214.jpg\" alt=\" Outdoor Grill Corten BBQ Gro\u00dfhandel, billig, zum Verkauf, auf Lager.-keweicorten\" width=\"700\" height=\"300\" srcset=\"https:\/\/keweicorten.com\/wp-content\/uploads\/2024\/11\/\u5fae\u4fe1\u56fe\u7247_20241105154214.jpg 700w, https:\/\/keweicorten.com\/wp-content\/uploads\/2024\/11\/\u5fae\u4fe1\u56fe\u7247_20241105154214-300x129.jpg 300w, https:\/\/keweicorten.com\/wp-content\/uploads\/2024\/11\/\u5fae\u4fe1\u56fe\u7247_20241105154214-18x8.jpg 18w, https:\/\/keweicorten.com\/wp-content\/uploads\/2024\/11\/\u5fae\u4fe1\u56fe\u7247_20241105154214-600x257.jpg 600w\" sizes=\"(max-width: 700px) 100vw, 700px\" \/><\/a><\/p>\n<\/div>\n<\/div>\n<\/div>","protected":false},"excerpt":{"rendered":"<p>Der tragbare Au\u00dfengrill Corten BBQ ist ein Grillger\u00e4t, das f\u00fcr den Einsatz im Freien konzipiert ist. Cortenstahl ist wegen seiner Korrosions- und Wetterbest\u00e4ndigkeit bei der Herstellung von Outdoor-Ger\u00e4ten weit verbreitet.<\/p>","protected":false},"featured_media":1912,"comment_status":"open","ping_status":"closed","template":"","meta":{"_eb_attr":"","_monsterinsights_skip_tracking":false,"_monsterinsights_sitenote_active":false,"_monsterinsights_sitenote_note":"","_monsterinsights_sitenote_category":0,"_uf_show_specific_survey":0,"_uf_disable_surveys":false},"product_brand":[],"product_cat":[63],"product_tag":[],"class_list":{"0":"post-1910","1":"product","2":"type-product","3":"status-publish","4":"has-post-thumbnail","6":"product_cat-steel-bbq-grill","8":"first","9":"instock","10":"shipping-taxable","11":"product-type-simple"},"_links":{"self":[{"href":"https:\/\/keweicorten.com\/de\/wp-json\/wp\/v2\/product\/1910"}],"collection":[{"href":"https:\/\/keweicorten.com\/de\/wp-json\/wp\/v2\/product"}],"about":[{"href":"https:\/\/keweicorten.com\/de\/wp-json\/wp\/v2\/types\/product"}],"replies":[{"embeddable":true,"href":"https:\/\/keweicorten.com\/de\/wp-json\/wp\/v2\/comments?post=1910"}],"version-history":[{"count":1,"href":"https:\/\/keweicorten.com\/de\/wp-json\/wp\/v2\/product\/1910\/revisions"}],"predecessor-version":[{"id":1916,"href":"https:\/\/keweicorten.com\/de\/wp-json\/wp\/v2\/product\/1910\/revisions\/1916"}],"wp:featuredmedia":[{"embeddable":true,"href":"https:\/\/keweicorten.com\/de\/wp-json\/wp\/v2\/media\/1912"}],"wp:attachment":[{"href":"https:\/\/keweicorten.com\/de\/wp-json\/wp\/v2\/media?parent=1910"}],"wp:term":[{"taxonomy":"product_brand","embeddable":true,"href":"https:\/\/keweicorten.com\/de\/wp-json\/wp\/v2\/product_brand?post=1910"},{"taxonomy":"product_cat","embeddable":true,"href":"https:\/\/keweicorten.com\/de\/wp-json\/wp\/v2\/product_cat?post=1910"},{"taxonomy":"product_tag","embeddable":true,"href":"https:\/\/keweicorten.com\/de\/wp-json\/wp\/v2\/product_tag?post=1910"}],"curies":[{"name":"wp","href":"https:\/\/api.w.org\/{rel}","templated":true}]}}