{"id":1943,"date":"2024-11-13T07:55:20","date_gmt":"2024-11-13T07:55:20","guid":{"rendered":"https:\/\/keweicorten.com\/?post_type=product&#038;p=1943"},"modified":"2024-11-13T07:56:55","modified_gmt":"2024-11-13T07:56:55","slug":"corten-a-stahlblech-2","status":"publish","type":"product","link":"https:\/\/keweicorten.com\/de\/corten-a-stahlblech-2\/","title":{"rendered":"Corten A Stahlblech"},"content":{"rendered":"<p class=\"!whitespace-pre-wrap\"><strong>Wichtige Eigenschaften und Vorteile\uff1a<\/strong><\/p>\n<ol>\n<li>\n<p class=\"!whitespace-pre-wrap\"><strong>Hohe Festigkeit und Langlebigkeit<\/strong>: Corten A-Stahlblech bietet hervorragende mechanische Eigenschaften, einschlie\u00dflich hoher Zugfestigkeit und Streckgrenze. Dadurch ist es f\u00fcr Anwendungen geeignet, die eine robuste strukturelle Integrit\u00e4t erfordern.<\/p>\n<\/li>\n<li>\n<p class=\"!whitespace-pre-wrap\"><strong>Witterungsbest\u00e4ndigkeit<\/strong>: Eines der herausragenden Merkmale von Corten A ist seine hervorragende Best\u00e4ndigkeit gegen atmosph\u00e4rische Korrosion. Wenn es Feuchtigkeit und Luft ausgesetzt wird, bildet es eine stabile rost\u00e4hnliche Patina, die den darunter liegenden Stahl vor weiterer Oxidation und Besch\u00e4digung sch\u00fctzt.<\/p>\n<\/li>\n<li>\n<p class=\"!whitespace-pre-wrap\"><strong>Kosteneffizienz<\/strong>: Trotz seiner fortschrittlichen Eigenschaften ist Corten A auf lange Sicht kosteng\u00fcnstig. Der geringere Bedarf an Instandhaltung, Anstrichen und Schutzbeschichtungen f\u00fchrt im Laufe der Zeit zu erheblichen Einsparungen.<\/p>\n<\/li>\n<li>\n<p class=\"!whitespace-pre-wrap\"><strong>\u00c4sthetische Anziehungskraft<\/strong>: Das nat\u00fcrliche, rustikale Aussehen von verwittertem Corten A-Stahl verleiht architektonischen Entw\u00fcrfen und Landschaftsbauprojekten einen \u00e4sthetischen Reiz. Sein einzigartiges Aussehen kann die visuelle Wirkung jeder Struktur verbessern.<\/p>\n<\/li>\n<\/ol>\n<p><strong>Physikalische Eigenschaften\uff1a<\/strong><br \/>\nDicke: Im Allgemeinen zwischen 8 mm und 450 mm.<br \/>\nBreite: In der Regel zwischen 1500 mm und 4500 mm.<br \/>\nL\u00e4nge: kann 3000mm bis 18000mm erreichen.<\/p>\n<p><strong>Anwendungsbereich\uff1a<\/strong><br \/>\nBauwesen und Hochbau: Aufgrund seiner Witterungsbest\u00e4ndigkeit wird es h\u00e4ufig f\u00fcr Br\u00fccken, Geb\u00e4udefassaden und Lagertanks verwendet.<br \/>\nTransportmittel: z. B. Schienenfahrzeuge, Lkw-Aufbauten usw.<br \/>\nDekorative Verwendung: Aufgrund seines einzigartigen Aussehens und seiner Witterungsbest\u00e4ndigkeit wird es auch h\u00e4ufig in der Landschaftsgestaltung und in der Bildhauerei verwendet.<\/p>\n<table>\n<tbody>\n<tr>\n<td colspan=\"1\" rowspan=\"1\">\n<div><b>Material<\/b><\/div>\n<\/td>\n<td colspan=\"4\" rowspan=\"1\">\n<div>Q355NH Q460NH Q345GNH Q295NH Q295GNH Q235NH 09CuPCrNi-A 05CuPCrNi-A SPA-H B460GNQR B480GNQR Q400NQRI Q450NQRI<br \/>\nCorten A\/B, 09CuCrPNi-A, A588 Gr A\/B\/C\/D, ASTM A242, SPA-H, SPA-C, Q235NH, Q295NH,Q355NH,Q460NH,Q295GNH,Q295GNHL,Q345GNH,Q345GNHL,Q390GNH.<\/div>\n<\/td>\n<\/tr>\n<tr>\n<td colspan=\"1\" rowspan=\"1\">\n<div><b>Breite<\/b><\/div>\n<\/td>\n<td colspan=\"4\" rowspan=\"1\">\n<div>1000mm 1250mm 1500mm 2000mm 2500mm 3000mm<\/div>\n<\/td>\n<\/tr>\n<tr>\n<td colspan=\"1\" rowspan=\"1\">\n<div><b>Bearbeitungsservice<\/b><\/div>\n<\/td>\n<td colspan=\"4\" rowspan=\"1\">\n<div>Biegen, Schwei\u00dfen, Abwickeln, Schneiden, Stanzen<\/div>\n<\/td>\n<\/tr>\n<tr>\n<td colspan=\"1\" rowspan=\"1\">\n<div><b>Dicke<\/b><\/div>\n<\/td>\n<td colspan=\"4\" rowspan=\"1\">\n<div>1,5 mm bis 70 mm<\/div>\n<\/td>\n<\/tr>\n<tr>\n<td colspan=\"1\" rowspan=\"2\">\n<div><b>Packung Detail<\/b><\/div>\n<\/td>\n<td colspan=\"4\" rowspan=\"1\">\n<div>Standard-Exportverpackung: Holzpalette + Pappe + Stahlband<\/div>\n<\/td>\n<\/tr>\n<tr>\n<td colspan=\"4\" rowspan=\"1\">\n<div>Kundenspezifische Anforderungen werden akzeptiert<\/div>\n<\/td>\n<\/tr>\n<tr>\n<td colspan=\"1\" rowspan=\"1\">\n<div><b>Technischer Prozess<\/b><\/div>\n<\/td>\n<td colspan=\"4\" rowspan=\"1\">\n<div>Laserschneiden &gt; Perforieren oder Biegen &gt; Schwei\u00dfen und Polieren &gt; Oberfl\u00e4chenbehandlung &gt; Verpackung<\/div>\n<\/td>\n<\/tr>\n<tr>\n<td colspan=\"1\" rowspan=\"1\">\n<div><b>Anmeldung<\/b><\/div>\n<\/td>\n<td colspan=\"4\" rowspan=\"1\">\n<div>Verwendet f\u00fcr Fassaden, Paravents, Raumteiler und andere Dekorationen<\/div>\n<\/td>\n<\/tr>\n<\/tbody>\n<\/table>\n<p><a href=\"https:\/\/keweicorten.com\/de\"><img fetchpriority=\"high\" decoding=\"async\" class=\"alignnone\" title=\"Corten-Stahlbleche\" src=\"https:\/\/www.csteelindia.com\/images\/irsm-41-97-corten-steel-plates.jpg\" alt=\"Corten Stahlplatten Fabrik,china,Preis,Hersteller, Lieferanten- keweicorten\" width=\"699\" height=\"394\" \/><\/a><\/p>\n<p><a href=\"https:\/\/keweicorten.com\/de\/produkte\/\"><img decoding=\"async\" class=\"alignnone\" title=\"Astm A588 Stahlplatte \" src=\"https:\/\/sc01.alicdn.com\/kf\/H52b92eceae0a400495623962a04b0d9bG\/234518937\/H52b92eceae0a400495623962a04b0d9bG.jpg\" alt=\"Astm A588 Stahlplatte Fabrik, China, Preis, Hersteller, Lieferanten - Keweicorten\" width=\"699\" height=\"524\" \/><\/a><\/p>","protected":false},"excerpt":{"rendered":"<p>Der Preis von Corten A-Stahlblech bietet eine Mischung aus Festigkeit, Haltbarkeit und \u00c4sthetik, was es zu einer ausgezeichneten Wahl f\u00fcr eine breite Palette von Anwendungen macht. Ganz gleich, ob Sie im Bauwesen, im Transportwesen oder in der Fertigung t\u00e4tig sind,<\/p>","protected":false},"featured_media":1944,"comment_status":"open","ping_status":"closed","template":"","meta":{"_eb_attr":"","_monsterinsights_skip_tracking":false,"_monsterinsights_sitenote_active":false,"_monsterinsights_sitenote_note":"","_monsterinsights_sitenote_category":0,"_uf_show_specific_survey":0,"_uf_disable_surveys":false},"product_brand":[],"product_cat":[21],"product_tag":[],"class_list":{"0":"post-1943","1":"product","2":"type-product","3":"status-publish","4":"has-post-thumbnail","6":"product_cat-weather-resistant-steel-plate","8":"first","9":"instock","10":"shipping-taxable","11":"product-type-simple"},"_links":{"self":[{"href":"https:\/\/keweicorten.com\/de\/wp-json\/wp\/v2\/product\/1943"}],"collection":[{"href":"https:\/\/keweicorten.com\/de\/wp-json\/wp\/v2\/product"}],"about":[{"href":"https:\/\/keweicorten.com\/de\/wp-json\/wp\/v2\/types\/product"}],"replies":[{"embeddable":true,"href":"https:\/\/keweicorten.com\/de\/wp-json\/wp\/v2\/comments?post=1943"}],"version-history":[{"count":2,"href":"https:\/\/keweicorten.com\/de\/wp-json\/wp\/v2\/product\/1943\/revisions"}],"predecessor-version":[{"id":1949,"href":"https:\/\/keweicorten.com\/de\/wp-json\/wp\/v2\/product\/1943\/revisions\/1949"}],"wp:featuredmedia":[{"embeddable":true,"href":"https:\/\/keweicorten.com\/de\/wp-json\/wp\/v2\/media\/1944"}],"wp:attachment":[{"href":"https:\/\/keweicorten.com\/de\/wp-json\/wp\/v2\/media?parent=1943"}],"wp:term":[{"taxonomy":"product_brand","embeddable":true,"href":"https:\/\/keweicorten.com\/de\/wp-json\/wp\/v2\/product_brand?post=1943"},{"taxonomy":"product_cat","embeddable":true,"href":"https:\/\/keweicorten.com\/de\/wp-json\/wp\/v2\/product_cat?post=1943"},{"taxonomy":"product_tag","embeddable":true,"href":"https:\/\/keweicorten.com\/de\/wp-json\/wp\/v2\/product_tag?post=1943"}],"curies":[{"name":"wp","href":"https:\/\/api.w.org\/{rel}","templated":true}]}}